 {"id":2,"date":"2016-01-15T14:13:47","date_gmt":"2016-01-15T13:13:47","guid":{"rendered":"https:\/\/blogs.univ-tlse2.fr\/lapena\/?page_id=2"},"modified":"2019-09-16T16:24:38","modified_gmt":"2019-09-16T14:24:38","slug":"page-d-exemple","status":"publish","type":"page","link":"https:\/\/blogs.univ-tlse2.fr\/lapena\/fr\/","title":{"rendered":"Pr\u00e9sentation"},"content":{"rendered":"<p>&nbsp;<\/p>\n<p><img loading=\"lazy\" decoding=\"async\" class=\"alignnone wp-image-325\" src=\"https:\/\/blogs.univ-tlse2.fr\/lapena\/files\/2016\/01\/1-foyer-3-300x204.jpg\" alt=\"1-foyer\" width=\"531\" height=\"361\" srcset=\"https:\/\/blogs.univ-tlse2.fr\/lapena\/files\/2016\/01\/1-foyer-3-300x204.jpg 300w, https:\/\/blogs.univ-tlse2.fr\/lapena\/files\/2016\/01\/1-foyer-3.jpg 590w\" sizes=\"auto, (max-width: 531px) 100vw, 531px\" \/><\/p>\n<p>La Pe\u00f1a est un lieu de rencontre et d&rsquo;accueil pour les \u00c9tudiants de notre Universit\u00e9 qui d\u00e9sirent parfaire leurs connaissances en civilisation et langue espagnoles, en se r\u00e9unisissant et en accueillant les \u00e9tudiants espagnols ou hispano-am\u00e9ricains qui sont inscrits dans les Universit\u00e9s toulousaines ou qui sont de passage dans notre ville. De nombreuses activit\u00e9s sont propos\u00e9es.<\/p>\n<p>Le bureau : En d\u00e9but d&rsquo;ann\u00e9e universitaire, il est proc\u00e9d\u00e9 \u00e0 l&rsquo;\u00e9lection d&rsquo;un Bureau. Son pr\u00e9sident est, d&rsquo;apr\u00e8s les statuts, le Pr\u00e9sident de France-Ib\u00e9rie. C&rsquo;est actuellement Agn\u00e8s SURBEZY. Les autres membres du Bureau sont \u00e9tudiants.<\/p>\n<h2>Ses objectifs<\/h2>\n<p>Section de l&rsquo;Association France-Ib\u00e9rie, dont le si\u00e8ge social est l&rsquo;Universit\u00e9 Toulouse &#8211; Jean Jaur\u00e8s<br \/>\n5, all\u00e9es Antonio Machado<br \/>\n31000 Toulouse<br \/>\nAssociation loi 1901, d\u00e9clar\u00e9e le 12 juillet 1948 et enregistr\u00e9e sous le n\u00b0 de Dossier 3\/03772 \u00e0 la Pr\u00e9fecture de Toulouse, \u00e0 l&rsquo;initiative du Professeur Paul M\u00e9rim\u00e9e.<\/p>\n<p>L&rsquo;Association se propose \u00ab\u00a0par tous les moyens en son pouvoir :<\/p>\n<ol>\n<li>d&rsquo;\u00e9tendre la connaissance de la civilisation, de la culture et des langues ib\u00e9riques dans le ressort de l&rsquo;Universit\u00e9 de Toulouse et de favoriser leur diffusion;<\/li>\n<li>d&rsquo;aider les organismes officiels qui ont le m\u00eame objet;<\/li>\n<li>et, en outre, de patronner et de coordonner l&rsquo;activit\u00e9 des Soci\u00e9t\u00e9s et Associations qui dans le m\u00eame esprit, d\u00e9gag\u00e9 de toute pr\u00e9occupation politique ou religieuse, se proposent un but analogue\u00a0\u00bb<\/li>\n<\/ol>\n<h2>Fonctionnement de l&rsquo;association :<\/h2>\n<p>Au Foyer d&rsquo;Espagnol \u00e0 l&rsquo;universit\u00e9, ou en ville, les \u00e9tudiants de la Pe\u00f1a organisent des activit\u00e9s de type culturel ou ludique en fonction de la disponibilit\u00e9 et de l&rsquo;iniative des \u00e9tudiants qui veulent int\u00e9grer l&rsquo;\u00e9quipe de responsables.<\/p>\n<p>Parmi les activit\u00e9s propos\u00e9es:<br \/>\n&#8211; Accueil des Premi\u00e8res Ann\u00e9es en Octobre<br \/>\n&#8211; Animation du Foyer d&rsquo;Espagnol pendant l&rsquo;ann\u00e9e universitaire : boissons, musique, jeux de soci\u00e9t\u00e9, etc..<br \/>\n&#8211; Causeries (charlas) autour de conf\u00e9renciers, d&rsquo;acteurs, de musiciens, de po\u00e8tes, de romanciers, de r\u00e9alisateurs de films, etc.(le r\u00e9alisateur et romancier chilien Sep\u00f9lveda, le romancier mexicain Paco Taibo II, le romancier et cin\u00e9aste colombien Fernando Vallejo, le conteur espagnol Gonz\u00e1lez, le groupe de musique traditionnelle la Bazanca, conf\u00e9rences sur le Chemin de Saint Jacques, sur les Mus\u00e9es de Madrid&#8230;)<br \/>\n&#8211; Participation aux festivals de cin\u00e9ma qui se d\u00e9roulent \u00e0 Toulouse<br \/>\n&#8211; Rencontres cin\u00e9mas d&rsquo;Am\u00e9rique latine avec l&rsquo;ARCALT<br \/>\n&#8211; Participation aux activit\u00e9s de l&rsquo;Institut Cervantes.<br \/>\n&#8211; organisation d&rsquo;un Loto, de paellas, journ\u00e9e cr\u00eapes, les Rois, etc.<br \/>\n&#8211; participation \u00e0 l&rsquo;organisation d&rsquo;un atelier de peinture (Fran\u00e7oise Cazal, avec l&rsquo;appui du Fave, de s\u00e9ances de lectures,(Carla Fernandez) etc.<br \/>\n&#8211; mise en place d&rsquo;\u00e9changes avec des \u00e9tudiants espagnols ou hispano-am\u00e9ricaines, adresse pour \u00ab\u00a0au pair\u00a0\u00bb,<br \/>\n&#8211; soir\u00e9es dansantes (musiques espagnoles et hispano-am\u00e9ricaines) appel\u00e9es GUATEQUES<br \/>\n&#8211; soutien informatique, initiation aux programmes Word, Power Point, Photoshop,<br \/>\n&#8211; organisation de voyages culturels en France : mus\u00e9e de Castres (Goya), d&rsquo;Auch (Mus\u00e9e d&rsquo;art populaire hispano-am\u00e9ricain)<br \/>\n&#8211; organisation d&rsquo;un voyage annuel en Espagne d&rsquo;une dur\u00e9e d&rsquo;environ 5 jours (suivant le cas vers Madrid, Barcelona, Zaragoza, Burgos, Salamanca, Granada, Sevilla, C\u00f3rdoba, Santiago de Compostela&#8230;) Th\u00e8mes retenus : roman en Catalogne, gothique en Catalogne, baroque \u00e0 Salamanca et Valladolid, art moderne \u00e0 Madrid (Reina Sof\u00eda, Thyssen),<br \/>\n&#8211; expositions en relation avec les programmes Capes Agreg (Voyage \u00e0 Valladolid, l&rsquo;Escorial et Madrid : Philippe II)&#8230;<br \/>\n&#8211; Manifestations populaires: Entradas \u00e0 Jaca, F\u00eate des Croix \u00e0 Grenade, Moros y cristianos \u00e0 Alcoy, Lunes de Aguas \u00e0 Salamanca,<br \/>\n&#8211; Chemin de Saint Jacques de Compostelle.<\/p>","protected":false},"excerpt":{"rendered":"<p>&nbsp; La Pe\u00f1a est un lieu de rencontre et d&rsquo;accueil pour les \u00c9tudiants de notre Universit\u00e9 qui d\u00e9sirent parfaire leurs connaissances en civilisation et langue espagnoles, en se r\u00e9unisissant et en accueillant les \u00e9tudiants espagnols ou hispano-am\u00e9ricains qui sont inscrits dans les Universit\u00e9s toulousaines ou qui sont de passage dans notre ville. De nombreuses activit\u00e9s [&hellip;]<\/p>\n","protected":false},"author":295,"featured_media":0,"parent":0,"menu_order":0,"comment_status":"closed","ping_status":"open","template":"","meta":{"footnotes":""},"class_list":["post-2","page","type-page","status-publish","hentry","post-preview"],"_links":{"self":[{"href":"https:\/\/blogs.univ-tlse2.fr\/lapena\/fr\/wp-json\/wp\/v2\/pages\/2","targetHints":{"allow":["GET"]}}],"collection":[{"href":"https:\/\/blogs.univ-tlse2.fr\/lapena\/fr\/wp-json\/wp\/v2\/pages"}],"about":[{"href":"https:\/\/blogs.univ-tlse2.fr\/lapena\/fr\/wp-json\/wp\/v2\/types\/page"}],"author":[{"embeddable":true,"href":"https:\/\/blogs.univ-tlse2.fr\/lapena\/fr\/wp-json\/wp\/v2\/users\/295"}],"replies":[{"embeddable":true,"href":"https:\/\/blogs.univ-tlse2.fr\/lapena\/fr\/wp-json\/wp\/v2\/comments?post=2"}],"version-history":[{"count":10,"href":"https:\/\/blogs.univ-tlse2.fr\/lapena\/fr\/wp-json\/wp\/v2\/pages\/2\/revisions"}],"predecessor-version":[{"id":872,"href":"https:\/\/blogs.univ-tlse2.fr\/lapena\/fr\/wp-json\/wp\/v2\/pages\/2\/revisions\/872"}],"wp:attachment":[{"href":"https:\/\/blogs.univ-tlse2.fr\/lapena\/fr\/wp-json\/wp\/v2\/media?parent=2"}],"curies":[{"name":"wp","href":"https:\/\/api.w.org\/{rel}","templated":true}]}}