 {"id":19,"date":"2020-02-28T15:45:42","date_gmt":"2020-02-28T14:45:42","guid":{"rendered":"https:\/\/blogs.univ-tlse2.fr\/latin-juridique\/?page_id=19"},"modified":"2023-09-06T16:15:49","modified_gmt":"2023-09-06T14:15:49","slug":"practical-info","status":"publish","type":"page","link":"https:\/\/blogs.univ-tlse2.fr\/latin-juridique\/practical-info\/","title":{"rendered":"Practical information"},"content":{"rendered":"\n<p class=\"has-text-align-center has-large-font-size\"><strong>Latin language and Roman law<\/strong><\/p>\n\n\n\n<p class=\"has-text-align-center has-medium-font-size\"><strong>21\u201322 September 2023<\/strong><\/p>\n\n\n\n<p><strong>Workshop venue: <\/strong>Maison de la Recherche, Universit\u00e9 Toulouse Jean Jaur\u00e8s, 5 All\u00e9es Antonio Machado, <\/p>\n\n\n\n<p>31100 Toulouse, room E 422-423, 4th floor (the venue is the same as for the International Colloquium on Latin Linguistics in 2015).<\/p>\n\n\n\n<figure class=\"wp-block-image size-full\"><img loading=\"lazy\" decoding=\"async\" width=\"600\" height=\"402\" src=\"https:\/\/blogs.univ-tlse2.fr\/latin-juridique\/files\/2023\/08\/Maison-de-la-recherche-1.jpg\" alt=\"\" class=\"wp-image-138\" srcset=\"https:\/\/blogs.univ-tlse2.fr\/latin-juridique\/files\/2023\/08\/Maison-de-la-recherche-1.jpg 600w, https:\/\/blogs.univ-tlse2.fr\/latin-juridique\/files\/2023\/08\/Maison-de-la-recherche-1-300x201.jpg 300w\" sizes=\"auto, (max-width: 600px) 100vw, 600px\" \/><\/figure>\n\n\n\n<p>Maison de la recherche (you will arrive from the other side)<\/p>\n\n\n\n<p>To get there from the Metro line A station \u201cMirail Universit\u00e9\u201d (5 min.): go straight on, before the arch turn to the right, go alongside the brick building (University library). The Maison de la recherche is the white building. Pass through the building to the end where you will find lifts (4th floor).<\/p>\n\n\n\n<figure class=\"wp-block-image size-full\"><img loading=\"lazy\" decoding=\"async\" width=\"963\" height=\"811\" src=\"https:\/\/blogs.univ-tlse2.fr\/latin-juridique\/files\/2023\/08\/Maison-de-la-recherche-2-min-1.jpg\" alt=\"\" class=\"wp-image-140\" srcset=\"https:\/\/blogs.univ-tlse2.fr\/latin-juridique\/files\/2023\/08\/Maison-de-la-recherche-2-min-1.jpg 963w, https:\/\/blogs.univ-tlse2.fr\/latin-juridique\/files\/2023\/08\/Maison-de-la-recherche-2-min-1-300x253.jpg 300w, https:\/\/blogs.univ-tlse2.fr\/latin-juridique\/files\/2023\/08\/Maison-de-la-recherche-2-min-1-768x647.jpg 768w\" sizes=\"auto, (max-width: 963px) 100vw, 963px\" \/><\/figure>\n\n\n\n<p><strong>How to get<\/strong><\/p>\n\n\n\n<p>&#8211; FROM THE AIRPORT TO THE CITY CENTER (to your hotel)<\/p>\n\n\n\n<p><strong>Tram <\/strong>T2 to Aren\u00e8s + <strong>metro<\/strong>: it is the most economical and practical means. The tram station is located in front of the terminal C building. Buy a ticket (see below) in the ticket machine. You will have to validate your ticket on board. Get off the tram at the \u201cAren\u00e8s\u201d station (not at \u201cAren\u00e8s romaines\u201d) where you find connections with the metro line A (there are escalators and lifts). The entrance is on your left hand side. You have to validate your ticket in the tourniquet in order to enter the metro but it counts as a connecting journey, not as another trip. The tram runs approx. every 12 min. For getting to the city center (e.g. metro A station Capitole), count 45 min.<\/p>\n\n\n\n<p>When travelling back to the airport, make sure that you are taking the Tram 2, direction Airport, not Tram 1. Please remember that the ticket must be validated in the tram even if you have previously validated in the metro.<\/p>\n\n\n\n<p>There is a choice between different t<a href=\"https:\/\/www.tisseo.fr\/les-tarifs\/la-gamme\">ickets<\/a>:  <\/p>\n\n\n\n<p>single ticket (aller simple) 1,80 \u20ac&nbsp;&nbsp;&nbsp;&nbsp;&nbsp;&nbsp;&nbsp;&nbsp;&nbsp;&nbsp;&nbsp;&nbsp; return ticket (aller retour) 3,50 \u20ac<\/p>\n\n\n\n<p>3 consecutive days 13,50 \u20ac&nbsp;&nbsp;&nbsp;&nbsp;&nbsp;&nbsp;&nbsp;&nbsp;&nbsp;&nbsp;&nbsp;&nbsp;&nbsp;&nbsp;&nbsp;&nbsp;&nbsp;&nbsp;&nbsp;&nbsp;&nbsp;&nbsp; 10 journeys (10 d\u00e9placements) 15,10 \u20ac<\/p>\n\n\n\n<p>The 10 journeys ticket can be shared by two (or more) people; in this case, you should validate it twice.<\/p>\n\n\n\n<p>There are ticket machines at the tram station; you can pay cash or by card.<\/p>\n\n\n\n<p>&#8211; FROM THE CITY CENTER or THE ARENE METRO STATION TO THE UNIVERSITY LE MIRAIL<\/p>\n\n\n\n<p>Take the metro line A, direction Basso Cambo, get off at \u201cMirail Universit\u00e9\u201d.<\/p>\n\n\n\n<p>The metro in Toulouse is very frequent: it runs every 2, maximum 3 minutes. It can be crowded; in such a case, you will have to wait for the next train. Journey from Arenes to Mirail Universit\u00e9 takes 8 minutes.<\/p>\n\n\n\n<ul class=\"wp-block-list\">\n<li>FROM THE TRAIN STATION TO THE CITY CENTER OR TO THE UNIVERSITY LE MIRAIL<br>Take metro line A, direction Basso Cambo, get off at any station or at \u201cMirail Universit\u00e9\u201d.<\/li>\n<\/ul>\n","protected":false},"excerpt":{"rendered":"<p>Latin language and Roman law 21\u201322 September 2023 Workshop venue: Maison de la Recherche, Universit\u00e9 Toulouse Jean Jaur\u00e8s, 5 All\u00e9es Antonio Machado, 31100 Toulouse, room E 422-423, 4th floor (the venue is the same as for the International Colloquium on &hellip; <a href=\"https:\/\/blogs.univ-tlse2.fr\/latin-juridique\/practical-info\/\">Continuer la lecture <span class=\"meta-nav\">&rarr;<\/span><\/a><\/p>\n","protected":false},"author":417,"featured_media":0,"parent":0,"menu_order":5,"comment_status":"closed","ping_status":"closed","template":"","meta":{"footnotes":""},"class_list":["post-19","page","type-page","status-publish","hentry"],"_links":{"self":[{"href":"https:\/\/blogs.univ-tlse2.fr\/latin-juridique\/wp-json\/wp\/v2\/pages\/19","targetHints":{"allow":["GET"]}}],"collection":[{"href":"https:\/\/blogs.univ-tlse2.fr\/latin-juridique\/wp-json\/wp\/v2\/pages"}],"about":[{"href":"https:\/\/blogs.univ-tlse2.fr\/latin-juridique\/wp-json\/wp\/v2\/types\/page"}],"author":[{"embeddable":true,"href":"https:\/\/blogs.univ-tlse2.fr\/latin-juridique\/wp-json\/wp\/v2\/users\/417"}],"replies":[{"embeddable":true,"href":"https:\/\/blogs.univ-tlse2.fr\/latin-juridique\/wp-json\/wp\/v2\/comments?post=19"}],"version-history":[{"count":9,"href":"https:\/\/blogs.univ-tlse2.fr\/latin-juridique\/wp-json\/wp\/v2\/pages\/19\/revisions"}],"predecessor-version":[{"id":151,"href":"https:\/\/blogs.univ-tlse2.fr\/latin-juridique\/wp-json\/wp\/v2\/pages\/19\/revisions\/151"}],"wp:attachment":[{"href":"https:\/\/blogs.univ-tlse2.fr\/latin-juridique\/wp-json\/wp\/v2\/media?parent=19"}],"curies":[{"name":"wp","href":"https:\/\/api.w.org\/{rel}","templated":true}]}}