 {"id":28,"date":"2020-02-28T16:16:18","date_gmt":"2020-02-28T15:16:18","guid":{"rendered":"https:\/\/blogs.univ-tlse2.fr\/latin-juridique\/?page_id=28"},"modified":"2022-11-16T18:53:26","modified_gmt":"2022-11-16T17:53:26","slug":"workshop","status":"publish","type":"page","link":"https:\/\/blogs.univ-tlse2.fr\/latin-juridique\/workshop\/","title":{"rendered":"Workshop"},"content":{"rendered":"\n<p><\/p>\n\n\n\n<p><\/p>\n\n\n\n<p><\/p>\n\n\n\n<p class=\"has-text-align-center\"><strong>Toulouse <\/strong><strong>21-22 September 2023<\/strong><\/p>\n\n\n\n<p class=\"has-text-align-center\">Convenors: Olga Spevak and Szilvia Nemes<\/p>\n\n\n\n<p class=\"has-text-align-center\">(University of Toulouse and E\u00f6tv\u00f6s Lor\u00e1nd University of Budapest)<\/p>\n\n\n\n<p class=\"has-text-align-center\"><strong>Call for papers<\/strong><\/p>\n\n\n\n<p>Detailed description of the project can be found <a href=\"https:\/\/blogs.univ-tlse2.fr\/latin-juridique\/project\/\">here<\/a>.<\/p>\n\n\n\n<p>We invite those who are interested in contributing to this topic to send a preliminary title before <strong>15 March 2023<\/strong> to the convenors (<a href=\"ma&#x69;&#x6c;&#x74;o:&#115;&#x6c;&#x65;&#64;u&#110;&#x69;&#x76;-t&#108;&#x73;&#x65;&#x32;&#46;f&#x72;\">&#x73;&#x6c;&#x65;&#x40;&#x75;&#110;&#105;v-tls&#x65;&#x32;&#x2e;&#x66;&#x72;<\/a> and <a rel=\"noreferrer noopener\" href=\"&#x6d;a&#x69;&#x6c;t&#x6f;&#x3a;s&#x7a;&#x69;l&#x76;&#x69;a&#x2e;&#x6e;e&#x6d;&#101;s&#x40;&#97;j&#x6b;&#46;e&#x6c;&#116;e&#x2e;&#104;u\" target=\"_blank\">&#115;z&#x69;l&#x76;i&#x61;&#46;&#x6e;&#101;m&#x65;s&#x40;a&#x6a;k&#x2e;&#101;&#x6c;&#116;e&#x2e;h&#x75;<\/a>).<\/p>\n\n\n\n<p>Abstracts containing 500 words (excluding references) should be submitted by <strong>15 March 2023<\/strong> using <a rel=\"noreferrer noopener\" href=\"https:\/\/blogs.univ-tlse2.fr\/latin-juridique\/fr\/submission-of-abstracts\/\" data-type=\"URL\" data-id=\"https:\/\/blogs.univ-tlse2.fr\/latin-juridique\/fr\/submission-of-abstracts\/\" target=\"_blank\">this form<\/a>.<\/p>\n","protected":false},"excerpt":{"rendered":"<p>Toulouse 21-22 September 2023 Convenors: Olga Spevak and Szilvia Nemes (University of Toulouse and E\u00f6tv\u00f6s Lor\u00e1nd University of Budapest) Call for papers Detailed description of the project can be found here. We invite those who are interested in contributing to &hellip; <a href=\"https:\/\/blogs.univ-tlse2.fr\/latin-juridique\/workshop\/\">Continuer la lecture <span class=\"meta-nav\">&rarr;<\/span><\/a><\/p>\n","protected":false},"author":417,"featured_media":0,"parent":0,"menu_order":1,"comment_status":"closed","ping_status":"closed","template":"","meta":{"footnotes":""},"class_list":["post-28","page","type-page","status-publish","hentry"],"_links":{"self":[{"href":"https:\/\/blogs.univ-tlse2.fr\/latin-juridique\/wp-json\/wp\/v2\/pages\/28","targetHints":{"allow":["GET"]}}],"collection":[{"href":"https:\/\/blogs.univ-tlse2.fr\/latin-juridique\/wp-json\/wp\/v2\/pages"}],"about":[{"href":"https:\/\/blogs.univ-tlse2.fr\/latin-juridique\/wp-json\/wp\/v2\/types\/page"}],"author":[{"embeddable":true,"href":"https:\/\/blogs.univ-tlse2.fr\/latin-juridique\/wp-json\/wp\/v2\/users\/417"}],"replies":[{"embeddable":true,"href":"https:\/\/blogs.univ-tlse2.fr\/latin-juridique\/wp-json\/wp\/v2\/comments?post=28"}],"version-history":[{"count":8,"href":"https:\/\/blogs.univ-tlse2.fr\/latin-juridique\/wp-json\/wp\/v2\/pages\/28\/revisions"}],"predecessor-version":[{"id":124,"href":"https:\/\/blogs.univ-tlse2.fr\/latin-juridique\/wp-json\/wp\/v2\/pages\/28\/revisions\/124"}],"wp:attachment":[{"href":"https:\/\/blogs.univ-tlse2.fr\/latin-juridique\/wp-json\/wp\/v2\/media?parent=28"}],"curies":[{"name":"wp","href":"https:\/\/api.w.org\/{rel}","templated":true}]}}