 {"id":93,"date":"2020-11-25T16:49:43","date_gmt":"2020-11-25T15:49:43","guid":{"rendered":"https:\/\/blogs.univ-tlse2.fr\/latin-juridique\/?page_id=93"},"modified":"2022-11-16T18:54:47","modified_gmt":"2022-11-16T17:54:47","slug":"submission-of-abstracts","status":"publish","type":"page","link":"https:\/\/blogs.univ-tlse2.fr\/latin-juridique\/fr\/submission-of-abstracts\/","title":{"rendered":"Soumission des abstracts"},"content":{"rendered":"\n<p>Les abstracts<strong>\u00a0<\/strong>ne devraient pas exc\u00e9der 500 mots (hormis les r\u00e9f\u00e9rences) et<strong>\u00a0<\/strong>ils devraient pr\u00e9senter clairement la(les) question(s) de recherche, l\u2019approche adopt\u00e9e, la m\u00e9thode, les donn\u00e9es et les r\u00e9sultats (attendus).\u00a0\u00a0La date limite pour la soumission des abstracts en ligne est le\u00a0<strong>15 mars 2023<\/strong>.\u00a0<\/p>\n\n\n\n<div class=\"wpcf7 no-js\" id=\"wpcf7-f111-o1\" lang=\"fr-FR\" dir=\"ltr\" data-wpcf7-id=\"111\">\n<div class=\"screen-reader-response\"><p role=\"status\" aria-live=\"polite\" aria-atomic=\"true\"><\/p> <ul><\/ul><\/div>\n<form action=\"\/latin-juridique\/wp-json\/wp\/v2\/pages\/93#wpcf7-f111-o1\" method=\"post\" class=\"wpcf7-form init\" aria-label=\"Formulaire de contact\" enctype=\"multipart\/form-data\" novalidate=\"novalidate\" data-status=\"init\">\n<fieldset class=\"hidden-fields-container\"><input type=\"hidden\" name=\"_wpcf7\" value=\"111\" \/><input type=\"hidden\" name=\"_wpcf7_version\" value=\"6.1.6\" \/><input type=\"hidden\" name=\"_wpcf7_locale\" value=\"fr_FR\" \/><input type=\"hidden\" name=\"_wpcf7_unit_tag\" value=\"wpcf7-f111-o1\" \/><input type=\"hidden\" name=\"_wpcf7_container_post\" value=\"0\" \/><input type=\"hidden\" name=\"_wpcf7_posted_data_hash\" value=\"\" \/>\n<\/fieldset>\n<p><label> Your first name and family name<br \/>\n<span class=\"wpcf7-form-control-wrap\" data-name=\"your-name\"><input size=\"40\" maxlength=\"400\" class=\"wpcf7-form-control wpcf7-text wpcf7-validates-as-required\" aria-required=\"true\" aria-invalid=\"false\" value=\"\" type=\"text\" name=\"your-name\" \/><\/span> <\/label>\n<\/p>\n<p><label> Your affiliation<br \/>\n<span class=\"wpcf7-form-control-wrap\" data-name=\"your-affiliation\"><input size=\"40\" maxlength=\"400\" class=\"wpcf7-form-control wpcf7-text\" aria-invalid=\"false\" value=\"\" type=\"text\" name=\"your-affiliation\" \/><\/span> <\/label>\n<\/p>\n<p><label> Your e-mail<br \/>\n<span class=\"wpcf7-form-control-wrap\" data-name=\"your-email\"><input size=\"40\" maxlength=\"400\" class=\"wpcf7-form-control wpcf7-email wpcf7-validates-as-required wpcf7-text wpcf7-validates-as-email\" aria-required=\"true\" aria-invalid=\"false\" value=\"\" type=\"email\" name=\"your-email\" \/><\/span> <\/label>\n<\/p>\n<p><label> Title of your abstract<br \/>\n<span class=\"wpcf7-form-control-wrap\" data-name=\"your-subject\"><input size=\"40\" maxlength=\"400\" class=\"wpcf7-form-control wpcf7-text wpcf7-validates-as-required\" aria-required=\"true\" aria-invalid=\"false\" value=\"\" type=\"text\" name=\"your-subject\" \/><\/span> <\/label>\n<\/p>\n<p><label> Upload your abstract<br \/>\n<span class=\"wpcf7-form-control-wrap\" data-name=\"file-201\"><input size=\"40\" class=\"wpcf7-form-control wpcf7-file wpcf7-validates-as-required\" accept=\"audio\/*,video\/*,image\/*\" aria-required=\"true\" aria-invalid=\"false\" type=\"file\" name=\"file-201\" \/><\/span><br \/>\n<input class=\"wpcf7-form-control wpcf7-submit has-spinner\" type=\"submit\" value=\"Send\" \/><\/label>\n<\/p><div class=\"wpcf7-response-output\" aria-hidden=\"true\"><\/div>\n<\/form>\n<\/div>\n\n","protected":false},"excerpt":{"rendered":"<p>Les abstracts\u00a0ne devraient pas exc\u00e9der 500 mots (hormis les r\u00e9f\u00e9rences) et\u00a0ils devraient pr\u00e9senter clairement la(les) question(s) de recherche, l\u2019approche adopt\u00e9e, la m\u00e9thode, les donn\u00e9es et les r\u00e9sultats (attendus).\u00a0\u00a0La date limite pour la soumission des abstracts en ligne est le\u00a015 mars &hellip; <a href=\"https:\/\/blogs.univ-tlse2.fr\/latin-juridique\/fr\/submission-of-abstracts\/\">Continuer la lecture <span class=\"meta-nav\">&rarr;<\/span><\/a><\/p>\n","protected":false},"author":417,"featured_media":0,"parent":0,"menu_order":2,"comment_status":"closed","ping_status":"closed","template":"","meta":{"footnotes":""},"class_list":["post-93","page","type-page","status-publish","hentry"],"_links":{"self":[{"href":"https:\/\/blogs.univ-tlse2.fr\/latin-juridique\/wp-json\/wp\/v2\/pages\/93","targetHints":{"allow":["GET"]}}],"collection":[{"href":"https:\/\/blogs.univ-tlse2.fr\/latin-juridique\/wp-json\/wp\/v2\/pages"}],"about":[{"href":"https:\/\/blogs.univ-tlse2.fr\/latin-juridique\/wp-json\/wp\/v2\/types\/page"}],"author":[{"embeddable":true,"href":"https:\/\/blogs.univ-tlse2.fr\/latin-juridique\/wp-json\/wp\/v2\/users\/417"}],"replies":[{"embeddable":true,"href":"https:\/\/blogs.univ-tlse2.fr\/latin-juridique\/wp-json\/wp\/v2\/comments?post=93"}],"version-history":[{"count":7,"href":"https:\/\/blogs.univ-tlse2.fr\/latin-juridique\/wp-json\/wp\/v2\/pages\/93\/revisions"}],"predecessor-version":[{"id":126,"href":"https:\/\/blogs.univ-tlse2.fr\/latin-juridique\/wp-json\/wp\/v2\/pages\/93\/revisions\/126"}],"wp:attachment":[{"href":"https:\/\/blogs.univ-tlse2.fr\/latin-juridique\/wp-json\/wp\/v2\/media?parent=93"}],"curies":[{"name":"wp","href":"https:\/\/api.w.org\/{rel}","templated":true}]}}