 {"id":10,"date":"2013-10-31T15:54:08","date_gmt":"2013-10-31T14:54:08","guid":{"rendered":"https:\/\/blogs.univ-tlse2.fr\/latling\/?page_id=10"},"modified":"2014-01-23T12:43:59","modified_gmt":"2014-01-23T11:43:59","slug":"prix-award-machtelt-bolkestein","status":"publish","type":"page","link":"https:\/\/blogs.univ-tlse2.fr\/latling\/prix-award-machtelt-bolkestein\/","title":{"rendered":"Prix \/ Award Machtelt Bolkestein"},"content":{"rendered":"<p style=\"text-align: justify\">La <i>Fondation Machtelt Bolkestein<\/i> offre un prix de 500 euros pour la meilleure contribution pr\u00e9sent\u00e9e au colloque. Deux conditions doivent \u00eatre remplies\u00a0:<\/p>\n<ul>\n<li>Les candidats sont de jeunes coll\u00e8gues qui participent au colloque pour la <b>premi\u00e8re<\/b> ou pour la <b>deuxi\u00e8me fois<\/b>.<\/li>\n<li style=\"text-align: justify\"><span style=\"text-align: justify\">Les candidats sont invit\u00e9s \u00e0 cocher la case concernant le prix lors de la <\/span><b style=\"text-align: justify\">soumission de leurs abstracts<\/b><span style=\"text-align: justify\">.<\/span><\/li>\n<\/ul>\n<p style=\"text-align: justify\">\u00a0Les crit\u00e8res suivants vont \u00eatre consid\u00e9r\u00e9s pendant l\u2019\u00e9valuation\u00a0:<\/p>\n<ul style=\"text-align: justify\">\n<li>la clart\u00e9 de la pr\u00e9sentation (en prenant en consid\u00e9ration le caract\u00e8re international de l\u2019audience)\u00a0;<\/li>\n<li>la qualit\u00e9 du point de vue de l\u2019originalit\u00e9 et de la m\u00e9thodologie.<\/li>\n<\/ul>\n<p style=\"text-align: justify\">\u00c0 la base du classement des abstracts, le Comit\u00e9 scientifique \u00e9tablira une liste interne des candidats pr\u00e9s\u00e9lectionn\u00e9s.<\/p>\n<p style=\"text-align: center\">\u2248\u2248\u2248<\/p>\n<p style=\"text-align: justify\">The <em>Stichting Machtelt Bolkestein <\/em>offers a prize of 500 Euro for the best presentation of a paper in the conference. The following requirements are needed:<\/p>\n<ul>\n<li style=\"text-align: justify\">The candidates for the prize are young participants who \u00a0are attending the conference for the <strong>first<\/strong> or the<strong> second time<\/strong>.<\/li>\n<li style=\"text-align: justify\">The candidates are invited to mark the option referring to the prize when they <b>register their abstract<\/b>.<\/li>\n<\/ul>\n<p>The following criteria for assessment will be taken into account:<\/p>\n<ul>\n<li style=\"text-align: justify\">clarity of presentation (taking into account that the audience is an international audience);<\/li>\n<li><span style=\"text-align: justify\">the quality in terms of\u00a0both originality and methodology.<\/span><\/li>\n<\/ul>\n<p>On the basis of the ranking of the abstracts, the Scientific Committee will set up an internal shortlist with nominees for the prize.<\/p>\n<p style=\"text-align: center\"><span style=\"text-decoration: underline\">Les laur\u00e9ats pr\u00e9c\u00e9dents \/\u00a0Previous winners<\/span><\/p>\n<p style=\"text-align: center\">Eugenio Goria (2013) first prize; Chiara Fedriani second prize Honorable mention<\/p>\n<p style=\"text-align: center\">David Stienaers (2011)<\/p>\n<p style=\"text-align: center\">Marie-Ange Julia (2009)<\/p>\n<p>&#8212;&#8212;&#8212;&#8212;&#8212;&#8212;&#8212;&#8212;&#8212;&#8212;&#8212;&#8212;&#8212;&#8212;&#8212;&#8212;&#8212;&#8212;&#8212;&#8212;&#8212;&#8212;&#8212;&#8212;&#8212;&#8212;&#8212;&#8212;&#8212;&#8212;&#8212;&#8212;&#8212;&#8212;&#8212;&#8212;&#8212;&#8212;&#8212;&#8212;<\/p>\n<p style=\"text-align: justify\"><span style=\"color: #000000\"><strong>Machtelt<\/strong> <strong>BOLKESTEIN <\/strong><\/span>(1944-2001), professor of Latin linguistics at the University of <a href=\"https:\/\/blogs.univ-tlse2.fr\/latling\/files\/2013\/10\/2001Amsterdam-MachteltBolkestein.jpg\"><img loading=\"lazy\" decoding=\"async\" class=\"size-medium wp-image-27 alignleft\" alt=\"2001Amsterdam-MachteltBolkestein\" src=\"https:\/\/blogs.univ-tlse2.fr\/latling\/files\/2013\/10\/2001Amsterdam-MachteltBolkestein-300x202.jpg\" width=\"300\" height=\"202\" srcset=\"https:\/\/blogs.univ-tlse2.fr\/latling\/files\/2013\/10\/2001Amsterdam-MachteltBolkestein-300x202.jpg 300w, https:\/\/blogs.univ-tlse2.fr\/latling\/files\/2013\/10\/2001Amsterdam-MachteltBolkestein-1024x691.jpg 1024w, https:\/\/blogs.univ-tlse2.fr\/latling\/files\/2013\/10\/2001Amsterdam-MachteltBolkestein.jpg 1818w\" sizes=\"auto, (max-width: 300px) 100vw, 300px\" \/><\/a>Amsterdam, contributed in a substantial way to the development of modern Latin linguistics. She was one of the firsts who applied pragmatic concepts to the analysis of the Latin language (word order phenomena, anaphora, use of tenses). She approached language from a functional perspective and participated in the theoretical debate of Functional Grammar, which made her one of the rare Latinists appreciated outside their\u00a0proper field. Her work, exemplary by a systematic use of theoretical concepts and a clear methodology, as well as her activity and\u00a0enthusiasm gave inspiration not only to students but also to many colleagues. She died prematurely, four months after the 11th colloquium on Latin linguistics that she organised in Amsterdam.<\/p>\n<p style=\"text-align: justify\">Complete Bibliography Machtelt Bolkestein is in A. M. Bolkestein et\u00a0al. (eds.): <em>Theory and description in Latin linguistics<\/em>. Amsterdam\u00a02002, 7-11.<\/p>\n<p style=\"text-align: justify\">Her contribution to Latin linguistics is presented by H. Pinkster in <i>Latin Linguistics in Machtelt\u2019s way<\/i>. Papers on Grammar IX.1, Roma 2005.<\/p>\n<p style=\"text-align: justify\">See also R. Risselada, Bolkestein, Alide Machtelt in H. Stammerjohann (ed.), <em>Lexicon grammaticorum: Who&rsquo;s Who in the History of Worlds\u00a0Linguistics<\/em>, T\u00fcbingen 2009.<\/p>\n<p>And a <a title=\"M. Bolkestein\" href=\"http:\/\/de.wikipedia.org\/wiki\/Alide_Machtelt_Bolkestein\" target=\"_blank\">Wikipedia article<\/a> in German.<\/p>\n<p><!--more--><span style=\"text-align: justify;line-height: 1.5\">Photo: Michel Poirier\u00a0\u00a9 Colloque d&rsquo;Amsterdam 2001<\/span><\/p>\n","protected":false},"excerpt":{"rendered":"<p>La Fondation Machtelt Bolkestein offre un prix de 500 euros pour la meilleure contribution pr\u00e9sent\u00e9e au colloque. Deux conditions doivent \u00eatre remplies\u00a0: Les candidats sont de jeunes coll\u00e8gues qui participent au colloque pour la premi\u00e8re ou pour la deuxi\u00e8me fois. Les candidats sont invit\u00e9s \u00e0 cocher la case concernant le prix lors de la soumission [&hellip;]<\/p>\n","protected":false},"author":1,"featured_media":0,"parent":0,"menu_order":0,"comment_status":"closed","ping_status":"closed","template":"","meta":{"footnotes":""},"class_list":["post-10","page","type-page","status-publish","hentry"],"_links":{"self":[{"href":"https:\/\/blogs.univ-tlse2.fr\/latling\/wp-json\/wp\/v2\/pages\/10","targetHints":{"allow":["GET"]}}],"collection":[{"href":"https:\/\/blogs.univ-tlse2.fr\/latling\/wp-json\/wp\/v2\/pages"}],"about":[{"href":"https:\/\/blogs.univ-tlse2.fr\/latling\/wp-json\/wp\/v2\/types\/page"}],"author":[{"embeddable":true,"href":"https:\/\/blogs.univ-tlse2.fr\/latling\/wp-json\/wp\/v2\/users\/1"}],"replies":[{"embeddable":true,"href":"https:\/\/blogs.univ-tlse2.fr\/latling\/wp-json\/wp\/v2\/comments?post=10"}],"version-history":[{"count":21,"href":"https:\/\/blogs.univ-tlse2.fr\/latling\/wp-json\/wp\/v2\/pages\/10\/revisions"}],"predecessor-version":[{"id":164,"href":"https:\/\/blogs.univ-tlse2.fr\/latling\/wp-json\/wp\/v2\/pages\/10\/revisions\/164"}],"wp:attachment":[{"href":"https:\/\/blogs.univ-tlse2.fr\/latling\/wp-json\/wp\/v2\/media?parent=10"}],"curies":[{"name":"wp","href":"https:\/\/api.w.org\/{rel}","templated":true}]}}