 {"id":131,"date":"2014-01-20T18:59:42","date_gmt":"2014-01-20T17:59:42","guid":{"rendered":"https:\/\/blogs.univ-tlse2.fr\/latling\/?page_id=131"},"modified":"2015-03-06T15:52:46","modified_gmt":"2015-03-06T14:52:46","slug":"comment-venir-how-to-get-there","status":"publish","type":"page","link":"https:\/\/blogs.univ-tlse2.fr\/latling\/comment-venir-how-to-get-there\/","title":{"rendered":"Comment venir \/ How to get there"},"content":{"rendered":"<p><b>En avion<\/b>\u00a0: il y a de nombreux vols directs, nationaux et internationaux, \u00e0 destination de Toulouse, op\u00e9r\u00e9s par de grandes compagnies a\u00e9riennes ainsi que par des compagnies low cost. Toutes les destinations sont r\u00e9pertori\u00e9es sur le site de <a title=\"A\u00e9roport Toulouse Blagnac\" href=\"http:\/\/www.toulouse.aeroport.fr\/passagers\/infos-vols\/liste-destinations\" target=\"_blank\">l\u2019A\u00e9roport de Toulouse Blagnac<\/a>.<\/p>\n<p>Si vous voyagez via Paris, pensez \u00e0 prendre la correspondance au\u00a0m\u00eame a\u00e9roport (soit Roissy-Charles de Gaulle, soit Orly). \u00c9vitez d&rsquo;entreprendre le transfert d&rsquo;un a\u00e9roport \u00e0 l&rsquo;autre: cela co\u00fbte beaucoup de temps et beaucoup d&rsquo;argent.<\/p>\n<p>L\u2019a\u00e9roport de Toulouse-Blagnac est situ\u00e9 \u00e0 8 km \u00e0 l\u2019ouest de Toulouse. Il est tr\u00e8s facile de rejoindre le centre (entre 15 et 20 minutes) gr\u00e2ce \u00e0 la navette a\u00e9roport: <a title=\"A\u00e9roport\" href=\"http:\/\/www.toulouse.aeroport.fr\" target=\"_blank\">le site web<\/a>.<\/p>\n<p><strong>En train\u00a0:<\/strong> la gare de Toulouse-Matabiau se trouve au centre ville. Elle est jumel\u00e9e avec la station de m\u00e9tro Marengo-SNCF.<\/p>\n<p><img loading=\"lazy\" decoding=\"async\" class=\"size-medium wp-image-136 alignright\" src=\"https:\/\/blogs.univ-tlse2.fr\/latling\/files\/2014\/01\/Arriver-a-Toulouse1-246x300.jpg\" alt=\"Arriver a Toulouse\" width=\"246\" height=\"300\" srcset=\"https:\/\/blogs.univ-tlse2.fr\/latling\/files\/2014\/01\/Arriver-a-Toulouse1-246x300.jpg 246w, https:\/\/blogs.univ-tlse2.fr\/latling\/files\/2014\/01\/Arriver-a-Toulouse1.jpg 254w\" sizes=\"auto, (max-width: 246px) 100vw, 246px\" \/><\/p>\n<p><strong style=\"line-height: 1.5\">En bus\u00a0: <\/strong><span style=\"line-height: 1.5\">vous arriverez \u00e0 la gare routi\u00e8re de Toulouse, \u00e0 c\u00f4t\u00e9 de l<\/span>a gare Matabiau (SNCF), au c\u0153ur de Toulouse.<\/p>\n<p><strong>En voiture\u00a0: <\/strong>Toulouse est en liaison autorouti\u00e8re directe avec les principales capitales d\u2019Europe du Nord et du Sud.<\/p>\n<ul>\n<li>A61(Carcassonne, Montpellier, Barcelone),<\/li>\n<li>A62 (Montauban, Agen, Bordeaux, Limoges, Paris),<\/li>\n<li>A64 (Foix, Lourdes, Bayonne, San-S\u00e9bastien), A68 (Lavaur, Albi)<\/li>\n<li>A66 (Pamiers, Foix, Andorre).<\/li>\n<\/ul>\n<p style=\"text-align: center\">\u00a0\u00a0\u2248\u2248\u2248<\/p>\n<p>Toulouse can be reached by <b>airplane,<\/b> <b>train, <\/b>or <b>car<\/b> from any part of Europe.<\/p>\n<p><strong>By airplane<\/strong>: There are many direct flights to and from Toulouse operated by well-established air companies as well as by low-cost carriers. Additionally, there are direct daily airplane connections with all major European transit airports (Amsterdam,\u00a0<span style=\"line-height: 1.5\">Madrid, Paris, Rome,\u00a0<\/span><span style=\"line-height: 1.5\">Frankfort, London). Details about all direct destinations can be consulted at <\/span><a style=\"line-height: 1.5\" title=\"Toulouse airport\" href=\"http:\/\/www.toulouse.aeroport.fr\/en\/passagers\/infos-vols\/liste-destinations\" target=\"_blank\">Toulouse Blagnac airport<\/a><span style=\"line-height: 1.5\">.<\/span><\/p>\n<p>If you travel via Paris, please make sure\u00a0that your connecting flight departs from the same airport (either Roissy-Charles de Gaulle, or Orly). Transfert from one airport to the other one costs lot of time and money.<\/p>\n<p>The Toulouse Blagnac Airport is located 8 km northwest of Toulouse (20-25 minutes drive by a shuttle bus to the city center): <a title=\"Airport website\" href=\"http:\/\/www.toulouse.aeroport.fr\/en\" target=\"_blank\">Airport Website<\/a>.<\/p>\n<p><strong>By train<\/strong>: The rail station Toulouse-Matabiau is situated in the city center and is connected with the metro station Marengo-SNCF.<\/p>\n<p><strong>By coach<\/strong>: The coach station is next to the rail station Toulouse-Matabiau.<\/p>\n<p><strong>By car<\/strong>: \u00a0Toulouse has a direct motorway link with the main capitals of Northern and Southern Europe.\u00a0Paris-Bordeaux-Montpellier motorway network at the junction of:<\/p>\n<ul>\n<li>A61 (Carcassonne, Montpellier, Barcelona),<\/li>\n<li>A62 (Montauban, Agen, Bordeaux, Limoges, Paris),<\/li>\n<li>A64 (Foix, Lourdes, Bayonne, San-S\u00e9bastien), A68 (Lavaur, Albi)<\/li>\n<li>A66 (Pamiers, Foix, Andorre).<\/li>\n<\/ul>\n<p>&nbsp;<\/p>\n","protected":false},"excerpt":{"rendered":"<p>En avion\u00a0: il y a de nombreux vols directs, nationaux et internationaux, \u00e0 destination de Toulouse, op\u00e9r\u00e9s par de grandes compagnies a\u00e9riennes ainsi que par des compagnies low cost. Toutes les destinations sont r\u00e9pertori\u00e9es sur le site de l\u2019A\u00e9roport de Toulouse Blagnac. Si vous voyagez via Paris, pensez \u00e0 prendre la correspondance au\u00a0m\u00eame a\u00e9roport (soit [&hellip;]<\/p>\n","protected":false},"author":211,"featured_media":0,"parent":0,"menu_order":0,"comment_status":"closed","ping_status":"closed","template":"","meta":{"footnotes":""},"class_list":["post-131","page","type-page","status-publish","hentry"],"_links":{"self":[{"href":"https:\/\/blogs.univ-tlse2.fr\/latling\/wp-json\/wp\/v2\/pages\/131","targetHints":{"allow":["GET"]}}],"collection":[{"href":"https:\/\/blogs.univ-tlse2.fr\/latling\/wp-json\/wp\/v2\/pages"}],"about":[{"href":"https:\/\/blogs.univ-tlse2.fr\/latling\/wp-json\/wp\/v2\/types\/page"}],"author":[{"embeddable":true,"href":"https:\/\/blogs.univ-tlse2.fr\/latling\/wp-json\/wp\/v2\/users\/211"}],"replies":[{"embeddable":true,"href":"https:\/\/blogs.univ-tlse2.fr\/latling\/wp-json\/wp\/v2\/comments?post=131"}],"version-history":[{"count":13,"href":"https:\/\/blogs.univ-tlse2.fr\/latling\/wp-json\/wp\/v2\/pages\/131\/revisions"}],"predecessor-version":[{"id":367,"href":"https:\/\/blogs.univ-tlse2.fr\/latling\/wp-json\/wp\/v2\/pages\/131\/revisions\/367"}],"wp:attachment":[{"href":"https:\/\/blogs.univ-tlse2.fr\/latling\/wp-json\/wp\/v2\/media?parent=131"}],"curies":[{"name":"wp","href":"https:\/\/api.w.org\/{rel}","templated":true}]}}