 {"id":2,"date":"2013-10-31T14:35:31","date_gmt":"2013-10-31T13:35:31","guid":{"rendered":"https:\/\/blogs.univ-tlse2.fr\/latling\/?page_id=2"},"modified":"2016-02-18T11:09:13","modified_gmt":"2016-02-18T10:09:13","slug":"appel-a-communication-call-for-papers","status":"publish","type":"page","link":"https:\/\/blogs.univ-tlse2.fr\/latling\/appel-a-communication-call-for-papers\/","title":{"rendered":"Appel \u00e0 communication \/ Call for papers"},"content":{"rendered":"<p style=\"text-align: center\"><strong>Soumettre l&rsquo;abstract en ligne \/ Abstract submission online<\/strong><\/p>\n<ul>\n<li>Le colloque ICLL est consacr\u00e9 \u00e0 tous les aspects de la linguistique latine, dans les perspectives tant synchronique que diachronique, correspondant \u00e0 la p\u00e9riode couverte par le <i>Thesaurus linguae Latinae<\/i>.<\/li>\n<\/ul>\n<p style=\"text-align: justify\"><span style=\"color: #ff9900\"><b><span style=\"color: #993300\">Les abstracts<\/span> <\/b><\/span>ne devraient pas exc\u00e9der 500 mots (hormis les r\u00e9f\u00e9rences) et<span style=\"color: #993300\"><b> devraient pr\u00e9senter clairement la(les) question(s) de recherche, l\u2019approche adopt\u00e9e, la m\u00e9thode, les donn\u00e9es et les r\u00e9sultats (attendus)<\/b><\/span>.\u00a0Les abstracts seront \u00e9valu\u00e9s anonymement par le Comit\u00e9 scientifique et par le Comit\u00e9 de lecture (voir l&rsquo;onglet \u00ab\u00a0ICLL\u00a0\u00bb).\u00a0La date limite pour la soumission des abstracts en ligne est le<span style=\"color: #000000\"> <b>31 octobre 2014<\/b><\/span>.\u00a0Les r\u00e9sultats des \u00e9valuations des abstracts seront communiqu\u00e9s avant le 30 janvier 2015\u00a0.<\/p>\n<p style=\"text-align: center\">\u2248\u2248\u2248<\/p>\n<ul>\n<li style=\"text-align: justify\">The ICLL colloquium is devoted to all aspects of Latin linguistics, whether from a synchronic or a diachronic perspective, corresponding to the period covered by the <i>Thesaurus Linguae Latinae<\/i>.<\/li>\n<\/ul>\n<p style=\"text-align: justify\"><span style=\"color: #993300\"><b>Abstracts<\/b><\/span> should not exceed 500 words (exclusive of references) and<span style=\"color: #993300\"> <b>should clearly state research questions, approach, method, data, and (expected) results<\/b><\/span>. Abstracts will be reviewed anonymously by the Scientific committee and the Evaluation committee (see \u00ab\u00a0ICLL\u00a0\u00bb tab). Deadline for the submission of abstracts is\u00a0<span style=\"color: #000000\"><span style=\"line-height: 1.5\"><b>31 October 2014<\/b><\/span><\/span><span style=\"line-height: 1.5\">.\u00a0<\/span>Notification of acceptance or rejection of abstracts will be given by 30 January 2015.<\/p>\n\n<div class=\"wpcf7 no-js\" id=\"wpcf7-f72-o1\" lang=\"fr-FR\" dir=\"ltr\" data-wpcf7-id=\"72\">\n<div class=\"screen-reader-response\"><p role=\"status\" aria-live=\"polite\" aria-atomic=\"true\"><\/p> <ul><\/ul><\/div>\n<form action=\"\/latling\/wp-json\/wp\/v2\/pages\/2#wpcf7-f72-o1\" method=\"post\" class=\"wpcf7-form init\" aria-label=\"Formulaire de contact\" enctype=\"multipart\/form-data\" novalidate=\"novalidate\" data-status=\"init\">\n<fieldset class=\"hidden-fields-container\"><input type=\"hidden\" name=\"_wpcf7\" value=\"72\" \/><input type=\"hidden\" name=\"_wpcf7_version\" value=\"6.1.5\" \/><input type=\"hidden\" name=\"_wpcf7_locale\" value=\"fr_FR\" \/><input type=\"hidden\" name=\"_wpcf7_unit_tag\" value=\"wpcf7-f72-o1\" \/><input type=\"hidden\" name=\"_wpcf7_container_post\" value=\"0\" \/><input type=\"hidden\" name=\"_wpcf7_posted_data_hash\" value=\"\" \/>\n<\/fieldset>\n<p>Vos pr\u00e9nom et nom \/ Your first name and family name (obligatoire)\n<\/p>\n<p><span class=\"wpcf7-form-control-wrap\" data-name=\"your-name\"><input size=\"40\" maxlength=\"400\" class=\"wpcf7-form-control wpcf7-text wpcf7-validates-as-required\" aria-required=\"true\" aria-invalid=\"false\" value=\"\" type=\"text\" name=\"your-name\" \/><\/span>\n<\/p>\n<p>Affiliation\n<\/p>\n<p><span class=\"wpcf7-form-control-wrap\" data-name=\"text-249\"><input size=\"40\" maxlength=\"400\" class=\"wpcf7-form-control wpcf7-text\" aria-invalid=\"false\" value=\"\" type=\"text\" name=\"text-249\" \/><\/span>\n<\/p>\n<p>Pays \/ Country (obligatoire)\n<\/p>\n<p><span class=\"wpcf7-form-control-wrap\" data-name=\"text-253\"><input size=\"40\" maxlength=\"400\" class=\"wpcf7-form-control wpcf7-text wpcf7-validates-as-required\" aria-required=\"true\" aria-invalid=\"false\" value=\"\" type=\"text\" name=\"text-253\" \/><\/span>\n<\/p>\n<p>Votre email \/ Your e-mail (obligatoire)\n<\/p>\n<p><span class=\"wpcf7-form-control-wrap\" data-name=\"your-email\"><input size=\"40\" maxlength=\"400\" class=\"wpcf7-form-control wpcf7-email wpcf7-validates-as-required wpcf7-text wpcf7-validates-as-email\" aria-required=\"true\" aria-invalid=\"false\" value=\"\" type=\"email\" name=\"your-email\" \/><\/span>\n<\/p>\n<p>S'il y a un\/des co-auteur(s), indiquez leur(s) nom(s), institution(s) et email(s) \/ If your article is co-authored, please indicate name(s), institution(s) and e-mail(s) of the co-author(s)\n<\/p>\n<p><span class=\"wpcf7-form-control-wrap\" data-name=\"text-410\"><input size=\"40\" maxlength=\"400\" class=\"wpcf7-form-control wpcf7-text\" aria-invalid=\"false\" value=\"\" type=\"text\" name=\"text-410\" \/><\/span>\n<\/p>\n<p>Titre de votre abstract \/ Title of your abstract (obligatoire)\n<\/p>\n<p><span class=\"wpcf7-form-control-wrap\" data-name=\"text-149\"><input size=\"40\" maxlength=\"400\" class=\"wpcf7-form-control wpcf7-text wpcf7-validates-as-required\" aria-required=\"true\" aria-invalid=\"false\" value=\"\" type=\"text\" name=\"text-149\" \/><\/span>\n<\/p>\n<p>Candidatez-vous au prix Machtelt Bolkestein? Voir l\u2019onglet correspondant pour les conditions.<br \/>\nDo you apply for Machtelt Bolkestein award? Please check the corresponding tab for conditions. (obligatoire)\n<\/p>\n<p><span class=\"wpcf7-form-control-wrap\" data-name=\"checkbox-621\"><span class=\"wpcf7-form-control wpcf7-checkbox wpcf7-exclusive-checkbox\"><span class=\"wpcf7-list-item first\"><label><input type=\"checkbox\" name=\"checkbox-621\" value=\"Oui\" \/><span class=\"wpcf7-list-item-label\">Oui<\/span><\/label><\/span><span class=\"wpcf7-list-item last\"><label><input type=\"checkbox\" name=\"checkbox-621\" value=\"Non\" \/><span class=\"wpcf7-list-item-label\">Non<\/span><\/label><\/span><\/span><\/span>\n<\/p>\n<p>T\u00e9l\u00e9chargez votre document docx \/ Upload your docx document<br \/>\n<span class=\"wpcf7-form-control-wrap\" data-name=\"file-728\"><input size=\"40\" class=\"wpcf7-form-control wpcf7-file wpcf7-validates-as-required\" accept=\"audio\/*,video\/*,image\/*\" aria-required=\"true\" aria-invalid=\"false\" type=\"file\" name=\"file-728\" \/><\/span>\n<\/p>\n<p><input class=\"wpcf7-form-control wpcf7-submit has-spinner\" type=\"submit\" value=\"Envoyer\" \/>\n<\/p><div class=\"wpcf7-response-output\" aria-hidden=\"true\"><\/div>\n<\/form>\n<\/div>\n\n","protected":false},"excerpt":{"rendered":"<p>Soumettre l&rsquo;abstract en ligne \/ Abstract submission online Le colloque ICLL est consacr\u00e9 \u00e0 tous les aspects de la linguistique latine, dans les perspectives tant synchronique que diachronique, correspondant \u00e0 la p\u00e9riode couverte par le Thesaurus linguae Latinae. Les abstracts ne devraient pas exc\u00e9der 500 mots (hormis les r\u00e9f\u00e9rences) et devraient pr\u00e9senter clairement la(les) question(s) [&hellip;]<\/p>\n","protected":false},"author":211,"featured_media":0,"parent":0,"menu_order":1,"comment_status":"closed","ping_status":"closed","template":"","meta":{"footnotes":""},"class_list":["post-2","page","type-page","status-publish","hentry"],"_links":{"self":[{"href":"https:\/\/blogs.univ-tlse2.fr\/latling\/wp-json\/wp\/v2\/pages\/2","targetHints":{"allow":["GET"]}}],"collection":[{"href":"https:\/\/blogs.univ-tlse2.fr\/latling\/wp-json\/wp\/v2\/pages"}],"about":[{"href":"https:\/\/blogs.univ-tlse2.fr\/latling\/wp-json\/wp\/v2\/types\/page"}],"author":[{"embeddable":true,"href":"https:\/\/blogs.univ-tlse2.fr\/latling\/wp-json\/wp\/v2\/users\/211"}],"replies":[{"embeddable":true,"href":"https:\/\/blogs.univ-tlse2.fr\/latling\/wp-json\/wp\/v2\/comments?post=2"}],"version-history":[{"count":27,"href":"https:\/\/blogs.univ-tlse2.fr\/latling\/wp-json\/wp\/v2\/pages\/2\/revisions"}],"predecessor-version":[{"id":493,"href":"https:\/\/blogs.univ-tlse2.fr\/latling\/wp-json\/wp\/v2\/pages\/2\/revisions\/493"}],"wp:attachment":[{"href":"https:\/\/blogs.univ-tlse2.fr\/latling\/wp-json\/wp\/v2\/media?parent=2"}],"curies":[{"name":"wp","href":"https:\/\/api.w.org\/{rel}","templated":true}]}}