 {"id":271,"date":"2014-10-15T12:30:48","date_gmt":"2014-10-15T11:30:48","guid":{"rendered":"https:\/\/blogs.univ-tlse2.fr\/latling\/?page_id=271"},"modified":"2015-02-13T19:13:56","modified_gmt":"2015-02-13T18:13:56","slug":"inscription-registration","status":"publish","type":"page","link":"https:\/\/blogs.univ-tlse2.fr\/latling\/inscription-registration\/","title":{"rendered":"Inscription \/ Registration"},"content":{"rendered":"<p style=\"text-align: justify\">L&rsquo;inscription en ligne au colloque est ouverte. Le lien vers le formulaire se trouve ci-dessous. Lisez d&rsquo;abord des informations importantes.<\/p>\n<p style=\"text-align: justify\">Online registration is available. The link to the inscription form is below. Please read first important information.<\/p>\n<p style=\"text-align: justify\">Les droits d\u2019inscription incluent les documents du colloque, les r\u00e9ceptions, quatre d\u00e9jeuners, les pauses caf\u00e9 et la journ\u00e9e d\u2019Albi. Cependant, il est <strong>imp\u00e9ratif<\/strong> de s&rsquo;inscrire \u00e0 ces options <strong>pendant l&rsquo;inscription en ligne<\/strong>. Les personnes inscrites recevront des\u00a0tickets donnant acc\u00e8s \u00e0 ces activit\u00e9s. Les inscriptions sur place ne sont pas\u00a0garanties et un suppl\u00e9ment peut \u00eatre demand\u00e9. Voir le <a title=\"Programme\" href=\"https:\/\/blogs.univ-tlse2.fr\/latling\/programme\/\">programme<\/a>.<\/p>\n<p style=\"text-align: justify\">Une personne accompagnante (25\u00a0\u20ac) aura acc\u00e8s \u00e0 l&rsquo;\u00e9v\u00e9nementiel non-payant pour les participants (r\u00e9ceptions, ballade en p\u00e9niche, \u00a0journ\u00e9e d&rsquo;Albi comprenant transport, d\u00e9jeuner, visites de la ville).<\/p>\n<p style=\"text-align: justify\">The conference fees cover conference bag, receptions, four lunches, coffee breaks, and trip to Albi. However, it is <strong>compulsory<\/strong> to check these options <strong>during online registration<\/strong>. Registered participants will receive tickets providing access to these activities. Registrations on site are not guaranteed and a surcharge may apply. See the <a title=\"Programme\" href=\"https:\/\/blogs.univ-tlse2.fr\/latling\/programme\/\">programm<\/a>.<\/p>\n<p style=\"text-align: justify\">Accompanying person\u00a0(25\u00a0\u20ac) will have acces to social activities included in registration fees for participants (receptions, boat trip, day in Albi including transportation, lunch, guided visits).<\/p>\n<p><strong>Cliquez sur le lien pour ouvrir le formulaire. \/ Click on the \u00a0following link.<\/strong><\/p>\n<p style=\"text-align: center\"><strong><a title=\"S'inscrire \/ Register online\" href=\"http:\/\/w3.colloquescprs.univ-tlse2.fr\/spip.php?rubrique82&amp;lang=en\" target=\"_blank\">S&rsquo;inscrire\/Register online<\/a><\/strong><\/p>\n<p style=\"text-align: center\">=<\/p>\n<table>\n<tbody>\n<tr>\n<td width=\"160\">Droits d\u2019inscription<br \/>\nRegistration fees<\/td>\n<td width=\"160\">Avant le 31 mars 2015<br \/>\nBefore March 31, 2015<\/td>\n<td width=\"160\">Apr\u00e8s le 1<sup>er<\/sup> avril 2015<br \/>\nAfter April 1, 2015<\/td>\n<td width=\"160\">Sur place<br \/>\nOn site<\/td>\n<\/tr>\n<tr>\n<td width=\"160\">Tarif normal<br \/>\nRegular fees<\/td>\n<td width=\"160\">120 \u20ac<\/td>\n<td width=\"160\">140 \u20ac<\/td>\n<td width=\"160\">160 \u20ac<\/td>\n<\/tr>\n<tr>\n<td width=\"160\">Tarif r\u00e9duit*<br \/>\nReduced fees*<\/td>\n<td width=\"160\">80 \u20ac<\/td>\n<td width=\"160\">100 \u20ac<\/td>\n<td width=\"160\">120 \u20ac<\/td>\n<\/tr>\n<tr>\n<td width=\"160\">Banquet de cl\u00f4ture<br \/>\nSocial dinner<\/td>\n<td colspan=\"3\" width=\"481\">40 \u20ac<\/td>\n<\/tr>\n<tr>\n<td width=\"160\">Excursion samedi le 13 juin 2015<\/td>\n<td colspan=\"3\" width=\"481\">60\u00a0\u20ac<\/td>\n<\/tr>\n<\/tbody>\n<\/table>\n<p style=\"text-align: justify\">*Le tarif r\u00e9duit est r\u00e9serv\u00e9 aux \u00e9tudiants. Envoyer obligatoirement une copie de la carte \u00e9tudiant 2014-2015 par mail (latling at univ-tlse2.fr).<\/p>\n<p style=\"text-align: justify\">*Reduced fees apply to students. Proof of student ID is required. Please send a scanned copy by e-mail (latling at univ-tlse2.fr).<\/p>\n","protected":false},"excerpt":{"rendered":"<p>L&rsquo;inscription en ligne au colloque est ouverte. Le lien vers le formulaire se trouve ci-dessous. Lisez d&rsquo;abord des informations importantes. Online registration is available. The link to the inscription form is below. Please read first important information. Les droits d\u2019inscription incluent les documents du colloque, les r\u00e9ceptions, quatre d\u00e9jeuners, les pauses caf\u00e9 et la journ\u00e9e [&hellip;]<\/p>\n","protected":false},"author":211,"featured_media":0,"parent":0,"menu_order":0,"comment_status":"closed","ping_status":"closed","template":"","meta":{"footnotes":""},"class_list":["post-271","page","type-page","status-publish","hentry"],"_links":{"self":[{"href":"https:\/\/blogs.univ-tlse2.fr\/latling\/wp-json\/wp\/v2\/pages\/271","targetHints":{"allow":["GET"]}}],"collection":[{"href":"https:\/\/blogs.univ-tlse2.fr\/latling\/wp-json\/wp\/v2\/pages"}],"about":[{"href":"https:\/\/blogs.univ-tlse2.fr\/latling\/wp-json\/wp\/v2\/types\/page"}],"author":[{"embeddable":true,"href":"https:\/\/blogs.univ-tlse2.fr\/latling\/wp-json\/wp\/v2\/users\/211"}],"replies":[{"embeddable":true,"href":"https:\/\/blogs.univ-tlse2.fr\/latling\/wp-json\/wp\/v2\/comments?post=271"}],"version-history":[{"count":19,"href":"https:\/\/blogs.univ-tlse2.fr\/latling\/wp-json\/wp\/v2\/pages\/271\/revisions"}],"predecessor-version":[{"id":348,"href":"https:\/\/blogs.univ-tlse2.fr\/latling\/wp-json\/wp\/v2\/pages\/271\/revisions\/348"}],"wp:attachment":[{"href":"https:\/\/blogs.univ-tlse2.fr\/latling\/wp-json\/wp\/v2\/media?parent=271"}],"curies":[{"name":"wp","href":"https:\/\/api.w.org\/{rel}","templated":true}]}}