 {"id":309,"date":"2015-02-07T11:39:44","date_gmt":"2015-02-07T10:39:44","guid":{"rendered":"https:\/\/blogs.univ-tlse2.fr\/latling\/?page_id=309"},"modified":"2015-05-22T10:41:55","modified_gmt":"2015-05-22T08:41:55","slug":"participants","status":"publish","type":"page","link":"https:\/\/blogs.univ-tlse2.fr\/latling\/participants\/","title":{"rendered":"Participants"},"content":{"rendered":"<p><strong>Liste des participants \/ List of participants \u00a0 \u00a0<\/strong><\/p>\n<p><strong>Adamik<\/strong> B\u00e9la (E\u00f6tv\u00f6s Lor\u00e1nd University, Budapest): On the dialectology of the Vulgar Latin merger of \/b\/ and \/w\/: Evidence from inscriptions<br \/>\n<strong>Adema<\/strong> Suzanne (Vrije Universiteit \/ Universiteit van Amsterdam)\u00a0: Narrative progression and the historical present in Vergil\u2019s Aeneid<br \/>\n<strong>Alho<\/strong> Tommi &amp; <strong>Lepp\u00e4nen<\/strong> Ville (University of Turku): Normativity and language change: Two case studies on Roman brick stamps<br \/>\n<strong>\u00c1lvarez Huerta<\/strong> Olga (Universidad de Oviedo)\u00a0: Los verbos de temor <em>timeo<\/em>, <em>metuo<\/em> y <em>uereor<\/em><br \/>\n<strong>Arias<\/strong> Carmen (Universidad de Sevilla):\u00a0Nuevas reflexiones sobre el proceso ling\u00fc\u00edstico de la sustantivaci\u00f3n del adjetivo latino<br \/>\n<strong> Baldi<\/strong> Philip (The Pennsylvania State University)<br \/>\n<strong>Banniard<\/strong> Michel (Universit\u00e9 de Toulouse 2 Jean Jaur\u00e8s)\u00a0: Latinophonie et diastratie complexe\u00a0: pour un repositionnement du rapport latin \u00e9crit\/ latin parl\u00e9<br \/>\n<strong>Bertocci<\/strong> Davide (Universit\u00e0 di Padova): Latin 1<sup>st<\/sup> class -\u0101- verbs as thematic formations: On the deficiency of IE roots<br \/>\n<strong>Bodelot<\/strong> Colette (Universit\u00e9 Blaise Pascal \u2013 Clermont-Ferrand 2): Retour sur les marges de la subordination compl\u00e9tive en latin<br \/>\n<strong>Bortolussi<\/strong> Bernard (Universit\u00e9 de Paris Ouest Nanterre): Existe-t-il des \u00ab\u00a0noms nus\u00a0\u00bb (<em>bare nominals<\/em>) en latin\u00a0?<br \/>\n<strong>Brunet\u00a0<\/strong>Claude<br \/>\n<strong>Burroni<\/strong> Francesco &amp; <strong>Brezigia<\/strong> Michele (Universiteit Leiden &amp; Independent): Lat. <em>amosio<\/em>: An unnoticed &#8211;<em>osio<\/em> genitive in Latin with a few remarks on time terminology<br \/>\n<strong>Cabrillana<\/strong> Concepti\u00f3n (University of Santiago de Compostela) Argument\/satellite distinction and absolute verbal use in Latin stative verbs<br \/>\n<strong>Cardinali<\/strong> Luca (Universit\u00e0 di Perugia)\u00a0: Alcune osservazioni sulla lingua degli storiografi arcaici<br \/>\n<strong>Christol<\/strong> Alain (Universit\u00e9 de Rouen): <em>Matris animula <\/em>\u00ab\u00a0serpolet\u00a0\u00bb, m\u00e9decine et folklore autour d\u2019un phytonyme<br \/>\n<strong>Cser<\/strong> Andr\u00e1s (P\u00e1zm\u00e1ny P\u00e9ter Catholic University): The phonological conditioning of Latin inflectional allomorphies<br \/>\n<strong>Cuzzolin<\/strong> Pierluigi (Universit\u00e0 degli Studi di Bergamo)\u00a0: On the relationship between the personal and impersonal constructions of <em>uideri<\/em><br \/>\n<strong>Dalbera<\/strong> Joseph (Universit\u00e9 de Corse)\u00a0: La polyvalence de l\u2019adverbe <em>nunc<\/em><br \/>\n<strong>Danckaert<\/strong> Lieven (Ghent University)\u00a0: The diachrony of subject placement in Latin: A corpus-based study (ca. 200 BC &#8211; 600 AD)<br \/>\n<strong>de la Villa<\/strong> Jes\u00fas (Universidad Aut\u00f3noma de Madrid): Verbal alternations in Latin<br \/>\n<strong>D\u00edaz<\/strong> Marina<br \/>\n<strong>Dieu<\/strong> \u00c9ric (Universit\u00e9 de Toulouse 2 Jean Jaur\u00e8s): L\u2019\u00e9tymologie du verbe latin <em>sub\u014d<\/em><br \/>\n<strong>Duarte<\/strong> Pedro (Universit\u00e9 d\u2019Aix-Marseille)\u00a0: L\u2019anaphore rh\u00e9torique dans l\u2019<em>Histoire naturelle <\/em>de Pline l\u2019Ancien<br \/>\n<strong>Dupraz<\/strong> Emmanuel (Universit\u00e9 Libre de Bruxelles): <em>Ille<\/em> introducteur de citation chez Cic\u00e9ron<br \/>\n<strong>D\u00fcrrschnabel<\/strong> Vera (University of Zurich): On the use of prefixed verbs in Early Latin<br \/>\n<strong>Embleton M\u00e1rquez<\/strong> Sergio (Universidad Nacional Aut\u00f3noma de M\u00e9xico)\u00a0: El ritmo y la sonoridad como impulsores del patetismo en el \u2018<em>Lamento de Ariadna<\/em>\u2019 de Catulo<br \/>\n<strong>Fatello<\/strong> Fabienne (Universit\u00e9 Blaise Pascal, Clermont-Ferrand): Les emplois de <em>quando<\/em> dans l\u2019<em>Histoire romaine <\/em>de Tite-Live<br \/>\n<strong>Fedriani<\/strong> Chiara (University of Bergamo): <em>DiSCIS<\/em>:\u00a0 a new sociolinguistic and pragmatic corpus of Plautus\u2019 comedies<br \/>\n<strong>Ferrer<\/strong> Elisa (Universidad Nacional de C\u00f3rdoba, Argentina): Las formas \u201catem\u00e1ticas\u201d del presente L <em>fer\u014d<\/em><br \/>\n<strong>Fleck<\/strong> Fr\u00e9d\u00e9rique (\u00c9cole normale sup\u00e9rieure, Paris): La syllepse comme indice de modalisation autonymique<br \/>\n<strong>Fruyt<\/strong>\u00a0Mich\u00e8le (Universit\u00e9 de Paris IV-Sorbonne)<br \/>\n<strong>Fuertes<\/strong> Irene<br \/>\n<strong>Galdi<\/strong> Giovanbattista (University of Ghent): On so-called adversative <em>nisi<\/em><br \/>\n<strong>Gallego<\/strong> Julie (Universit\u00e9 de Pau et des Pays de l\u2019Adour, CRPHLL)\u00a0: <em>Foret<\/em> versus <em>esset<\/em><br \/>\n<strong>Garc\u00eda Leal<\/strong> Alfonso (Universitad de Oviedo)\u00a0: La subordinaci\u00f3n en la diplom\u00e1tica del Reino de Asturias (718-910)<br \/>\n<strong>Garc\u00eda-Hern\u00e1ndez<\/strong> Benjam\u00edn (Universidad Aut\u00f3noma de Madrid)\u00a0: Lexicalizaci\u00f3n y gramaticalizaci\u00f3n. Los indefinidos latinos como bases l\u00e9xicas<br \/>\n<strong>Garnier<\/strong> Romain (Universit\u00e9 de Limoges)\u00a0: Sur les para-participes en &#8211;<em>cundus<\/em> du latin<br \/>\n<strong>Garz\u00f3n Fontalvo <\/strong>Eveling (Universidad Aut\u00f3noma de Madrid)<br \/>\n<strong>Gavoille<\/strong> Laurent (Universit\u00e9 de Bordeaux, Ausonius UMR 5607 CNRS)\u00a0: <em>Contentio <\/em>et la racine *<em>tend<\/em>&#8211;<br \/>\n<strong>Gianollo<\/strong> Chiara (Universit\u00e4t zu K\u00f6ln)\u00a0: Negation and indefinites in Late Latin<br \/>\n<strong>Gibert<\/strong> Guillaume (Universit\u00e9 de Clermont Ferrand)\u00a0: Quelques r\u00e9flexions \u00e0 propos de <em>olim<\/em><br \/>\n<strong>Gleason<\/strong> Sean (Yale University): Case alternation within Latin infinitival complements: Some diachronic considerations<br \/>\n<strong>Guardamagna<\/strong> Caterina (University of Lancaster): A corpus-based study of <em>secundum X<\/em> constructions: Spatio-temporal, logical and subjective meanings<br \/>\n<strong>G\u00fcnther<\/strong> Sophie Christin<br \/>\n<strong>Halla-Aho<\/strong> Hilla (University of Helsinki): Left-dislocation in republican Latin<br \/>\n<strong>Haug<\/strong> Dag (University of Oslo): The PROIEL corpus of Latin<br \/>\n<strong>Haverling<\/strong> Gerd (University of Uppsala): On the use of tenses with temporal adverbials and conjunctions from early to Late Latin<br \/>\n<strong>Hertzenberg<\/strong> Mari<br \/>\n<strong>Hoffmann<\/strong> Roland (Mainz): Latin cleft constructions: synchronic, diachronic, and typological observations<br \/>\n<strong>H\u00f6fler<\/strong> Stefan (University of Vienna): Observations on the <em>palma<\/em> rule<br \/>\n<strong>Holmes<\/strong> Nigel (Thesaurus Linguae Latinae, Munich): <em>Esse<\/em> and <em>-que<\/em> in Late Latin prose rhythm<br \/>\n<strong>Iovino<\/strong> Rossella &amp; Giuliana <strong>Giusti<\/strong> (Universit\u00e0 Ca\u2019Foscari Venezia): A comparative analysis of Latin double accusative<br \/>\n<strong>Joffre<\/strong> Marie-Dominique (Universit\u00e9 de Poitiers): Deixis spatiale, deixis temporelle. Le cas de <em>hic<\/em>, <em>haec<\/em>, <em>hoc<\/em><br \/>\n<strong>Ker\u00e4nen<\/strong> Andreas (University of Gothenburg): Spondees and dactyls and their prosodic basis in the Latin hexameter<br \/>\n<strong>Kienpointner<\/strong> Manfred (University of Innsbruck): Weather verbs in Latin, German and other languages. Contrastive and typological remarks<br \/>\n<strong>Kiss<\/strong> S\u00e1ndor (Universit\u00e9 de Debrecen): Sch\u00e9ma narratif et subjectivit\u00e9 du narrateur chez quelques historiens de l\u2019Antiquit\u00e9 tardive<br \/>\n<strong>Korkiakangas<\/strong> Timo (University of Helsinki): Becoming default case: Accusative in later Latin<br \/>\n<strong>Kroon<\/strong> Caroline (Amsterdam Centre for Ancient Studies and Archaeology, University of Amsterdam \/ VU University Amsterdam): Latin linguistics and literary interpretation<br \/>\n<strong>Krylov\u00e1,<\/strong> Barbora (Prague\/Munich)\u00a0: Latin directives and (im)politeness: how do modifications of illocutionary force (not) modify the (im)politeness status of directives<br \/>\n<strong>Leiwo<\/strong> Martti (Universit\u00e9 d\u2019Helsinki)<br \/>\n<strong>Lepp\u00e4nen<\/strong> Ville (University of Turku): Ablaut in Latin language history: \u201crelicization\u201d of a grammatical device<br \/>\n<strong>Lewis<\/strong> Blake (University of Calgary): Finite infinitives in cross-clausal (non-)agreement<br \/>\n<strong>Liebermann<\/strong> Bianca (Humboldt-Universit\u00e4t Berlin)<br \/>\n<strong>Logozzo<\/strong> Felicia &amp; <strong>Middei<\/strong> Edoardo (Universit\u00e0 di Roma Tor Vergata): L\u2019espressione della denominazione tra genitivo e apposizione<br \/>\n<strong>Longr\u00e9e<\/strong> Dominique (Universit\u00e9 de Li\u00e8ge, LASLA et Universit\u00e9 Saint-Louis Bruxelles, SeSLa)\u00a0: D\u00e9chiffrer les chiffres\u00a0: la linguistique latine a-t-elle besoin de comptages et de statistiques\u00a0?<br \/>\n<strong>Magni<\/strong> Elisabetta (Universit\u00e0 di Bologna): The mechanisms of affix borrowing through Latin-Greek hybrid formations<br \/>\n<strong>M\u00e4kil\u00e4hde<\/strong> Aleksi &amp; <strong>Rissanen<\/strong> Veli-Matti (University of Turku): A pragmaphilological approach to code-switching in Cicero\u2019s letters<br \/>\n<strong>Manfredini<\/strong> Adriana (Universidad de Buenos Aires): Auxiliaries in double-negation settings (<em>non potest non <\/em>+ inf.): semantic gliding and syntactic description<br \/>\n<strong>Mart\u00edn Puente<\/strong> Cristina &amp; <strong>Conde Salazar<\/strong> Matilde (Universidad Complutense de Madrid &amp; CSIC): Dos locuciones preposicionales en lat\u00edn: <em>in loco \/ locum<\/em> e <em>in uice \/ uicem<\/em><br \/>\n<strong>Mart\u00edn Rodr\u00edguez<\/strong> Antonio Mar\u00eda (Universidad de Las Palmas de Gran Canaria): <em>Concubina, paelex<\/em> y <em>riualis<\/em>: interferencias en el eje de la diacron\u00eda<br \/>\n<strong>Matasovi\u0107<\/strong> Ranko (University of Zagreb): Latin presents in &#8211;<em>t<\/em>&#8211; and the etymology of <em>flecto <\/em>\u2018bend, curve\u2019<br \/>\n<strong>Mateu<\/strong> Jaume &amp; <strong>Acedo-Matell\u00e1n<\/strong> V\u00edctor (Universitat Aut\u00f2noma de Barcelona-CLT &amp; Queens\u2019 College, University of Cambridge): The locative alternation in Latin: A typological perspective<br \/>\n<strong>Mazzola<\/strong> Michael L. (Northern Illinois University): \u201cTrapping\u201d in Latin<br \/>\n<strong>Mencacci <\/strong>Francesca (Universit\u00e0 degli Studi di Siena)<br \/>\n<strong>Molinelli<\/strong> Piera (University of Bergamo): Plural pronouns and social deixis in Latin: A pragmatic development<br \/>\n<strong>Moonens<\/strong> Laurent (Universit\u00e9 Paris-Sud, Universit\u00e9 de Toulouse 2): Expressions de quantit\u00e9 chez Plaute et T\u00e9rence\u00a0: les \u00ab\u00a0quantifieurs\u00a0\u00bb <em>multus<\/em> et <em>magnus<\/em><br \/>\n<strong>Morani<\/strong>\u00a0Moreno (Universit\u00e0 di Genova)\u00a0: Lat. <em>fundo<\/em>, <em>exfuti<\/em>. La racine indo-europ\u00e9enne *<em>gh&rsquo;eu<\/em>&#8211; (*<em>gh&rsquo;eud<\/em>-) en latin et quelques r\u00e9flexions sur la position dialectale du latin<br \/>\n<strong>M\u00fcller<\/strong> Roman (University of Heidelberg)<br \/>\n<strong>Napoli<\/strong> Maria (Universit\u00e0 del Piemonte Orientale Amedeo Avogadro): Verbs with double accusative and their passivization<br \/>\n<strong>Novokhatko<\/strong> Anna (Albert-Ludwigs-Universit\u00e4t, Freiburg i. Breisgau): On the term and concept of &lsquo;metaphor&rsquo; in Quintilian and Fronto<br \/>\n<strong>Nuti<\/strong> Andrea (Universit\u00e0 di Pisa): Between aspect and deixis: <em>vado<\/em> in Classical Latin and the evolution of motion verbs<br \/>\n<strong>Onishi<\/strong> Teigo (Kyoto University): Latin \u2018nouns of instrument\u2019 with the suffix <em>*-ti-<\/em><br \/>\n<strong>Ottink<\/strong> Marijke (Thesaurus linguae Latinae)<br \/>\n<strong>Pieroni<\/strong> Silvia (Universit\u00e0 per Stranieri di Siena): A note on the textual distribution of <em>habeo <\/em>+ passive perfect participle<br \/>\n<strong>Pairotti <\/strong>Giovanni (a.r.t.e.s. Graduate School for the Humanities Cologne)<br \/>\n<strong>Pasillas Mendoza<\/strong> Rebeca (Universidad Nacional Aut\u00f3noma de M\u00e9xico)<br \/>\n<strong>Pinkster<\/strong> Harm (Universiteit van Amsterdam): Accusative and Infinitive, prolative infinitive, and nominative and infinitive<br \/>\n<strong>Pinzin<\/strong> Francesco (Ca&rsquo; Foscari University of Venice)<br \/>\n<strong>Poccetti<\/strong> Paolo et <strong>Orlandini<\/strong> Anna (Universit\u00e9 de Rome Tor Vergata et Universit\u00e9 de Toulouse 2 Jean Jaur\u00e8s)\u00a0: <em>Magis magisque\u00a0<\/em>: de plus sur <em>magis <\/em>et ses continuateurs<br \/>\n<strong>Poirier<\/strong> Michel<br \/>\n<strong>Pompei<\/strong> Anna (Roma Tre University): Construction Grammar and Latin: the case of <em>habeo<\/em><br \/>\n<strong>Pultrov\u00e1<\/strong> Lucie (Charles University, Prague): The Latin <em>bonus \u2013 melior \u2013 optimus<\/em><br \/>\n<strong>Raschieri<\/strong> Amedeo Alessandro (Universit\u00e0 degli Studi in Milano): Les \u0153uvres rh\u00e9toriques en latin au premier si\u00e8cle av. J.-C. Essai d&rsquo;analyse lexicale<br \/>\n<strong>Revuelta Puigdollers<\/strong> Antonio R. (Universidad Aut\u00f3noma de Madrid): Markers of reciprocity\/symmetry in Latin<br \/>\n<strong>Rigobianco<\/strong> Luca (Universit\u00e0 Ca\u2019Foscari, Venezia): <em>-\u012b<\/em> e <em>-osio <\/em>di \u2018genitivo\u2019 alla luce di una iscrizione falisca arcaica di recente pubblicazione<br \/>\n<strong>Risselada<\/strong> Rodie (University of Amsterdam): The pragmatics of \u2018at least\u2019: <em>saltem, utique, dumtaxat, certe<\/em><br \/>\n<strong>Rocca<\/strong> Giovanna, <strong>Anelli<\/strong> Manuela, <strong>Muscariello<\/strong> Marta &amp; <strong>Sarullo<\/strong> Giulia (Universit\u00e0 IULM Milano &amp; Universit\u00e0 Kore): ILA \u2013 Iscrizioni Latine Arcaiche<br \/>\n<strong>Roesch<\/strong> Sophie (Universit\u00e9 Fran\u00e7ois Rabelais, Tours): <em>Incendere<\/em>, <em>accendere<\/em> et <em>succendere<\/em>\u00a0: \u2018incendier\u2019 ou \u2018augmenter\u2019 ? \u00c9tude s\u00e9mantique<br \/>\n<strong>Rosellini<\/strong> Michela (Sapienza Universit\u00e0 di Roma): Interpretazione sintattica di passi delle <em>Verrine<\/em> in Prisciano<br \/>\n<strong>Ros\u00e9n<\/strong> Hannah &amp; <strong>Shalev<\/strong> Donna (Hebrew University, Jerusalem): <em>Quasi<\/em>: Its Grecizing [?] syntactic patterns<br \/>\n<strong>Salgado<\/strong> Ivan (Universidad Nacional Autonoma de Mexico): Latin <em>sermo<\/em>, its pragmatic and sociolinguistic connotations<br \/>\n<strong>S\u00e1nchez Manzano<\/strong> Mar\u00eda Asunci\u00f3n (University of Le\u00f3n): Lexicon and style in the works attributed to Firmicus Maternus<br \/>\n<strong>Schrickx<\/strong> Josine (Thesaurus linguae Latinae, Munich): \u02bbLet alone\u02bc in Latin: <em>nedum<\/em> and alternatives<br \/>\n<strong>Schunke<\/strong> Annemarie (Humboldt University Berlin)<br \/>\n<strong>Schweitzer<\/strong> J\u00fcrgen<br \/>\n<strong>Sclavi<\/strong> Giacomo (Universit\u00e9 Humboldt, Berlin)<br \/>\n<strong>Skutta<\/strong> Francisca (Universit\u00e9 de Debrecen)<br \/>\n<strong>Smith<\/strong> G\u00e9rard: De Plaute \u00e0 T\u00e9rence<br \/>\n<strong>Spangenberg Yanes<\/strong> Elena (Sapienza Universit\u00e0 di Roma): Traduzioni letterali dal greco in latino negli <em>Atticismi<\/em> di Prisciano: la sintassi del participio<br \/>\n<strong>Sparagna<\/strong> Maddalena (Universit\u00e0 di Cassino e del Lazio Meridionale): Esemplare e contemporaneo: tensioni linguistiche nell\u2019<em>Ars de orthographia <\/em>di Agrecio<br \/>\n<strong>Spevak<\/strong> Olga (Universit\u00e9 de Toulouse 2 Jean Jaur\u00e8s): <em>Ex Anniana Milonis<\/em> <em>domo<\/em>\u00a0: les syntagmes nominaux avec deux compl\u00e9ments de possession<br \/>\n<strong>Spieralska<\/strong> Beata (Universit\u00e9 de Cardinal Stefan Wyszy\u0144ski): Quelques avatars tardifs de l\u2019ablatif absolu<br \/>\n<strong>Su\u00e1rez-Mart\u00ednez<\/strong> Pedro Manuel (Universit\u00e9 d\u2019Oviedo): Le vocatif en &#8211;<em>\u012b<\/em> de la deuxi\u00e8me d\u00e9clinaison latine<br \/>\n<strong>Sznajder<\/strong> Lyliane (Universit\u00e9 de Paris Ouest Nanterre): Constructions subordonn\u00e9es en <em>quod<\/em> ou <em>quia<\/em> apr\u00e8s verbes assertifs en latin biblique<br \/>\n<strong>Taillade<\/strong> Martin<br \/>\n<strong>Thomas<\/strong> Jean-Fran\u00e7ois (Universit\u00e9 de Montpellier): Variations syntaxiques et polys\u00e9mie verbale: l\u2019exemple de pr\u00e9verb\u00e9s latins en <em>de-<\/em><br \/>\n<strong>Thunert<\/strong> Marcel<br \/>\n<strong>Toledo<\/strong> Rogelio (UNAM Mexico): Condicionales de acto de habla en dos obras de Cicer\u00f3n: <em>In Verrem <\/em>y <em>ad Atticum<\/em><br \/>\n<strong>Torrego<\/strong> Esperanza (Universidad Aut\u00f3noma de Madrid): Variantes de compl\u00e9mentation\u00a0: Infinitif \/ Proposition Subordonn\u00e9e avec les verbes d\u2019emp\u00eachement et d\u2019interdiction<br \/>\n<strong>Trabelsi<\/strong> Hamida (Institut Sup\u00e9rieur des \u00c9tudes Appliqu\u00e9es aux Humanit\u00e9s, Tunis): La pr\u00e9position latine <em>prae<\/em>, un cas de grammaticalisation ?<br \/>\n<strong>Triantafillis<\/strong> Elena (University of Padua): Latin negative (<em>n<\/em><em>\u0113<\/em>, <em>n<\/em><em>\u011b<\/em>, <em>n<\/em><em>\u012b<\/em>, <em>nei<\/em>&#8230;) particles: morphonological features and diachronic evolution<br \/>\n<strong>Tronci<\/strong> Liana (Universit\u00e0 per Stranieri di Siena): Pour une reconsid\u00e9ration des verbes latins en &#8211;<em>isso<\/em>\/-<em>izo<\/em>\/-<em>idio<\/em><br \/>\n<strong>Unceta G\u00f3mez<\/strong> Luis (Universidad Aut\u00f3noma de Madrid):La respuesta al agradecimiento y a la disculpa en la comedia de Plauto y Terencio<br \/>\n<strong>Valentini<\/strong> Cecilia<br \/>\n<strong>van Gils<\/strong> Lidewij (Vrije Universiteit Amsterdam): Narrative Negation: the combination of historic present and negation in historiography<br \/>\n<strong>Van Laer<\/strong> Sophie (Universit\u00e9 de Nantes): L\u2019intensification de l\u2019adjectif en latin\u00a0: le cas des pr\u00e9fixes <em>per- <\/em>et <em>prae-<\/em><br \/>\n<strong>Wylin<\/strong> Koen (University of Ghent)<br \/>\n<strong>Zheltova<\/strong> Elena (St. Petersburg State University): Latin reflexive pronouns on the crossroads of syntax and pragmatics<\/p>\n<p style=\"padding-left: 30px;text-align: justify\"><strong>\u00a0 \u00a0 \u00a0 \u00a0 \u00a0<\/strong><\/p>\n","protected":false},"excerpt":{"rendered":"<p>Liste des participants \/ List of participants \u00a0 \u00a0 Adamik B\u00e9la (E\u00f6tv\u00f6s Lor\u00e1nd University, Budapest): On the dialectology of the Vulgar Latin merger of \/b\/ and \/w\/: Evidence from inscriptions Adema Suzanne (Vrije Universiteit \/ Universiteit van Amsterdam)\u00a0: Narrative progression and the historical present in Vergil\u2019s Aeneid Alho Tommi &amp; Lepp\u00e4nen Ville (University of Turku): [&hellip;]<\/p>\n","protected":false},"author":211,"featured_media":0,"parent":0,"menu_order":0,"comment_status":"closed","ping_status":"closed","template":"","meta":{"footnotes":""},"class_list":["post-309","page","type-page","status-publish","hentry"],"_links":{"self":[{"href":"https:\/\/blogs.univ-tlse2.fr\/latling\/wp-json\/wp\/v2\/pages\/309","targetHints":{"allow":["GET"]}}],"collection":[{"href":"https:\/\/blogs.univ-tlse2.fr\/latling\/wp-json\/wp\/v2\/pages"}],"about":[{"href":"https:\/\/blogs.univ-tlse2.fr\/latling\/wp-json\/wp\/v2\/types\/page"}],"author":[{"embeddable":true,"href":"https:\/\/blogs.univ-tlse2.fr\/latling\/wp-json\/wp\/v2\/users\/211"}],"replies":[{"embeddable":true,"href":"https:\/\/blogs.univ-tlse2.fr\/latling\/wp-json\/wp\/v2\/comments?post=309"}],"version-history":[{"count":37,"href":"https:\/\/blogs.univ-tlse2.fr\/latling\/wp-json\/wp\/v2\/pages\/309\/revisions"}],"predecessor-version":[{"id":459,"href":"https:\/\/blogs.univ-tlse2.fr\/latling\/wp-json\/wp\/v2\/pages\/309\/revisions\/459"}],"wp:attachment":[{"href":"https:\/\/blogs.univ-tlse2.fr\/latling\/wp-json\/wp\/v2\/media?parent=309"}],"curies":[{"name":"wp","href":"https:\/\/api.w.org\/{rel}","templated":true}]}}