 {"id":413,"date":"2015-04-18T11:21:43","date_gmt":"2015-04-18T09:21:43","guid":{"rendered":"https:\/\/blogs.univ-tlse2.fr\/latling\/?page_id=413"},"modified":"2015-05-03T19:08:58","modified_gmt":"2015-05-03T17:08:58","slug":"informations-pratiques","status":"publish","type":"page","link":"https:\/\/blogs.univ-tlse2.fr\/latling\/informations-pratiques\/","title":{"rendered":"Informations pratiques"},"content":{"rendered":"<p style=\"text-align: justify\">Le colloque se tiendra dans le <strong>centre-ville<\/strong> le lundi 8 Juin: Mus\u00e9e Saint-Raymond (1 ter place Saint Sernin) et la Salle du S\u00e9n\u00e9chal (17 rue R\u00e9musat), au <strong>Mirail<\/strong> \u2013 Universit\u00e9 de Toulouse 2 le mardi, mercredi et vendredi, 9 Juin, 10, et 12, et \u00e0 <strong>Albi<\/strong> le jeudi 11 Juin (transport en bus).<\/p>\n<p style=\"text-align: justify\">Veuillez noter qu\u2019il y a trois Universit\u00e9s \u00e0 Toulouse\u00a0; vous \u00eates concern\u00e9s par l\u2019Universit\u00e9 de Toulouse 2 Le Mirail, r\u00e9cemment renomm\u00e9e en Universit\u00e9 de Toulouse 2 Jean Jaur\u00e8s. Le Mirail (\u00ab\u00a0miroir\u00a0\u00bb en occitan) est le nom d\u2019un quartier.<\/p>\n<p>T\u00e9l\u00e9chargez ici les\u00a0<a href=\"https:\/\/blogs.univ-tlse2.fr\/latling\/files\/2015\/04\/Informations-pratiques.pdf\">Informations pratiques<\/a>.<\/p>\n<p style=\"text-align: center\">===<\/p>\n<p>The colloquium will be held in the <strong>city center<\/strong> on Monday, June 8: Mus\u00e9e Saint-Raymond (1 ter place Saint Sernin) and Salle du S\u00e9n\u00e9chal (17 rue R\u00e9musat), in \u201c<strong>Le Mirail<\/strong>\u201d \u2013 University of Toulouse on Tuesday, Wednesday and Friday, June 9, 10, and 12, and in <strong>Albi<\/strong> on Thursday, June 11 (transportation provided).<\/p>\n<p>Please note that there are three \u201cUniversities\u201d (ancient faculties) in Toulouse; the one you are concerned with is: University of Toulouse 2 Le Mirail, recently renamed as University of Toulouse 2 Jean Jaur\u00e8s. Le Mirail (\u201cmirror\u201d in Occitan) is the name of an area.<\/p>\n<p>Download here\u00a0<a href=\"https:\/\/blogs.univ-tlse2.fr\/latling\/files\/2015\/04\/Practical-information.pdf\">Practical information<\/a>.<\/p>\n","protected":false},"excerpt":{"rendered":"<p>Le colloque se tiendra dans le centre-ville le lundi 8 Juin: Mus\u00e9e Saint-Raymond (1 ter place Saint Sernin) et la Salle du S\u00e9n\u00e9chal (17 rue R\u00e9musat), au Mirail \u2013 Universit\u00e9 de Toulouse 2 le mardi, mercredi et vendredi, 9 Juin, 10, et 12, et \u00e0 Albi le jeudi 11 Juin (transport en bus). Veuillez noter [&hellip;]<\/p>\n","protected":false},"author":211,"featured_media":0,"parent":0,"menu_order":0,"comment_status":"closed","ping_status":"closed","template":"","meta":{"footnotes":""},"class_list":["post-413","page","type-page","status-publish","hentry"],"_links":{"self":[{"href":"https:\/\/blogs.univ-tlse2.fr\/latling\/wp-json\/wp\/v2\/pages\/413","targetHints":{"allow":["GET"]}}],"collection":[{"href":"https:\/\/blogs.univ-tlse2.fr\/latling\/wp-json\/wp\/v2\/pages"}],"about":[{"href":"https:\/\/blogs.univ-tlse2.fr\/latling\/wp-json\/wp\/v2\/types\/page"}],"author":[{"embeddable":true,"href":"https:\/\/blogs.univ-tlse2.fr\/latling\/wp-json\/wp\/v2\/users\/211"}],"replies":[{"embeddable":true,"href":"https:\/\/blogs.univ-tlse2.fr\/latling\/wp-json\/wp\/v2\/comments?post=413"}],"version-history":[{"count":4,"href":"https:\/\/blogs.univ-tlse2.fr\/latling\/wp-json\/wp\/v2\/pages\/413\/revisions"}],"predecessor-version":[{"id":446,"href":"https:\/\/blogs.univ-tlse2.fr\/latling\/wp-json\/wp\/v2\/pages\/413\/revisions\/446"}],"wp:attachment":[{"href":"https:\/\/blogs.univ-tlse2.fr\/latling\/wp-json\/wp\/v2\/media?parent=413"}],"curies":[{"name":"wp","href":"https:\/\/api.w.org\/{rel}","templated":true}]}}