 {"id":110,"date":"2022-03-21T16:31:22","date_gmt":"2022-03-21T15:31:22","guid":{"rendered":"https:\/\/blogs.univ-tlse2.fr\/lfa2022\/?page_id=110"},"modified":"2022-09-08T14:22:15","modified_gmt":"2022-09-08T12:22:15","slug":"inscriptions","status":"publish","type":"page","link":"https:\/\/blogs.univ-tlse2.fr\/lfa2022\/inscriptions\/","title":{"rendered":"Inscriptions"},"content":{"rendered":"\n<h4 class=\"wp-block-heading\">Frais d\u2019inscription<\/h4>\n\n\n\n<p><\/p>\n\n\n\n<figure class=\"wp-block-table is-style-regular\"><table><tbody><tr><th><\/th><th>Jusqu\u2019au 09\/09 (inclus)<\/th><th>Apr\u00e8s le 09\/09<\/th><\/tr><tr><th>\u00c9tudiant<\/th><th>150\u20ac<\/th><th>190\u20ac<\/th><\/tr><tr><th>Membre&nbsp;<a href=\"https:\/\/eusflat.org\/\" target=\"_blank\" rel=\"noreferrer noopener\">EUSFLAT<\/a><\/th><th>210\u20ac<\/th><th>250\u20ac<\/th><\/tr><tr><th>Participant<\/th><th>230\u20ac<\/th><th>270\u20ac<\/th><\/tr><tr><th>Repas de gala suppl\u00e9mentaire<\/th><th>75\u20ac<\/th><th>75\u20ac<\/th><\/tr><\/tbody><\/table><\/figure>\n\n\n\n<p><em>Remarques :<\/em><\/p>\n\n\n\n<ul class=\"wp-block-list\"><li>Les membres <mark class=\"has-inline-color has-vivid-cyan-blue-color\"><strong>EUSFLAT<\/strong><\/mark> doivent envoyer leur num\u00e9ro EUSFLAT \u00e0 l&rsquo;adresse &#x6c;&#x66;&#x61;&#x32;&#x30;&#x32;&#x32;&#x40;&#x75;&#x6e;&#x69;&#x76;&#x2d;&#x74;&#x6c;&#x73;&#x65;&#x32;&#x2e;&#x66;&#x72; afin de vous communiquer le code pour finaliser votre inscription <\/li><li>ces droits comprennent les\u00a0<strong>pauses caf\u00e9<\/strong>, les\u00a0<strong>d\u00e9jeuners<\/strong>, les\u00a0<strong>actes de la conf\u00e9rence<\/strong>\u00a0et le\u00a0<strong>d\u00eener de la conf\u00e9rence<\/strong>.<\/li><li><strong>pour les auteurs, l\u2019inscription couvre la publication et la pr\u00e9sentation de 2 articles au maximum, elle doit \u00eatre enregistr\u00e9e\u00a0avant le 09 septembre 2022 (au plus tard)<\/strong>\u00a0pour garantir la pr\u00e9sence de l\u2019article dans les actes.<\/li><\/ul>\n\n\n\n<h2 class=\"wp-block-heading\">Vous pouvez vous inscrire en suivant le lien ce lien :<\/h2>\n\n\n\n<h3 class=\"wp-block-heading\"> <a href=\"https:\/\/www.conftool.net\/lfa2022\/index.php?page=index\">Inscription<\/a><\/h3>\n\n\n\n<p><a href=\"https:\/\/blogs.univ-tlse2.fr\/lfa2022\/files\/2022\/07\/Info-bancaires-et-clauses-annulation.docx\">Info bancaires et clauses annulation<\/a><\/p>\n\n\n\n<h2 class=\"wp-block-heading\">Bourse Eusflat (date limite de candidature 25\/09\/2022)<\/h2>\n\n\n\n<p>L\u2019association EUSFLAT offre 4 bourses pour des \u00e9tudiants. Ces bourses couvrent les frais d\u2019inscription (tarif avant le<strong> 09 septembre 2022<\/strong>). Pour candidater, chaque candidat doit \u00eatre auteur\/coauteur d\u2019un article accept\u00e9 <\/p>\n\n\n\n<ul class=\"wp-block-list\"><li>\u00eatre doctorant (ie. inscription en th\u00e8se en 2021-2022 et\/ou en 2022-2023)<\/li><li>\u00eatre membre EUSFLAT au moment de la candidature (2022). L&rsquo;inscription doit \u00eatre faite AVANT la date limite de candidature pour la bourse<\/li><\/ul>\n\n\n\n<p>et constituer un dossier avec :<\/p>\n\n\n\n<ul class=\"wp-block-list\"><li>num\u00e9ro de membre EUSFLAT valide pour 2022 ;<\/li><li>une copie de sa carte d&rsquo;\u00e9tudiant ;<\/li><li>nom, pr\u00e9nom, universit\u00e9 directeur(s) de th\u00e8se<\/li><li>si une bourse EUSFLAT a d\u00e9j\u00e0 \u00e9t\u00e9 re\u00e7ue dans le pass\u00e9 : oui (quelle ann\u00e9e et quelle conf\u00e9rence) \/ non<\/li><li>informations sur l&rsquo;article accept\u00e9 \u00e0 la conf\u00e9rence:<ul><li>titre, et liste d&rsquo;auteurs (dans l&rsquo;ordre de l&rsquo;article)<\/li><li>rapports des reviewers (avec les notes, avis, et commentaires)<\/li><\/ul><\/li><li><\/li><\/ul>\n\n\n\n<p>Ce dossier peut \u00eatre r\u00e9dig\u00e9 dans un mail ou dans un document joint et envoy\u00e9 \u00e0 : &#x6c;&#x66;&#97;202&#x32;&#x40;&#x75;&#110;iv&#x2d;&#x74;&#x6c;&#115;e2&#x2e;&#x66;&#x72; . Les candidats devront bien indiquer \u00ab Candidature bourses LFA 2022 \u00bb dans le sujet du mail.<\/p>\n","protected":false},"excerpt":{"rendered":"<p>Frais d\u2019inscription Jusqu\u2019au 09\/09 (inclus) Apr\u00e8s le 09\/09 \u00c9tudiant 150\u20ac 190\u20ac Membre&nbsp;EUSFLAT 210\u20ac 250\u20ac Participant 230\u20ac 270\u20ac Repas de gala suppl\u00e9mentaire 75\u20ac 75\u20ac Remarques : Les membres EUSFLAT doivent envoyer leur num\u00e9ro EUSFLAT \u00e0 l&rsquo;adresse &#108;&#x66;a&#x32;0&#x32;2&#64;&#x75;n&#x69;v&#x2d;t&#108;&#x73;e&#x32;&#46;&#x66;r afin de vous communiquer le code pour finaliser votre inscription ces droits comprennent les\u00a0pauses caf\u00e9, les\u00a0d\u00e9jeuners, les\u00a0actes de la [&hellip;]<\/p>\n","protected":false},"author":1124,"featured_media":0,"parent":0,"menu_order":0,"comment_status":"closed","ping_status":"closed","template":"","meta":{"footnotes":""},"class_list":["post-110","page","type-page","status-publish","hentry"],"_links":{"self":[{"href":"https:\/\/blogs.univ-tlse2.fr\/lfa2022\/wp-json\/wp\/v2\/pages\/110","targetHints":{"allow":["GET"]}}],"collection":[{"href":"https:\/\/blogs.univ-tlse2.fr\/lfa2022\/wp-json\/wp\/v2\/pages"}],"about":[{"href":"https:\/\/blogs.univ-tlse2.fr\/lfa2022\/wp-json\/wp\/v2\/types\/page"}],"author":[{"embeddable":true,"href":"https:\/\/blogs.univ-tlse2.fr\/lfa2022\/wp-json\/wp\/v2\/users\/1124"}],"replies":[{"embeddable":true,"href":"https:\/\/blogs.univ-tlse2.fr\/lfa2022\/wp-json\/wp\/v2\/comments?post=110"}],"version-history":[{"count":16,"href":"https:\/\/blogs.univ-tlse2.fr\/lfa2022\/wp-json\/wp\/v2\/pages\/110\/revisions"}],"predecessor-version":[{"id":204,"href":"https:\/\/blogs.univ-tlse2.fr\/lfa2022\/wp-json\/wp\/v2\/pages\/110\/revisions\/204"}],"wp:attachment":[{"href":"https:\/\/blogs.univ-tlse2.fr\/lfa2022\/wp-json\/wp\/v2\/media?parent=110"}],"curies":[{"name":"wp","href":"https:\/\/api.w.org\/{rel}","templated":true}]}}