 {"id":211,"date":"2022-10-07T09:37:21","date_gmt":"2022-10-07T07:37:21","guid":{"rendered":"https:\/\/blogs.univ-tlse2.fr\/lfa2022\/?page_id=211"},"modified":"2022-10-19T12:03:34","modified_gmt":"2022-10-19T10:03:34","slug":"evenements-sociaux","status":"publish","type":"page","link":"https:\/\/blogs.univ-tlse2.fr\/lfa2022\/evenements-sociaux\/","title":{"rendered":"\u00c9v\u00e8nements sociaux"},"content":{"rendered":"\n<p id=\"tw-target-text\">&#8211; Le D\u00een\u00e9 de gala sera au restaurant Le Moa\u00ef (<a href=\"https:\/\/www.google.com\/maps\/place\/Le+Moa%C3%AF\/@43.5938154,1.4496235,15z\/data=!4m5!3m4!1s0x0:0x832e9f7ed62983f9!8m2!3d43.5938127!4d1.4496186\">lien vers google map<\/a>). Pour ceux qui feront la visite de Toulouse, il y aura un d\u00e9part \u00e0 17h10 de l&rsquo;IRIT. La visite commence \u00e0 18h RDV 17h50 \u00e0 l&rsquo;Office de Tourisme \u2013 Donjon du Capitole. Elle vous am\u00e8nera directement au restaurant. Plus d&rsquo;informations vous seront donn\u00e9es pendant la conf\u00e9rence.<\/p>\n\n\n\n<p id=\"tw-target-text\">Le plan d&rsquo;acc\u00e8s d\u00e9taill\u00e9 au restaurant \u00e0 ce <a href=\"https:\/\/blogs.univ-tlse2.fr\/lfa2022\/files\/2022\/10\/plan-LE-MOAI.png\">lien<\/a>    <\/p>\n\n\n\n<p><\/p>\n","protected":false},"excerpt":{"rendered":"<p>&#8211; Le D\u00een\u00e9 de gala sera au restaurant Le Moa\u00ef (lien vers google map). Pour ceux qui feront la visite de Toulouse, il y aura un d\u00e9part \u00e0 17h10 de l&rsquo;IRIT. La visite commence \u00e0 18h RDV 17h50 \u00e0 l&rsquo;Office de Tourisme \u2013 Donjon du Capitole. Elle vous am\u00e8nera directement au restaurant. Plus d&rsquo;informations vous [&hellip;]<\/p>\n","protected":false},"author":1124,"featured_media":0,"parent":0,"menu_order":0,"comment_status":"closed","ping_status":"closed","template":"","meta":{"footnotes":""},"class_list":["post-211","page","type-page","status-publish","hentry"],"_links":{"self":[{"href":"https:\/\/blogs.univ-tlse2.fr\/lfa2022\/wp-json\/wp\/v2\/pages\/211","targetHints":{"allow":["GET"]}}],"collection":[{"href":"https:\/\/blogs.univ-tlse2.fr\/lfa2022\/wp-json\/wp\/v2\/pages"}],"about":[{"href":"https:\/\/blogs.univ-tlse2.fr\/lfa2022\/wp-json\/wp\/v2\/types\/page"}],"author":[{"embeddable":true,"href":"https:\/\/blogs.univ-tlse2.fr\/lfa2022\/wp-json\/wp\/v2\/users\/1124"}],"replies":[{"embeddable":true,"href":"https:\/\/blogs.univ-tlse2.fr\/lfa2022\/wp-json\/wp\/v2\/comments?post=211"}],"version-history":[{"count":7,"href":"https:\/\/blogs.univ-tlse2.fr\/lfa2022\/wp-json\/wp\/v2\/pages\/211\/revisions"}],"predecessor-version":[{"id":224,"href":"https:\/\/blogs.univ-tlse2.fr\/lfa2022\/wp-json\/wp\/v2\/pages\/211\/revisions\/224"}],"wp:attachment":[{"href":"https:\/\/blogs.univ-tlse2.fr\/lfa2022\/wp-json\/wp\/v2\/media?parent=211"}],"curies":[{"name":"wp","href":"https:\/\/api.w.org\/{rel}","templated":true}]}}