 {"id":23,"date":"2022-02-21T13:57:25","date_gmt":"2022-02-21T12:57:25","guid":{"rendered":"https:\/\/blogs.univ-tlse2.fr\/lfa2022\/?page_id=23"},"modified":"2022-03-29T14:31:38","modified_gmt":"2022-03-29T12:31:38","slug":"accueil","status":"publish","type":"page","link":"https:\/\/blogs.univ-tlse2.fr\/lfa2022\/","title":{"rendered":"Accueil"},"content":{"rendered":"\n<h2 class=\"wp-block-heading\" id=\"presentation\">Pr\u00e9sentation<\/h2>\n\n\n\n<p>Pour leur trente et uneni\u00e8me ann\u00e9e d\u2019existence, les rencontres francophones sur le th\u00e8me de la logique floue et de ses applications vont se d\u00e9rouler \u00e0 Toulouse, les 20 et 21 octobre 2022. Ces rencontres ont pour but de r\u00e9unir la communaut\u00e9 francophone sur les th\u00e9matiques li\u00e9es \u00e0 la logique floue et \u00e0 ses applications, comme cela a \u00e9t\u00e9 le cas lors des \u00e9ditions pr\u00e9c\u00e9dentes : apr\u00e8s une premi\u00e8re \u00e9dition \u00e0 N\u00eemes (1992, 1993) et Lille (1994) pour les Journ\u00e9es nationales sur les Applications des Ensembles Flous (AEF), elles ont \u00e9t\u00e9 organis\u00e9es sous le nom des rencontres francophones sur la logique floue et ses applications (LFA) \u00e0 Paris (1995), Nancy (1996), Lyon (1997), Rennes (1998), Valenciennes (1999), La Rochelle (2000), Mons (2001), Montpellier (2002), Tours (2003), Nantes (2004), Barcelone (2005), Toulouse (2006), N\u00efmes (2007), Lens (2008), Annecy (2009), Lannion (2010), Aix-les-Bains (2011), Compi\u00e8gne (2012), Reims (2013), Carg\u00e8se (2014), Poitiers (2015), La Rochelle (2016), Amiens (2017), Arras (2018), Al\u00e8s (2019), S\u00e8te (2020), Paris (2021).<\/p>\n\n\n\n<h2 class=\"wp-block-heading\" id=\"thematiques-des-rencontres\">Th\u00e9matiques des rencontres<\/h2>\n\n\n\n<p>Voila la liste (non-exhaustive) des th\u00e9matiques abord\u00e9es lors de ces rencontres:<br>\u2013 Agr\u00e9gation et fusion d\u2019informations<br>\u2013 Aide \u00e0 la d\u00e9cision<br>\u2013 Applications<br>\u2013 Apprentissage automatique<br>\u2013 Base de donn\u00e9es<br>\u2013 Classification et reconnaissance des formes<br>\u2013 Contr\u00f4le flou (commande, diagnostic\u2026)<br>\u2013 D\u00e9cision multicrit\u00e8re<br>\u2013 Explicabilit\u00e9 \/ Interpr\u00e9tation de l\u2019information<br>\u2013 Fonctions de croyance<br>\u2013 Fouille de donn\u00e9es<br>\u2013 Gestion des pr\u00e9f\u00e9rences<br>\u2013 Logique et raisonnement<br>\u2013 Mesure et \u00e9valuation subjective<br>\u2013 Recherche op\u00e9rationnelle<br>\u2013 Robotique et vision<br>\u2013 Traitement et interpr\u00e9tation des images<\/p>\n\n\n\n<p><\/p>\n\n\n\n<p><\/p>\n","protected":false},"excerpt":{"rendered":"<p>Pr\u00e9sentation Pour leur trente et uneni\u00e8me ann\u00e9e d\u2019existence, les rencontres francophones sur le th\u00e8me de la logique floue et de ses applications vont se d\u00e9rouler \u00e0 Toulouse, les 20 et 21 octobre 2022. Ces rencontres ont pour but de r\u00e9unir la communaut\u00e9 francophone sur les th\u00e9matiques li\u00e9es \u00e0 la logique floue et \u00e0 ses applications, [&hellip;]<\/p>\n","protected":false},"author":1,"featured_media":0,"parent":0,"menu_order":0,"comment_status":"closed","ping_status":"closed","template":"","meta":{"footnotes":""},"class_list":["post-23","page","type-page","status-publish","hentry"],"_links":{"self":[{"href":"https:\/\/blogs.univ-tlse2.fr\/lfa2022\/wp-json\/wp\/v2\/pages\/23","targetHints":{"allow":["GET"]}}],"collection":[{"href":"https:\/\/blogs.univ-tlse2.fr\/lfa2022\/wp-json\/wp\/v2\/pages"}],"about":[{"href":"https:\/\/blogs.univ-tlse2.fr\/lfa2022\/wp-json\/wp\/v2\/types\/page"}],"author":[{"embeddable":true,"href":"https:\/\/blogs.univ-tlse2.fr\/lfa2022\/wp-json\/wp\/v2\/users\/1"}],"replies":[{"embeddable":true,"href":"https:\/\/blogs.univ-tlse2.fr\/lfa2022\/wp-json\/wp\/v2\/comments?post=23"}],"version-history":[{"count":5,"href":"https:\/\/blogs.univ-tlse2.fr\/lfa2022\/wp-json\/wp\/v2\/pages\/23\/revisions"}],"predecessor-version":[{"id":155,"href":"https:\/\/blogs.univ-tlse2.fr\/lfa2022\/wp-json\/wp\/v2\/pages\/23\/revisions\/155"}],"wp:attachment":[{"href":"https:\/\/blogs.univ-tlse2.fr\/lfa2022\/wp-json\/wp\/v2\/media?parent=23"}],"curies":[{"name":"wp","href":"https:\/\/api.w.org\/{rel}","templated":true}]}}