 {"id":25,"date":"2022-02-21T13:57:46","date_gmt":"2022-02-21T12:57:46","guid":{"rendered":"https:\/\/blogs.univ-tlse2.fr\/lfa2022\/?page_id=25"},"modified":"2022-03-29T14:33:28","modified_gmt":"2022-03-29T12:33:28","slug":"comite","status":"publish","type":"page","link":"https:\/\/blogs.univ-tlse2.fr\/lfa2022\/comite\/","title":{"rendered":"Comit\u00e9s"},"content":{"rendered":"\n<h2 class=\"wp-block-heading\">Comit\u00e9 de pilotage des conf\u00e9rences LFA<\/h2>\n\n\n\n<ul class=\"wp-block-list\"><li>Isabelle Bloch, LIP6, Sorbonne Universit\u00e9, Paris<\/li><li>Thierry Denoeux, HEUDIASYC, Compi\u00e8gne<\/li><li>S\u00e9bastien Destercke, HEUDIASYC, Compi\u00e8gne<\/li><li>Didier Dubois, IRIT, Toulouse<\/li><li>Sylvie Galichet, LISTIC, Universit\u00e9 Savoie Mont Blanc, Annecy<\/li><li>Thierry-Marie Guerra, LAMIH, Valenciennes<\/li><li>Christophe Marsala, LIP6, Sorbonne Universit\u00e9, Paris<\/li><li>Olivier Pivert, IRISA, Lannion<\/li><li>Henri Prade, IRIT, Toulouse<\/li><li>Olivier Strauss, LIRMM, Universit\u00e9 de Montpellier<\/li><\/ul>\n\n\n\n<h2 class=\"wp-block-heading\">Comit\u00e9 d&rsquo;organisation locale<\/h2>\n\n\n\n<ul class=\"wp-block-list\"><li><strong>Pr\u00e9sident :<\/strong> Romain Guillaume, IRIT, Universit\u00e9 Toulouse 2 Jean Jaur\u00e8s<\/li><li><strong>Membres :<\/strong><ul><li>H\u00e9l\u00e8ne Fargier, IRIT, Toulouse<\/li><li>Francis Faux, IRIT, Institut national universitaire Champollion<\/li><li>Agn\u00e8s Rico, LIRIS, Universit\u00e9 Claude Bernard Lyon 1<\/li><li>Caroline Thierry,  IRIT, Universit\u00e9 Toulouse 2 Jean Jaur\u00e8s<\/li><\/ul><\/li><\/ul>\n\n\n\n<h2 class=\"wp-block-heading\">Comit\u00e9 de programme<\/h2>\n\n\n\n<ul class=\"wp-block-list\"><li><strong>Pr\u00e9sident :<\/strong> Benjamin Quost, Heudiasyc, Universite de Technologie de Compi\u00e8gne<\/li><li><strong>Membres :<\/strong><ul><li>Laurent Arcese, CReSTIC, Universit\u00e9 de Reims Champagne-Ardenne<\/li><li>Djamel Eddine Chouaib Belkhiat, Ferhat Abbas University<\/li><li>Nahla Ben Amor, Institut Sup\u00e9rieur de Gestion de Tunis<\/li><li>Salem Benferhat, CRIL, CNRS UMR8188, Universit\u00e9 d\u2019Artois<\/li><li>Paul-Antoine Bisgambiglia, University of Corsica CNRS<\/li><li>Isabelle Bloch, Sorbonne Universit\u00e9, CNRS, LIP6<\/li><li>Bernadette Bouchon-Meunier, Sorbonne Universit\u00e9, CNRS, LIP6<\/li><li>Reda Boukezzoula, LISTIC \u2013 Universit\u00e9 de Savoie<\/li><li>Arnaud Castelltort, LIRMM, Universit\u00e9 de Montpellier<\/li><li>Mohammed Chadli, Universit\u00e9 de Paris-Saclay, IBISC Lab \u2013 UEVE<\/li><li>Miguel Couceiro, INRIA<\/li><li>Cyril de Runz, LIFAT, Universit\u00e9 de Tours<\/li><li>Francois Delmotte, LGI2A Universit\u00e9 d\u2019Artois<\/li><li>Thierry Denoeux, Universite de Technologie de Compi\u00e8gne<\/li><li>S\u00e9bastien Destercke, CNRS, UMR Heudiasyc<\/li><li>Didier Dubois, IRIT-CNRS, ADRIA Team<\/li><li>Zied Elouedi, Institut Sup\u00e9rieur de Gestion de Tunis<\/li><li>Najib Essounbouli, CReSTIC, Universit\u00e9 de Reims Champagne-Ardenne<\/li><li>Sabine Frittella, INSA Centre Val de Loire, Univ. Orl\u00e9ans, LIFO EA 4022, Bourges <\/li><li>Sylvie Galichet, LISTIC \u2013 Universit\u00e9 de Savoie<\/li><li>Lluis Godo, Artificial Intelligence Research Institute, IIIA \u2013 CSIC<\/li><li>Kevin Guelton, CReSTIC, Universit\u00e9 de Reims Champagne-Ardenne<\/li><li>Romain Guillaume, IRIT, Universit\u00e9 Toulouse 2 Jean Jaur\u00e8s<\/li><li>Allel Hadjali, LIAS\/ENSMA<\/li><li>Abdelhak Imoussaten, LGI2P \u2013 IMT Mines Ales<\/li><li>Janusz Kacprzyk, Systems Research Institute, Polish Academy of Sciences<\/li><li>Christophe Labreuche, Thales R&amp;T<\/li><li>J\u00e9r\u00f4me Lang, CNRS, LAMSADE, Universit\u00e9 Paris-Dauphine<\/li><li>Anne Laurent, LIRMM, Universit\u00e9 de Montpellier<\/li><li>Eric Lefevre, LGI2A Universit\u00e9 d\u2019Artois<\/li><li>Sylvie Le H\u00e9garat-Mascle, SATIE, Universit\u00e9 Paris-Saclay<\/li><li>Marie-Jeanne Lesot, Sorbonne Universit\u00e9, CNRS, LIP6<\/li><li>Ludovic Lietard, IRISA, Universit\u00e9 de Rennes 1<\/li><li>Hichem Maaref, IBISC laboratory<\/li><li>Jean-Luc Marichal, University of Luxemburg<\/li><li>Christophe Marsala, Sorbonne Universit\u00e9, CNRS, LIP6<\/li><li>Arnaud Martin, Universit\u00e9 de Rennes1 \/ IRISA<\/li><li>Benoit Marx, Universit\u00e9 de Lorraine<\/li><li>Gilles Mauris, Listic Universit\u00e9 de Savoie<\/li><li>David Mercier, Universit\u00e9 d\u2019Artois<\/li><li>Jacky Montmain, IMT Mines Ales<\/li><li>Fr\u00e9d\u00e9ric Pichon, Universit\u00e9 d\u2019Artois<\/li><li>Olivier Pivert, IRISA, Universit\u00e9 de Rennes 1<\/li><li>Jean-Philippe Poli, Universit\u00e9 Paris-Saclay, CEA LIST<\/li><li>Henri Prade, IRIT \u2013 CNRS<\/li><li>Benjamin Quost, HeuDiaSyC laboratory, University of Technology of Compi\u00e8gne<\/li><li>Mohammed Ramdani, Facult\u00e9 des Sciences et Techniques Mohammedia, Universit\u00e9 Hassan II, Maroc<\/li><li>Adrien Revault d\u2019Allonnes, LIASD, Universit\u00e9 Paris 8<\/li><li>Agnes Rico, universit\u00e9 Claude Bernard Lyon 1<\/li><li>Maria Rifqi, Universit\u00e9 Panth\u00e9on-Assas \u2013 LEMMA<\/li><li>Lynda Seddiki, LIASD, Universit\u00e9 Paris 8<\/li><li>Mathieu Serrurier, IRIT, Universit\u00e9 Paul Sabatier<\/li><li>Gr\u00e9gory Smits, IRISA, Universit\u00e9 de Rennes 1<\/li><li>Olivier Strauss, LIRMM, Universit\u00e9 de Montpellier<\/li><li>Nicolas Sutton-Charani, IMT Mines Ales<\/li><li>Laurent Ughetto, Universit\u00e9 Rennes 2<\/li><li>Laurent Vermeiren, LAMIH\/CNRS<\/li><li>Jean-No\u00ebl Vittaut, Sorbonne Universit\u00e9, CNRS, LIP6<\/li><\/ul><\/li><\/ul>\n","protected":false},"excerpt":{"rendered":"<p>Comit\u00e9 de pilotage des conf\u00e9rences LFA Isabelle Bloch, LIP6, Sorbonne Universit\u00e9, Paris Thierry Denoeux, HEUDIASYC, Compi\u00e8gne S\u00e9bastien Destercke, HEUDIASYC, Compi\u00e8gne Didier Dubois, IRIT, Toulouse Sylvie Galichet, LISTIC, Universit\u00e9 Savoie Mont Blanc, Annecy Thierry-Marie Guerra, LAMIH, Valenciennes Christophe Marsala, LIP6, Sorbonne Universit\u00e9, Paris Olivier Pivert, IRISA, Lannion Henri Prade, IRIT, Toulouse Olivier Strauss, LIRMM, Universit\u00e9 de [&hellip;]<\/p>\n","protected":false},"author":1,"featured_media":0,"parent":0,"menu_order":0,"comment_status":"closed","ping_status":"closed","template":"","meta":{"footnotes":""},"class_list":["post-25","page","type-page","status-publish","hentry"],"_links":{"self":[{"href":"https:\/\/blogs.univ-tlse2.fr\/lfa2022\/wp-json\/wp\/v2\/pages\/25","targetHints":{"allow":["GET"]}}],"collection":[{"href":"https:\/\/blogs.univ-tlse2.fr\/lfa2022\/wp-json\/wp\/v2\/pages"}],"about":[{"href":"https:\/\/blogs.univ-tlse2.fr\/lfa2022\/wp-json\/wp\/v2\/types\/page"}],"author":[{"embeddable":true,"href":"https:\/\/blogs.univ-tlse2.fr\/lfa2022\/wp-json\/wp\/v2\/users\/1"}],"replies":[{"embeddable":true,"href":"https:\/\/blogs.univ-tlse2.fr\/lfa2022\/wp-json\/wp\/v2\/comments?post=25"}],"version-history":[{"count":6,"href":"https:\/\/blogs.univ-tlse2.fr\/lfa2022\/wp-json\/wp\/v2\/pages\/25\/revisions"}],"predecessor-version":[{"id":157,"href":"https:\/\/blogs.univ-tlse2.fr\/lfa2022\/wp-json\/wp\/v2\/pages\/25\/revisions\/157"}],"wp:attachment":[{"href":"https:\/\/blogs.univ-tlse2.fr\/lfa2022\/wp-json\/wp\/v2\/media?parent=25"}],"curies":[{"name":"wp","href":"https:\/\/api.w.org\/{rel}","templated":true}]}}