 {"id":68,"date":"2022-03-21T16:45:56","date_gmt":"2022-03-21T15:45:56","guid":{"rendered":"https:\/\/blogs.univ-tlse2.fr\/lfa2022\/?page_id=68"},"modified":"2022-03-25T16:15:01","modified_gmt":"2022-03-25T15:15:01","slug":"soumissions","status":"publish","type":"page","link":"https:\/\/blogs.univ-tlse2.fr\/lfa2022\/soumissions\/","title":{"rendered":"Soumissions"},"content":{"rendered":"\n<p>Les soumissions doivent \u00eatre r\u00e9dig\u00e9es en fran\u00e7ais, ou en anglais.<\/p>\n\n\n\n<h2 class=\"wp-block-heading\">Types de soumissions accept\u00e9es<\/h2>\n\n\n\n<ul class=\"wp-block-list\"><li><strong>Articles originaux longs<\/strong>&nbsp;(max 8 pages au format LFA), inclus si accept\u00e9s dans les actes publi\u00e9s par C\u00e9padu\u00e8s.<\/li><li><strong>Article originaux courts<\/strong>&nbsp;(2 \u00e0 4 pages au format LFA), inclus si accept\u00e9s dans les actes publi\u00e9s par C\u00e9padu\u00e8s.<\/li><li><strong>Pr\u00e9sentation de travaux d\u00e9j\u00e0 soumis<\/strong>&nbsp;(ou accept\u00e9s) pour une autre conf\u00e9rence (ou journal) et&nbsp;<strong>propos\u00e9s sans modification (ou traduction)<\/strong>: Dans ce cas, ces travaux pourront faire l\u2019objet d\u2019une pr\u00e9sentation lors des rencontres LFA mais ne seront pas inclus dans les actes publi\u00e9s par C\u00e9padu\u00e8s.<\/li><\/ul>\n\n\n\n<h2 class=\"wp-block-heading\">Format de soumission<\/h2>\n\n\n\n<p>Les propositions de communications peuvent \u00eatre r\u00e9dig\u00e9es en fran\u00e7ais ou en anglais. Selon leur type, elles doivent \u00eatre de maximum 8 pages pour les articles originaux longs, ou de 2 \u00e0 4 pages pour les articles originaux courts.<\/p>\n\n\n\n<p>Des templates et exemples sont disponibles ci-dessous :<\/p>\n\n\n\n<ul class=\"wp-block-list\"><li><a href=\"https:\/\/blogs.univ-tlse2.fr\/lfa2022\/files\/2022\/03\/LFAtempLATEX.zip\">template pour Latex<\/a><\/li><li><a href=\"https:\/\/blogs.univ-tlse2.fr\/lfa2022\/files\/2022\/03\/LFAtempWORD.doc\">template pour word\u00a0(ou \u00e9quivalent)<\/a><\/li><\/ul>\n\n\n\n<h2 class=\"wp-block-heading\">Comment soumettre<\/h2>\n\n\n\n<p>Les soumissions sont faites sur le site <a href=\"https:\/\/easychair.org\/conferences\/?conf=lfa2022\">EasyChair<\/a>.<\/p>\n\n\n\n<h2 class=\"wp-block-heading\">Publication des actes des rencontres LFA 2022<\/h2>\n\n\n\n<p>Les actes de la conf\u00e9rence seront publi\u00e9s par&nbsp;<a href=\"https:\/\/www.cepadues.com\/auteur\/collectif-lfa\/336.html\" target=\"_blank\" rel=\"noreferrer noopener\">C\u00e9padu\u00e8s<\/a>.<\/p>\n","protected":false},"excerpt":{"rendered":"<p>Les soumissions doivent \u00eatre r\u00e9dig\u00e9es en fran\u00e7ais, ou en anglais. Types de soumissions accept\u00e9es Articles originaux longs&nbsp;(max 8 pages au format LFA), inclus si accept\u00e9s dans les actes publi\u00e9s par C\u00e9padu\u00e8s. Article originaux courts&nbsp;(2 \u00e0 4 pages au format LFA), inclus si accept\u00e9s dans les actes publi\u00e9s par C\u00e9padu\u00e8s. Pr\u00e9sentation de travaux d\u00e9j\u00e0 soumis&nbsp;(ou accept\u00e9s) [&hellip;]<\/p>\n","protected":false},"author":1124,"featured_media":0,"parent":0,"menu_order":0,"comment_status":"closed","ping_status":"closed","template":"","meta":{"footnotes":""},"class_list":["post-68","page","type-page","status-publish","hentry"],"_links":{"self":[{"href":"https:\/\/blogs.univ-tlse2.fr\/lfa2022\/wp-json\/wp\/v2\/pages\/68","targetHints":{"allow":["GET"]}}],"collection":[{"href":"https:\/\/blogs.univ-tlse2.fr\/lfa2022\/wp-json\/wp\/v2\/pages"}],"about":[{"href":"https:\/\/blogs.univ-tlse2.fr\/lfa2022\/wp-json\/wp\/v2\/types\/page"}],"author":[{"embeddable":true,"href":"https:\/\/blogs.univ-tlse2.fr\/lfa2022\/wp-json\/wp\/v2\/users\/1124"}],"replies":[{"embeddable":true,"href":"https:\/\/blogs.univ-tlse2.fr\/lfa2022\/wp-json\/wp\/v2\/comments?post=68"}],"version-history":[{"count":5,"href":"https:\/\/blogs.univ-tlse2.fr\/lfa2022\/wp-json\/wp\/v2\/pages\/68\/revisions"}],"predecessor-version":[{"id":151,"href":"https:\/\/blogs.univ-tlse2.fr\/lfa2022\/wp-json\/wp\/v2\/pages\/68\/revisions\/151"}],"wp:attachment":[{"href":"https:\/\/blogs.univ-tlse2.fr\/lfa2022\/wp-json\/wp\/v2\/media?parent=68"}],"curies":[{"name":"wp","href":"https:\/\/api.w.org\/{rel}","templated":true}]}}