 {"id":87,"date":"2022-03-08T14:58:31","date_gmt":"2022-03-08T13:58:31","guid":{"rendered":"https:\/\/blogs.univ-tlse2.fr\/lfa2022\/?page_id=87"},"modified":"2022-03-08T15:06:19","modified_gmt":"2022-03-08T14:06:19","slug":"editions-precedentes","status":"publish","type":"page","link":"https:\/\/blogs.univ-tlse2.fr\/lfa2022\/editions-precedentes\/","title":{"rendered":"Editions pr\u00e9c\u00e9dentes"},"content":{"rendered":"\n<p>Pour plus d\u2019informations, le <a rel=\"noreferrer noopener\" href=\"https:\/\/www.cepadues.com\/collections\/LFA-42.html\" target=\"_blank\">site des \u00e9ditions C\u00e9padu\u00e8s<\/a> recense les actes de ces conf\u00e9rences.<\/p>\n\n\n\n<h2 class=\"wp-block-heading\">Rencontre francophones sur la logique floue et ses applications (LFA)<\/h2>\n\n\n\n<ul class=\"wp-block-list\"><li><a href=\"https:\/\/lfa2021.lip6.fr\">Rencontres LFA 2021<\/a> \u00e0 Paris, Sorbonne Universit\u00e9, 21 et 22 octobre 2021<\/li><li><a rel=\"noreferrer noopener\" href=\"https:\/\/lfa2020.sciencesconf.org\/\" target=\"_blank\">Rencontres LFA 2020 <\/a>\u00e0 S\u00e8te, les 15 et 16 octobre 2020<\/li><li><a rel=\"noreferrer noopener\" href=\"https:\/\/lfa2019.wp.imt.fr\/\" target=\"_blank\">Rencontres LFA 2019<\/a> \u00e0 Al\u00e8s, les 14 et 15 novembre 2019<\/li><li><a rel=\"noreferrer noopener\" href=\"https:\/\/www.lgi2a.univ-artois.fr\/events\/lfa2018\/index.html\" target=\"_blank\">Rencontres LFA 2018<\/a> \u00e0 Arras, les 8 et 9 novembre 2018<\/li><li><a rel=\"noreferrer noopener\" href=\"https:\/\/home.mis.u-picardie.fr\/~evenement\/LFA2017\/\" target=\"_blank\">Rencontres LFA 2017<\/a> \u00e0 Amiens, les 19 et 20 octobre 2017<\/li><li><a rel=\"noreferrer noopener\" href=\"https:\/\/apps.univ-lr.fr\/cgi-bin\/WebObjects\/Colloque.woa\/1\/wa\/colloque?code=1581\" target=\"_blank\">Rencontres LFA 2016<\/a> \u00e0 La Rochelle, les 3 et 4 novembre 2016<\/li><li><a rel=\"noreferrer noopener\" href=\"https:\/\/lfa2015.ensma.fr\/\" target=\"_blank\">Rencontres LFA 2015<\/a> \u00e0 Poitiers, les 5 et 6 novembre 2015<\/li><li>Rencontres LFA 2014 \u00e0 Carg\u00e8se, du 22 au 24 octobre 2014<\/li><li><a rel=\"noreferrer noopener\" href=\"http:\/\/kguelton.free.fr\/lfa2013\/\" target=\"_blank\">Rencontres LFA 2013<\/a> \u00e0 Reims, les 10 et 11 octobre 2013<\/li><li>Rencontres LFA 2012 \u00e0 Compi\u00e8gne, les 15 et 16 novembre 2012<\/li><li><a rel=\"noreferrer noopener\" href=\"https:\/\/www.atlantis-press.com\/proceedings\/eusflat-11\" target=\"_blank\">Rencontres LFA 2011<\/a> \u00e0 Aix-les-bains, du 18 au 22 juillet 2011 (conjointe avec la conf\u00e9rence EUSFLAT 2011)<\/li><li><a rel=\"noreferrer noopener\" href=\"http:\/\/lfa2010.enssat.fr\/\" target=\"_blank\">Rencontres LFA 2010<\/a> \u00e0 Lannion, les 18 et 19 novembre 2010<\/li><li>Rencontres LFA 2009 \u00e0 Annecy, les 5 et 6 novembre 2009<\/li><li><a rel=\"noreferrer noopener\" href=\"http:\/\/www.cril.univ-artois.fr\/lfa2008\/LFA%202008.php\" target=\"_blank\">Rencontres LFA 2008<\/a> \u00e0 Lens, les 16 et 17 octobre 2008<\/li><li>Rencontres LFA 2007 \u00e0 Nimes, les 22 et 23 novembre 2007<\/li><li>Rencontres LFA 2006 \u00e0 Toulouse, les 19 et 20 octobre 2006<\/li><li><a rel=\"noreferrer noopener\" href=\"https:\/\/dblp.uni-trier.de\/db\/conf\/eusflat\/eusflat2005.html\" target=\"_blank\">Rencontres LFA 2005<\/a> \u00e0 Barcelone (Espagne), du 7 au 9 septembre 2005 (conjointe avec EUSFLAT 2005)<\/li><li>Rencontres LFA 2004 \u00e0 Nantes, les 18 et 19 novembre 2004<\/li><li>Rencontres LFA 2003 \u00e0 Tours, les 26 et 27 novembre 2003<\/li><li>Rencontres LFA 2002 \u00e0 Montpellier, les 21 et 22 octobre 2002<\/li><li>Rencontres LFA 2001 \u00e0 Mons (Belgique), les 26 et 27 novembre 2001<\/li><li>Rencontres LFA 2000 \u00e0 La Rochelle, du 18 au 20 octobre 2000<\/li><li>Rencontres LFA 1999 \u00e0 Valenciennes, les 21 et 22 octobre 1999<\/li><li>Rencontres LFA 1998 \u00e0 Rennes, les 18 et 19 novembre 1998<\/li><li>Rencontres LFA 1997 \u00e0 Lyon, les 3 et 4 d\u00e9cembre 1997<\/li><li>Rencontres LFA 1996 \u00e0 Nancy, les 4 et 5 d\u00e9cembre 1996<\/li><li><a rel=\"noreferrer noopener\" href=\"https:\/\/www.cepadues.com\/livres\/lfa-95-2854284127.html\" target=\"_blank\">Rencontres LFA 1995<\/a> \u00e0 Paris, les 27 et 28 novembre 1995<\/li><\/ul>\n","protected":false},"excerpt":{"rendered":"<p>Pour plus d\u2019informations, le site des \u00e9ditions C\u00e9padu\u00e8s recense les actes de ces conf\u00e9rences. Rencontre francophones sur la logique floue et ses applications (LFA) Rencontres LFA 2021 \u00e0 Paris, Sorbonne Universit\u00e9, 21 et 22 octobre 2021 Rencontres LFA 2020 \u00e0 S\u00e8te, les 15 et 16 octobre 2020 Rencontres LFA 2019 \u00e0 Al\u00e8s, les 14 et [&hellip;]<\/p>\n","protected":false},"author":1125,"featured_media":0,"parent":0,"menu_order":0,"comment_status":"closed","ping_status":"closed","template":"","meta":{"footnotes":""},"class_list":["post-87","page","type-page","status-publish","hentry"],"_links":{"self":[{"href":"https:\/\/blogs.univ-tlse2.fr\/lfa2022\/wp-json\/wp\/v2\/pages\/87","targetHints":{"allow":["GET"]}}],"collection":[{"href":"https:\/\/blogs.univ-tlse2.fr\/lfa2022\/wp-json\/wp\/v2\/pages"}],"about":[{"href":"https:\/\/blogs.univ-tlse2.fr\/lfa2022\/wp-json\/wp\/v2\/types\/page"}],"author":[{"embeddable":true,"href":"https:\/\/blogs.univ-tlse2.fr\/lfa2022\/wp-json\/wp\/v2\/users\/1125"}],"replies":[{"embeddable":true,"href":"https:\/\/blogs.univ-tlse2.fr\/lfa2022\/wp-json\/wp\/v2\/comments?post=87"}],"version-history":[{"count":4,"href":"https:\/\/blogs.univ-tlse2.fr\/lfa2022\/wp-json\/wp\/v2\/pages\/87\/revisions"}],"predecessor-version":[{"id":93,"href":"https:\/\/blogs.univ-tlse2.fr\/lfa2022\/wp-json\/wp\/v2\/pages\/87\/revisions\/93"}],"wp:attachment":[{"href":"https:\/\/blogs.univ-tlse2.fr\/lfa2022\/wp-json\/wp\/v2\/media?parent=87"}],"curies":[{"name":"wp","href":"https:\/\/api.w.org\/{rel}","templated":true}]}}