 {"id":115,"date":"2022-03-31T14:59:07","date_gmt":"2022-03-31T12:59:07","guid":{"rendered":"https:\/\/blogs.univ-tlse2.fr\/licenceproanimation\/?page_id=115"},"modified":"2022-04-27T14:16:23","modified_gmt":"2022-04-27T12:16:23","slug":"admission","status":"publish","type":"page","link":"https:\/\/blogs.univ-tlse2.fr\/licenceproanimation\/admission\/","title":{"rendered":"Admission"},"content":{"rendered":"\n<p><strong>Conditions d&rsquo;acc\u00e8s :<\/strong><\/p>\n\n\n\n<ul class=\"wp-block-list\"><li>titulaires d\u2019un BTS, d\u2019un DUT ou des deux premi\u00e8res ann\u00e9es de licence valid\u00e9es.<ul><li><strong>OU<\/strong><\/li><\/ul><\/li><li>&nbsp;une exp\u00e9rience professionnelle av\u00e9r\u00e9e.<\/li><\/ul>\n\n\n\n<p><strong>Les \u00e9tapes de selection :<\/strong><\/p>\n\n\n\n<ul class=\"wp-block-list\"><li>Dans un premier temps, vous devez d\u00e9poser votre candidature sur <a rel=\"noreferrer noopener\" href=\"https:\/\/ecandidat.univ-tlse2.fr\/#!accueilView\" data-type=\"URL\" data-id=\"https:\/\/ecandidat.univ-tlse2.fr\/#!accueilView\" target=\"_blank\">l&rsquo;application e-candidat.<\/a><\/li><\/ul>\n\n\n\n<p><\/p>\n\n\n\n<ul class=\"wp-block-list\"><li>Avant de d\u00e9poser votre dossier de candidature il est fortement conseillers aux futurs \u00e9tudiants d&rsquo;avoir un stage ou d&rsquo;avoir une id\u00e9e du secteur dans lequel ils souhaiteraient faire leur stage. Si vous avez des difficult\u00e9s \u00e0 trouver un stage, n&rsquo;h\u00e9sitez pas nous \u00e9crire sur notre <a rel=\"noreferrer noopener\" href=\"https:\/\/www.facebook.com\/groups\/414744082414866\" target=\"_blank\">page Facebook<\/a>.<\/li><\/ul>\n\n\n\n<p><\/p>\n\n\n\n<ul class=\"wp-block-list\"><li>Pour rappel, la formation est \u00e0 acc\u00e8s s\u00e9lectif. Pour l&rsquo;ann\u00e9e scolaire 2021\/2022,  80 candidats avaient postul\u00e9 \u00e0 la formation. Apr\u00e8s une premi\u00e8re s\u00e9lection sur dossier, 40 candidats avaient \u00e9t\u00e9 retenu pour passer les entretiens.<\/li><\/ul>\n\n\n\n<p><\/p>\n\n\n\n<ul class=\"wp-block-list\"><li>Les entretiens servent \u00e0 v\u00e9rifier la coh\u00e9rence de votre projet mais aussi \u00e0 mieux vous connaitre. Le&nbsp;d\u00e9lai&nbsp;de&nbsp;r\u00e9ponse apr\u00e8s&nbsp;l&rsquo;entretien&nbsp;de s\u00e9lection est de quelques jours. Pour l&rsquo;ann\u00e9e 2021\/2022, apr\u00e8s avoir pass\u00e9 les entretiens, 19 candidats avaient \u00e9t\u00e9 retenu pour entrer en formation.<\/li><\/ul>\n\n\n\n<p><\/p>\n\n\n\n<p><strong>Voici quelques informations sur les candidats s\u00e9lectionn\u00e9s pour l&rsquo;ann\u00e9e  2021\/2022 :<\/strong><\/p>\n\n\n\n<figure class=\"wp-block-image size-large is-resized\"><img loading=\"lazy\" decoding=\"async\" src=\"https:\/\/blogs.univ-tlse2.fr\/licenceproanimation\/files\/2022\/04\/personnes-1024x576.png\" alt=\"\" class=\"wp-image-203\" width=\"991\" height=\"555\" \/><\/figure>\n\n\n\n<figure class=\"wp-block-image size-large is-resized\"><img loading=\"lazy\" decoding=\"async\" src=\"https:\/\/blogs.univ-tlse2.fr\/licenceproanimation\/files\/2022\/04\/personnes-1-1024x576.png\" alt=\"\" class=\"wp-image-204\" width=\"1033\" height=\"581\" srcset=\"https:\/\/blogs.univ-tlse2.fr\/licenceproanimation\/files\/2022\/04\/personnes-1-1024x576.png 1024w, https:\/\/blogs.univ-tlse2.fr\/licenceproanimation\/files\/2022\/04\/personnes-1-300x169.png 300w, https:\/\/blogs.univ-tlse2.fr\/licenceproanimation\/files\/2022\/04\/personnes-1-768x432.png 768w, https:\/\/blogs.univ-tlse2.fr\/licenceproanimation\/files\/2022\/04\/personnes-1-1536x864.png 1536w, https:\/\/blogs.univ-tlse2.fr\/licenceproanimation\/files\/2022\/04\/personnes-1.png 1920w\" sizes=\"auto, (max-width: 1033px) 100vw, 1033px\" \/><\/figure>\n\n\n\n<figure class=\"wp-block-image size-large is-resized\"><img loading=\"lazy\" decoding=\"async\" src=\"https:\/\/blogs.univ-tlse2.fr\/licenceproanimation\/files\/2022\/04\/personnes-2-1024x576.png\" alt=\"\" class=\"wp-image-205\" width=\"1113\" height=\"625\" srcset=\"https:\/\/blogs.univ-tlse2.fr\/licenceproanimation\/files\/2022\/04\/personnes-2-1024x576.png 1024w, https:\/\/blogs.univ-tlse2.fr\/licenceproanimation\/files\/2022\/04\/personnes-2-300x169.png 300w, https:\/\/blogs.univ-tlse2.fr\/licenceproanimation\/files\/2022\/04\/personnes-2-768x432.png 768w, https:\/\/blogs.univ-tlse2.fr\/licenceproanimation\/files\/2022\/04\/personnes-2-1536x864.png 1536w, https:\/\/blogs.univ-tlse2.fr\/licenceproanimation\/files\/2022\/04\/personnes-2.png 1920w\" sizes=\"auto, (max-width: 1113px) 100vw, 1113px\" \/><\/figure>\n\n\n\n<figure class=\"wp-block-image size-large is-resized\"><img loading=\"lazy\" decoding=\"async\" src=\"https:\/\/blogs.univ-tlse2.fr\/licenceproanimation\/files\/2022\/04\/personnes-3-1024x576.png\" alt=\"\" class=\"wp-image-206\" width=\"1213\" height=\"681\" srcset=\"https:\/\/blogs.univ-tlse2.fr\/licenceproanimation\/files\/2022\/04\/personnes-3-1024x576.png 1024w, https:\/\/blogs.univ-tlse2.fr\/licenceproanimation\/files\/2022\/04\/personnes-3-300x169.png 300w, https:\/\/blogs.univ-tlse2.fr\/licenceproanimation\/files\/2022\/04\/personnes-3-768x432.png 768w, https:\/\/blogs.univ-tlse2.fr\/licenceproanimation\/files\/2022\/04\/personnes-3-1536x864.png 1536w, https:\/\/blogs.univ-tlse2.fr\/licenceproanimation\/files\/2022\/04\/personnes-3.png 1920w\" sizes=\"auto, (max-width: 1213px) 100vw, 1213px\" \/><\/figure>\n","protected":false},"excerpt":{"rendered":"<p>Conditions d&rsquo;acc\u00e8s : titulaires d\u2019un BTS, d\u2019un DUT ou des deux premi\u00e8res ann\u00e9es de licence valid\u00e9es. OU &nbsp;une exp\u00e9rience professionnelle av\u00e9r\u00e9e. Les \u00e9tapes de selection : Dans un premier temps, vous devez d\u00e9poser votre candidature sur l&rsquo;application e-candidat. Avant de d\u00e9poser votre dossier de candidature il est fortement conseillers aux futurs \u00e9tudiants d&rsquo;avoir un stage &hellip; <a href=\"https:\/\/blogs.univ-tlse2.fr\/licenceproanimation\/admission\/\" class=\"more-link\">Continuer la lecture de <span class=\"screen-reader-text\">Admission<\/span> <span class=\"meta-nav\">&rarr;<\/span><\/a><\/p>\n","protected":false},"author":1122,"featured_media":0,"parent":0,"menu_order":0,"comment_status":"closed","ping_status":"closed","template":"","meta":{"footnotes":""},"class_list":["post-115","page","type-page","status-publish","hentry"],"_links":{"self":[{"href":"https:\/\/blogs.univ-tlse2.fr\/licenceproanimation\/wp-json\/wp\/v2\/pages\/115","targetHints":{"allow":["GET"]}}],"collection":[{"href":"https:\/\/blogs.univ-tlse2.fr\/licenceproanimation\/wp-json\/wp\/v2\/pages"}],"about":[{"href":"https:\/\/blogs.univ-tlse2.fr\/licenceproanimation\/wp-json\/wp\/v2\/types\/page"}],"author":[{"embeddable":true,"href":"https:\/\/blogs.univ-tlse2.fr\/licenceproanimation\/wp-json\/wp\/v2\/users\/1122"}],"replies":[{"embeddable":true,"href":"https:\/\/blogs.univ-tlse2.fr\/licenceproanimation\/wp-json\/wp\/v2\/comments?post=115"}],"version-history":[{"count":14,"href":"https:\/\/blogs.univ-tlse2.fr\/licenceproanimation\/wp-json\/wp\/v2\/pages\/115\/revisions"}],"predecessor-version":[{"id":217,"href":"https:\/\/blogs.univ-tlse2.fr\/licenceproanimation\/wp-json\/wp\/v2\/pages\/115\/revisions\/217"}],"wp:attachment":[{"href":"https:\/\/blogs.univ-tlse2.fr\/licenceproanimation\/wp-json\/wp\/v2\/media?parent=115"}],"curies":[{"name":"wp","href":"https:\/\/api.w.org\/{rel}","templated":true}]}}