 {"id":35,"date":"2022-03-09T15:45:00","date_gmt":"2022-03-09T14:45:00","guid":{"rendered":"https:\/\/blogs.univ-tlse2.fr\/licenceproanimation\/?page_id=35"},"modified":"2022-04-27T13:01:18","modified_gmt":"2022-04-27T11:01:18","slug":"equipe-pedagogique","status":"publish","type":"page","link":"https:\/\/blogs.univ-tlse2.fr\/licenceproanimation\/equipe-pedagogique\/","title":{"rendered":"Equipe p\u00e9dagogique"},"content":{"rendered":"\n<p>Pour l&rsquo;ann\u00e9e scolaire 2021 \/ 2022 voici les intervenants universitaires et les intervenants professionnels que nous avons rencontr\u00e9s :<\/p>\n\n\n\n<p><strong>Intervenants universitaires : <\/strong><\/p>\n\n\n\n<div class=\"wp-block-columns is-layout-flex wp-container-core-columns-is-layout-9d6595d7 wp-block-columns-is-layout-flex\">\n<div class=\"wp-block-column is-layout-flow wp-block-column-is-layout-flow\" style=\"flex-basis:50%\">\n<ul class=\"wp-block-list\"><li>Michel Lac <\/li><li>Fabrice Escaffre<\/li><li>C\u00e9dric Ait Ali<\/li><li>Lucie Aussel<\/li><li>Pierre Ratinaud<\/li><li>St\u00e9phane Turella<\/li><li>Gw\u00e9na\u00ebl Lefeuvre<\/li><li>Lucie Aussel<\/li><li>V\u00e9ronique Bordes<\/li><li>Caroline-Marie Cavard<\/li><li>V\u00e9ronique Bedin<\/li><\/ul>\n<\/div>\n\n\n\n<div class=\"wp-block-column is-layout-flow wp-block-column-is-layout-flow\" style=\"flex-basis:50%\">\n<ul class=\"wp-block-list\"><li>Nad\u00e8ge Tenailleau<\/li><li>Remi Bonasio<\/li><li>Alain Piaser<\/li><li>Serge Ragano<\/li><li>Jean-Fran\u00e7ois Marcel<\/li><li>Daniel Guy<\/li><li>Dominique Broussal<\/li><li>Ingrid Verscheure<\/li><li>Sabrina Labb\u00e9<\/li><li>Vanessa Vidaller<\/li><\/ul>\n<\/div>\n<\/div>\n\n\n\n<p><strong>Intervenants professionnels :<\/strong><\/p>\n\n\n\n<ul class=\"wp-block-list\"><li>Denis Perticoz : directeur MJC<\/li><li>Bastien Cappelletti : d\u00e9l\u00e9gu\u00e9 adjoint \u00e0 la F\u00e9d\u00e9ration des Foyers Ruraux<\/li><li>Marie Sorin : responsable centre culturel<\/li><li>Herv\u00e9 Gu\u00e9gan : pr\u00e9sident du CRAJEP<\/li><li>Jean-Louis Maggiorani : accompagnateur politiques \u00e9ducatives et sportives<\/li><li>Benedicte Amigues : directrice MJC&nbsp;<\/li><li>Pierre Khattou : charg\u00e9 de projet \u00ab\u00a0Social Num\u00e9ris\u00a0\u00bb au CRIJ Occitanie<\/li><li>Isabelle Ballet-Martinez : directrice Mission Jeunesses<\/li><li>Andr\u00e9a De Angelis : directeur chez F\u00e9d\u00e9ration des foyers ruraux<\/li><li>Pascal Jarry : directeur mission d\u00e9mocratie permanente<\/li><li>Val\u00e9rie Bonnet : directrice MJC<\/li><li>Arthur Fontaine : consultant collectivit\u00e9s et associations<\/li><li>Sarah Bonnet : coordinatrice en insertion pro et fonctionnement SCOP<\/li><li>Olivier Soubles : directeur de l&rsquo;\u00e9cole municipale d&rsquo;enseignement artistique<\/li><li>B\u00e9atrice Gangneux :  conseill\u00e8re technique CAF<\/li><li>Erick Pitard : directeur op\u00e9rationnel&nbsp;<\/li><li>Maxime&nbsp;<em>C<\/em>ayssial : charg\u00e9 de mission jeunesses&nbsp;<\/li><li>Lise Balas : conseill\u00e8re d&rsquo;\u00e9ducation populaire et de jeunesse SDJES 31<\/li><\/ul>\n","protected":false},"excerpt":{"rendered":"<p>Pour l&rsquo;ann\u00e9e scolaire 2021 \/ 2022 voici les intervenants universitaires et les intervenants professionnels que nous avons rencontr\u00e9s : Intervenants universitaires : Michel Lac Fabrice Escaffre C\u00e9dric Ait Ali Lucie Aussel Pierre Ratinaud St\u00e9phane Turella Gw\u00e9na\u00ebl Lefeuvre Lucie Aussel V\u00e9ronique Bordes Caroline-Marie Cavard V\u00e9ronique Bedin Nad\u00e8ge Tenailleau Remi Bonasio Alain Piaser Serge Ragano Jean-Fran\u00e7ois Marcel &hellip; <a href=\"https:\/\/blogs.univ-tlse2.fr\/licenceproanimation\/equipe-pedagogique\/\" class=\"more-link\">Continuer la lecture de <span class=\"screen-reader-text\">Equipe p\u00e9dagogique<\/span> <span class=\"meta-nav\">&rarr;<\/span><\/a><\/p>\n","protected":false},"author":1122,"featured_media":0,"parent":0,"menu_order":0,"comment_status":"closed","ping_status":"closed","template":"","meta":{"footnotes":""},"class_list":["post-35","page","type-page","status-publish","hentry"],"_links":{"self":[{"href":"https:\/\/blogs.univ-tlse2.fr\/licenceproanimation\/wp-json\/wp\/v2\/pages\/35","targetHints":{"allow":["GET"]}}],"collection":[{"href":"https:\/\/blogs.univ-tlse2.fr\/licenceproanimation\/wp-json\/wp\/v2\/pages"}],"about":[{"href":"https:\/\/blogs.univ-tlse2.fr\/licenceproanimation\/wp-json\/wp\/v2\/types\/page"}],"author":[{"embeddable":true,"href":"https:\/\/blogs.univ-tlse2.fr\/licenceproanimation\/wp-json\/wp\/v2\/users\/1122"}],"replies":[{"embeddable":true,"href":"https:\/\/blogs.univ-tlse2.fr\/licenceproanimation\/wp-json\/wp\/v2\/comments?post=35"}],"version-history":[{"count":13,"href":"https:\/\/blogs.univ-tlse2.fr\/licenceproanimation\/wp-json\/wp\/v2\/pages\/35\/revisions"}],"predecessor-version":[{"id":196,"href":"https:\/\/blogs.univ-tlse2.fr\/licenceproanimation\/wp-json\/wp\/v2\/pages\/35\/revisions\/196"}],"wp:attachment":[{"href":"https:\/\/blogs.univ-tlse2.fr\/licenceproanimation\/wp-json\/wp\/v2\/media?parent=35"}],"curies":[{"name":"wp","href":"https:\/\/api.w.org\/{rel}","templated":true}]}}