 {"id":39,"date":"2022-03-09T15:45:45","date_gmt":"2022-03-09T14:45:45","guid":{"rendered":"https:\/\/blogs.univ-tlse2.fr\/licenceproanimation\/?page_id=39"},"modified":"2022-04-20T14:41:18","modified_gmt":"2022-04-20T12:41:18","slug":"temoignages","status":"publish","type":"page","link":"https:\/\/blogs.univ-tlse2.fr\/licenceproanimation\/temoignages\/","title":{"rendered":"T\u00e9moignages"},"content":{"rendered":"\n<p><strong>Jade &#8211; Promo 2021 \/ 2022<\/strong><\/p>\n\n\n\n<p>Je me suis r\u00e9-orient\u00e9e dans cette formation professionnelle apr\u00e8s un service civique. Au d\u00e9part, j&rsquo;avais un parcours assez universitaire mais je ne savais pas ce que je voulais faire. Apr\u00e8s mon volontariat en service civique j&rsquo;ai eu envie de poursuivre dans le champ de l&rsquo;animation et de la vie associative. Honn\u00eatement, j&rsquo;ai trouv\u00e9 mon compte dans cette formation. Les contenus des cours sont tr\u00e8s intenses&nbsp;mais tr\u00e8s enrichissants et vari\u00e9s.&nbsp;Quant au stage, il est professionnalisant et vous apporte la connaissance et l&rsquo;exp\u00e9rience du terrain. Les intervenants sont bienveillants et pleins de ressources. La promo est assez petite et tr\u00e8s h\u00e9t\u00e9rog\u00e8ne, ce qui permet de cr\u00e9er des liens forts et d&rsquo;organiser de nombreux \u00e9v\u00e8nements ou des sorties. Par exemple, chaque semaine de cours, on organise une activit\u00e9 \u00e0 faire tous ensemble&nbsp;comme un repas partag\u00e9, un jeu ou aller boire un verre le vendredi soir. C&rsquo;est une ann\u00e9e o\u00f9 l&rsquo;on ne s&rsquo;ennuie pas ! La charge de travail est, certes, cons\u00e9quente, mais tout le monde se soutient dans la bonne humeur !&nbsp;&nbsp;\ud83d\ude42<\/p>\n\n\n\n<p><strong>Anthony &#8211; Promo 2021 \/ 2022<\/strong><\/p>\n\n\n\n<p>Pour \u00eatre franc avec vous, je suis arriv\u00e9 dans la licence en \u00e9tant totalement dans l&rsquo;inconnu. En effet, je n&rsquo;ai fais sa d\u00e9couverte qu&rsquo;\u00e0 une semaine de la cl\u00f4ture des inscriptions. En r\u00e9alit\u00e9, j&rsquo;ai un parcours tr\u00e8s universitaire avec une licence d&rsquo;espagnol, un Master 1 MEEF professorat des \u00e9coles. \u00c0 premi\u00e8re vue on pourrait se demander ce qui m&rsquo;a pouss\u00e9 \u00e0 rejoindre cette licence de l&rsquo;animation. Tout simplement, j&rsquo;ai eu une exp\u00e9rience d&rsquo;une ann\u00e9e dans le milieu des Alae\/alsh et cela m&rsquo;a beaucoup plu. Cependant, je trouvais qu&rsquo;il fallait pour moi me professionnaliser. Et avec du recul maintenant je peux le dire, quoi de mieux que cette licence ? Cette formation \u00e0 l&rsquo;universit\u00e9 propose une grande qualit\u00e9 d&rsquo;apprentissage tant th\u00e9oriques que pratique gr\u00e2ce au stage. Je trouve que cette part du destin qui m&rsquo;a permis de mettre sur ma route cette licence professionnelle me permet aujourd&rsquo;hui de m&rsquo;ouvrir de grandes portes afin de me sentir \u00e9panouis dans ma future vie professionnelle. Car oui, cette licence ouvre \u00e9norm\u00e9ment de portes par sa richesse et sa grande vari\u00e9t\u00e9. Vous le verrez, \u00e0 l&rsquo;image de la grande vari\u00e9t\u00e9 des parcours des \u00e9tudiants, les d\u00e9bouch\u00e9s et les carri\u00e8res sont toutes diff\u00e9rentes et aussi riches l&rsquo;une que l&rsquo;autre.<\/p>\n\n\n\n<p><strong>Camille &#8211; Promo 2020 \/ 2021<\/strong><\/p>\n\n\n\n<p>Malgr\u00e9 une ann\u00e9e particuli\u00e8re o\u00f9 les cours se sont d\u00e9roul\u00e9s en distanciel, j\u2019ai appr\u00e9ci\u00e9 la dynamique de la promo et la cr\u00e9ativit\u00e9 dont nous avons fait part pour mener des projets qui m\u2019ont \u00e9t\u00e9 tr\u00e8s formateurs. La diversit\u00e9 des interventions \u00e9tait pertinente et m\u2019a permis d\u2019avoir les billes n\u00e9cessaires pour\u00a0\u00e9voluer sur mon terrain de stage et dans la r\u00e9alisation du m\u00e9moire. J\u2019ai pu d\u00e9velopper des outils de conception et de conduite de projet qui me sont utiles dans ma pratique professionnelle. Je tiens \u00e0 souligner \u00e9galement la bienveillance et la solidarit\u00e9 que l\u2019ensemble des \u00e9tudiants et intervenants ont port\u00e9es.<\/p>\n\n\n\n<p><strong>Ambroise &#8211; Promo 2017 \/ 2018<\/strong><\/p>\n\n\n\n<p>J&rsquo;ai \u00e9t\u00e9 animateur pendant une dizaine d ann\u00e9e sur diff\u00e9rentes structures (alae\/alsh\/s\u00e9jour, maison de jeune&#8230;) et avec diff\u00e9rents publics ( de 3 \u00e0 21 ans, diversit\u00e9 sociale). J ai pass\u00e9 le bafa, bafd et bpjeps et je suis devenu directeur Alae\/alsh. Le bpjeps m a donn\u00e9 le niveau bac donc en parall\u00e8le du travail j ai commenc\u00e9 une licence de sociologie puis j ai fait la licence professionnelle animation en 2017-2018 et je suis pass\u00e9 coordinateur enfance jeunesse. En 2020, j ai souhait\u00e9 bifurquer dans le secteur social et m\u00e9dico-social du coup je suis inscrit au master es2s (encadrement de structure sant\u00e9 et social), je suis en M2 actuellement. Il est possible que l&rsquo;on se croise \u00e0 la fac&#8230;Pour finir, j ai tr\u00e8s bien v\u00e9cu l ann\u00e9e de licence. Intense mais tr\u00e8s enrichissante, que \u00e7a soit les cours th\u00e9oriques ou pratiques comme le projet tutor\u00e9 ou les cours plus d\u00e9tente au hangar de la c\u00e9pi\u00e8re, j ai pass\u00e9 un excellente ann\u00e9e.<\/p>\n\n\n\n<p><strong>Lisa &#8211; Promo 2015 \/ 2016<\/strong><\/p>\n\n\n\n<p>Lorsque je suis arriv\u00e9e en LP apr\u00e8s une Licence de Psycho, o\u00f9 j&rsquo;ai eu le sentiment d&rsquo;\u00eatre \u00ab\u00a0invisible\u00a0\u00bb dans la masse de promo, j&rsquo;ai \u00e9t\u00e9 tr\u00e8s heureuse d&rsquo;avoir \u00ab\u00a0une classe\u00a0\u00bb, et des enseignants qui nous connaissent. Cela faisait plusieurs ann\u00e9es que j&rsquo;\u00e9tais engag\u00e9e dans des assos, et je souhaitais (en plus d&rsquo;acqu\u00e9rir) \u00e0 l\u00e9gitimer des comp\u00e9tences que j&rsquo;avais acquises par un dipl\u00f4me.&nbsp;Les enseignements pratiques m&rsquo;ont permis de reposer certaines bases (budget, histoire de l&rsquo;\u00e9duc&rsquo; pop) mais aussi de d\u00e9couvrir des mati\u00e8res (socio des orgas, prise de parole en public).&nbsp;Le fait d&rsquo;avoir une promo mixte professionnel \/ formation initiale m&rsquo;avait attir\u00e9 \u00e9galement. Malheureusement notre ann\u00e9e, les \u00ab\u00a0pros\u00a0\u00bb et les \u00ab\u00a0jeunes \u00e9tudiants\u00a0\u00bb se sont peu m\u00e9lang\u00e9s : cela rel\u00e8ve s\u00fbrement plus de la dynamique de groupe cette ann\u00e9e-l\u00e0. Cependant, j&rsquo;avais l&rsquo;impression que nos exp\u00e9riences b\u00e9n\u00e9voles (que bcp d&rsquo;entre \u00ab\u00a0formations initiales\u00a0\u00bb avaient \u00e9taient peu visualis\u00e9es face aux pros par les enseignant.&nbsp;Je garde un tr\u00e8s bon souvenir de l&rsquo;accompagnement renforc\u00e9 que nous avons eu pour r\u00e9diger notre m\u00e9moire et pour arriver au bout de cette formation.&nbsp;Comme beaucoup, pour avoir un stage, j&rsquo;ai \u00ab\u00a0bidouill\u00e9\u00a0\u00bb les heures de la convention pour ne pas avoir \u00e0 \u00eatre pay\u00e9 par la structure (frein \u00e0 \u00eatre accept\u00e9). Au final, ce stage en Foyer d&rsquo;\u00c9ducation Populaire m&rsquo;a apport\u00e9 une nouvelle exp\u00e9rience professionnelle, mais l&rsquo;absence de r\u00e9mun\u00e9ration m&rsquo;a pr\u00e9caris\u00e9 et les emplois de midi\/soir\/week-end m&rsquo;ont rajout\u00e9 une charge aux semaines d\u00e9j\u00e0 trop charg\u00e9es. En vivant de mes \u00e9conomies et de petits boulots, la fin d&rsquo;ann\u00e9e m&rsquo;a paru longue \ud83d\ude09&nbsp;Notre projet tuteur\u00e9 en groupe, qui \u00e9tait de construire une \u00e9chelle d&rsquo;\u00e9valuation pour les \u00ab\u00a0Apprentis d&rsquo;Auteuil\u00a0\u00bb a \u00e9t\u00e9 une nouvelle occasion d&rsquo;apprendre \u00e0 travailler en groupe. Et de creuser face \u00e0 \u00ab\u00a0un nouveau partenaire\u00a0\u00bb, donc de se mettre en situation tr\u00e8s r\u00e9elle. Pour l&rsquo;insertion pro ensuite, le c\u00f4t\u00e9 \u00ab\u00a0Licence pro\u00a0\u00bb, \u00ab\u00a0alternance\u00a0\u00bb, permet une r\u00e9elle \u00ab\u00a0plus value\u00a0\u00bb au CV. J&rsquo;ai quand m\u00eame trouv\u00e9 difficilement un \u00ab\u00a0vrai poste\u00a0\u00bb -r\u00e9mun\u00e9r\u00e9 correctement, 35h , avec du \u00ab\u00a0d\u00e9veloppement de projet\u00a0\u00bb. Une fois \u00ab\u00a0en poste\u00a0\u00bb, au final l&rsquo;apprentissage continue&nbsp;\ud83d\ude42<\/p>\n","protected":false},"excerpt":{"rendered":"<p>Jade &#8211; Promo 2021 \/ 2022 Je me suis r\u00e9-orient\u00e9e dans cette formation professionnelle apr\u00e8s un service civique. Au d\u00e9part, j&rsquo;avais un parcours assez universitaire mais je ne savais pas ce que je voulais faire. Apr\u00e8s mon volontariat en service civique j&rsquo;ai eu envie de poursuivre dans le champ de l&rsquo;animation et de la vie &hellip; <a href=\"https:\/\/blogs.univ-tlse2.fr\/licenceproanimation\/temoignages\/\" class=\"more-link\">Continuer la lecture de <span class=\"screen-reader-text\">T\u00e9moignages<\/span> <span class=\"meta-nav\">&rarr;<\/span><\/a><\/p>\n","protected":false},"author":1122,"featured_media":0,"parent":0,"menu_order":0,"comment_status":"closed","ping_status":"closed","template":"","meta":{"footnotes":""},"class_list":["post-39","page","type-page","status-publish","hentry"],"_links":{"self":[{"href":"https:\/\/blogs.univ-tlse2.fr\/licenceproanimation\/wp-json\/wp\/v2\/pages\/39","targetHints":{"allow":["GET"]}}],"collection":[{"href":"https:\/\/blogs.univ-tlse2.fr\/licenceproanimation\/wp-json\/wp\/v2\/pages"}],"about":[{"href":"https:\/\/blogs.univ-tlse2.fr\/licenceproanimation\/wp-json\/wp\/v2\/types\/page"}],"author":[{"embeddable":true,"href":"https:\/\/blogs.univ-tlse2.fr\/licenceproanimation\/wp-json\/wp\/v2\/users\/1122"}],"replies":[{"embeddable":true,"href":"https:\/\/blogs.univ-tlse2.fr\/licenceproanimation\/wp-json\/wp\/v2\/comments?post=39"}],"version-history":[{"count":6,"href":"https:\/\/blogs.univ-tlse2.fr\/licenceproanimation\/wp-json\/wp\/v2\/pages\/39\/revisions"}],"predecessor-version":[{"id":189,"href":"https:\/\/blogs.univ-tlse2.fr\/licenceproanimation\/wp-json\/wp\/v2\/pages\/39\/revisions\/189"}],"wp:attachment":[{"href":"https:\/\/blogs.univ-tlse2.fr\/licenceproanimation\/wp-json\/wp\/v2\/media?parent=39"}],"curies":[{"name":"wp","href":"https:\/\/api.w.org\/{rel}","templated":true}]}}