 {"id":43,"date":"2022-03-09T15:46:14","date_gmt":"2022-03-09T14:46:14","guid":{"rendered":"https:\/\/blogs.univ-tlse2.fr\/licenceproanimation\/?page_id=43"},"modified":"2022-04-27T14:22:52","modified_gmt":"2022-04-27T12:22:52","slug":"le-campus","status":"publish","type":"page","link":"https:\/\/blogs.univ-tlse2.fr\/licenceproanimation\/le-campus\/","title":{"rendered":"Professionnalisation de la formation"},"content":{"rendered":"\n<p>Cette Licence professionnelle est con\u00e7ue pour une insertion professionnelle imm\u00e9diate<strong>.\u00a0<\/strong><\/p>\n\n\n\n<ul class=\"wp-block-list\"><li><strong>D\u00e9couvrir le monde professionnel<em><\/em><\/strong><\/li><\/ul>\n\n\n\n<p><strong>\u2013&nbsp;<\/strong>Un stage professionnel doit \u00eatre effectu\u00e9 sur une p\u00e9riode minimale de 300 heures. Pendant le stage, des regroupements th\u00e9oriques r\u00e9guliers (1 semaine sur 3) permettent d&rsquo;alterner entre la th\u00e9orie et la pratique. Si vous avez du mal \u00e0 trouver un stage, n&rsquo;h\u00e9sitez pas \u00e0 faire une demande sur <a href=\"https:\/\/www.facebook.com\/groups\/414744082414866\" data-type=\"URL\" data-id=\"https:\/\/www.facebook.com\/groups\/414744082414866\" target=\"_blank\" rel=\"noreferrer noopener\">notre page Facebook.<\/a><\/p>\n\n\n\n<p><br><strong>\u2013<\/strong>&nbsp;Les projets tuteur\u00e9s d&rsquo;une dur\u00e9e de 150 heures (comprenant des heures terrains et des heures universitaires) sont des missions sociales ou \u00e9ducatives r\u00e9alis\u00e9es en petits groupes, en lien avec des partenaires du territoire.<\/p>\n\n\n\n<p class=\"has-white-color has-text-color\">&#8230;&#8230;&#8230;&#8230;&#8230;..<\/p>\n\n\n\n<ul class=\"wp-block-list\"><li><strong>Pr\u00e9parer son avenir professionnel<em><\/em><\/strong><\/li><\/ul>\n\n\n\n<p>&#8211; Rencontres et \u00e9changes avec des professionnels sont organis\u00e9s tout au long de l&rsquo;ann\u00e9e scolaire mais aussi lors de la derni\u00e8re semaine de cours o\u00f9 des intervenants rencontrent les \u00e9tudiants sous la forme de \u00ab\u00a0Caf\u00e9 Avenir\u00a0\u00bb afin de r\u00e9pondre aux besoins\/aux interrogations des \u00e9tudiants de la licence pro animation.<\/p>\n\n\n\n<p><br>&#8211; La page Facebook &nbsp;<a href=\"https:\/\/www.facebook.com\/groups\/414744082414866\">R\u00e9seau Licence Pro Animation <\/a>&nbsp;met en relation dipl\u00f4m\u00e9s, \u00e9tudiants, futurs \u00e9tudiants  pour le d\u00e9veloppement d\u2019offres d\u2019emploi, de stages ou tout autres questions. N&rsquo;h\u00e9sitez pas \u00e0 nous rejoindre ! \ud83d\ude42 <\/p>\n\n\n\n<ul class=\"wp-block-list\"><li><strong>Insertion professionnel<\/strong><\/li><\/ul>\n\n\n\n<p>Les principaux secteurs d\u2019activit\u00e9 vis\u00e9s sont les secteurs de l\u2019\u00e9ducation, des loisirs ou bien de la culture comme : <\/p>\n\n\n\n<p>&#8211; Charg\u00e9(e) de mission\u2009: association, conseil g\u00e9n\u00e9ral, EPCI, commune..<br>&#8211; Animateur(rice) charg\u00e9(e) de d\u00e9veloppement social et culturel<br>&#8211; Animateur(rice) de projets socioculturels dans une structure associative<br>&#8211; Directeur(rice) de structures\u2009: centre social, MJC, insertion sociale et professionnelle<br>&#8211; Coordonnateur(rice) au sein de services d\u00e9partementaux, intercommunaux, communaux<br>&#8211; Directeur(rice) PME tourisme Loisirs ou structures sportives<br>&#8211; Responsable de projets de secteur\/service<\/p>\n","protected":false},"excerpt":{"rendered":"<p>Cette Licence professionnelle est con\u00e7ue pour une insertion professionnelle imm\u00e9diate.\u00a0 D\u00e9couvrir le monde professionnel \u2013&nbsp;Un stage professionnel doit \u00eatre effectu\u00e9 sur une p\u00e9riode minimale de 300 heures. Pendant le stage, des regroupements th\u00e9oriques r\u00e9guliers (1 semaine sur 3) permettent d&rsquo;alterner entre la th\u00e9orie et la pratique. Si vous avez du mal \u00e0 trouver un stage, &hellip; <a href=\"https:\/\/blogs.univ-tlse2.fr\/licenceproanimation\/le-campus\/\" class=\"more-link\">Continuer la lecture de <span class=\"screen-reader-text\">Professionnalisation de la formation<\/span> <span class=\"meta-nav\">&rarr;<\/span><\/a><\/p>\n","protected":false},"author":1122,"featured_media":0,"parent":0,"menu_order":0,"comment_status":"closed","ping_status":"closed","template":"","meta":{"footnotes":""},"class_list":["post-43","page","type-page","status-publish","hentry"],"_links":{"self":[{"href":"https:\/\/blogs.univ-tlse2.fr\/licenceproanimation\/wp-json\/wp\/v2\/pages\/43","targetHints":{"allow":["GET"]}}],"collection":[{"href":"https:\/\/blogs.univ-tlse2.fr\/licenceproanimation\/wp-json\/wp\/v2\/pages"}],"about":[{"href":"https:\/\/blogs.univ-tlse2.fr\/licenceproanimation\/wp-json\/wp\/v2\/types\/page"}],"author":[{"embeddable":true,"href":"https:\/\/blogs.univ-tlse2.fr\/licenceproanimation\/wp-json\/wp\/v2\/users\/1122"}],"replies":[{"embeddable":true,"href":"https:\/\/blogs.univ-tlse2.fr\/licenceproanimation\/wp-json\/wp\/v2\/comments?post=43"}],"version-history":[{"count":13,"href":"https:\/\/blogs.univ-tlse2.fr\/licenceproanimation\/wp-json\/wp\/v2\/pages\/43\/revisions"}],"predecessor-version":[{"id":218,"href":"https:\/\/blogs.univ-tlse2.fr\/licenceproanimation\/wp-json\/wp\/v2\/pages\/43\/revisions\/218"}],"wp:attachment":[{"href":"https:\/\/blogs.univ-tlse2.fr\/licenceproanimation\/wp-json\/wp\/v2\/media?parent=43"}],"curies":[{"name":"wp","href":"https:\/\/api.w.org\/{rel}","templated":true}]}}