 {"id":1576,"date":"2017-01-27T18:04:15","date_gmt":"2017-01-27T17:04:15","guid":{"rendered":"https:\/\/blogs.univ-tlse2.fr\/littera-incognita-2\/?page_id=1576"},"modified":"2018-01-09T19:33:47","modified_gmt":"2018-01-09T18:33:47","slug":"numero-8","status":"publish","type":"page","link":"https:\/\/blogs.univ-tlse2.fr\/littera-incognita-2\/numero-8\/","title":{"rendered":"Num\u00e9ro 8 : Entre-deux : Rupture, passage, alt\u00e9rit\u00e9 &#8211; automne 2017"},"content":{"rendered":"<h2>L&rsquo;\u00e9quipe<\/h2>\n<p><a href=\"https:\/\/blogs.univ-tlse2.fr\/littera-incognita-2\/2017\/01\/27\/edition-et-redaction-du-numero-8\/\">\u00c9dition et comit\u00e9 de r\u00e9daction<\/a><\/p>\n<p><a href=\"https:\/\/blogs.univ-tlse2.fr\/littera-incognita-2\/2017\/01\/27\/comite-scientifique-du-n8\/\">Le comit\u00e9 scientifique<\/a><\/p>\n<hr \/>\n<h2>\u00c9dito<\/h2>\n<p style=\"text-align: justify\">Arts du spectacle, arts plastiques, musicologie, litt\u00e9rature, linguistique, traductologie\u2026 les questions qui animent ces champs d\u2019\u00e9tudes sont multiples et, pour certains, communes. Ils sont travers\u00e9s par les notions de l\u2019entre-deux et de la rupture, du passage et de l\u2019alt\u00e9rit\u00e9. La nature des productions appartenant \u00e0 ces disciplines incite \u00e0 une perp\u00e9tuelle remise en question et \u00e0 une multiplication des angles d\u2019approche originaux, qui incite pr\u00e9cis\u00e9ment \u00e0 l&rsquo;\u00e9clatement des fronti\u00e8res disciplinaires et \u00e0 l&rsquo;adoption d&rsquo;une approche interm\u00e9diale, capable de cerner la nuance de l&rsquo;espace de l&rsquo;entre, de l&rsquo;inter. <span class=\"fontstyle0\">D\u00e8s lors, l\u2019entre-deux constituerait-il un concept nous permettant d\u2019appr\u00e9hender la dynamique de la cr\u00e9ation contemporaine ?<\/span> <a href=\"https:\/\/blogs.univ-tlse2.fr\/littera-incognita-2\/2017\/01\/27\/edito-du-numero-8\/\">lire la suite<\/a><\/p>\n<hr \/>\n<h2>Dossier th\u00e9matique<\/h2>\n<p><a href=\"https:\/\/blogs.univ-tlse2.fr\/littera-incognita-2\/2017\/09\/24\/le-personnage-liminaire-une-notion-ethnocritique\/\">Le \u00ab personnage liminaire \u00bb : une notion ethnocritique<\/a><br \/>\nSophie M\u00c9NARD<\/p>\n<h2>Les articles<\/h2>\n<p><a href=\"https:\/\/blogs.univ-tlse2.fr\/littera-incognita-2\/2017\/09\/17\/seuils-et-debordements-dans-travels-in-hyperreality-dumberto-eco\/\">Seuils et d\u00e9bordements dans Travels in <em>Hyperreality<\/em> d&rsquo;Umberto Eco<\/a><br \/>\nAna CALVETE<\/p>\n<p><a href=\"https:\/\/blogs.univ-tlse2.fr\/littera-incognita-2\/2017\/09\/17\/le-deporte-chez-semprun-et-vercors-figures-de-la-zone-grise\/\">Le d\u00e9port\u00e9 chez Semprun et Vercors, figures de la zone grise<\/a><br \/>\nEva RAYNAL<\/p>\n<p><a href=\"https:\/\/blogs.univ-tlse2.fr\/littera-incognita-2\/2017\/09\/17\/aux-frontieres-de-lhistoire-coloniale-et-de-lheritage-matriarcal-du-vietnam-dans-rapaces-danna-moi\/\">Aux fronti\u00e8res de l\u2019histoire coloniale et de l\u2019h\u00e9ritage matriarcal vietnamien dans <em>Rapaces<\/em> d\u2019Anna Mo\u00ef<\/a><br \/>\nAur\u00e9lie CHEVANT-AKSOY<\/p>\n<p><a href=\"https:\/\/blogs.univ-tlse2.fr\/littera-incognita-2\/2017\/09\/17\/visage-numerique-et-masque-mortuaire\/\">Visage num\u00e9rique et masque mortuaire<\/a><br \/>\nVincent DUCH\u00c9<\/p>\n<p><a href=\"https:\/\/blogs.univ-tlse2.fr\/littera-incognita-2\/2017\/09\/17\/etre-ou-ne-pas-etre-lentre-deux-lieux-chez-jean-luc-lagarce\/\">\u00catre o\u00f9 ne pas \u00eatre\u2026 : L\u2019entre-deux lieux chez Jean-Luc Lagarce<\/a><br \/>\nFatima EZZAHRA TIZNITI<\/p>\n<p><a href=\"https:\/\/blogs.univ-tlse2.fr\/littera-incognita-2\/2017\/09\/17\/unrest-de-lin-quietude-a-la-grace-tension-rupture-et-reconciliation\/\"><em>Unrest<\/em>, de l\u2019inqui\u00e9tude \u00e0 la gr\u00e2ce. Tension, rupture et r\u00e9conciliation<\/a><br \/>\nMilena ESCOBAR HERRERA<\/p>\n<p><a href=\"https:\/\/blogs.univ-tlse2.fr\/littera-incognita-2\/2017\/09\/17\/le-fantome-a-la-fin-du-moyen-age-un-personnage-charge-de-rassembler-les-vivants-et-les-morts\/\">Le fant\u00f4me \u00e0 la fin du Moyen-\u00c2ge : un personnage charg\u00e9 de rassembler les vivants et les morts<\/a><br \/>\nIsabelle MARCHESSOU<\/p>\n<p><a href=\"https:\/\/blogs.univ-tlse2.fr\/littera-incognita-2\/2017\/09\/17\/generacion-x-une-genese-de-lintermedialite\/\">Generaci\u00f3n X : une gen\u00e8se de l\u2019interm\u00e9dialit\u00e9<\/a><br \/>\nMagalie VION<\/p>\n<p><a href=\"https:\/\/blogs.univ-tlse2.fr\/littera-incognita-2\/2017\/09\/17\/lentre-deux-dans-la-serie-sense8-germe-dune-utopie-planetaire\/\">L\u2019entre-deux dans la s\u00e9rie <em>Sense8<\/em> : germe d\u2019une utopie plan\u00e9taire<\/a><br \/>\nKhalil KHALSI<\/p>\n<p><a href=\"https:\/\/blogs.univ-tlse2.fr\/littera-incognita-2\/2017\/09\/17\/le-viatge-al-purgatori-de-sanct-patrici-par-ramon-de-perelhos-ou-la-materialisation-de-lentre-deux\/\">Le <em>Viatge al Purgatori de sanct Patrici<\/em> par Ramon de Perelhos ou la mat\u00e9rialisation de l\u2019entre-deux<\/a><br \/>\nMarine MAZARS<\/p>\n<p><a href=\"https:\/\/blogs.univ-tlse2.fr\/littera-incognita-2\/2017\/09\/17\/in-girum-de-guy-debord-une-oeuvre-de-fragment\/\">In girum de Guy Debord, une oeuvre de fragment<\/a><br \/>\nPierre Ulysse BARRANQUE<\/p>\n<p><a href=\"https:\/\/blogs.univ-tlse2.fr\/littera-incognita-2\/2017\/09\/17\/dans-lantre-de-lentre\/\">Dans l\u2019antre de l\u2019entre<\/a><br \/>\nRapha\u00ebl YUNG MARIANO<\/p>\n<h2>Dossier artistique<\/h2>\n<p><a href=\"https:\/\/blogs.univ-tlse2.fr\/littera-incognita-2\/2017\/09\/17\/un-album-jeunesse-pour-questionner-la-notion-dalterite-et-lentre-deux-baya-letrangere\/\">Un album jeunesse pour questionner la notion d\u2019alt\u00e9rit\u00e9 et l\u2019entre-deux : <em>Baya, l\u2019\u00e9trang\u00e8re<\/em><\/a><br \/>\nEmmanuelle HALGAND<\/p>\n<p><a href=\"https:\/\/blogs.univ-tlse2.fr\/littera-incognita-2\/2017\/10\/04\/interview-de-lou-andrea-lassalle\/\">Interview de Lou Andr\u00e9a LASSALE<\/a><br \/>\npar Marion LE TORRIVELLEC et Julie MARTIN<\/p>\n<p>&nbsp;<\/p>\n","protected":false},"excerpt":{"rendered":"<p>L&rsquo;\u00e9quipe \u00c9dition et comit\u00e9 de r\u00e9daction Le comit\u00e9 scientifique \u00c9dito Arts du spectacle, arts plastiques, musicologie, litt\u00e9rature, linguistique, traductologie\u2026 les questions qui animent ces champs d\u2019\u00e9tudes sont multiples et, pour certains, communes. Ils sont travers\u00e9s par les notions de l\u2019entre-deux et de la rupture, du passage et de l\u2019alt\u00e9rit\u00e9. La nature des productions appartenant \u00e0 [&hellip;]<\/p>\n","protected":false},"author":33,"featured_media":0,"parent":0,"menu_order":0,"comment_status":"closed","ping_status":"closed","template":"","meta":{"footnotes":""},"class_list":["post-1576","page","type-page","status-publish","hentry","post-preview"],"_links":{"self":[{"href":"https:\/\/blogs.univ-tlse2.fr\/littera-incognita-2\/wp-json\/wp\/v2\/pages\/1576","targetHints":{"allow":["GET"]}}],"collection":[{"href":"https:\/\/blogs.univ-tlse2.fr\/littera-incognita-2\/wp-json\/wp\/v2\/pages"}],"about":[{"href":"https:\/\/blogs.univ-tlse2.fr\/littera-incognita-2\/wp-json\/wp\/v2\/types\/page"}],"author":[{"embeddable":true,"href":"https:\/\/blogs.univ-tlse2.fr\/littera-incognita-2\/wp-json\/wp\/v2\/users\/33"}],"replies":[{"embeddable":true,"href":"https:\/\/blogs.univ-tlse2.fr\/littera-incognita-2\/wp-json\/wp\/v2\/comments?post=1576"}],"version-history":[{"count":26,"href":"https:\/\/blogs.univ-tlse2.fr\/littera-incognita-2\/wp-json\/wp\/v2\/pages\/1576\/revisions"}],"predecessor-version":[{"id":3126,"href":"https:\/\/blogs.univ-tlse2.fr\/littera-incognita-2\/wp-json\/wp\/v2\/pages\/1576\/revisions\/3126"}],"wp:attachment":[{"href":"https:\/\/blogs.univ-tlse2.fr\/littera-incognita-2\/wp-json\/wp\/v2\/media?parent=1576"}],"curies":[{"name":"wp","href":"https:\/\/api.w.org\/{rel}","templated":true}]}}