 {"id":20,"date":"2010-03-12T10:15:44","date_gmt":"2010-03-12T09:15:44","guid":{"rendered":"https:\/\/blogs.univ-tlse2.fr\/littera-incognita\/projet\/"},"modified":"2017-10-13T03:27:47","modified_gmt":"2017-10-13T02:27:47","slug":"projet","status":"publish","type":"page","link":"https:\/\/blogs.univ-tlse2.fr\/littera-incognita-2\/projet\/","title":{"rendered":"Projet"},"content":{"rendered":"<p>&nbsp;<\/p>\n<h3 style=\"text-align: center\">Qu\u2019est-ce que <em>Littera Incognita<\/em> ?<\/h3>\n<p>&nbsp;<\/p>\n<h4><strong>Historique<\/strong><\/h4>\n<p style=\"text-align: justify\">La revue<em> Littera Incognita<\/em> voit le jour en 2005 sous l\u2019impulsion de Yannick Malgouzou et Bao-Trang Ha-Minh, alors doctorants au sein de notre laboratoire LLA-CR\u00c9ATIS. Elle a pour but de rassembler et de publier, les r\u00e9sultats des journ\u00e9es d\u2019\u00e9tudes des doctorants du laboratoire (JDD). Un premier num\u00e9ro para\u00eet donc en 2005, bient\u00f4t suivi, en 2007, par une deuxi\u00e8me publication \u00e0 l\u2019initiative de Yannick Malgouzou et Fabrice Corrons. Cette nouvelle mouture recueille les meilleures communications des JDD d\u2019avril et mai 2007.<\/p>\n<p style=\"text-align: justify\">Apr\u00e8s quelques ann\u00e9es de silence, <em>Littera Incognita <\/em>revient en 2010 port\u00e9e par C\u00e9cile Fourrel de Frettes, Sarah Jammes, Emilie Lumi\u00e8re, Beno\u00eet Monginot et Anne-Claire Pailliss\u00e9. Elle permet la publication des actes d\u2019une journ\u00e9e d\u2019\u00e9tudes organis\u00e9e en f\u00e9vrier 2010 par Emilie Lumi\u00e8re et Marco Toledo et dont le titre indique \u00e0 lui seul l\u2019orientation r\u00e9solument interdisciplinaire de la revue\u00a0: \u00ab\u00a0Les Interactions\u00a0II. Convergences, collaborations et dispositifs culturels crois\u00e9s\u00a0\u00bb. Nouveaut\u00e9 du cru 2010, <em>Littera Incognita<\/em> devient une v\u00e9ritable revue \u00e9lectronique h\u00e9berg\u00e9e par le serveur des Presses Universitaires du Midi (anciennement <em>Presses Universitaires du Mirail<\/em>), et se propose de publier d\u00e9sormais un num\u00e9ro par an. Outil \u00e9volutif, elle int\u00e8gre d\u00e9sormais, outre les donn\u00e9es scientifiques issues des JDD, un blog o\u00f9 les doctorants du laboratoire et les lecteurs peuvent poser des questions ou apporter des compl\u00e9ments d\u2019information sur les articles mis en ligne. Ce nouveau site internet propose \u00e9galement un agenda r\u00e9pertoriant les principaux \u00e9v\u00e9nements scientifiques et culturels \u00e0 venir et une liste de liens et d\u2019e-revues int\u00e9ressant les diff\u00e9rentes disciplines repr\u00e9sent\u00e9es au sein de LLA-CR\u00c9ATIS.<\/p>\n<p style=\"text-align: justify\">Depuis 2016, <em>Littera Incognita<\/em> diversifie ses publications. Si elle continue de publier, chaque ann\u00e9e, les actes de la Journ\u00e9e d&rsquo;\u00c9tude des doctorants du laboratoire LLA-Cr\u00e9atis, elle se lance \u00e9galement dans l&rsquo;\u00e9dition annuelle d&rsquo;un num\u00e9ro ind\u00e9pendant, dont la th\u00e9matique est profond\u00e9ment li\u00e9e aux axes de recherche du laboratoire. Ce num\u00e9ro sp\u00e9cial se compose de publications scientifiques accept\u00e9es suite \u00e0 un appel \u00e0 communication puis \u00e9valu\u00e9es de mani\u00e8re anonymis\u00e9e par le Comit\u00e9 Scientifique et le Comit\u00e9 de R\u00e9daction. Sa principale nouveaut\u00e9 r\u00e9side dans l&rsquo;ajout de deux dossiers. L&rsquo;un th\u00e9matique, comprenant un ou plusieurs articles de chercheurs sp\u00e9cialis\u00e9s dans le champ de recherche du num\u00e9ro, et qui ont accept\u00e9 d&rsquo;\u00e9crire un article in\u00e9dit pour la revue. L&rsquo;autre artistique, toujours en lien avec la th\u00e9matique choisie, comprend des r\u00e9flexions artistiques de nature vari\u00e9e : des articles scientifiques aux expositions, en passant par des interviews ou des pr\u00e9sentations dynamiques, ces contributions tirent profit des possibilit\u00e9s offertes par le support num\u00e9rique de la revue.<\/p>\n<h4><strong>Objectifs<br \/>\n<\/strong><\/h4>\n<p style=\"text-align: justify\">Accueillant et diffusant les travaux des jeunes chercheurs de LLA-CR\u00c9ATIS, <em>Littera Incognita<\/em> s\u2019inscrit dans une dynamique de d\u00e9bats \u00e0 l\u2019int\u00e9rieur de notre (si vaste) laboratoire tout en ouvrant un dialogue avec des chercheurs appartenant \u00e0 d\u2019autres laboratoires et universit\u00e9s. Cette logique d\u2019\u00e9change et de questionnement ne peut qu\u2019\u00eatre b\u00e9n\u00e9fique \u00e0 l\u2019entreprise de construction de nouveaux savoirs qu\u2019est la r\u00e9daction d\u2019une th\u00e8se.<\/p>\n<p style=\"text-align: justify\">En renaissant sous la forme d\u2019une e-revue,\u00a0<em>Littera Incognita<\/em> affirme \u00e9galement l\u2019id\u00e9e-force qu\u2019un savoir est fait par tous et pour tous. Dans un contexte qui est \u00e0 la mercantilisation de la connaissance, la gratuit\u00e9 de la revue et sa gestion b\u00e9n\u00e9vole par de jeunes chercheurs repr\u00e9sentent un engagement certain dans le d\u00e9bat contemporain. Une universit\u00e9 vivante est une universit\u00e9 capable de communiquer et d\u2019<em>offrir <\/em>ses questionnements et ses d\u00e9couvertes \u00e0 un vaste public.<\/p>\n<p style=\"text-align: justify\">La gestion de <em>Littera Incognita, <\/em>ouverte \u00e0 tous les doctorants du laboratoire, appara\u00eet enfin comme une belle opportunit\u00e9 de formation aux techniques de l\u2019\u00e9dition en ligne. Elle s\u2019inscrit ainsi dans une logique de professionnalisation de la formation doctorale, tout en pr\u00e9sentant le m\u00e9tier de chercheur sous ses aspects les plus concrets\u00a0: \u00e0 c\u00f4t\u00e9 du travail proprement \u00e9ditorial, l\u2019implication dans la revue permet une approche collective des probl\u00e9matiques de la recherche.<\/p>\n<p>&nbsp;<\/p>\n<h4><strong>Processus de publication<br \/>\n<\/strong><\/h4>\n<p>De l\u2019id\u00e9e \u00e0 sa r\u00e9alisation, le chemin est long\u2026\u00a0 Mais c\u2019est le prix de la rigueur.<\/p>\n<p style=\"text-align: justify\">Chaque num\u00e9ro fait suite \u00e0 une ou plusieurs journ\u00e9es d\u2019\u00e9tudes des doctorants\u00a0de LLA-CR\u00c9ATIS : un appel \u00e0 communications est donc lanc\u00e9 sur un th\u00e8me choisi en concertation avec la direction du laboratoire. Un comit\u00e9 d\u2019expertise compos\u00e9 d\u2019enseignants et de doctorants s\u00e9lectionne alors les propositions les plus pertinentes scientifiquement.<\/p>\n<p style=\"text-align: justify\">Suite \u00e0 la journ\u00e9e d\u2019\u00e9tudes, les participants envoient le texte de leur communication, r\u00e9dig\u00e9 conform\u00e9ment aux consignes indiqu\u00e9es sur le site. Ceux-ci sont alors expertis\u00e9s par un comit\u00e9 de lecture interdisciplinaire compos\u00e9 d\u2019enseignants du laboratoire.<\/p>\n<p style=\"text-align: justify\">Vient alors le moment de la mise en ligne. Pour ce faire, les doctorants charg\u00e9s de la publication ont re\u00e7u une formation dispens\u00e9e par M. Eric Ferrante de la DTICE de l\u2019Universit\u00e9 de Toulouse &#8211; Jean Jaur\u00e8s.<\/p>\n<p>&nbsp;<\/p>\n<p>&nbsp;<\/p>\n","protected":false},"excerpt":{"rendered":"<p>&nbsp; Qu\u2019est-ce que Littera Incognita ? &nbsp; Historique La revue Littera Incognita voit le jour en 2005 sous l\u2019impulsion de Yannick Malgouzou et Bao-Trang Ha-Minh, alors doctorants au sein de notre laboratoire LLA-CR\u00c9ATIS. Elle a pour but de rassembler et de publier, les r\u00e9sultats des journ\u00e9es d\u2019\u00e9tudes des doctorants du laboratoire (JDD). Un premier num\u00e9ro [&hellip;]<\/p>\n","protected":false},"author":1,"featured_media":0,"parent":0,"menu_order":0,"comment_status":"closed","ping_status":"closed","template":"","meta":{"footnotes":""},"class_list":["post-20","page","type-page","status-publish","hentry","post-preview"],"_links":{"self":[{"href":"https:\/\/blogs.univ-tlse2.fr\/littera-incognita-2\/wp-json\/wp\/v2\/pages\/20","targetHints":{"allow":["GET"]}}],"collection":[{"href":"https:\/\/blogs.univ-tlse2.fr\/littera-incognita-2\/wp-json\/wp\/v2\/pages"}],"about":[{"href":"https:\/\/blogs.univ-tlse2.fr\/littera-incognita-2\/wp-json\/wp\/v2\/types\/page"}],"author":[{"embeddable":true,"href":"https:\/\/blogs.univ-tlse2.fr\/littera-incognita-2\/wp-json\/wp\/v2\/users\/1"}],"replies":[{"embeddable":true,"href":"https:\/\/blogs.univ-tlse2.fr\/littera-incognita-2\/wp-json\/wp\/v2\/comments?post=20"}],"version-history":[{"count":14,"href":"https:\/\/blogs.univ-tlse2.fr\/littera-incognita-2\/wp-json\/wp\/v2\/pages\/20\/revisions"}],"predecessor-version":[{"id":2994,"href":"https:\/\/blogs.univ-tlse2.fr\/littera-incognita-2\/wp-json\/wp\/v2\/pages\/20\/revisions\/2994"}],"wp:attachment":[{"href":"https:\/\/blogs.univ-tlse2.fr\/littera-incognita-2\/wp-json\/wp\/v2\/media?parent=20"}],"curies":[{"name":"wp","href":"https:\/\/api.w.org\/{rel}","templated":true}]}}