 {"id":2162,"date":"2017-04-03T12:22:31","date_gmt":"2017-04-03T11:22:31","guid":{"rendered":"https:\/\/blogs.univ-tlse2.fr\/littera-incognita-2\/?page_id=2162"},"modified":"2017-05-29T23:54:32","modified_gmt":"2017-05-29T22:54:32","slug":"equipes","status":"publish","type":"page","link":"https:\/\/blogs.univ-tlse2.fr\/littera-incognita-2\/equipes\/","title":{"rendered":"\u00c9quipes"},"content":{"rendered":"<h3>\u00c9dition, Comit\u00e9 de R\u00e9daction et Comit\u00e9 Scientifique<\/h3>\n<p style=\"text-align: justify\">La revue <em>Litter@ Incognita<\/em> est dirig\u00e9e par des doctorants du laboratoire LLA-Cr\u00e9atis de l&rsquo;Universit\u00e9 Toulouse Jean Jaur\u00e8s. Les membres responsables de l&rsquo;\u00e9dition et constituant le Comit\u00e9 de R\u00e9daction sont des doctorants dont la vari\u00e9t\u00e9 des sp\u00e9cialit\u00e9s et des sujets de recherche refl\u00e8te la pluridisciplinarit\u00e9 et l&rsquo;ouverture du laboratoire LLA-Cr\u00e9atis. La composition du Comit\u00e9 de R\u00e9daction varie d&rsquo;un num\u00e9ro \u00e0 l&rsquo;autre, puisqu&rsquo;il int\u00e8gre aussi bien des doctorants en d\u00e9but de th\u00e8se que des jeunes docteurs du laboratoire.<\/p>\n<p style=\"text-align: justify\">Le Comit\u00e9 Scientifique de la revue <em>Litter@ Incognita<\/em> est compos\u00e9 d&rsquo;enseignants-chercheurs et de chercheurs associ\u00e9s du laboratoire LLA-Cr\u00e9atis. La composition du Comit\u00e9 Scientifique varie\u00a0d&rsquo;un num\u00e9ro \u00e0 l&rsquo;autre, en fonction du th\u00e8me choisi et des domaines de recherche des diff\u00e9rents membres, pour \u00e9valuer de mani\u00e8re toujours plus pertinente les propositions de contribution et les articles.<\/p>\n<hr \/>\n<h4><strong>Num\u00e9ro 9<\/strong><\/h4>\n<p><a href=\"https:\/\/blogs.univ-tlse2.fr\/littera-incognita-2\/2017\/04\/03\/edition-et-redaction-du-numero-9\/\">\u00c9dition et r\u00e9daction du num\u00e9ro 9<\/a><\/p>\n<p><a href=\"https:\/\/blogs.univ-tlse2.fr\/littera-incognita-2\/2017\/04\/03\/comite-scientifique-du-n9\/\">Comit\u00e9 scientifique du num\u00e9ro 9<\/a><\/p>\n<h4><strong>Num\u00e9ro 8<\/strong><\/h4>\n<p><a href=\"https:\/\/blogs.univ-tlse2.fr\/littera-incognita-2\/2017\/01\/27\/edition-et-redaction-du-numero-8\/\">\u00c9dition et r\u00e9daction du num\u00e9ro 8<\/a><\/p>\n<p><a href=\"https:\/\/blogs.univ-tlse2.fr\/littera-incognita-2\/2017\/01\/27\/comite-scientifique-du-n8\/\">Comit\u00e9 scientifique du num\u00e9ro 8<\/a><\/p>\n<h4><strong>Num\u00e9ro 7<\/strong><\/h4>\n<p><a href=\"https:\/\/blogs.univ-tlse2.fr\/littera-incognita-2\/2016\/02\/16\/edition-et-redaction-du-n7\/\">\u00c9dition et r\u00e9daction du num\u00e9ro 7<\/a><\/p>\n<p><a href=\"https:\/\/blogs.univ-tlse2.fr\/littera-incognita-2\/2016\/02\/16\/comite-scientifique-du-n7\/\">Comit\u00e9 scientifique du num\u00e9ro 7<\/a><\/p>\n<h4><strong>Num\u00e9ro 6<\/strong><\/h4>\n<p><a href=\"https:\/\/blogs.univ-tlse2.fr\/littera-incognita-2\/2016\/01\/21\/edition-et-redaction-du-n6\/\">\u00c9dition et r\u00e9daction du num\u00e9ro 6<\/a><\/p>\n<p><a href=\"https:\/\/blogs.univ-tlse2.fr\/littera-incognita-2\/2016\/01\/21\/comite-scientifique-du-n6\/\">Comit\u00e9 scientifique du num\u00e9ro 6<\/a><\/p>\n<h4><strong>Num\u00e9ros 4 et 5<\/strong><\/h4>\n<p><a href=\"https:\/\/blogs.univ-tlse2.fr\/littera-incognita-2\/2014\/01\/27\/edition-et-redaction-du-n4\/\">\u00c9dition et r\u00e9daction des num\u00e9ros 4 et 5<\/a><\/p>\n<p><a href=\"https:\/\/blogs.univ-tlse2.fr\/littera-incognita-2\/2014\/01\/27\/comite-scientifique-des-n4-et-5\/\">Comit\u00e9 scientifique des num\u00e9ros 4 et 5<\/a><\/p>\n<h4><strong>Num\u00e9ros 1 \u00e0 3<\/strong><\/h4>\n<p><a href=\"https:\/\/blogs.univ-tlse2.fr\/littera-incognita-2\/2012\/05\/16\/edition-et-redaction-des-numeros-1-a-3\/\">\u00c9dition et r\u00e9daction des num\u00e9ros 1 \u00e0 3<\/a><\/p>\n<p><a href=\"https:\/\/blogs.univ-tlse2.fr\/littera-incognita-2\/2012\/05\/16\/lequipe-des-n-1-a-3\/\">Comit\u00e9 scientifique des num\u00e9ros 1 \u00e0 3<\/a><\/p>\n","protected":false},"excerpt":{"rendered":"<p>\u00c9dition, Comit\u00e9 de R\u00e9daction et Comit\u00e9 Scientifique La revue Litter@ Incognita est dirig\u00e9e par des doctorants du laboratoire LLA-Cr\u00e9atis de l&rsquo;Universit\u00e9 Toulouse Jean Jaur\u00e8s. Les membres responsables de l&rsquo;\u00e9dition et constituant le Comit\u00e9 de R\u00e9daction sont des doctorants dont la vari\u00e9t\u00e9 des sp\u00e9cialit\u00e9s et des sujets de recherche refl\u00e8te la pluridisciplinarit\u00e9 et l&rsquo;ouverture du laboratoire [&hellip;]<\/p>\n","protected":false},"author":33,"featured_media":0,"parent":0,"menu_order":0,"comment_status":"closed","ping_status":"closed","template":"","meta":{"footnotes":""},"class_list":["post-2162","page","type-page","status-publish","hentry","post-preview"],"_links":{"self":[{"href":"https:\/\/blogs.univ-tlse2.fr\/littera-incognita-2\/wp-json\/wp\/v2\/pages\/2162","targetHints":{"allow":["GET"]}}],"collection":[{"href":"https:\/\/blogs.univ-tlse2.fr\/littera-incognita-2\/wp-json\/wp\/v2\/pages"}],"about":[{"href":"https:\/\/blogs.univ-tlse2.fr\/littera-incognita-2\/wp-json\/wp\/v2\/types\/page"}],"author":[{"embeddable":true,"href":"https:\/\/blogs.univ-tlse2.fr\/littera-incognita-2\/wp-json\/wp\/v2\/users\/33"}],"replies":[{"embeddable":true,"href":"https:\/\/blogs.univ-tlse2.fr\/littera-incognita-2\/wp-json\/wp\/v2\/comments?post=2162"}],"version-history":[{"count":7,"href":"https:\/\/blogs.univ-tlse2.fr\/littera-incognita-2\/wp-json\/wp\/v2\/pages\/2162\/revisions"}],"predecessor-version":[{"id":2474,"href":"https:\/\/blogs.univ-tlse2.fr\/littera-incognita-2\/wp-json\/wp\/v2\/pages\/2162\/revisions\/2474"}],"wp:attachment":[{"href":"https:\/\/blogs.univ-tlse2.fr\/littera-incognita-2\/wp-json\/wp\/v2\/media?parent=2162"}],"curies":[{"name":"wp","href":"https:\/\/api.w.org\/{rel}","templated":true}]}}