 {"id":2170,"date":"2021-04-03T12:27:01","date_gmt":"2021-04-03T11:27:01","guid":{"rendered":"https:\/\/blogs.univ-tlse2.fr\/littera-incognita-2\/?page_id=2170"},"modified":"2025-06-26T14:23:40","modified_gmt":"2025-06-26T13:23:40","slug":"les-numeros","status":"publish","type":"page","link":"https:\/\/blogs.univ-tlse2.fr\/littera-incognita-2\/","title":{"rendered":"La revue : tous les num\u00e9ros"},"content":{"rendered":"<h4>Appel \u00e0 contributions en cours<\/h4>\n<ul>\n<li>Num\u00e9ro 14 : <a href=\"https:\/\/blogs.univ-tlse2.fr\/littera-incognita-2\/appel-a-contributions-littera-incognita-n14\/\">Pr\u00e9-histoire(s) de la recherche-cr\u00e9ation<\/a> &#8211; hiver 2025<\/li>\n<\/ul>\n<h4><strong>Publications associ\u00e9es aux Journ\u00e9es d&rsquo;\u00e9tudes des doctorants du laboratoire LLA-Cr\u00e9atis<\/strong><\/h4>\n<ul id=\"menu-tous-les-numeros\" class=\"menu\">\n<li>Num\u00e9ro 13 : <a href=\"https:\/\/blogs.univ-tlse2.fr\/littera-incognita-2\/numero-13-temps-a-loeuvre-temps-des-oeuvres\/\">Temps \u00e0 l&rsquo;oeuvre, temps des oeuvres<\/a> &#8211; automne 2023<\/li>\n<li>Num\u00e9ro 12 : <a href=\"https:\/\/blogs.univ-tlse2.fr\/littera-incognita-2\/?page_id=4953\">Les personnages f\u00e9minins dans les r\u00e9\u00e9critures f\u00e9ministes : esth\u00e9tique et politique des classiques \u00e0 la sc\u00e8ne<\/a> &#8211; automne 2022<\/li>\n<li>Num\u00e9ro 11 : <a href=\"https:\/\/blogs.univ-tlse2.fr\/littera-incognita-2\/\">L\u2019\u0153uvre comme enqu\u00eate \/ l\u2019enqu\u00eate dans l\u2019\u0153uvre : cr\u00e9ation et r\u00e9ception<\/a> &#8211; automne 2019<\/li>\n<li id=\"menu-item-2158\" class=\"menu-item menu-item-type-post_type menu-item-object-page menu-item-2158\">Num\u00e9ro 9 : <a href=\"https:\/\/blogs.univ-tlse2.fr\/littera-incognita-2\/\" target=\"_self\" rel=\"noopener noreferrer\"><em>Lieux et non-lieux : liens au corps<\/em> <\/a>\u2013 hiver 2017<\/li>\n<li>Num\u00e9ro 7 : <a href=\"https:\/\/blogs.univ-tlse2.fr\/littera-incognita-2\/sommaire-du-n7\/\"><em>Territoire et interm\u00e9dialit\u00e9<\/em><\/a> \u2013 automne 2016<\/li>\n<li id=\"menu-item-694\" class=\"menu-item menu-item-type-post_type menu-item-object-page menu-item-694\">Num\u00e9ro 6 : <a href=\"https:\/\/blogs.univ-tlse2.fr\/littera-incognita-2\/sommaire-du-n6\/\" target=\"_self\" rel=\"noopener noreferrer\"><em>Jeux et enjeux du corps : entre po\u00ef\u00e9tique et perception<\/em><\/a> \u2013 \u00e9t\u00e9 2016<\/li>\n<li id=\"menu-item-1045\" class=\"menu-item menu-item-type-post_type menu-item-object-page menu-item-1045\">Num\u00e9ro 5 : <a href=\"https:\/\/blogs.univ-tlse2.fr\/littera-incognita-2\/sommaire-du-n5\/\" target=\"_self\" rel=\"noopener noreferrer\"><em>Image mise en trope(s)<\/em><\/a> \u2013 2013<\/li>\n<li id=\"menu-item-1044\" class=\"menu-item menu-item-type-post_type menu-item-object-page menu-item-1044\">Num\u00e9ro 4 : <a href=\"https:\/\/blogs.univ-tlse2.fr\/littera-incognita-2\/sommaire-du-n4\/\" target=\"_self\" rel=\"noopener noreferrer\"><em>L\u2019hybride \u00e0 l\u2019\u00e9preuve des regards crois\u00e9s<\/em><\/a> \u2013 2012<\/li>\n<li id=\"menu-item-1040\" class=\"menu-item menu-item-type-post_type menu-item-object-page menu-item-1040\">Num\u00e9ro 3 : <a href=\"https:\/\/blogs.univ-tlse2.fr\/littera-incognita-2\/sommaire-du-n3\/\"><em>Les Interactions II<\/em><\/a> \u2013 2010<\/li>\n<li id=\"menu-item-1041\" class=\"menu-item menu-item-type-post_type menu-item-object-page menu-item-1041\">Num\u00e9ro 2 : <a href=\"https:\/\/blogs.univ-tlse2.fr\/littera-incognita-2\/sommaire-du-n2\/\"><em>Les Interactions I<\/em><\/a> \u2013 2007<\/li>\n<li id=\"menu-item-1042\" class=\"menu-item menu-item-type-post_type menu-item-object-page menu-item-1042\">Num\u00e9ro 1 : <a href=\"https:\/\/blogs.univ-tlse2.fr\/littera-incognita-2\/sommaire-du-n1\/\" target=\"_self\" rel=\"noopener noreferrer\"><em>Commencements<\/em> <\/a>\u2013 2005<\/li>\n<\/ul>\n<h4><strong>Publications ind\u00e9pendantes<\/strong><\/h4>\n<ul>\n<li id=\"menu-item-1588\" class=\"menu-item menu-item-type-post_type menu-item-object-page menu-item-1588\">Num\u00e9ro 8 : <a href=\"https:\/\/blogs.univ-tlse2.fr\/littera-incognita-2\/numero-8\/\" target=\"_self\" rel=\"noopener noreferrer\"><em>Entre-deux : Rupture, passage, alt\u00e9rit\u00e9<\/em><\/a> \u2013 automne 2017<\/li>\n<li>Num\u00e9ro 10 : <a href=\"https:\/\/blogs.univ-tlse2.fr\/littera-incognita-2\/numero-10-representations-du-desir-feminin-entre-texte-et-image\/\"><em>Repr\u00e9sentation du d\u00e9sir f\u00e9minin : entre texte et image<\/em><\/a>\u00a0\u2013 \u00e9t\u00e9 2019<\/li>\n<\/ul>\n\n\n<p><\/p>\n\n\n\n<p><\/p>\n\n\n\n<p>ISSN : 2101-3489<\/p>\n","protected":false},"excerpt":{"rendered":"<p>Appel \u00e0 contributions en cours Num\u00e9ro 14 : Pr\u00e9-histoire(s) de la recherche-cr\u00e9ation &#8211; hiver 2025 Publications associ\u00e9es aux Journ\u00e9es d&rsquo;\u00e9tudes des doctorants du laboratoire LLA-Cr\u00e9atis Num\u00e9ro 13 : Temps \u00e0 l&rsquo;oeuvre, temps des oeuvres &#8211; automne 2023 Num\u00e9ro 12 : Les personnages f\u00e9minins dans les r\u00e9\u00e9critures f\u00e9ministes : esth\u00e9tique et politique des classiques \u00e0 la [&hellip;]<\/p>\n","protected":false},"author":33,"featured_media":0,"parent":0,"menu_order":0,"comment_status":"closed","ping_status":"closed","template":"","meta":{"footnotes":""},"class_list":["post-2170","page","type-page","status-publish","hentry","post-preview"],"_links":{"self":[{"href":"https:\/\/blogs.univ-tlse2.fr\/littera-incognita-2\/wp-json\/wp\/v2\/pages\/2170","targetHints":{"allow":["GET"]}}],"collection":[{"href":"https:\/\/blogs.univ-tlse2.fr\/littera-incognita-2\/wp-json\/wp\/v2\/pages"}],"about":[{"href":"https:\/\/blogs.univ-tlse2.fr\/littera-incognita-2\/wp-json\/wp\/v2\/types\/page"}],"author":[{"embeddable":true,"href":"https:\/\/blogs.univ-tlse2.fr\/littera-incognita-2\/wp-json\/wp\/v2\/users\/33"}],"replies":[{"embeddable":true,"href":"https:\/\/blogs.univ-tlse2.fr\/littera-incognita-2\/wp-json\/wp\/v2\/comments?post=2170"}],"version-history":[{"count":20,"href":"https:\/\/blogs.univ-tlse2.fr\/littera-incognita-2\/wp-json\/wp\/v2\/pages\/2170\/revisions"}],"predecessor-version":[{"id":6285,"href":"https:\/\/blogs.univ-tlse2.fr\/littera-incognita-2\/wp-json\/wp\/v2\/pages\/2170\/revisions\/6285"}],"wp:attachment":[{"href":"https:\/\/blogs.univ-tlse2.fr\/littera-incognita-2\/wp-json\/wp\/v2\/media?parent=2170"}],"curies":[{"name":"wp","href":"https:\/\/api.w.org\/{rel}","templated":true}]}}