 {"id":22,"date":"2010-03-12T10:16:23","date_gmt":"2010-03-12T09:16:23","guid":{"rendered":"https:\/\/blogs.univ-tlse2.fr\/littera-incognita\/les-doctorants-de-lla\/"},"modified":"2017-05-30T00:03:29","modified_gmt":"2017-05-29T23:03:29","slug":"les-doctorants-de-lla","status":"publish","type":"page","link":"https:\/\/blogs.univ-tlse2.fr\/littera-incognita-2\/les-doctorants-de-lla\/","title":{"rendered":"Les Doctorants de LLA-CR\u00c9ATIS"},"content":{"rendered":"<h5 style=\"text-align: center\"><\/h5>\n<h5 style=\"text-align: center\"><em><br \/>\n<\/em><strong>LA JOURN\u00c9E D&rsquo;\u00c9TUDES DES DOCTORANTS<\/strong><em><br \/>\n<\/em><\/h5>\n<p style=\"text-align: justify;padding-left: 10px\">Chaque ann\u00e9e, les Doctorants de LLA-CR\u00c9ATIS organisent une journ\u00e9e d&rsquo;\u00e9tudes autour des th\u00e9matiques centrales du Laboratoire.<\/p>\n<p style=\"text-align: justify;padding-left: 10px\">Un appel \u00e0 communication est adress\u00e9 \u00e0 l&rsquo;ensemble des Doctorants de l&rsquo;\u00e9cole doctorale ALLPH@. Les diverses propositions sont examin\u00e9es par un Comit\u00e9 Scientifique compos\u00e9 de Professeurs et de Doctorants<strong>. <\/strong>Les textes retenus sont consultables dans notre revue en ligne.<\/p>\n<h5 style=\"text-align: center\"><strong>L&rsquo;ANNUAIRE DES DOCTORANTS<\/strong><em><br \/>\n<\/em><\/h5>\n<p style=\"padding-left: 10px;text-align: justify\">Pour consulter la <strong><a href=\"https:\/\/blogs.univ-tlse2.fr\/littera-incognita-2\/files\/2010\/03\/Doctorants-inscrits-en-2016-2017-avec-sujets.pdf\">liste des Doctorants 2016-2017<\/a><\/strong> et conna\u00eetre les sujets de th\u00e8ses pr\u00e9par\u00e9s<strong>.<\/strong><strong><a href=\"https:\/\/blogs.univ-tlse2.fr\/littera-incognita\/files\/2010\/03\/SUJETS-doctorants_llacreatis1.pdf\"><br \/>\n<\/a><\/strong><\/p>\n<p style=\"padding-left: 60px\">\n","protected":false},"excerpt":{"rendered":"<p>LA JOURN\u00c9E D&rsquo;\u00c9TUDES DES DOCTORANTS Chaque ann\u00e9e, les Doctorants de LLA-CR\u00c9ATIS organisent une journ\u00e9e d&rsquo;\u00e9tudes autour des th\u00e9matiques centrales du Laboratoire. Un appel \u00e0 communication est adress\u00e9 \u00e0 l&rsquo;ensemble des Doctorants de l&rsquo;\u00e9cole doctorale ALLPH@. Les diverses propositions sont examin\u00e9es par un Comit\u00e9 Scientifique compos\u00e9 de Professeurs et de Doctorants. Les textes retenus sont consultables [&hellip;]<\/p>\n","protected":false},"author":1,"featured_media":0,"parent":0,"menu_order":0,"comment_status":"closed","ping_status":"closed","template":"","meta":{"footnotes":""},"class_list":["post-22","page","type-page","status-publish","hentry","post-preview"],"_links":{"self":[{"href":"https:\/\/blogs.univ-tlse2.fr\/littera-incognita-2\/wp-json\/wp\/v2\/pages\/22","targetHints":{"allow":["GET"]}}],"collection":[{"href":"https:\/\/blogs.univ-tlse2.fr\/littera-incognita-2\/wp-json\/wp\/v2\/pages"}],"about":[{"href":"https:\/\/blogs.univ-tlse2.fr\/littera-incognita-2\/wp-json\/wp\/v2\/types\/page"}],"author":[{"embeddable":true,"href":"https:\/\/blogs.univ-tlse2.fr\/littera-incognita-2\/wp-json\/wp\/v2\/users\/1"}],"replies":[{"embeddable":true,"href":"https:\/\/blogs.univ-tlse2.fr\/littera-incognita-2\/wp-json\/wp\/v2\/comments?post=22"}],"version-history":[{"count":8,"href":"https:\/\/blogs.univ-tlse2.fr\/littera-incognita-2\/wp-json\/wp\/v2\/pages\/22\/revisions"}],"predecessor-version":[{"id":2478,"href":"https:\/\/blogs.univ-tlse2.fr\/littera-incognita-2\/wp-json\/wp\/v2\/pages\/22\/revisions\/2478"}],"wp:attachment":[{"href":"https:\/\/blogs.univ-tlse2.fr\/littera-incognita-2\/wp-json\/wp\/v2\/media?parent=22"}],"curies":[{"name":"wp","href":"https:\/\/api.w.org\/{rel}","templated":true}]}}