 {"id":23,"date":"2010-03-12T10:16:36","date_gmt":"2010-03-12T09:16:36","guid":{"rendered":"https:\/\/blogs.univ-tlse2.fr\/littera-incognita\/partenaires\/"},"modified":"2017-05-30T00:09:35","modified_gmt":"2017-05-29T23:09:35","slug":"partenaires","status":"publish","type":"page","link":"https:\/\/blogs.univ-tlse2.fr\/littera-incognita-2\/partenaires\/","title":{"rendered":"Appuis universitaires"},"content":{"rendered":"<p><strong><span style=\"color: #681c28\"><a href=\"http:\/\/lla-creatis.univ-tlse2.fr\/\"><img loading=\"lazy\" decoding=\"async\" class=\"aligncenter\" src=\"http:\/\/lla-creatis.univ-tlse2.fr\/images\/lla-creatis\/logo.jpg\" alt=\"http:\/\/lla-creatis.univ-tlse2.fr\/images\/lla-creatis\/logo.jpg\" width=\"96\" height=\"101\" \/><\/a><\/span><\/strong><\/p>\n<p style=\"text-align: center\"><a href=\"http:\/\/lla-creatis.univ-tlse2.fr\/\">Laboratoire LLA &#8211; CR\u00c9ATIS<\/a><\/p>\n<p style=\"text-align: center\">Lettres, Langages et Arts<\/p>\n<p style=\"text-align: center\">Cr\u00e9ation, Recherche, \u00c9mergence en Arts, Textes, Images, Spectacles<\/p>\n<p style=\"text-align: center\">(EA 4152)<\/p>\n<p>&nbsp;<\/p>\n<p><a href=\"https:\/\/blogs.univ-tlse2.fr\/littera-incognita-2\/files\/2010\/03\/logo-allpha.png\"><img loading=\"lazy\" decoding=\"async\" class=\"alignnone wp-image-1763 aligncenter\" src=\"https:\/\/blogs.univ-tlse2.fr\/littera-incognita-2\/files\/2010\/03\/logo-allpha.png\" alt=\"\" width=\"112\" height=\"117\" \/><\/a><\/p>\n<p style=\"text-align: center\"><a href=\"http:\/\/allpha.univ-tlse2.fr\/\">\u00c9cole doctorale Allph@<\/a><\/p>\n<p style=\"text-align: center\">Arts, Lettres, Langues, Philosophie, Communication<\/p>\n<p>&nbsp;<\/p>\n<p><a href=\"https:\/\/blogs.univ-tlse2.fr\/littera-incognita-2\/files\/2010\/03\/universite-federale-tlse-mp_1425562727198-jpg.jpg\"><img loading=\"lazy\" decoding=\"async\" class=\"alignnone wp-image-1762 aligncenter\" src=\"https:\/\/blogs.univ-tlse2.fr\/littera-incognita-2\/files\/2010\/03\/universite-federale-tlse-mp_1425562727198-jpg-300x157.jpg\" alt=\"\" width=\"160\" height=\"84\" srcset=\"https:\/\/blogs.univ-tlse2.fr\/littera-incognita-2\/files\/2010\/03\/universite-federale-tlse-mp_1425562727198-jpg-300x157.jpg 300w, https:\/\/blogs.univ-tlse2.fr\/littera-incognita-2\/files\/2010\/03\/universite-federale-tlse-mp_1425562727198-jpg.jpg 405w\" sizes=\"auto, (max-width: 160px) 100vw, 160px\" \/><\/a><\/p>\n<p style=\"text-align: center\"><a href=\"http:\/\/www.univ-toulouse.fr\/\">Universit\u00e9 f\u00e9d\u00e9rale de Toulouse &#8211; Midi-Pyr\u00e9n\u00e9es<\/a><\/p>\n<p>&nbsp;<\/p>\n<p><a href=\"https:\/\/blogs.univ-tlse2.fr\/littera-incognita-2\/files\/2010\/03\/logo-univ-1412088962436-jpg_1412173979749-jpg.jpg\"><img loading=\"lazy\" decoding=\"async\" class=\"alignnone wp-image-1761 aligncenter\" src=\"https:\/\/blogs.univ-tlse2.fr\/littera-incognita-2\/files\/2010\/03\/logo-univ-1412088962436-jpg_1412173979749-jpg-300x120.jpg\" alt=\"\" width=\"180\" height=\"72\" srcset=\"https:\/\/blogs.univ-tlse2.fr\/littera-incognita-2\/files\/2010\/03\/logo-univ-1412088962436-jpg_1412173979749-jpg-300x120.jpg 300w, https:\/\/blogs.univ-tlse2.fr\/littera-incognita-2\/files\/2010\/03\/logo-univ-1412088962436-jpg_1412173979749-jpg.jpg 550w\" sizes=\"auto, (max-width: 180px) 100vw, 180px\" \/><\/a><\/p>\n<p style=\"text-align: center\"><a href=\"http:\/\/www.univ-tlse2.fr\/\">Universit\u00e9 Toulouse &#8211; Jean Jaur\u00e8s<\/a><\/p>\n","protected":false},"excerpt":{"rendered":"<p>Laboratoire LLA &#8211; CR\u00c9ATIS Lettres, Langages et Arts Cr\u00e9ation, Recherche, \u00c9mergence en Arts, Textes, Images, Spectacles (EA 4152) &nbsp; \u00c9cole doctorale Allph@ Arts, Lettres, Langues, Philosophie, Communication &nbsp; Universit\u00e9 f\u00e9d\u00e9rale de Toulouse &#8211; Midi-Pyr\u00e9n\u00e9es &nbsp; Universit\u00e9 Toulouse &#8211; Jean Jaur\u00e8s<\/p>\n","protected":false},"author":1,"featured_media":0,"parent":0,"menu_order":0,"comment_status":"closed","ping_status":"closed","template":"","meta":{"footnotes":""},"class_list":["post-23","page","type-page","status-publish","hentry","post-preview"],"_links":{"self":[{"href":"https:\/\/blogs.univ-tlse2.fr\/littera-incognita-2\/wp-json\/wp\/v2\/pages\/23","targetHints":{"allow":["GET"]}}],"collection":[{"href":"https:\/\/blogs.univ-tlse2.fr\/littera-incognita-2\/wp-json\/wp\/v2\/pages"}],"about":[{"href":"https:\/\/blogs.univ-tlse2.fr\/littera-incognita-2\/wp-json\/wp\/v2\/types\/page"}],"author":[{"embeddable":true,"href":"https:\/\/blogs.univ-tlse2.fr\/littera-incognita-2\/wp-json\/wp\/v2\/users\/1"}],"replies":[{"embeddable":true,"href":"https:\/\/blogs.univ-tlse2.fr\/littera-incognita-2\/wp-json\/wp\/v2\/comments?post=23"}],"version-history":[{"count":6,"href":"https:\/\/blogs.univ-tlse2.fr\/littera-incognita-2\/wp-json\/wp\/v2\/pages\/23\/revisions"}],"predecessor-version":[{"id":2479,"href":"https:\/\/blogs.univ-tlse2.fr\/littera-incognita-2\/wp-json\/wp\/v2\/pages\/23\/revisions\/2479"}],"wp:attachment":[{"href":"https:\/\/blogs.univ-tlse2.fr\/littera-incognita-2\/wp-json\/wp\/v2\/media?parent=23"}],"curies":[{"name":"wp","href":"https:\/\/api.w.org\/{rel}","templated":true}]}}