 {"id":24,"date":"2010-03-12T10:16:47","date_gmt":"2010-03-12T09:16:47","guid":{"rendered":"https:\/\/blogs.univ-tlse2.fr\/littera-incognita\/contacts\/"},"modified":"2019-02-22T14:01:57","modified_gmt":"2019-02-22T13:01:57","slug":"contacts","status":"publish","type":"page","link":"https:\/\/blogs.univ-tlse2.fr\/littera-incognita-2\/contacts\/","title":{"rendered":"Contacts"},"content":{"rendered":"<p style=\"text-align: center\">Pour toute question ou remarque, n&rsquo;h\u00e9sitez pas \u00e0 nous contacter \u00e0 l&rsquo;adresse suivante :<\/p>\n<p style=\"text-align: center\"><a href=\"&#x6d;ai&#x6c;to&#x3a;li&#x74;te&#x72;a&#46;&#x69;nc&#x6f;&#103;n&#x69;&#116;a&#x40;&#103;m&#x61;&#105;l&#x2e;&#99;o&#x6d;\">&#x6c;&#105;t&#x74;&#x65;ra&#x2e;&#x69;nc&#x6f;&#103;n&#x69;&#x74;&#97;&#64;&#x67;&#x6d;ai&#x6c;&#46;c&#x6f;&#x6d;<\/a><\/p>\n<p><em>\u00a0<\/em><\/p>\n","protected":false},"excerpt":{"rendered":"<p>Pour toute question ou remarque, n&rsquo;h\u00e9sitez pas \u00e0 nous contacter \u00e0 l&rsquo;adresse suivante : &#x6c;i&#x74;&#116;e&#x72;a&#x2e;&#x69;n&#x63;&#111;g&#x6e;i&#x74;&#97;&#64;&#x67;&#109;a&#x69;l&#x2e;&#99;o&#x6d; \u00a0<\/p>\n","protected":false},"author":1,"featured_media":0,"parent":0,"menu_order":0,"comment_status":"closed","ping_status":"closed","template":"","meta":{"footnotes":""},"class_list":["post-24","page","type-page","status-publish","hentry","post-preview"],"_links":{"self":[{"href":"https:\/\/blogs.univ-tlse2.fr\/littera-incognita-2\/wp-json\/wp\/v2\/pages\/24","targetHints":{"allow":["GET"]}}],"collection":[{"href":"https:\/\/blogs.univ-tlse2.fr\/littera-incognita-2\/wp-json\/wp\/v2\/pages"}],"about":[{"href":"https:\/\/blogs.univ-tlse2.fr\/littera-incognita-2\/wp-json\/wp\/v2\/types\/page"}],"author":[{"embeddable":true,"href":"https:\/\/blogs.univ-tlse2.fr\/littera-incognita-2\/wp-json\/wp\/v2\/users\/1"}],"replies":[{"embeddable":true,"href":"https:\/\/blogs.univ-tlse2.fr\/littera-incognita-2\/wp-json\/wp\/v2\/comments?post=24"}],"version-history":[{"count":4,"href":"https:\/\/blogs.univ-tlse2.fr\/littera-incognita-2\/wp-json\/wp\/v2\/pages\/24\/revisions"}],"predecessor-version":[{"id":3538,"href":"https:\/\/blogs.univ-tlse2.fr\/littera-incognita-2\/wp-json\/wp\/v2\/pages\/24\/revisions\/3538"}],"wp:attachment":[{"href":"https:\/\/blogs.univ-tlse2.fr\/littera-incognita-2\/wp-json\/wp\/v2\/media?parent=24"}],"curies":[{"name":"wp","href":"https:\/\/api.w.org\/{rel}","templated":true}]}}