 {"id":32,"date":"2010-03-12T10:18:03","date_gmt":"2010-03-12T09:18:03","guid":{"rendered":"https:\/\/blogs.univ-tlse2.fr\/littera-incognita\/liens\/"},"modified":"2017-03-22T10:20:04","modified_gmt":"2017-03-22T09:20:04","slug":"liens","status":"publish","type":"page","link":"https:\/\/blogs.univ-tlse2.fr\/littera-incognita-2\/liens\/","title":{"rendered":"Liens"},"content":{"rendered":"<p style=\"text-align: justify;padding-left: 10px\">Voici un r\u00e9pertoire de sites internet proposant ressources scientifiques et revues en ligne, class\u00e9es par disciplines.\u00a0 Si vous connaissez d&rsquo;autres sites qui vous paraissent avoir leur place dans cette liste, n&rsquo;h\u00e9sitez pas \u00e0 nous en informer.<\/p>\n<p>&nbsp;<\/p>\n<p><strong><span style=\"color: #333399\">Consultation de publications en sciences humaines et sociales :<br \/>\n<\/span><\/strong><\/p>\n<ul>\n<li><a href=\"http:\/\/www.persee.fr\/web\/revues\/home\">Pers\u00e9e<\/a><\/li>\n<li><a href=\"http:\/\/www.cairn.info\/index.php?err=1&amp;ident=\">Cairn<\/a><\/li>\n<li><a href=\"http:\/\/www.revues.org\/\">Revues.org<\/a><\/li>\n<\/ul>\n<p>&nbsp;<\/p>\n<p><strong><span style=\"color: #333399\">Litt\u00e9rature g\u00e9n\u00e9rale<\/span><\/strong><\/p>\n<ul>\n<li><a href=\"http:\/\/www.fabula.org\">Fabula<\/a><\/li>\n<li><a href=\"http:\/\/www.vox-poetica.org\">Vox Poetica<\/a><\/li>\n<li><a href=\"http:\/\/www.erudit.org\/fr\/\">\u00c9rudit<\/a> (site qu\u00e9b\u00e9cois de ressources en sciences humaines et sociales)<\/li>\n<li><a href=\"http:\/\/contextes.revues.org\/\">COnTEXTES. Revue de sociologie de la litt\u00e9rature.<\/a><\/li>\n<li><a href=\"http:\/\/www.onfiction.ca\/\">OnFiction<\/a> (site d\u00e9di\u00e9 \u00e0 l&rsquo;\u00e9tude de la fiction sous l&rsquo;angle de la psychologie)<\/li>\n<li><a href=\"http:\/\/remue.net\/spip.php?page=sommaire\">remue.net<\/a> (litt\u00e9rature g\u00e9n\u00e9rale, po\u00e9sie, philosophie contemporaine)<\/li>\n<\/ul>\n<p>&nbsp;<\/p>\n<p><span style=\"color: #333399\"><strong>Math\u00e9matiques et musique<\/strong><\/span><\/p>\n<p style=\"padding-left: 30px\"><strong><em><span style=\"color: #333399\"><span style=\"color: #000000\">Congr\u00e8s<\/span><\/span><\/em><\/strong><\/p>\n<ul>\n<li>\u00a0<a href=\"http:\/\/www.mcm2009.info\/\">International Conference on Mathematics and Computation in Music<\/a> (\u00e9dition 2009)<\/li>\n<\/ul>\n<p style=\"padding-left: 30px\"><span style=\"color: #333399\"><span style=\"color: #000000\"><em><strong>Recherche<br \/>\n<\/strong><\/em><\/span><\/span><\/p>\n<ul>\n<li><span style=\"color: #333399\"><span style=\"color: #000000\"> <a href=\"http:\/\/recherche.ircam.fr\/equipes\/repmus\/mamux\/\">S\u00e9minaire MaMux<\/a><\/span><\/span><\/li>\n<li><a href=\"http:\/\/www.smcm-net.info\/\"> Society for Mathematics and Computation in Music (SMCM)<\/a><\/li>\n<\/ul>\n<p style=\"padding-left: 30px\"><span style=\"color: #333399\"><span style=\"color: #000000\"><strong><em>Revues<\/em><\/strong><br \/>\n<\/span><\/span><\/p>\n<ul>\n<li><a href=\"http:\/\/www.tandfonline.com\/toc\/tmam20\/current\">Journal of Mathematics and Music<\/a><\/li>\n<li><a href=\"http:\/\/www.computermusicjournal.org\/\">Computer Music Journal<\/a><\/li>\n<\/ul>\n<p>&nbsp;<\/p>\n<p><span style=\"color: #333399\"><strong>Litt\u00e9rature de jeunesse (fran\u00e7ais et espagnol)<\/strong><\/span><\/p>\n<ul>\n<li><a href=\"http:\/\/www.ricochet-jeunes.org\/\" target=\"_blank\">Ricochet<\/a> <span style=\"color: #000000\">(<\/span>site de l\u2019Association CIELJ (Centre International d\u2019\u00c9tudes en Litt\u00e9rature Jeunesse) install\u00e9e \u00e0 Charleville-M\u00e9zi\u00e8res ; offre une banque de donn\u00e9es tr\u00e8s compl\u00e8te sur l&rsquo;univers du livre de jeunesse, son histoire, son actualit\u00e9<span style=\"color: #000000\">)<\/span><\/li>\n<li><a href=\"http:\/\/www.institutperrault.org\/linstitut\/lassociation\/historique\" target=\"_blank\">Institut International Charles Perrault<\/a> (Institut sp\u00e9cialis\u00e9 en litt\u00e9rature pour la jeunesse, en collaboration avec la ville d\u2019Eaubonne et l\u2019Universit\u00e9 Paris &#8211; XIII, ayant pour mission d\u2019\u00e9tudier et de pr\u00e9senter les enjeux de la litt\u00e9rature de jeunesse)<\/li>\n<li><span lang=\"ES\"> <a href=\"http:\/\/revistababar.com\/wp\/\" target=\"_blank\">Revista Babar<\/a> <\/span><span lang=\"ES\"><span style=\"color: #000000\">(<\/span><\/span><span lang=\"ES\">revista electr\u00f3nica de literatura infantil y juvenil<\/span><span lang=\"ES\">) <\/span><\/li>\n<li><a href=\"http:\/\/www.peonza.es\/\">Peonza<\/a> (revista de literatura infantil y juvenil publicada en Cantabria, pero accesible a partir de la p\u00e1gina web)<\/li>\n<li><span lang=\"ES\"><a href=\"http:\/\/www.revistaclij.com\/\" target=\"_blank\">Revista CLIJ<\/a><\/span><span lang=\"ES\"> (cuadernos de literatura infantil y juvenil)<\/span><\/li>\n<\/ul>\n<p>&nbsp;<\/p>\n<p><span style=\"color: #333399\"><strong>Traitement automatique des langues<\/strong><\/span><\/p>\n<ul>\n<li><!-- [if gte mso 9]&gt; Normal 0 21 &lt;![endif]--><a href=\"http:\/\/alsic.revues.org\/\">Revue Alsic<\/a> (revue en ligne sur l&rsquo;apprentissage des langues par ordinateur)<\/li>\n<li><!-- [if gte mso 9]&gt; Normal 0 21 &lt;![endif]--><a href=\"http:\/\/llt.msu.edu\/\">Revue LLT<\/a> (m\u00eame type de revue, en anglais)<\/li>\n<li><!-- [if gte mso 9]&gt; Normal 0 21 &lt;![endif]--><a href=\"http:\/\/calico.org\/page.php?id=1\">CALICO (Computer Assisted Language Instruction Consortium)<\/a><\/li>\n<li><a href=\"http:\/\/www.irit.fr\/recherches\/ILPL\/webct\/ct.html\">CorrecTools Project <\/a><\/li>\n<li><!-- [if gte mso 9]&gt; Normal 0 21 &lt;![endif]--><a href=\"http:\/\/www.aclweb.org\/\">ACL (Association for Computational Linguistics)<\/a><\/li>\n<li><!-- [if gte mso 9]&gt; Normal 0 21 &lt;![endif]--><a href=\"http:\/\/digitalhumanities.org\/\">ADHO (Alliance of Digital Humanities Organizations)<\/a> (sciences humaines et applications num\u00e9riques)<\/li>\n<\/ul>\n<p>&nbsp;<\/p>\n<p><span style=\"color: #333399\"><strong>\u00c9tudes anglophones<br \/>\n<\/strong><\/span><\/p>\n<ul>\n<li><!-- [if gte mso 9]&gt; Normal 0 21 &lt;![endif]--><a href=\"http:\/\/www.saesfrance.org\">SAES (Soci\u00e9t\u00e9 des Anglicistes de l&rsquo;Enseignement Sup\u00e9rieur)<\/a><\/li>\n<li><a href=\"http:\/\/www.afea.fr\">AFEA (Association Fran\u00e7aise d\u2019\u00c9tudes Am\u00e9ricaines)<\/a><\/li>\n<\/ul>\n<p>&nbsp;<\/p>\n<p><span style=\"color: #333399\"><strong>Analyse des discours, s\u00e9mantique interpr\u00e9tative, s\u00e9miotique<br \/>\n<\/strong><\/span><\/p>\n<ul>\n<li><a href=\"http:\/\/www.revue-texto.net\/\">Revue <em>Texto !<\/em><\/a> (s\u00e9mantique interpr\u00e9tative autour de Fran\u00e7ois Rastier ; beaucoup de textes de linguistique num\u00e9ris\u00e9s [Saussure, etc.])<\/li>\n<li><a href=\"http:\/\/aad.revues.org\/\">Argumentation &amp; Analyse du Discours<\/a> (revue en ligne du groupe <a href=\"http:\/\/humanities1.tau.ac.il\/adarr\/fr\/\">ADARR<\/a><span style=\"color: #000000\">)<\/span><\/li>\n<li><a href=\"http:\/\/www.signosemio.com\/\">Signo <\/a>(site internet de th\u00e9ories s\u00e9miotiques appliqu\u00e9es)<\/li>\n<\/ul>\n<div id=\"_mcePaste\" style=\"overflow: hidden;width: 1px;height: 1px\">Congres<br \/>\n&gt; http:\/\/smc2010.smcnetwork.org\/<br \/>\n&gt; http:\/\/www.mcm2009.info\/<\/div>\n","protected":false},"excerpt":{"rendered":"<p>Voici un r\u00e9pertoire de sites internet proposant ressources scientifiques et revues en ligne, class\u00e9es par disciplines.\u00a0 Si vous connaissez d&rsquo;autres sites qui vous paraissent avoir leur place dans cette liste, n&rsquo;h\u00e9sitez pas \u00e0 nous en informer. &nbsp; Consultation de publications en sciences humaines et sociales : Pers\u00e9e Cairn Revues.org &nbsp; Litt\u00e9rature g\u00e9n\u00e9rale Fabula Vox Poetica [&hellip;]<\/p>\n","protected":false},"author":1,"featured_media":0,"parent":0,"menu_order":0,"comment_status":"closed","ping_status":"closed","template":"","meta":{"footnotes":""},"class_list":["post-32","page","type-page","status-publish","hentry","post-preview"],"_links":{"self":[{"href":"https:\/\/blogs.univ-tlse2.fr\/littera-incognita-2\/wp-json\/wp\/v2\/pages\/32","targetHints":{"allow":["GET"]}}],"collection":[{"href":"https:\/\/blogs.univ-tlse2.fr\/littera-incognita-2\/wp-json\/wp\/v2\/pages"}],"about":[{"href":"https:\/\/blogs.univ-tlse2.fr\/littera-incognita-2\/wp-json\/wp\/v2\/types\/page"}],"author":[{"embeddable":true,"href":"https:\/\/blogs.univ-tlse2.fr\/littera-incognita-2\/wp-json\/wp\/v2\/users\/1"}],"replies":[{"embeddable":true,"href":"https:\/\/blogs.univ-tlse2.fr\/littera-incognita-2\/wp-json\/wp\/v2\/comments?post=32"}],"version-history":[{"count":13,"href":"https:\/\/blogs.univ-tlse2.fr\/littera-incognita-2\/wp-json\/wp\/v2\/pages\/32\/revisions"}],"predecessor-version":[{"id":1821,"href":"https:\/\/blogs.univ-tlse2.fr\/littera-incognita-2\/wp-json\/wp\/v2\/pages\/32\/revisions\/1821"}],"wp:attachment":[{"href":"https:\/\/blogs.univ-tlse2.fr\/littera-incognita-2\/wp-json\/wp\/v2\/media?parent=32"}],"curies":[{"name":"wp","href":"https:\/\/api.w.org\/{rel}","templated":true}]}}