 {"id":3566,"date":"2019-05-21T11:56:58","date_gmt":"2019-05-21T10:56:58","guid":{"rendered":"https:\/\/blogs.univ-tlse2.fr\/littera-incognita-2\/?page_id=3566"},"modified":"2019-07-07T13:31:45","modified_gmt":"2019-07-07T12:31:45","slug":"numero-10-representations-du-desir-feminin-entre-texte-et-image","status":"publish","type":"page","link":"https:\/\/blogs.univ-tlse2.fr\/littera-incognita-2\/numero-10-representations-du-desir-feminin-entre-texte-et-image\/","title":{"rendered":"Num\u00e9ro 10 : Repr\u00e9sentations du d\u00e9sir f\u00e9minin : entre texte et image"},"content":{"rendered":"<h2>L&rsquo;\u00e9quipe<\/h2>\n<p><a href=\"https:\/\/blogs.univ-tlse2.fr\/littera-incognita-2\/2019\/05\/21\/edition-et-redaction-du-numero-10\/\">\u00c9dition et comit\u00e9 de r\u00e9daction<\/a><\/p>\n<p><a href=\"https:\/\/blogs.univ-tlse2.fr\/littera-incognita-2\/2019\/05\/21\/comite-scientifique-du-n10\/\">Le comit\u00e9 scientifique<\/a><\/p>\n<hr \/>\n<h2>\u00c9dito<\/h2>\n<p style=\"text-align: justify\">La revue\u00a0<em>Littera Incognita<\/em>, initi\u00e9e et dirig\u00e9e par des doctorant-e-s du laboratoire LLA-CR\u00c9ATIS de l\u2019Universit\u00e9 Toulouse \u2013 Jean Jaur\u00e8s, publie \u00e0 l\u2019\u00e9t\u00e9 2019 un num\u00e9ro sp\u00e9cial d\u00e9di\u00e9 \u00e0 la repr\u00e9sentation du d\u00e9sir f\u00e9minin entre texte et image.<\/p>\n<p style=\"text-align: justify\">Trop souvent d\u00e9finie comme \u00e9tant du c\u00f4t\u00e9 des instincts et de la nature, la sexualit\u00e9 humaine est entour\u00e9e de contraintes et d\u2019interdits socialement construits. Trop souvent \u00e9galement, le d\u00e9sir sexuel exprim\u00e9 et repr\u00e9sent\u00e9 est celui des hommes, principaux producteurs et premiers destinataires de ces \u00e9crits et de ces images. Le d\u00e9sir f\u00e9minin a longtemps \u00e9t\u00e9 construit en miroir par les hommes pour r\u00e9pondre \u00e0 leurs propres fantasmes\u00a0: le masochisme f\u00e9minin faisant pendant au sadisme masculin\u00a0; l\u2019exhibitionnisme f\u00e9minin r\u00e9pondant au voyeurisme masculin\u00a0; le d\u00e9sir de violer, auquel correspondrait celui d\u2019\u00eatre viol\u00e9e, etc. La femme est ainsi traditionnellement un objet du d\u00e9sir et l\u2019instrument de la jouissance masculine plut\u00f4t qu\u2019un sujet qui parle, voit, agit et d\u00e9sire de fa\u00e7on autonome. En ce sens, le d\u00e9sir f\u00e9minin semble d\u2019une certaine mani\u00e8re invisibilis\u00e9, au mieux sugg\u00e9r\u00e9. Il resterait dans l\u2019ombre non seulement de son pendant masculin, mais \u00e9galement des conventions sociales, litt\u00e9raires, ou artistiques. \u00a0<a href=\"https:\/\/blogs.univ-tlse2.fr\/littera-incognita-2\/2019\/05\/21\/edito-du-n10\/\">Lire la suite<\/a><!--more--><\/p>\n<hr \/>\n<h2>Les articles<\/h2>\n<p><a href=\"https:\/\/blogs.univ-tlse2.fr\/littera-incognita-2\/2019\/05\/21\/une-ecriture-de-la-rupture-dans-gentle-down-the-stream-de-su-friedrich\/\">Repr\u00e9sentation du d\u00e9sir f\u00e9minin : une \u00e9criture de la rupture dans Gently Down the Stream de Su Friedrich\u00a0<\/a><br \/>\nMaud CAZAUX<\/p>\n<p><a href=\"https:\/\/blogs.univ-tlse2.fr\/littera-incognita-2\/2019\/05\/21\/series-sexualite-feminine-et-traduction-une-impossible-reconquete-du-pouvoir\/\">S\u00e9ries, sexualit\u00e9 f\u00e9minine et traduction : une impossible reconqu\u00eate du pouvoir ?<\/a><br \/>\nSophie CHADELLE<\/p>\n<p><a href=\"https:\/\/blogs.univ-tlse2.fr\/littera-incognita-2\/2019\/05\/21\/lonomatopee-du-desir-confrontations-et-reconciliations-graphiques-et-textuelles-du-desir-entre-les-univers-feminins-et-masculins-dessines-par-claire-braud\/\">L\u2019onomatop\u00e9e du d\u00e9sir, confrontations et r\u00e9conciliations graphiques et textuelles du d\u00e9sir entre les univers f\u00e9minins et masculins\u00a0 dessin\u00e9s par Claire Braud<\/a><br \/>\nChlo\u00e9 FLEURY TURCAS<\/p>\n<p><a href=\"https:\/\/blogs.univ-tlse2.fr\/littera-incognita-2\/2019\/05\/21\/le-desir-asymptote-dans-sur-le-champ-dannie-le-brun-et-toyen-le-lieu-des-rendez-vous-manques\/\">Le d\u00e9sir-asymptote dans <em>Sur le champ<\/em> d\u2019Annie Le Brun et Toyen : Le lieu des rendez-vous manqu\u00e9s<\/a><br \/>\nCaroline HOGUE<\/p>\n<p><a href=\"https:\/\/blogs.univ-tlse2.fr\/littera-incognita-2\/2019\/05\/21\/representations-obliques-du-desir-feminin-dans-le-roman-du-second-xixe-siecle-ou-les-paravents-transparents\/\">Repr\u00e9sentations obliques du d\u00e9sir f\u00e9minin dans le roman du second XIXe si\u00e8cle ou les paravents transparents<\/a><br \/>\nLucie NIZARD<\/p>\n<p><a href=\"https:\/\/blogs.univ-tlse2.fr\/littera-incognita-2\/2019\/05\/21\/marie-desirante-une-reappropriation-blasphematoire-du-corps-ou-la-mutation-dun-fantasme-masculin\/\">Marie d\u00e9sirante : une r\u00e9appropriation blasph\u00e9matoire du corps ou la mutation d\u2019un fantasme masculin ?<\/a><br \/>\nGabriella SERBAN<\/p>\n<p><a href=\"https:\/\/blogs.univ-tlse2.fr\/littera-incognita-2\/2019\/05\/21\/cartographies-de-desir-feminin-on-being-an-angel\/\">Cartographies de d\u00e9sir f\u00e9minin : \u00ab On being an Angel \u00bb\u2026<\/a><br \/>\nBiliana VASSILEVA<\/p>\n<h2>Dossier artistique<\/h2>\n<p><a href=\"https:\/\/blogs.univ-tlse2.fr\/littera-incognita-2\/2019\/05\/21\/bandes-corps-dhommes-desirs-de-femmes\/\">Band\u00e9s. Corps d\u2019hommes. D\u00e9sirs de femmes<\/a><br \/>\nSandrine DE PAS<\/p>\n","protected":false},"excerpt":{"rendered":"<p>L&rsquo;\u00e9quipe \u00c9dition et comit\u00e9 de r\u00e9daction Le comit\u00e9 scientifique \u00c9dito La revue\u00a0Littera Incognita, initi\u00e9e et dirig\u00e9e par des doctorant-e-s du laboratoire LLA-CR\u00c9ATIS de l\u2019Universit\u00e9 Toulouse \u2013 Jean Jaur\u00e8s, publie \u00e0 l\u2019\u00e9t\u00e9 2019 un num\u00e9ro sp\u00e9cial d\u00e9di\u00e9 \u00e0 la repr\u00e9sentation du d\u00e9sir f\u00e9minin entre texte et image. Trop souvent d\u00e9finie comme \u00e9tant du c\u00f4t\u00e9 des instincts [&hellip;]<\/p>\n","protected":false},"author":33,"featured_media":0,"parent":0,"menu_order":0,"comment_status":"closed","ping_status":"closed","template":"","meta":{"footnotes":""},"class_list":["post-3566","page","type-page","status-publish","hentry","post-preview"],"_links":{"self":[{"href":"https:\/\/blogs.univ-tlse2.fr\/littera-incognita-2\/wp-json\/wp\/v2\/pages\/3566","targetHints":{"allow":["GET"]}}],"collection":[{"href":"https:\/\/blogs.univ-tlse2.fr\/littera-incognita-2\/wp-json\/wp\/v2\/pages"}],"about":[{"href":"https:\/\/blogs.univ-tlse2.fr\/littera-incognita-2\/wp-json\/wp\/v2\/types\/page"}],"author":[{"embeddable":true,"href":"https:\/\/blogs.univ-tlse2.fr\/littera-incognita-2\/wp-json\/wp\/v2\/users\/33"}],"replies":[{"embeddable":true,"href":"https:\/\/blogs.univ-tlse2.fr\/littera-incognita-2\/wp-json\/wp\/v2\/comments?post=3566"}],"version-history":[{"count":12,"href":"https:\/\/blogs.univ-tlse2.fr\/littera-incognita-2\/wp-json\/wp\/v2\/pages\/3566\/revisions"}],"predecessor-version":[{"id":4068,"href":"https:\/\/blogs.univ-tlse2.fr\/littera-incognita-2\/wp-json\/wp\/v2\/pages\/3566\/revisions\/4068"}],"wp:attachment":[{"href":"https:\/\/blogs.univ-tlse2.fr\/littera-incognita-2\/wp-json\/wp\/v2\/media?parent=3566"}],"curies":[{"name":"wp","href":"https:\/\/api.w.org\/{rel}","templated":true}]}}