 {"id":3568,"date":"2019-05-21T12:01:40","date_gmt":"2019-05-21T11:01:40","guid":{"rendered":"https:\/\/blogs.univ-tlse2.fr\/littera-incognita-2\/?page_id=3568"},"modified":"2019-11-05T13:02:09","modified_gmt":"2019-11-05T12:02:09","slug":"numero-11-loeuvre-comme-enquete-lenquete-dans-loeuvre-creation-et-reception","status":"publish","type":"page","link":"https:\/\/blogs.univ-tlse2.fr\/littera-incognita-2\/numero-11-loeuvre-comme-enquete-lenquete-dans-loeuvre-creation-et-reception\/","title":{"rendered":"Num\u00e9ro 11 : L\u2019\u0153uvre comme enqu\u00eate\/l\u2019enqu\u00eate dans l\u2019\u0153uvre : cr\u00e9ation et r\u00e9ception"},"content":{"rendered":"<h2>L&rsquo;\u00e9quipe<\/h2>\n<p><a href=\"https:\/\/blogs.univ-tlse2.fr\/littera-incognita-2\/2019\/05\/21\/edition-et-redaction-du-numero-11\/\">\u00c9dition et comit\u00e9 de r\u00e9daction<\/a><\/p>\n<p><a href=\"https:\/\/blogs.univ-tlse2.fr\/littera-incognita-2\/2019\/05\/21\/comite-scientifique-du-n11\/\">Le comit\u00e9 scientifique<\/a><\/p>\n<hr \/>\n<h2>\u00c9dito<\/h2>\n<p style=\"text-align: justify\">Dans ce num\u00e9ro 11, <em>Littera Incognita<\/em> propose de r\u00e9fl\u00e9chir au lien qui peut \u00eatre mis au jour entre l\u2019enqu\u00eateur\u00b7rice et l\u2019artiste, et entre l\u2019enqu\u00eateur\u00b7rice et le\u00b7a r\u00e9cepteur\u00b7rice. La r\u00e9flexion, au sein des productions artistiques, sur le rapprochement entre ces deux notions, invite \u00e0 explorer les dispositifs artistiques et l\u2019interm\u00e9dialit\u00e9 de la cr\u00e9ation et de la r\u00e9ception.<\/p>\n<p style=\"text-align: justify\"><a href=\"https:\/\/blogs.univ-tlse2.fr\/littera-incognita-2\/2019\/05\/21\/edito-du-n11\/\">Lire la suite<\/a><\/p>\n<hr \/>\n<h2>Les articles<\/h2>\n<p><a href=\"https:\/\/blogs.univ-tlse2.fr\/littera-incognita-2\/2019\/05\/21\/lartiste-enqueteur-un-nouveau-paradigme\/\">L\u2019artiste enqu\u00eateur et les risques de la translation. Une relecture de Hal Foster<\/a><br \/>\nMatthieu DUPERREX<\/p>\n<p><a href=\"https:\/\/blogs.univ-tlse2.fr\/littera-incognita-2\/2019\/05\/21\/dune-rencontre-de-la-poesie-et-de-la-philosophie-a-lhistoire-dune-mise-en-scene-le-projet-jasmintime\/\">D\u2019une rencontre de la po\u00e9sie et de la philosophie \u00e0 l\u2019histoire d\u2019une mise en sc\u00e8ne : Le projet \u00ab Jasmintime \u00bb<\/a><br \/>\nJasmina JOVANOVI\u0106<\/p>\n<p><a href=\"https:\/\/blogs.univ-tlse2.fr\/littera-incognita-2\/2019\/05\/21\/lenfance-et-lanimal-chez-francoise-petrovitch-traversee-entre-deux-mondes\/\">L\u2019enfance et l\u2019animal chez Fran\u00e7oise P\u00e9trovitch : Travers\u00e9e entre deux mondes<\/a><br \/>\nMarion LE TORRIVELLEC<\/p>\n<p><a href=\"https:\/\/blogs.univ-tlse2.fr\/littera-incognita-2\/2019\/10\/21\/2-quete-enquete-et-recit-dans-le-jeu-video-daventure\/\">Qu\u00eate, enqu\u00eate et r\u00e9cit dans le jeu vid\u00e9o d\u2019aventure<\/a><br \/>\nMartin RINGOT-NAMER<\/p>\n<p><a href=\"https:\/\/blogs.univ-tlse2.fr\/littera-incognita-2\/2019\/05\/21\/lenquete-policiere-et-ses-ramifications-sociopolitiques-dans-la-fiction-noire\/\">L&rsquo;enqu\u00eate polici\u00e8re et ses ramifications sociopolitiques dans la fiction noire<\/a><br \/>\nMohamed Amine SAIDINI<\/p>\n<p><a href=\"https:\/\/blogs.univ-tlse2.fr\/littera-incognita-2\/2019\/05\/21\/archive-jusquaux-dents-by-the-skin-of-our-teeth-lenquete-archivistique-dans-le-projet-forced-walks-de-lorna-brunstein-et-richard-white\/\">\u00ab Archiv\u00e9 jusqu\u2019aux dents \u00bb \u2013 <em>By the Skin of our Teeth<\/em> : l\u2019enqu\u00eate archivistique dans le projet <em>Forced Walks<\/em> de Lorna Brunstein et Richard White<\/a><br \/>\nBridget SHERIDAN<\/p>\n<p><a href=\"https:\/\/blogs.univ-tlse2.fr\/littera-incognita-2\/2019\/11\/01\/re-inventer-le-vrai-le-cinema-contemporain-de-non-fiction-entre-realisme-et-hybridation\/\">R\u00e9-inventer le vrai : le cin\u00e9ma contemporain de non-fiction entre r\u00e9alisme et hybridation<\/a><br \/>\nLuigi STORTO<\/p>\n<h2>Dossier artistique<\/h2>\n<p><a href=\"https:\/\/blogs.univ-tlse2.fr\/littera-incognita-2\/2019\/05\/21\/conception-en-architecture-et-paysage-le-scheme-de-lenquete\/\">Conception en architecture et paysage, le sch\u00e8me de l\u2019enqu\u00eate<\/a><br \/>\nDaniel ESTEVEZ<\/p>\n","protected":false},"excerpt":{"rendered":"<p>L&rsquo;\u00e9quipe \u00c9dition et comit\u00e9 de r\u00e9daction Le comit\u00e9 scientifique \u00c9dito Dans ce num\u00e9ro 11, Littera Incognita propose de r\u00e9fl\u00e9chir au lien qui peut \u00eatre mis au jour entre l\u2019enqu\u00eateur\u00b7rice et l\u2019artiste, et entre l\u2019enqu\u00eateur\u00b7rice et le\u00b7a r\u00e9cepteur\u00b7rice. La r\u00e9flexion, au sein des productions artistiques, sur le rapprochement entre ces deux notions, invite \u00e0 explorer les [&hellip;]<\/p>\n","protected":false},"author":33,"featured_media":0,"parent":0,"menu_order":0,"comment_status":"closed","ping_status":"closed","template":"","meta":{"footnotes":""},"class_list":["post-3568","page","type-page","status-publish","hentry","post-preview"],"_links":{"self":[{"href":"https:\/\/blogs.univ-tlse2.fr\/littera-incognita-2\/wp-json\/wp\/v2\/pages\/3568","targetHints":{"allow":["GET"]}}],"collection":[{"href":"https:\/\/blogs.univ-tlse2.fr\/littera-incognita-2\/wp-json\/wp\/v2\/pages"}],"about":[{"href":"https:\/\/blogs.univ-tlse2.fr\/littera-incognita-2\/wp-json\/wp\/v2\/types\/page"}],"author":[{"embeddable":true,"href":"https:\/\/blogs.univ-tlse2.fr\/littera-incognita-2\/wp-json\/wp\/v2\/users\/33"}],"replies":[{"embeddable":true,"href":"https:\/\/blogs.univ-tlse2.fr\/littera-incognita-2\/wp-json\/wp\/v2\/comments?post=3568"}],"version-history":[{"count":18,"href":"https:\/\/blogs.univ-tlse2.fr\/littera-incognita-2\/wp-json\/wp\/v2\/pages\/3568\/revisions"}],"predecessor-version":[{"id":4522,"href":"https:\/\/blogs.univ-tlse2.fr\/littera-incognita-2\/wp-json\/wp\/v2\/pages\/3568\/revisions\/4522"}],"wp:attachment":[{"href":"https:\/\/blogs.univ-tlse2.fr\/littera-incognita-2\/wp-json\/wp\/v2\/media?parent=3568"}],"curies":[{"name":"wp","href":"https:\/\/api.w.org\/{rel}","templated":true}]}}