 {"id":4953,"date":"2023-01-30T11:28:57","date_gmt":"2023-01-30T10:28:57","guid":{"rendered":"https:\/\/blogs.univ-tlse2.fr\/littera-incognita-2\/?page_id=4953"},"modified":"2023-01-30T11:30:10","modified_gmt":"2023-01-30T10:30:10","slug":"numero-12-les-personnages-feminins-dans-les-reecritures-feministes-esthetique-et-politique-des-classiques-a-la-scene","status":"publish","type":"page","link":"https:\/\/blogs.univ-tlse2.fr\/littera-incognita-2\/numero-12-les-personnages-feminins-dans-les-reecritures-feministes-esthetique-et-politique-des-classiques-a-la-scene\/","title":{"rendered":"Num\u00e9ro 12 : Les personnages \u00ab\u00a0f\u00e9minins\u00a0\u00bb dans les r\u00e9\u00e9critures f\u00e9ministes : esth\u00e9tique et politique des classiques \u00e0 la sc\u00e8ne"},"content":{"rendered":"<h2>L&rsquo;\u00e9quipe<\/h2>\n<p><a href=\"https:\/\/blogs.univ-tlse2.fr\/littera-incognita-2\/2023\/01\/30\/edition-et-redaction-du-numero-12\/\">\u00c9dition et comit\u00e9 de r\u00e9daction<\/a><\/p>\n<p><a href=\"https:\/\/blogs.univ-tlse2.fr\/littera-incognita-2\/?p=4966\">Le comit\u00e9 scientifique<\/a><\/p>\n<hr \/>\n<h2>\u00c9dito<\/h2>\n<p style=\"text-align: justify\">Ce num\u00e9ro rassemble les actes de la journ\u00e9e d\u2019\u00e9tudes des doctorant.e.s du laboratoire LLA-CR\u00c9ATIS du 29 Octobre 2021, intitul\u00e9e \u201cLes personnages f\u00e9minins dans les r\u00e9\u00e9critures f\u00e9ministes : esth\u00e9tique et politique des classiques \u00e0 la sc\u00e8ne\u201d. Les chercheuses rassembl\u00e9es pour cette journ\u00e9e se sont int\u00e9ress\u00e9es aux diff\u00e9rents proc\u00e9d\u00e9s (esth\u00e9tiques, dramaturgiques et sc\u00e9niques) permettant de r\u00e9(\u00e9)crire les pi\u00e8ces et spectacles \u00ab classiques \u00bb (europ\u00e9ens et extra-europ\u00e9ens) \u00e0 partir de perspectives f\u00e9ministes. D\u00e9finis comme des \u00ab donn\u00e9es reconnues institu\u00e9es en valeurs \u00bb , lesquelles font consensus dans un contexte de r\u00e9ception sp\u00e9cifique, les classiques sont en effet des r\u00e9cits dominants qui peuvent l\u00e9gitimer un syst\u00e8me patriarcal, lui-m\u00eame fond\u00e9, entre autres, sur la normalisation du genre \u00ab f\u00e9minin \u00bb. La r\u00e9(\u00e9)criture supposerait donc l\u2019intention de produire de nouveaux discours &#8211; fond\u00e9s ou non sur une matrice textuelle, dans sa capacit\u00e9 \u00e0 d\u00e9centrer, d\u00e9construire, \u00ab d\u00e9r\u00e9gler \u00bb et r\u00e9inventer ces repr\u00e9sentations. <a href=\"https:\/\/blogs.univ-tlse2.fr\/littera-incognita-2\/2023\/01\/30\/edito\/\">Lire la suite<\/a><!--more--><\/p>\n<h2>Les articles<\/h2>\n<p><a href=\"https:\/\/blogs.univ-tlse2.fr\/littera-incognita-2\/2022\/11\/25\/mamma-medea-ou-le-mythe-devenu-drame-lepuisement-de-la-puissance-de-medee-dans-une-creation-belge-contemporaine\/\"><em>Mamma Medea<\/em> ou le mythe devenu drame : l\u2019\u00e9puisement de la puissance de M\u00e9d\u00e9e dans une cr\u00e9ation belge contemporaine<\/a><br \/>Marie-C\u00e9cile HENRION<\/p>\n<p><a href=\"https:\/\/blogs.univ-tlse2.fr\/littera-incognita-2\/2022\/11\/08\/liberer-les-princesses-les-reecritures-feministes-de-contes-de-fees-dans-le-theatre-contemporain\/\">Lib\u00e9rer les princesses : les r\u00e9\u00e9critures f\u00e9ministes de contes de f\u00e9es dans le th\u00e9\u00e2tre contemporain<\/a><br \/>Ariane ISSARTEL<\/p>\n<p><a href=\"https:\/\/blogs.univ-tlse2.fr\/littera-incognita-2\/2022\/11\/24\/comme-un-reve-de-pierre-le-personnage-dahalya-de-lepopee-a-la-scene-contemporaine-etude-dune-piece-darupa-lahiry-dans-le-style-bharata-na%e1%b9%adyam-t\/\">Comme un r\u00eave de pierre&#8230; Le personnage d&rsquo;Ahaly\u0101, de l&rsquo;\u00e9pop\u00e9e \u00e0 la sc\u00e8ne contemporaine\u00a0: \u00e9tude d&rsquo;une pi\u00e8ce d&rsquo;Arupa Lahiry dans le style <em>Bharata-n\u0101<\/em><em>\u1e6d<\/em><em>yam<\/em>\u00a0(th\u00e9\u00e2tre dans\u00e9-Inde du sud)<\/a><br \/>G\u00e9raldine-Nalini MARGNAC<\/p>\n<p><a href=\"https:\/\/blogs.univ-tlse2.fr\/littera-incognita-2\/2022\/12\/26\/deconstruction-doedipe-roi-et-construction-identitaire-la-parole-performative-de-la-jocaste-de-michele-fabien\/\">D\u00e9construction d\u2019\u0152dipe Roi et construction identitaire : la parole performative de la Jocaste de Mich\u00e8le Fabien<\/a><br \/>Cassandre MARTIGNY<\/p>\n<p><a href=\"https:\/\/blogs.univ-tlse2.fr\/littera-incognita-2\/2023\/01\/23\/la-revanche-dune-blonde-le-personnage-dismene-dans-soeur-de-de-lot-vekemans-2005\/\">La \u00ab\u00a0revanche\u00a0\u00bb d\u2019une blonde : Le personnage d\u2019Ism\u00e8ne dans <em>Soeur<\/em> de Lot Vekemans (2005)<\/a><br \/>C\u00e9cile NEESER HEVER<\/p>\n<p><a href=\"https:\/\/blogs.univ-tlse2.fr\/littera-incognita-2\/2022\/12\/23\/quand-briseis-raconte-une-iliade-feministe-sur-la-scene-contemporaine\/\">Quand Bris\u00e9is raconte\u2026 une <em>Iliade<\/em> f\u00e9ministe sur la sc\u00e8ne contemporaine<\/a><br \/>Ana\u00efs TILLIER<\/p>\n<p><a href=\"https:\/\/blogs.univ-tlse2.fr\/littera-incognita-2\/2022\/11\/15\/la-revendication-dismene-dans-antigone-2014-de-la-compagnie-ulrike-quade-une-lecture-subversive-2\/\">La revendication d\u2019Ism\u00e8ne dans <em>Antigone<\/em> (2014) de la compagnie Ulrike Quade : une lecture subversive<\/a><br \/>Charitini TSIKOURA<\/p>\n\n\n<p><\/p>\n","protected":false},"excerpt":{"rendered":"<p>L&rsquo;\u00e9quipe \u00c9dition et comit\u00e9 de r\u00e9daction Le comit\u00e9 scientifique \u00c9dito Ce num\u00e9ro rassemble les actes de la journ\u00e9e d\u2019\u00e9tudes des doctorant.e.s du laboratoire LLA-CR\u00c9ATIS du 29 Octobre 2021, intitul\u00e9e \u201cLes personnages f\u00e9minins dans les r\u00e9\u00e9critures f\u00e9ministes : esth\u00e9tique et politique des classiques \u00e0 la sc\u00e8ne\u201d. Les chercheuses rassembl\u00e9es pour cette journ\u00e9e se sont int\u00e9ress\u00e9es aux [&hellip;]<\/p>\n","protected":false},"author":33,"featured_media":0,"parent":0,"menu_order":0,"comment_status":"closed","ping_status":"closed","template":"","meta":{"footnotes":""},"class_list":["post-4953","page","type-page","status-publish","hentry","post-preview"],"_links":{"self":[{"href":"https:\/\/blogs.univ-tlse2.fr\/littera-incognita-2\/wp-json\/wp\/v2\/pages\/4953","targetHints":{"allow":["GET"]}}],"collection":[{"href":"https:\/\/blogs.univ-tlse2.fr\/littera-incognita-2\/wp-json\/wp\/v2\/pages"}],"about":[{"href":"https:\/\/blogs.univ-tlse2.fr\/littera-incognita-2\/wp-json\/wp\/v2\/types\/page"}],"author":[{"embeddable":true,"href":"https:\/\/blogs.univ-tlse2.fr\/littera-incognita-2\/wp-json\/wp\/v2\/users\/33"}],"replies":[{"embeddable":true,"href":"https:\/\/blogs.univ-tlse2.fr\/littera-incognita-2\/wp-json\/wp\/v2\/comments?post=4953"}],"version-history":[{"count":11,"href":"https:\/\/blogs.univ-tlse2.fr\/littera-incognita-2\/wp-json\/wp\/v2\/pages\/4953\/revisions"}],"predecessor-version":[{"id":5025,"href":"https:\/\/blogs.univ-tlse2.fr\/littera-incognita-2\/wp-json\/wp\/v2\/pages\/4953\/revisions\/5025"}],"wp:attachment":[{"href":"https:\/\/blogs.univ-tlse2.fr\/littera-incognita-2\/wp-json\/wp\/v2\/media?parent=4953"}],"curies":[{"name":"wp","href":"https:\/\/api.w.org\/{rel}","templated":true}]}}