 {"id":7,"date":"2010-03-09T12:00:20","date_gmt":"2010-03-09T11:00:20","guid":{"rendered":"https:\/\/blogs.univ-tlse2.fr\/littera-incognita-2\/a-propos\/"},"modified":"2017-04-03T11:00:04","modified_gmt":"2017-04-03T10:00:04","slug":"sommaire-du-n6","status":"publish","type":"page","link":"https:\/\/blogs.univ-tlse2.fr\/littera-incognita-2\/sommaire-du-n6\/","title":{"rendered":"Num\u00e9ro 6 : Jeux et enjeux du corps : entre poi\u0308e\u0301tique et perception &#8211; \u00e9t\u00e9 2016"},"content":{"rendered":"<h2>\u00c9dito<\/h2>\n<p>Chaque parcours, chaque itin\u00e9raire, avec halte ou d\u2019un seul tenant, trace le chemin de la recherche vers l\u2019hypoth\u00e8se tendue, voire la d\u00e9couverte.\u00a0Le doctorant, la doctorante, sont embarqu\u00e9s vers de nouveaux&#8230; <a href=\"https:\/\/blogs.univ-tlse2.fr\/littera-incognita-2\/2016\/06\/17\/edito-du-n6\/\">Lire la suite<\/a><\/p>\n<hr \/>\n<h2>L&rsquo;\u00e9quipe<\/h2>\n<p><a href=\"https:\/\/blogs.univ-tlse2.fr\/littera-incognita-2\/2016\/01\/21\/edition-et-redaction-du-n6\/\">Le comit\u00e9 d&rsquo;\u00e9dition et comit\u00e9 de r\u00e9daction<\/a><\/p>\n<p><a href=\"https:\/\/blogs.univ-tlse2.fr\/littera-incognita-2\/2016\/01\/21\/comite-scientifique-du-n6\/\">Le comit\u00e9 scientifique<\/a><\/p>\n<hr \/>\n<h2>Les articles<\/h2>\n<p><a href=\"https:\/\/blogs.univ-tlse2.fr\/littera-incognita-2\/2016\/06\/19\/le-training-comme-processus-dramaturgique-corps-a-corps-chez-pippo-delbono-mogica-thulard\/\">Le \u00ab\u00a0training\u00a0\u00bb comme processus dramaturgique : corps \u00e0 corps chez Pippo Delbono<\/a><br \/>\nMilena Mogica et\u00a0Adeline Thulard<\/p>\n<p><a href=\"https:\/\/blogs.univ-tlse2.fr\/littera-incognita-2\/2016\/06\/19\/corps-en-marche-sheridan\/\">Corps en marche<\/a><br \/>\nBridget Sheridan<\/p>\n<p><a href=\"https:\/\/blogs.univ-tlse2.fr\/littera-incognita-2\/2016\/06\/19\/duplicite-du-corps-represente-en-art-video-entre-effet-de-surface-et-effet-de-presence-beyrouthy\/\">Duplicit\u00e9 du corps repr\u00e9sent\u00e9 en art vid\u00e9o : entre effet de surface et effet de pr\u00e9sence<\/a><br \/>\nDamien Beyrouthy<\/p>\n<p><a href=\"https:\/\/blogs.univ-tlse2.fr\/littera-incognita-2\/2016\/06\/19\/corps-noirs-enjeux-de-la-creation-choregraphique-contemporaine-dafrique-bourdie\/\">Corps \u00ab\u00a0noirs\u00a0\u00bb, enjeux de la cr\u00e9ation chor\u00e9graphique contemporaine d\u2019Afrique ?<\/a><br \/>\nAnnie Bourdi\u00e9<\/p>\n","protected":false},"excerpt":{"rendered":"<p>\u00c9dito Chaque parcours, chaque itin\u00e9raire, avec halte ou d\u2019un seul tenant, trace le chemin de la recherche vers l\u2019hypoth\u00e8se tendue, voire la d\u00e9couverte.\u00a0Le doctorant, la doctorante, sont embarqu\u00e9s vers de nouveaux&#8230; Lire la suite L&rsquo;\u00e9quipe Le comit\u00e9 d&rsquo;\u00e9dition et comit\u00e9 de r\u00e9daction Le comit\u00e9 scientifique Les articles Le \u00ab\u00a0training\u00a0\u00bb comme processus dramaturgique : corps \u00e0 [&hellip;]<\/p>\n","protected":false},"author":1,"featured_media":0,"parent":0,"menu_order":0,"comment_status":"closed","ping_status":"closed","template":"","meta":{"footnotes":""},"class_list":["post-7","page","type-page","status-publish","hentry","post-preview"],"_links":{"self":[{"href":"https:\/\/blogs.univ-tlse2.fr\/littera-incognita-2\/wp-json\/wp\/v2\/pages\/7","targetHints":{"allow":["GET"]}}],"collection":[{"href":"https:\/\/blogs.univ-tlse2.fr\/littera-incognita-2\/wp-json\/wp\/v2\/pages"}],"about":[{"href":"https:\/\/blogs.univ-tlse2.fr\/littera-incognita-2\/wp-json\/wp\/v2\/types\/page"}],"author":[{"embeddable":true,"href":"https:\/\/blogs.univ-tlse2.fr\/littera-incognita-2\/wp-json\/wp\/v2\/users\/1"}],"replies":[{"embeddable":true,"href":"https:\/\/blogs.univ-tlse2.fr\/littera-incognita-2\/wp-json\/wp\/v2\/comments?post=7"}],"version-history":[{"count":17,"href":"https:\/\/blogs.univ-tlse2.fr\/littera-incognita-2\/wp-json\/wp\/v2\/pages\/7\/revisions"}],"predecessor-version":[{"id":2143,"href":"https:\/\/blogs.univ-tlse2.fr\/littera-incognita-2\/wp-json\/wp\/v2\/pages\/7\/revisions\/2143"}],"wp:attachment":[{"href":"https:\/\/blogs.univ-tlse2.fr\/littera-incognita-2\/wp-json\/wp\/v2\/media?parent=7"}],"curies":[{"name":"wp","href":"https:\/\/api.w.org\/{rel}","templated":true}]}}