 {"id":731,"date":"2016-02-21T17:45:40","date_gmt":"2016-02-21T16:45:40","guid":{"rendered":"https:\/\/blogs.univ-tlse2.fr\/littera-incognita-2\/?page_id=731"},"modified":"2017-09-27T09:07:56","modified_gmt":"2017-09-27T08:07:56","slug":"sommaire-du-n1","status":"publish","type":"page","link":"https:\/\/blogs.univ-tlse2.fr\/littera-incognita-2\/sommaire-du-n1\/","title":{"rendered":"Num\u00e9ro 1 : Commencements &#8211; 2005"},"content":{"rendered":"<h2>\u00c9dito<\/h2>\n<p>Chaque parcours, chaque itin\u00e9raire, avec halte ou d\u2019un seul tenant, trace le chemin de la recherche vers l\u2019hypoth\u00e8se tendue, voire la d\u00e9couverte.\u00a0Le doctorant, la doctorante, sont embarqu\u00e9s vers de nouveaux&#8230; <a href=\"https:\/\/blogs.univ-tlse2.fr\/littera-incognita-2\/2016\/02\/16\/edito-du-n1\/\">Lire la suite<\/a><\/p>\n<hr \/>\n<h2>L&rsquo;\u00e9quipe<\/h2>\n<p><a href=\"https:\/\/blogs.univ-tlse2.fr\/littera-incognita-2\/2012\/05\/16\/edition-et-redaction-des-numeros-1-a-3\/\">\u00c9dition et comit\u00e9 de r\u00e9daction<\/a><\/p>\n<p><a href=\"https:\/\/blogs.univ-tlse2.fr\/littera-incognita-2\/2012\/05\/16\/lequipe-des-n-1-a-3\/\">Le comit\u00e9 scientifique<\/a><\/p>\n<hr \/>\n<h2>\u00a0Les articles<\/h2>\n<p><a href=\"https:\/\/blogs.univ-tlse2.fr\/littera-incognita-2\/2016\/02\/16\/numero-1-2005-article-1-ha-minh\/\">\u00ab Alors Satan entra en Judas \u00bb : vies, morts et possession de Judas sur la sc\u00e8ne m\u00e9di\u00e9vale<\/a><br \/>\nBao-Trang Ha-Minh<\/p>\n<p><a href=\"https:\/\/blogs.univ-tlse2.fr\/littera-incognita-2\/2016\/02\/16\/numero-1-2005-article-2-sauvage\/\">\u00c9mile Zola librettiste : le naturalisme \u00e0 l\u2019op\u00e9ra face au wagn\u00e9risme. Quelques \u00e9l\u00e9ments de comparaison<\/a><br \/>\nOlivier Sauvage<\/p>\n<p><a href=\"https:\/\/blogs.univ-tlse2.fr\/littera-incognita-2\/2016\/02\/16\/numero-1-2005-article-3-malgouzou\/\">M\u00e9moire et transmission de l\u2019\u00e9v\u00e9nement concentrationnaire\u00a0: la m\u00e9diologie \u00e0 l\u2019\u00e9preuve des camps<\/a><br \/>\nYannik Malgouzou<\/p>\n","protected":false},"excerpt":{"rendered":"<p>\u00c9dito Chaque parcours, chaque itin\u00e9raire, avec halte ou d\u2019un seul tenant, trace le chemin de la recherche vers l\u2019hypoth\u00e8se tendue, voire la d\u00e9couverte.\u00a0Le doctorant, la doctorante, sont embarqu\u00e9s vers de nouveaux&#8230; Lire la suite L&rsquo;\u00e9quipe \u00c9dition et comit\u00e9 de r\u00e9daction Le comit\u00e9 scientifique \u00a0Les articles \u00ab Alors Satan entra en Judas \u00bb : vies, morts [&hellip;]<\/p>\n","protected":false},"author":33,"featured_media":0,"parent":0,"menu_order":0,"comment_status":"closed","ping_status":"closed","template":"","meta":{"footnotes":""},"class_list":["post-731","page","type-page","status-publish","hentry","post-preview"],"_links":{"self":[{"href":"https:\/\/blogs.univ-tlse2.fr\/littera-incognita-2\/wp-json\/wp\/v2\/pages\/731","targetHints":{"allow":["GET"]}}],"collection":[{"href":"https:\/\/blogs.univ-tlse2.fr\/littera-incognita-2\/wp-json\/wp\/v2\/pages"}],"about":[{"href":"https:\/\/blogs.univ-tlse2.fr\/littera-incognita-2\/wp-json\/wp\/v2\/types\/page"}],"author":[{"embeddable":true,"href":"https:\/\/blogs.univ-tlse2.fr\/littera-incognita-2\/wp-json\/wp\/v2\/users\/33"}],"replies":[{"embeddable":true,"href":"https:\/\/blogs.univ-tlse2.fr\/littera-incognita-2\/wp-json\/wp\/v2\/comments?post=731"}],"version-history":[{"count":11,"href":"https:\/\/blogs.univ-tlse2.fr\/littera-incognita-2\/wp-json\/wp\/v2\/pages\/731\/revisions"}],"predecessor-version":[{"id":2702,"href":"https:\/\/blogs.univ-tlse2.fr\/littera-incognita-2\/wp-json\/wp\/v2\/pages\/731\/revisions\/2702"}],"wp:attachment":[{"href":"https:\/\/blogs.univ-tlse2.fr\/littera-incognita-2\/wp-json\/wp\/v2\/media?parent=731"}],"curies":[{"name":"wp","href":"https:\/\/api.w.org\/{rel}","templated":true}]}}