 {"id":733,"date":"2016-02-21T18:26:42","date_gmt":"2016-02-21T17:26:42","guid":{"rendered":"https:\/\/blogs.univ-tlse2.fr\/littera-incognita-2\/?page_id=733"},"modified":"2017-04-24T09:25:45","modified_gmt":"2017-04-24T08:25:45","slug":"sommaire-du-n2","status":"publish","type":"page","link":"https:\/\/blogs.univ-tlse2.fr\/littera-incognita-2\/sommaire-du-n2\/","title":{"rendered":"Num\u00e9ro 2 : Les Interactions I &#8211; 2007"},"content":{"rendered":"<h2>\u00c9dito<\/h2>\n<p>Chaque parcours, chaque itin\u00e9raire, avec halte ou d\u2019un seul tenant, trace le chemin de la recherche vers l\u2019hypoth\u00e8se tendue, voire la d\u00e9couverte.\u00a0Le doctorant, la doctorante, sont embarqu\u00e9s vers de nouveaux&#8230; <a href=\"https:\/\/blogs.univ-tlse2.fr\/littera-incognita-2\/2016\/02\/16\/edito-du-n2\/\">Lire la suite<\/a><\/p>\n<hr \/>\n<h2>L&rsquo;\u00e9quipe<\/h2>\n<p><a href=\"https:\/\/blogs.univ-tlse2.fr\/littera-incognita-2\/2012\/05\/16\/edition-et-redaction-des-numeros-1-a-3\/\">\u00c9dition et comit\u00e9 de r\u00e9daction<\/a><\/p>\n<p><a href=\"https:\/\/blogs.univ-tlse2.fr\/littera-incognita-2\/2012\/05\/16\/lequipe-des-n-1-a-3\/\">Le comit\u00e9 scientifique<\/a><\/p>\n<hr \/>\n<h2>Les articles<\/h2>\n<p><a href=\"https:\/\/blogs.univ-tlse2.fr\/littera-incognita-2\/2016\/02\/16\/numero-2-2007-article-1-francescini\/\">Utopie et contre-utopie dans \u00ab\u00a0Missiles m\u00e9lodiques\u00a0\u00bb de Jos\u00e9 Sanchis Sinisterra. Tension entre les contraires, ou la fronti\u00e8re comme zone de questionnement<\/a><br \/>\nMarie-\u00c9lisa Francescini<\/p>\n<p><a href=\"https:\/\/blogs.univ-tlse2.fr\/littera-incognita-2\/2016\/02\/16\/numero-2-2007-article-2-lacan\/\">Interactions plastiques et s\u00e9miotiques au th\u00e9\u00e2tre : \u00ab\u00a0House of no more\u00a0\u00bb de Cadden Manson<\/a><br \/>\nAur\u00e9lie Lacan<\/p>\n<p><a href=\"https:\/\/blogs.univ-tlse2.fr\/littera-incognita-2\/2016\/02\/16\/numero-2-2007-article-3-carrie\/\">La relation texte-image dans l\u2019\u0153uvre de Raymond Hains<\/a><br \/>\nJ\u00e9r\u00f4me Carri\u00e9<\/p>\n<p><a href=\"https:\/\/blogs.univ-tlse2.fr\/littera-incognita-2\/2016\/02\/16\/numero-2-2007-article-4-toledo\/\">La comparaison entre la France et le Br\u00e9sil, dans le domaine de l\u2019enseignement musical concernant les harmonies amateurs<\/a><br \/>\nMarco Antonio Toledo Nascimento<\/p>\n","protected":false},"excerpt":{"rendered":"<p>\u00c9dito Chaque parcours, chaque itin\u00e9raire, avec halte ou d\u2019un seul tenant, trace le chemin de la recherche vers l\u2019hypoth\u00e8se tendue, voire la d\u00e9couverte.\u00a0Le doctorant, la doctorante, sont embarqu\u00e9s vers de nouveaux&#8230; Lire la suite L&rsquo;\u00e9quipe \u00c9dition et comit\u00e9 de r\u00e9daction Le comit\u00e9 scientifique Les articles Utopie et contre-utopie dans \u00ab\u00a0Missiles m\u00e9lodiques\u00a0\u00bb de Jos\u00e9 Sanchis Sinisterra. [&hellip;]<\/p>\n","protected":false},"author":33,"featured_media":0,"parent":0,"menu_order":0,"comment_status":"closed","ping_status":"closed","template":"","meta":{"footnotes":""},"class_list":["post-733","page","type-page","status-publish","hentry","post-preview"],"_links":{"self":[{"href":"https:\/\/blogs.univ-tlse2.fr\/littera-incognita-2\/wp-json\/wp\/v2\/pages\/733","targetHints":{"allow":["GET"]}}],"collection":[{"href":"https:\/\/blogs.univ-tlse2.fr\/littera-incognita-2\/wp-json\/wp\/v2\/pages"}],"about":[{"href":"https:\/\/blogs.univ-tlse2.fr\/littera-incognita-2\/wp-json\/wp\/v2\/types\/page"}],"author":[{"embeddable":true,"href":"https:\/\/blogs.univ-tlse2.fr\/littera-incognita-2\/wp-json\/wp\/v2\/users\/33"}],"replies":[{"embeddable":true,"href":"https:\/\/blogs.univ-tlse2.fr\/littera-incognita-2\/wp-json\/wp\/v2\/comments?post=733"}],"version-history":[{"count":11,"href":"https:\/\/blogs.univ-tlse2.fr\/littera-incognita-2\/wp-json\/wp\/v2\/pages\/733\/revisions"}],"predecessor-version":[{"id":2277,"href":"https:\/\/blogs.univ-tlse2.fr\/littera-incognita-2\/wp-json\/wp\/v2\/pages\/733\/revisions\/2277"}],"wp:attachment":[{"href":"https:\/\/blogs.univ-tlse2.fr\/littera-incognita-2\/wp-json\/wp\/v2\/media?parent=733"}],"curies":[{"name":"wp","href":"https:\/\/api.w.org\/{rel}","templated":true}]}}