 {"id":785,"date":"2016-03-03T13:59:38","date_gmt":"2016-03-03T12:59:38","guid":{"rendered":"https:\/\/blogs.univ-tlse2.fr\/littera-incognita-2\/?page_id=785"},"modified":"2018-09-18T12:20:39","modified_gmt":"2018-09-18T11:20:39","slug":"sommaire-du-n3","status":"publish","type":"page","link":"https:\/\/blogs.univ-tlse2.fr\/littera-incognita-2\/sommaire-du-n3\/","title":{"rendered":"Num\u00e9ro 3 : Les Interactions II &#8211; 2010"},"content":{"rendered":"<h2>\u00c9dito<\/h2>\n<p>Chaque parcours, chaque itin\u00e9raire, avec halte ou d\u2019un seul tenant, trace le chemin de la recherche vers l\u2019hypoth\u00e8se tendue, voire la d\u00e9couverte.\u00a0Le doctorant, la doctorante, sont embarqu\u00e9s vers de nouveaux&#8230; <a href=\"https:\/\/blogs.univ-tlse2.fr\/littera-incognita-2\/2016\/02\/16\/edito-du-n3\/\">Lire la suite<\/a><\/p>\n<hr \/>\n<h2>L&rsquo;\u00e9quipe<\/h2>\n<p><a href=\"https:\/\/blogs.univ-tlse2.fr\/littera-incognita-2\/2012\/05\/16\/edition-et-redaction-des-numeros-1-a-3\/\">\u00c9dition et comit\u00e9 de r\u00e9daction<\/a><\/p>\n<p><a href=\"https:\/\/blogs.univ-tlse2.fr\/littera-incognita-2\/2012\/05\/16\/lequipe-des-n-1-a-3\/\">Le comit\u00e9 scientifique<\/a><\/p>\n<hr \/>\n<h2>Les articles<\/h2>\n<p><a href=\"https:\/\/blogs.univ-tlse2.fr\/littera-incognita-2\/2016\/02\/16\/numero-3-article-1-monginot\/\">Babel ou la convergence comme mythe : quelle m\u00e9thode pour une connaissance du sens\u00e9 ?<\/a><br \/>\nBeno\u00eet Monginot<\/p>\n<p><a href=\"https:\/\/blogs.univ-tlse2.fr\/littera-incognita-2\/2016\/02\/16\/numero-3-2010-article-2-fourrel\/\">Vicente Blasco Ib\u00e1\u00f1ez et le roman cin\u00e9matographique. L\u2019exemple de Sangre y arena<\/a><br \/>\nC\u00e9cile Fourrel de Frettes<\/p>\n<p><a href=\"https:\/\/blogs.univ-tlse2.fr\/littera-incognita-2\/2016\/02\/16\/numero-3-2010-article-3-spooner\/\">Les interactions chez le dramaturge espagnol Juan Mayorga : vers un langage dramatique de l\u2019entre deux<\/a><br \/>\nClaire Spooner<\/p>\n<p><a href=\"https:\/\/blogs.univ-tlse2.fr\/littera-incognita-2\/2016\/02\/16\/numero-3-2010-article-4-garnier\/\">Les interactions au service de la correction d&rsquo;erreurs<\/a><br \/>\nMarie Garnier<\/p>\n<p><a href=\"https:\/\/blogs.univ-tlse2.fr\/littera-incognita-2\/2016\/02\/16\/numero-3-2010-article-5-baroin\/\">De Newton \u00e0 Riemann, Graphes et Graphisme : Interactions Math\u00e9matico-Musico-Plastiques<\/a><br \/>\nGilles Baroin<\/p>\n<p><a href=\"https:\/\/blogs.univ-tlse2.fr\/littera-incognita-2\/2016\/02\/16\/numero-3-2010-article-6-bessou\/\">La repr\u00e9sentation du travail dans l\u2019art \u00e0 travers le m\u00e9dium photographique, du d\u00e9but du si\u00e8cle \u00e0 aujourd\u2019hui<\/a><br \/>\nAnne-Lise Bessou<\/p>\n","protected":false},"excerpt":{"rendered":"<p>\u00c9dito Chaque parcours, chaque itin\u00e9raire, avec halte ou d\u2019un seul tenant, trace le chemin de la recherche vers l\u2019hypoth\u00e8se tendue, voire la d\u00e9couverte.\u00a0Le doctorant, la doctorante, sont embarqu\u00e9s vers de nouveaux&#8230; Lire la suite L&rsquo;\u00e9quipe \u00c9dition et comit\u00e9 de r\u00e9daction Le comit\u00e9 scientifique Les articles Babel ou la convergence comme mythe : quelle m\u00e9thode pour [&hellip;]<\/p>\n","protected":false},"author":33,"featured_media":0,"parent":0,"menu_order":0,"comment_status":"closed","ping_status":"closed","template":"","meta":{"footnotes":""},"class_list":["post-785","page","type-page","status-publish","hentry","post-preview"],"_links":{"self":[{"href":"https:\/\/blogs.univ-tlse2.fr\/littera-incognita-2\/wp-json\/wp\/v2\/pages\/785","targetHints":{"allow":["GET"]}}],"collection":[{"href":"https:\/\/blogs.univ-tlse2.fr\/littera-incognita-2\/wp-json\/wp\/v2\/pages"}],"about":[{"href":"https:\/\/blogs.univ-tlse2.fr\/littera-incognita-2\/wp-json\/wp\/v2\/types\/page"}],"author":[{"embeddable":true,"href":"https:\/\/blogs.univ-tlse2.fr\/littera-incognita-2\/wp-json\/wp\/v2\/users\/33"}],"replies":[{"embeddable":true,"href":"https:\/\/blogs.univ-tlse2.fr\/littera-incognita-2\/wp-json\/wp\/v2\/comments?post=785"}],"version-history":[{"count":11,"href":"https:\/\/blogs.univ-tlse2.fr\/littera-incognita-2\/wp-json\/wp\/v2\/pages\/785\/revisions"}],"predecessor-version":[{"id":3491,"href":"https:\/\/blogs.univ-tlse2.fr\/littera-incognita-2\/wp-json\/wp\/v2\/pages\/785\/revisions\/3491"}],"wp:attachment":[{"href":"https:\/\/blogs.univ-tlse2.fr\/littera-incognita-2\/wp-json\/wp\/v2\/media?parent=785"}],"curies":[{"name":"wp","href":"https:\/\/api.w.org\/{rel}","templated":true}]}}