 {"id":790,"date":"2016-02-16T09:59:28","date_gmt":"2016-02-16T08:59:28","guid":{"rendered":"https:\/\/blogs.univ-tlse2.fr\/littera-incognita-2\/?page_id=790"},"modified":"2018-09-18T12:40:01","modified_gmt":"2018-09-18T11:40:01","slug":"sommaire-du-n5","status":"publish","type":"page","link":"https:\/\/blogs.univ-tlse2.fr\/littera-incognita-2\/sommaire-du-n5\/","title":{"rendered":"Num\u00e9ro 5 : Image mise en trope(s) &#8211; 2013"},"content":{"rendered":"<h2>\u00c9dito<\/h2>\n<p>Chaque parcours, chaque itin\u00e9raire, avec halte ou d\u2019un seul tenant, trace le chemin de la recherche vers l\u2019hypoth\u00e8se tendue, voire la d\u00e9couverte.\u00a0Le doctorant, la doctorante, sont embarqu\u00e9s vers de nouveaux&#8230; <a href=\"https:\/\/blogs.univ-tlse2.fr\/littera-incognita-2\/2016\/02\/16\/edito-du-n5\/\">Lire la suite<\/a><\/p>\n<hr \/>\n<h2>L&rsquo;\u00e9quipe<\/h2>\n<p><a href=\"https:\/\/blogs.univ-tlse2.fr\/littera-incognita-2\/2014\/01\/27\/edition-et-redaction-du-n4\/\">\u00c9dition et comit\u00e9 de r\u00e9daction<\/a><\/p>\n<p><a href=\"https:\/\/blogs.univ-tlse2.fr\/littera-incognita-2\/2014\/01\/27\/comite-scientifique-des-n4-et-5\/\">Le comit\u00e9 scientifique<\/a><\/p>\n<hr \/>\n<h2>Les articles<\/h2>\n<p><a href=\"https:\/\/blogs.univ-tlse2.fr\/littera-incognita-2\/2016\/02\/16\/images-et-nostalgie-de-l-in-vu-galea-numero-5-2012\/\">Images et nostalgie de l\u2019in-vu<\/a><br \/>\n<span class=\"gras\">Mich\u00e8le Gal\u00e9a<\/span><\/p>\n<p><a href=\"https:\/\/blogs.univ-tlse2.fr\/littera-incognita-2\/2016\/02\/16\/les-narrations-taxidermiques-de-polly-morgan-damato-numero-5-2012\/\">Les narrations taxidermiques de Polly Morgan<\/a><br \/>\n<span class=\"gras\">Marion D\u2019Amato<\/span><\/p>\n<p>&nbsp;<\/p>\n","protected":false},"excerpt":{"rendered":"<p>\u00c9dito Chaque parcours, chaque itin\u00e9raire, avec halte ou d\u2019un seul tenant, trace le chemin de la recherche vers l\u2019hypoth\u00e8se tendue, voire la d\u00e9couverte.\u00a0Le doctorant, la doctorante, sont embarqu\u00e9s vers de nouveaux&#8230; Lire la suite L&rsquo;\u00e9quipe \u00c9dition et comit\u00e9 de r\u00e9daction Le comit\u00e9 scientifique Les articles Images et nostalgie de l\u2019in-vu Mich\u00e8le Gal\u00e9a Les narrations taxidermiques [&hellip;]<\/p>\n","protected":false},"author":33,"featured_media":0,"parent":0,"menu_order":0,"comment_status":"closed","ping_status":"closed","template":"","meta":{"footnotes":""},"class_list":["post-790","page","type-page","status-publish","hentry","post-preview"],"_links":{"self":[{"href":"https:\/\/blogs.univ-tlse2.fr\/littera-incognita-2\/wp-json\/wp\/v2\/pages\/790","targetHints":{"allow":["GET"]}}],"collection":[{"href":"https:\/\/blogs.univ-tlse2.fr\/littera-incognita-2\/wp-json\/wp\/v2\/pages"}],"about":[{"href":"https:\/\/blogs.univ-tlse2.fr\/littera-incognita-2\/wp-json\/wp\/v2\/types\/page"}],"author":[{"embeddable":true,"href":"https:\/\/blogs.univ-tlse2.fr\/littera-incognita-2\/wp-json\/wp\/v2\/users\/33"}],"replies":[{"embeddable":true,"href":"https:\/\/blogs.univ-tlse2.fr\/littera-incognita-2\/wp-json\/wp\/v2\/comments?post=790"}],"version-history":[{"count":10,"href":"https:\/\/blogs.univ-tlse2.fr\/littera-incognita-2\/wp-json\/wp\/v2\/pages\/790\/revisions"}],"predecessor-version":[{"id":1592,"href":"https:\/\/blogs.univ-tlse2.fr\/littera-incognita-2\/wp-json\/wp\/v2\/pages\/790\/revisions\/1592"}],"wp:attachment":[{"href":"https:\/\/blogs.univ-tlse2.fr\/littera-incognita-2\/wp-json\/wp\/v2\/media?parent=790"}],"curies":[{"name":"wp","href":"https:\/\/api.w.org\/{rel}","templated":true}]}}