 {"id":793,"date":"2016-02-16T10:59:32","date_gmt":"2016-02-16T09:59:32","guid":{"rendered":"https:\/\/blogs.univ-tlse2.fr\/littera-incognita-2\/?page_id=793"},"modified":"2018-09-18T15:34:29","modified_gmt":"2018-09-18T14:34:29","slug":"sommaire-du-n7","status":"publish","type":"page","link":"https:\/\/blogs.univ-tlse2.fr\/littera-incognita-2\/sommaire-du-n7\/","title":{"rendered":"Num\u00e9ro 7 : Territoire et interm\u00e9dialit\u00e9 &#8211; automne 2016"},"content":{"rendered":"<h2>\u00c9dito<\/h2>\n<p style=\"text-align: justify\">La recherche actuelle semble \u00eatre \u00e0 l&rsquo;\u00e8re de l&rsquo;interdisciplinarit\u00e9, de l&rsquo;interm\u00e9dialit\u00e9, du d\u00e9cloisonnement disciplinaire et des limites floues entre les domaines d&rsquo;\u00e9tude. La multiplication des approches transversales au sein des sciences humaines accompagne les ph\u00e9nom\u00e8nes de mondialisation et l\u2019\u00e9volution g\u00e9n\u00e9rale des fronti\u00e8res nationales et culturelles historiques, influen\u00e7ant les travaux des jeunes chercheurs&#8230; <a href=\"https:\/\/blogs.univ-tlse2.fr\/littera-incognita-2\/2016\/02\/16\/edito-du-n7\/\">Lire la suite<\/a><\/p>\n<hr \/>\n<h2>L&rsquo;\u00e9quipe<\/h2>\n<p><a href=\"https:\/\/blogs.univ-tlse2.fr\/littera-incognita-2\/2016\/02\/16\/edition-et-redaction-du-n7\/\">\u00c9dition et comit\u00e9 de r\u00e9daction<\/a><\/p>\n<p><a href=\"https:\/\/blogs.univ-tlse2.fr\/littera-incognita-2\/2016\/02\/16\/comite-scientifique-du-n7\/\">Le comit\u00e9 scientifique<\/a><\/p>\n<hr \/>\n<h2>Les articles<\/h2>\n<p style=\"text-align: justify\"><a href=\"https:\/\/blogs.univ-tlse2.fr\/littera-incognita-2\/2016\/10\/03\/dessin-contemporain-vers-une-approche-intermediale\/\">Dessin contemporain\u00a0: vers une approche interm\u00e9diale<\/a><br \/>\nVirginie Peyramayou<\/p>\n<p style=\"text-align: justify\"><a href=\"https:\/\/blogs.univ-tlse2.fr\/littera-incognita-2\/2016\/09\/08\/la-relation-comme-territoire-de-lintermedia-dans-la-videomusique\/\">La <em>relation<\/em><i> <\/i>comme territoire de l&rsquo;interm\u00e9dia dans la vid\u00e9omusique<\/a><br \/>\nJean-Pierre Moreau<\/p>\n<p style=\"text-align: justify\"><a href=\"https:\/\/blogs.univ-tlse2.fr\/littera-incognita-2\/2016\/10\/03\/espace-typographique-espace-choregraphique-dans-etat-danne-marie-albiach-le-texte-lu-au-miroir-de-la-danse\/\">Espace typographique, espace chor\u00e9graphique dans la po\u00e9sie d&rsquo;Anne-Marie Albiach\u00a0: le texte lu au miroir de la danse contemporaine<\/a><br \/>\nMarion Clavilier<\/p>\n<p style=\"text-align: justify\"><a href=\"https:\/\/blogs.univ-tlse2.fr\/littera-incognita-2\/2016\/10\/03\/de-territorialisations-flous-identitaires-et-frontieres-intermediales-dans-le-roman-graphique-galicien-ardalen-de-miguelanxo-prado\/\">D\u00e9-territorialisation, flous identitaires et fronti\u00e8res interm\u00e9diales dans le roman graphique galicien <i>Ardal\u00e9n <\/i>de Miguelanxo Prado<\/a><br \/>\nAgatha Mohring<\/p>\n<p style=\"text-align: justify\"><a href=\"https:\/\/blogs.univ-tlse2.fr\/littera-incognita-2\/2016\/10\/03\/deterritorialisation-dune-expedition-en-antarctique-a-journey-that-wasnt-2005-06-de-pierre-huyghe\/\">D\u00e9territorialisation d&rsquo;une exp\u00e9dition en Antarctique\u00a0: <i>A Journey That Wasn&rsquo;t <\/i>(2005-06) de Pierre Huyghe<\/a><br \/>\nTiphaine Larroque<\/p>\n<p style=\"text-align: justify\"><a href=\"https:\/\/blogs.univ-tlse2.fr\/littera-incognita-2\/2016\/09\/27\/a-la-croisee-des-chemins-la-representation-du-territoire-chez-les-artistes-marcheurs\/\">A la crois\u00e9e des chemins\u00a0: la repr\u00e9sentation du territoire chez les artistes marcheurs<\/a><br \/>\nBridget Sheridan<\/p>\n<p style=\"text-align: justify\"><a href=\"https:\/\/blogs.univ-tlse2.fr\/littera-incognita-2\/2016\/09\/27\/territoires-urbains-dans-la-chanson\/\">Territoires urbains dans la chanson<\/a><br \/>\nFranck David<\/p>\n<p style=\"text-align: justify\"><a href=\"https:\/\/blogs.univ-tlse2.fr\/littera-incognita-2\/2016\/10\/02\/le-design-intermedial-est-il-anti-territorial\/\">Le design interm\u00e9dial est-il anti-territorial ?<\/a><br \/>\nIkbel Charfi Ayadi<\/p>\n<p>&nbsp;<\/p>\n","protected":false},"excerpt":{"rendered":"<p>\u00c9dito La recherche actuelle semble \u00eatre \u00e0 l&rsquo;\u00e8re de l&rsquo;interdisciplinarit\u00e9, de l&rsquo;interm\u00e9dialit\u00e9, du d\u00e9cloisonnement disciplinaire et des limites floues entre les domaines d&rsquo;\u00e9tude. La multiplication des approches transversales au sein des sciences humaines accompagne les ph\u00e9nom\u00e8nes de mondialisation et l\u2019\u00e9volution g\u00e9n\u00e9rale des fronti\u00e8res nationales et culturelles historiques, influen\u00e7ant les travaux des jeunes chercheurs&#8230; Lire la [&hellip;]<\/p>\n","protected":false},"author":33,"featured_media":0,"parent":0,"menu_order":0,"comment_status":"closed","ping_status":"closed","template":"","meta":{"footnotes":""},"class_list":["post-793","page","type-page","status-publish","hentry","post-preview"],"_links":{"self":[{"href":"https:\/\/blogs.univ-tlse2.fr\/littera-incognita-2\/wp-json\/wp\/v2\/pages\/793","targetHints":{"allow":["GET"]}}],"collection":[{"href":"https:\/\/blogs.univ-tlse2.fr\/littera-incognita-2\/wp-json\/wp\/v2\/pages"}],"about":[{"href":"https:\/\/blogs.univ-tlse2.fr\/littera-incognita-2\/wp-json\/wp\/v2\/types\/page"}],"author":[{"embeddable":true,"href":"https:\/\/blogs.univ-tlse2.fr\/littera-incognita-2\/wp-json\/wp\/v2\/users\/33"}],"replies":[{"embeddable":true,"href":"https:\/\/blogs.univ-tlse2.fr\/littera-incognita-2\/wp-json\/wp\/v2\/comments?post=793"}],"version-history":[{"count":14,"href":"https:\/\/blogs.univ-tlse2.fr\/littera-incognita-2\/wp-json\/wp\/v2\/pages\/793\/revisions"}],"predecessor-version":[{"id":3524,"href":"https:\/\/blogs.univ-tlse2.fr\/littera-incognita-2\/wp-json\/wp\/v2\/pages\/793\/revisions\/3524"}],"wp:attachment":[{"href":"https:\/\/blogs.univ-tlse2.fr\/littera-incognita-2\/wp-json\/wp\/v2\/media?parent=793"}],"curies":[{"name":"wp","href":"https:\/\/api.w.org\/{rel}","templated":true}]}}