 {"id":146,"date":"2014-01-31T11:27:52","date_gmt":"2014-01-31T10:27:52","guid":{"rendered":"https:\/\/blogs.univ-tlse2.fr\/lla-doc\/?page_id=146"},"modified":"2014-03-27T11:12:51","modified_gmt":"2014-03-27T10:12:51","slug":"appels-a-communications","status":"publish","type":"page","link":"https:\/\/blogs.univ-tlse2.fr\/lla-doc\/appels-a-communications\/","title":{"rendered":"Appels \u00e0 communications"},"content":{"rendered":"<h1><strong>Appels \u00e0 communications et \u00e0 contributions\u00a0<\/strong><\/h1>\n<p style=\"text-align: justify\">Cliquez sur les liens suivants pour d\u00e9couvrir les appels \u00e0 communication et \u00e0 contribution.<\/p>\n<p><strong>Deadline. Intitul\u00e9 de l&rsquo;appel<\/strong><br \/>\n<strong>30 mars.\u00a0<\/strong>Journ\u00e9e d&rsquo;\u00e9tude. \u00ab\u00a0Genres et formes de la critique musicale au XXe si\u00e8cle. Explorations po\u00e9tiques, historiques et analytiques\u00a0\u00bb.\u00a0<a href=\"http:\/\/univ-tlse2.us3.list-manage1.com\/track\/click?u=0c6a2949eb341f9c2d425c8be&amp;id=6cca043ff7&amp;e=cf6c1f0a34\" target=\"_blank\">Appel \u00e0 communications<\/a>.<br \/>\n<strong>31 mars.<\/strong>\u00a0Colloque. \u00ab\u00a0M\u00e9dias et bien-\u00eatre : discours et repr\u00e9sentations\u00a0\u00bb.\u00a0<a href=\"http:\/\/univ-tlse2.us3.list-manage1.com\/track\/click?u=0c6a2949eb341f9c2d425c8be&amp;id=3f1fe84b37&amp;e=cf6c1f0a34\" target=\"_blank\">Appel \u00e0 communications<\/a>.<br \/>\n<strong>31 mars.<\/strong>\u00a0Contributions. Bruits.\u00a0<a href=\"http:\/\/univ-tlse2.us3.list-manage.com\/track\/click?u=0c6a2949eb341f9c2d425c8be&amp;id=d14c151232&amp;e=cf6c1f0a34\" target=\"_blank\">Appel \u00e0 contributions<\/a>.<br \/>\n<strong>31 mars.<\/strong>\u00a0Journ\u00e9e d&rsquo;\u00e9tude. Transferts culturels et \u00e9tudes de genre.<a href=\"http:\/\/univ-tlse2.us3.list-manage.com\/track\/click?u=0c6a2949eb341f9c2d425c8be&amp;id=ade81aff20&amp;e=cf6c1f0a34\" target=\"_blank\">Appel \u00e0 communications<\/a>.<br \/>\n<strong>31 mars.<\/strong>\u00a0Contributions. Le suicide \u00e0 la sc\u00e8ne.\u00a0<a href=\"http:\/\/univ-tlse2.us3.list-manage2.com\/track\/click?u=0c6a2949eb341f9c2d425c8be&amp;id=015cfc09ef&amp;e=cf6c1f0a34\" target=\"_blank\">Appel \u00e0 contributions<\/a>.<br \/>\n<strong>31 mars.<\/strong>\u00a0Journ\u00e9e d&rsquo;\u00e9tude. Le musicien rat\u00e9.\u00a0<a href=\"http:\/\/univ-tlse2.us3.list-manage.com\/track\/click?u=0c6a2949eb341f9c2d425c8be&amp;id=db8199d48c&amp;e=cf6c1f0a34\" target=\"_blank\">Appel \u00e0 communications<\/a>.<br \/>\n<strong>31 mars.<\/strong>\u00a0Contributions. Peindre l&rsquo;histoire. Revue Romantisme.<a href=\"http:\/\/univ-tlse2.us3.list-manage.com\/track\/click?u=0c6a2949eb341f9c2d425c8be&amp;id=c5a2f4f98b&amp;e=cf6c1f0a34\" target=\"_blank\">Appel \u00e0 contributions<\/a>.<br \/>\n<strong>April 15, 2014.<\/strong>\u00a012th International Symposium on SMART GRAPHICS. Taipei, Taiwan.\u00a0<a href=\"http:\/\/univ-tlse2.us3.list-manage.com\/track\/click?u=0c6a2949eb341f9c2d425c8be&amp;id=c98cdb1215&amp;e=cf6c1f0a34\" target=\"_blank\">Call for paper<\/a>.<br \/>\n<strong>23 juin 2014.<\/strong>\u00a0Contributions. Discours : linguistique, psycholinguistique et informatique.\u00a0<a href=\"http:\/\/univ-tlse2.us3.list-manage1.com\/track\/click?u=0c6a2949eb341f9c2d425c8be&amp;id=da098f8560&amp;e=cf6c1f0a34\" target=\"_blank\">Appel \u00e0 contribution<\/a><\/p>\n<p style=\"text-align: justify\"><span style=\"text-align: center;line-height: 1.5em\">\u00a0_________________________________________________________________________________<\/span><\/p>\n<div style=\"text-align: center\"><\/div>\n<div>\n<div title=\"Page 1\">\n<div>\n<div>\n<h1 style=\"text-align: center\"><strong>Appel \u00e0 communications \u00ab Le mou et ses limites \u00bb<\/strong><\/h1>\n<p>Journ\u00e9e d\u2019\u00e9tude du laboratoire LLA-Cr\u00e9atis le 22 novembre 2013 Universit\u00e9 Toulouse II<\/p>\n<p>Date limite : 10 mai 2013-<\/p>\n<p style=\"text-align: justify\">Empruntant et d\u00e9tournant le c\u00e9l\u00e8bre titre de Maurice Fr\u00e9churet, Le mou et ses formes, la th\u00e9matique de notre journ\u00e9e d\u2019\u00e9tude propose d\u2019\u00e9tudier non pas les formes mais les limites li\u00e9es \u00e0 cet \u00e9tat de la mati\u00e8re. Pour mieux comprendre les processus de dissolution qui activent l\u2019informe et animent d\u2019inqui\u00e9tantes m\u00e9tamorphoses, nous approcherons notre sujet sous divers angles. Nous accueillerons donc des communications \u00e9tudiant ce rapport \u00e0 la \u00ab mollesse \u00bb dans les arts, le design, la litt\u00e9rature, le th\u00e9\u00e2tre et le cin\u00e9ma avec un corpus d\u2019\u0153uvres compris entre les XIXe et XXIe si\u00e8cles.<\/p>\n<p style=\"text-align: justify\">1. Approche mat\u00e9rielle : physique ou m\u00e9taphysique<\/p>\n<p style=\"text-align: justify\">La mollesse des nouveaux mat\u00e9riaux, que C\u00e9sar et Gaetano Pesce ont pu exp\u00e9rimenter \u00e0 leur \u00e9poque, semble aujourd\u2019hui attaquer les limites plastiques et remettre en question la p\u00e9rennit\u00e9 des choses. Le mou n\u2019\u00e9tant ni liquide, ni solide, cet \u00e9tat va r\u00e9v\u00e9ler une inqui\u00e9tant instabilit\u00e9 qui indique cet entre-deux physique voir m\u00e9taphysique (la science des slimes et La m\u00e9taphysique du mou J.B. Botul).<\/p>\n<p style=\"text-align: justify\">2.Approche analogique : organique et alimentaire<\/p>\n<p style=\"text-align: justify\">Aussi, nous observerons comment les limites se d\u00e9placent insidieusement \u00e0 travers les mati\u00e8res gluantes de mani\u00e8re \u00e0 identifier la souillure comme trace de ce d\u00e9placement. L\u2019appr\u00e9hension du mou et de ses limites nous oriente a priori vers des rapprochements corporels (glaires, miasmes, excr\u00e9ments et d\u00e9jections morbides) auxquels peuvent s\u2019ajouter et\/ou se substituer des mati\u00e8res alimentaires comme on peut le voir dans les performances de Paul Mc Carthy ou encore dans la mise en sc\u00e8ne de Golgota Picnic.<\/p>\n<p style=\"text-align: justify\">3.Approche de l\u2019\u00e9motion : d\u00e9go\u00fbt et horreur<\/p>\n<p style=\"text-align: justify\">Les limites qui animent les formes molles peuvent \u00e9galement alimenter le fantasme d\u2019un organisme autonome, un monstre gluant et d\u00e9go\u00fbtant qui appara\u00eet dans le cin\u00e9ma gore sous le nom de \u00ab Blob \u00bb. En abordant de mani\u00e8re ouverte ce que les limites du mou d\u00e9placent, nous chercherons \u00e0 comprendre l\u2019\u00e9motion teint\u00e9e d\u2019angoisse que Jean-Paul Sartre \u00e9voquait \u00e0 propos de la m\u00e9lasse ou que Julia Kristeva \u00e9tudiait dans son livre Pouvoirs de l\u2019horreur.<\/p>\n<p style=\"text-align: justify\">4.Approche d\u00e9limitative : dissolution et putr\u00e9faction<\/p>\n<p style=\"text-align: justify\">Nous \u00e9tudierons aussi l\u2019extension morbide des limites de la corpor\u00e9it\u00e9 que l\u2019on peut apercevoir, par exemple, dans l\u2019\u0153uvre The Matrix of Amnesia de l\u2019artiste John Isaacs. L\u2019enveloppe-peau, devenue compl\u00e8tement molle et \u00e9lastique, semble diluer l\u2019int\u00e9grit\u00e9 du corps en une masse graisseuse et informe. Remettant ainsi en exergue le concept d\u00e9velopp\u00e9<\/p>\n<\/div>\n<\/div>\n<\/div>\n<div title=\"Page 2\">\n<div>\n<div>\n<p style=\"text-align: justify\">par Didier Anzieu du \u00ab Moi-Peau \u00bb, nous nous interrogerons sur la matrice de la forme lorsqu\u2019elle d\u00e9g\u00e9n\u00e8re et semble fondre.<\/p>\n<p style=\"text-align: justify\">Modalit\u00e9: propositions de communications faisant appara\u00eetre clairement le titre et l\u2019approche abord\u00e9s (une page maximum) et une courte notice biographique sont \u00e0 faire parvenir \u00e0 emma&#46;viguier&#64;&#119;&#97;&#110;&#97;&#100;&#x6f;&#x6f;&#x2e;&#x66;&#x72; et \u00e0 &#x63;&#x65;&#108;in&#x65;&#x2e;&#x63;ada&#x75;&#x72;&#101;il&#x6c;&#x65;&#x40;&#121;ah&#x6f;&#x6f;&#46;fr avant le 10 mai 2013.<\/p>\n<p style=\"text-align: justify\">Lieu : Maison de la recherche, Universit\u00e9 Toulouse II Le Mirail Date de la journ\u00e9e d\u2019\u00e9tude : le 22 novembre 2013<\/p>\n<p style=\"text-align: justify\">Responsables : C\u00e9line Cadaureille et Emma Viguier (LLA-CR\u00c9ATIS)<\/p>\n<\/div>\n<\/div>\n<\/div>\n<\/div>\n","protected":false},"excerpt":{"rendered":"<p>Appels \u00e0 communications et \u00e0 contributions\u00a0 Cliquez sur les liens suivants pour d\u00e9couvrir les appels \u00e0 communication et \u00e0 contribution. Deadline. Intitul\u00e9 de l&rsquo;appel 30 mars.\u00a0Journ\u00e9e d&rsquo;\u00e9tude. \u00ab\u00a0Genres et formes de la critique musicale au XXe si\u00e8cle. Explorations po\u00e9tiques, historiques et analytiques\u00a0\u00bb.\u00a0Appel \u00e0 communications. 31 mars.\u00a0Colloque. \u00ab\u00a0M\u00e9dias et bien-\u00eatre : discours et repr\u00e9sentations\u00a0\u00bb.\u00a0Appel \u00e0 communications. [&hellip;]<\/p>\n","protected":false},"author":60,"featured_media":0,"parent":0,"menu_order":0,"comment_status":"open","ping_status":"open","template":"","meta":{"footnotes":""},"class_list":["post-146","page","type-page","status-publish","hentry"],"_links":{"self":[{"href":"https:\/\/blogs.univ-tlse2.fr\/lla-doc\/wp-json\/wp\/v2\/pages\/146","targetHints":{"allow":["GET"]}}],"collection":[{"href":"https:\/\/blogs.univ-tlse2.fr\/lla-doc\/wp-json\/wp\/v2\/pages"}],"about":[{"href":"https:\/\/blogs.univ-tlse2.fr\/lla-doc\/wp-json\/wp\/v2\/types\/page"}],"author":[{"embeddable":true,"href":"https:\/\/blogs.univ-tlse2.fr\/lla-doc\/wp-json\/wp\/v2\/users\/60"}],"replies":[{"embeddable":true,"href":"https:\/\/blogs.univ-tlse2.fr\/lla-doc\/wp-json\/wp\/v2\/comments?post=146"}],"version-history":[{"count":5,"href":"https:\/\/blogs.univ-tlse2.fr\/lla-doc\/wp-json\/wp\/v2\/pages\/146\/revisions"}],"predecessor-version":[{"id":225,"href":"https:\/\/blogs.univ-tlse2.fr\/lla-doc\/wp-json\/wp\/v2\/pages\/146\/revisions\/225"}],"wp:attachment":[{"href":"https:\/\/blogs.univ-tlse2.fr\/lla-doc\/wp-json\/wp\/v2\/media?parent=146"}],"curies":[{"name":"wp","href":"https:\/\/api.w.org\/{rel}","templated":true}]}}