 {"id":15,"date":"2010-11-08T08:24:03","date_gmt":"2010-11-08T07:24:03","guid":{"rendered":"https:\/\/blogs.univ-tlse2.fr\/lla-doc\/agenda\/"},"modified":"2012-04-02T14:11:48","modified_gmt":"2012-04-02T13:11:48","slug":"agenda","status":"publish","type":"page","link":"https:\/\/blogs.univ-tlse2.fr\/lla-doc\/agenda\/","title":{"rendered":"Agenda culturel et scientifique"},"content":{"rendered":"<h2 style=\"text-align: center\"><strong>APPEL \u00c0 COMMUNICATION<\/strong><\/h2>\n<h2 style=\"text-align: center\">JOURN\u00c9E DE DOCTORANTS<\/h2>\n<h2 style=\"text-align: center\"><span style=\"color: #000080\"><strong>IMAGE MISE EN TROPE(S)<\/strong><\/span><\/h2>\n<p><strong><br \/>\n<\/strong><\/p>\n<p style=\"text-align: center\">UNIVERSITE TOULOUSE II \u2013 LE MIRAIL<\/p>\n<p style=\"text-align: center\"><strong>Mardi 29 mai 2012<\/strong><\/p>\n<p style=\"text-align: center\"><strong>9h-18h \u2013 salle D31 (MdR)<\/strong><\/p>\n<p>&nbsp;<\/p>\n<p>&nbsp;<\/p>\n<p>L\u2019image mise en trope(s) fera l\u2019objet d\u2019une journ\u00e9e d\u2019\u00e9tudes autour de la notion de trope et pourra prendre en compte la dichotomie induite par le jeu de mots entre \u201cmise en trope\u201d et \u201cmisanthrope\u201d puisque le d\u00e9tournement existe d\u00e8s ce titre. L\u2019image telle que nous l\u2019entendons ici est donc celle cr\u00e9\u00e9e de fa\u00e7on plus ou moins consciente et qui existe sous une forme physique ou mentale. Elle peut \u00eatre plastique, litt\u00e9raire, th\u00e9\u00e2trale ou encore imaginaire comme elle peut \u00eatre celle d\u2019un inconscient collectif ou au contraire \u00eatre personnelle voire intime.<\/p>\n<p>&nbsp;<\/p>\n<p>Le fait est que la question de l\u2019image \u00e0 travers ses diff\u00e9rentes formes de pouvoirs est omnipr\u00e9sente dans notre soci\u00e9t\u00e9 et qu\u2019elle submerge l\u2019\u00e9poque contemporaine. Qu\u2019elle soit visuelle ou mentale, l\u2019image est bien plus que la simple repr\u00e9sentation d\u2019une r\u00e9alit\u00e9 donn\u00e9e ; la fiction en est l\u2019exemple &#8211; une r\u00e9ponse possible \u00e0 cette affirmation. Les dispositifs plastiques et sc\u00e9niques peuvent quant \u00e0 eux \u00eatre d\u00e9clencheurs de tropes. La question des dispositifs pourra \u00eatre entendue comme la th\u00e9orie \u00e9mergente et structurante du laboratoire LLA-CR\u00c9ATIS en m\u00eame temps qu\u2019il sera possible de l\u2019aborder sous sa d\u00e9finition la plus courante au travers du simple terme \u201cdispositif\u201d.<\/p>\n<p>&nbsp;<\/p>\n<p>Habit\u00e9e par certains, d\u00e9structur\u00e9e tel un objet d\u00e9membr\u00e9 par d\u2019autres, l\u2019image sera observ\u00e9e sous tous ses angles : information, d\u00e9(sin)formation &#8230; Ici, rien n\u2019est trop ou trop peu, tout n\u2019est que trope !<\/p>\n<p>&nbsp;<\/p>\n<p>Cette journ\u00e9e d\u2019\u00e9tudes propose ainsi de diffuser les travaux scientifiques des doctorants du laboratoire LLA-CR\u00c9ATIS, mais aussi de doctorants appartenant \u00e0 d\u2019autres \u00e9quipes qui partagent nos pr\u00e9occupations de recherche. Elle prolongera les travaux des pr\u00e9c\u00e9dentes journ\u00e9es d\u2019\u00e9tudes du laboratoire LLA-CR\u00c9ATIS consacr\u00e9es \u00e0 la question des <strong><em>Interactions<\/em><\/strong> et de <strong><em>L\u2019hybride<\/em><\/strong>.<\/p>\n<p>&nbsp;<\/p>\n<p>Plusieurs pistes, non restrictives, peuvent \u00eatre envisag\u00e9es\u00a0:<\/p>\n<p>&nbsp;<\/p>\n<p>&#8211;\u00a0\u00a0\u00a0\u00a0\u00a0 <a href=\"http:\/\/www.surlimage.info\/ECRITS\/imagetx.html\">Images mentales<\/a> et concr\u00e9tisation imageante,<\/p>\n<p>&#8211;\u00a0\u00a0\u00a0\u00a0\u00a0 <a href=\"http:\/\/www.surlimage.info\/ECRITS\/imagetx.html\">L&rsquo;image entre art, langage et communication<\/a>,<\/p>\n<p>&#8211;\u00a0\u00a0\u00a0\u00a0\u00a0 Image mim\u00e9tique,<\/p>\n<p>&#8211;\u00a0\u00a0\u00a0\u00a0\u00a0 Glissement, arr\u00eat, faille\u00a0; ruse, strat\u00e9gie, astuce.<\/p>\n<p>Nous cherchons \u00e0 travers cette liste, non limitative, \u00e0 mettre en exergue le caract\u00e8re englobant de l\u2019image et attacherons une grande importance au caract\u00e8re transversal que les participants lui attribueront.<\/p>\n<p>&nbsp;<\/p>\n<p>Les propositions de communication devront comprendre 300 mots environ et d\u00e9crire le ou les axes qu\u2019elles privil\u00e9gient. Les doctorants indiqueront en outre les mots-cl\u00e9s de leur communication, le sujet de leur th\u00e8se, le nom de leur directeur de th\u00e8se et leur laboratoire. Il est possible de proposer des communications \u00e0 deux voix.<\/p>\n<p>Ces propositions doivent \u00eatre envoy\u00e9es avant le 2 Avril 2012 aux adresses suivantes\u00a0:<\/p>\n<p>&nbsp;<\/p>\n<p><a href=\"&#x6d;&#x61;&#x69;&#x6c;&#x74;&#x6f;&#x3a;&#x61;&#x6e;&#x6e;&#x65;&#108;&#105;&#110;&#101;&#46;bessou&#64;g&#x6d;&#x61;&#x69;&#x6c;&#x2e;&#x63;&#x6f;&#x6d;\"><strong>&#x61;&#x6e;&#110;el&#x69;&#x6e;&#x65;&#46;be&#x73;&#x73;&#x6f;&#117;&#64;g&#x6d;&#x61;&#x69;&#108;&#46;c&#x6f;&#x6d;<\/strong><\/a><strong> <\/strong>et <strong><a href=\"&#x6d;&#x61;&#x72;&#x69;&#x6e;&#x65;&#x2e;&#x64;&#x75;&#x66;&#x66;&#97;&#117;&#64;&#103;mail&#46;com\">&#x6d;a&#x72;i&#x6e;&#101;&#46;&#x64;u&#x66;&#102;a&#x75;&#64;&#x67;&#109;a&#x69;l&#x2e;c&#x6f;&#x6d;<\/a><\/strong><\/p>\n<p><strong> <\/strong><\/p>\n<p>Les doctorants s\u00e9lectionn\u00e9s pr\u00e9senteront leur communication qui n\u2019exc\u00e9dera pas vingt minutes (trente minutes pour les communications \u00e0 deux voix) et seront invit\u00e9s ensuite \u00e0 publier leur texte, apr\u00e8s acceptation ou demande de r\u00e9\u00e9criture par le comit\u00e9 de lecture, dans la revue en ligne <em>Littera Incognita.<\/em> <strong> <\/strong><\/p>\n<p>&nbsp;<\/p>\n<p>Comit\u00e9 organisateur\u00a0:<\/p>\n<p>&nbsp;<\/p>\n<p><strong>Julien Aubert<\/strong>, doctorant en Arts du spectacle.<\/p>\n<p><strong>Anne-Line Bessou<\/strong>, doctorante en Arts plastiques.<\/p>\n<p><strong>Marine Duffau<\/strong>, doctorante en Arts du spectacle.<\/p>\n<h2><\/h2>\n<h2><\/h2>\n<h2><\/h2>\n<h2><em><span style=\"color: #800080\">Une manifestation culturelle ou scientifique \u00e0 venir ? D\u00e9posez un commentaire ci-dessous pour en informer les autres lecteurs du blog ! <\/span><\/em><\/h2>\n","protected":false},"excerpt":{"rendered":"<p>APPEL \u00c0 COMMUNICATION JOURN\u00c9E DE DOCTORANTS IMAGE MISE EN TROPE(S) UNIVERSITE TOULOUSE II \u2013 LE MIRAIL Mardi 29 mai 2012 9h-18h \u2013 salle D31 (MdR) &nbsp; &nbsp; L\u2019image mise en trope(s) fera l\u2019objet d\u2019une journ\u00e9e d\u2019\u00e9tudes autour de la notion de trope et pourra prendre en compte la dichotomie induite par le jeu de mots [&hellip;]<\/p>\n","protected":false},"author":60,"featured_media":0,"parent":0,"menu_order":0,"comment_status":"open","ping_status":"open","template":"","meta":{"footnotes":""},"class_list":["post-15","page","type-page","status-publish","hentry"],"_links":{"self":[{"href":"https:\/\/blogs.univ-tlse2.fr\/lla-doc\/wp-json\/wp\/v2\/pages\/15","targetHints":{"allow":["GET"]}}],"collection":[{"href":"https:\/\/blogs.univ-tlse2.fr\/lla-doc\/wp-json\/wp\/v2\/pages"}],"about":[{"href":"https:\/\/blogs.univ-tlse2.fr\/lla-doc\/wp-json\/wp\/v2\/types\/page"}],"author":[{"embeddable":true,"href":"https:\/\/blogs.univ-tlse2.fr\/lla-doc\/wp-json\/wp\/v2\/users\/60"}],"replies":[{"embeddable":true,"href":"https:\/\/blogs.univ-tlse2.fr\/lla-doc\/wp-json\/wp\/v2\/comments?post=15"}],"version-history":[{"count":6,"href":"https:\/\/blogs.univ-tlse2.fr\/lla-doc\/wp-json\/wp\/v2\/pages\/15\/revisions"}],"predecessor-version":[{"id":41,"href":"https:\/\/blogs.univ-tlse2.fr\/lla-doc\/wp-json\/wp\/v2\/pages\/15\/revisions\/41"}],"wp:attachment":[{"href":"https:\/\/blogs.univ-tlse2.fr\/lla-doc\/wp-json\/wp\/v2\/media?parent=15"}],"curies":[{"name":"wp","href":"https:\/\/api.w.org\/{rel}","templated":true}]}}