 {"id":34,"date":"2010-11-08T10:09:05","date_gmt":"2010-11-08T09:09:05","guid":{"rendered":"https:\/\/blogs.univ-tlse2.fr\/lla-doc\/?page_id=34"},"modified":"2014-01-31T11:20:53","modified_gmt":"2014-01-31T10:20:53","slug":"concours-et-appels-a-projets","status":"publish","type":"page","link":"https:\/\/blogs.univ-tlse2.fr\/lla-doc\/concours-et-appels-a-projets\/","title":{"rendered":"Concours et appels \u00e0 projets"},"content":{"rendered":"<h2><\/h2>\n<div>\n<h2>Ouverture des inscriptions pour le concours : FameLab<\/h2>\n<p style=\"text-align: justify\">Communiquer la science de mani\u00e8re accessible et s\u00e9duisante est une priorit\u00e9 qui ne cesse de se d\u00e9velopper pour les chercheurs dans le monde entier.\u00a0FameLab\u00a0aide les jeunes chercheurs \u00e0 acqu\u00e9rir des comp\u00e9tences pour communiquer leur travail pour un public non-sp\u00e9cialiste. Les chercheurs ne modifient pas seulement le st\u00e9r\u00e9otype habituel du scientifique en tant que \u00ab\u00a0geek en blouse blanche qui fait des choses \u00e9tranges dans un labo\u00a0\u00bb, mais justifient \u00e9galement le financement public de leur recherche.<\/p>\n<p style=\"text-align: justify\">Depuis sa naissance au Times Cheltenham Festival en 2005,\u00a0FameLab\u00ae est devenu le concours de communication scientifique le plus important au monde. Le partenariat n\u00e9 en 2007 avec le British Council a engendr\u00e9 la mondialisation de la comp\u00e9tition, avec la participation de plus de 5000 jeunes scientifiques et ing\u00e9nieurs dans plus de 20 pays. Le Festival de Cheltenham et le British Council co-produisent la finale internationale\u00a0FameLab\u00a0qui a lieu pendant le Festival de Sciences de Cheltenham tous les ans en juin. Lors de la finale internationale, des jeunes scientifiques de l\u2019Europe enti\u00e8re, de l\u2019Asie, et de l\u2019Afrique se confrontent pour \u00eatre le plus passionnant, le plus intelligible, et le plus charismatique des chercheurs de l&rsquo;ann\u00e9e. Avant d\u2019arriver \u00e0 Cheltenham, chacun aura d\u00e9j\u00e0 remport\u00e9 la finale nationale dans son propre pays.<\/p>\n<p style=\"text-align: justify\"><strong>En participant \u00e0 FameLab, vous pourriez devenir le nouveau visage de la science en France\u00a0!<\/strong><\/p>\n<p style=\"text-align: justify\">Pour\u00a0<strong><a href=\"http:\/\/www.britishcouncil.fr\/forms\/famelab\" target=\"_blank\">\u00eatre candidat \u00e0 FameLab<\/a>,<\/strong>\u00a0vous devez:<\/p>\n<p style=\"text-align: justify\">\u00b7\u00a0\u00a0\u00a0\u00a0\u00a0\u00a0\u00a0\u00a0\u00a0Avoir plus de 21 ans et moins de 40 ans (d\u00e9finition du \u00ab\u00a0jeune chercheur\u00a0\u00bb retenue par la Commission europ\u00e9enne)<\/p>\n<p style=\"text-align: justify\">\u00b7\u00a0\u00a0\u00a0\u00a0\u00a0\u00a0\u00a0\u00a0\u00a0Travailler ou \u00e9tudier dans le domaine des sciences exactes, de la technologie, de l\u2019ing\u00e9nierie, ou des math\u00e9matiques en France &#8211; que vous fassiez partie du secteur public ou priv\u00e9.<\/p>\n<\/div>\n<h2 style=\"text-align: justify\"><\/h2>\n<div style=\"text-align: justify\">\n<p>Vous pouvez vous inscrire \u00e0 cet \u00e9v\u00e8nement sur le portail des formations :\u00a0<a href=\"http:\/\/www.univ-toulouse.fr\/recherche-doctorat\/college-doctoral\/formation-pour-les-doctorants\" target=\"_blank\">http:\/\/www.univ-toulouse.fr\/recherche-doctorat\/college-doctoral\/formation-pour-les-doctorants<\/a><\/p>\n<\/div>\n<h2 style=\"text-align: justify\"><\/h2>\n<div style=\"text-align: justify\">\n<ul>\n<li>Selection des candidatures jusqu&rsquo;au mois de mars<\/li>\n<li>formation de coatching mi-mars<\/li>\n<li>finale toulousaine le 1 Avril<\/li>\n<li>2 laur\u00e9at partiront au mois d&rsquo;Avril pour une master class europ\u00e9enne<\/li>\n<li>finale fran\u00e7aise \u00e0 Paris au mois de mai<\/li>\n<li>finale internationale \u00e0 Cheltenham en juin<\/li>\n<\/ul>\n<div>\n<p>Nous restons \u00e0 votre dispositions pour toutes questions compl\u00e9mentaires<\/p>\n<\/div>\n<\/div>\n<h2 style=\"text-align: justify\"><\/h2>\n<div style=\"text-align: justify\">\n<p>Bonne journ\u00e9e,<\/p>\n<\/div>\n<h2 style=\"text-align: justify\"><\/h2>\n<div style=\"text-align: justify\">\n<p><b>Cl\u00e9ment Varenne<br \/>\n<\/b><b>Responsable formation et m\u00e9diation scientifique de l&rsquo;\u00c9cole des Docteurs<br \/>\nColl\u00e8ge doctoral de l\u2019Universit\u00e9 de Toulouse<\/b><br \/>\nT\u00e9l. :\u00a0<a target=\"_blank\">+33(0)5 61 10 80 31<\/a><br \/>\nMobile :\u00a0<a target=\"_blank\">+33 (0)6 84 17 95 19<\/a>\u00a0ou Secr\u00e9tariat :\u00a0<a target=\"_blank\">+33 (0)5 61 10 80 35<\/a><br \/>\nT\u00e9l\u00e9copie :\u00a0<a target=\"_blank\">+33(0)5 61 10 80 49<\/a><\/p>\n<\/div>\n","protected":false},"excerpt":{"rendered":"<p>Ouverture des inscriptions pour le concours : FameLab Communiquer la science de mani\u00e8re accessible et s\u00e9duisante est une priorit\u00e9 qui ne cesse de se d\u00e9velopper pour les chercheurs dans le monde entier.\u00a0FameLab\u00a0aide les jeunes chercheurs \u00e0 acqu\u00e9rir des comp\u00e9tences pour communiquer leur travail pour un public non-sp\u00e9cialiste. Les chercheurs ne modifient pas seulement le st\u00e9r\u00e9otype [&hellip;]<\/p>\n","protected":false},"author":60,"featured_media":0,"parent":0,"menu_order":0,"comment_status":"open","ping_status":"open","template":"","meta":{"footnotes":""},"class_list":["post-34","page","type-page","status-publish","hentry"],"_links":{"self":[{"href":"https:\/\/blogs.univ-tlse2.fr\/lla-doc\/wp-json\/wp\/v2\/pages\/34","targetHints":{"allow":["GET"]}}],"collection":[{"href":"https:\/\/blogs.univ-tlse2.fr\/lla-doc\/wp-json\/wp\/v2\/pages"}],"about":[{"href":"https:\/\/blogs.univ-tlse2.fr\/lla-doc\/wp-json\/wp\/v2\/types\/page"}],"author":[{"embeddable":true,"href":"https:\/\/blogs.univ-tlse2.fr\/lla-doc\/wp-json\/wp\/v2\/users\/60"}],"replies":[{"embeddable":true,"href":"https:\/\/blogs.univ-tlse2.fr\/lla-doc\/wp-json\/wp\/v2\/comments?post=34"}],"version-history":[{"count":7,"href":"https:\/\/blogs.univ-tlse2.fr\/lla-doc\/wp-json\/wp\/v2\/pages\/34\/revisions"}],"predecessor-version":[{"id":141,"href":"https:\/\/blogs.univ-tlse2.fr\/lla-doc\/wp-json\/wp\/v2\/pages\/34\/revisions\/141"}],"wp:attachment":[{"href":"https:\/\/blogs.univ-tlse2.fr\/lla-doc\/wp-json\/wp\/v2\/media?parent=34"}],"curies":[{"name":"wp","href":"https:\/\/api.w.org\/{rel}","templated":true}]}}