 {"id":14,"date":"2011-01-14T09:38:06","date_gmt":"2011-01-14T08:38:06","guid":{"rendered":"https:\/\/blogs.univ-tlse2.fr\/lla-espana31\/image\/"},"modified":"2025-03-18T16:05:42","modified_gmt":"2025-03-18T15:05:42","slug":"image","status":"publish","type":"page","link":"https:\/\/blogs.univ-tlse2.fr\/lla-espana31\/image\/","title":{"rendered":"Image"},"content":{"rendered":"<h3 style=\"text-align: center\"><strong><span style=\"color: #ff0000\">\u00ab Ilustrarte \u00bb :<\/span><\/strong><\/h3>\n<h3 style=\"text-align: center\"><strong><span style=\"color: #ff0000\">Voyage \u00e0 travers les litt\u00e9ratures graphiques galiciennes contemporaines<\/span><\/strong><\/h3>\n<p><span style=\"color: #ff9900\"><strong>Journ\u00e9e d\u2019\u00e9tude<\/strong><\/span><\/p>\n<p><span style=\"color: #ff9900\">13 avril 2011, 9h-13h, UTM, Maison de la Recherche, salle D155, entr\u00e9e libre<\/span><\/p>\n<p style=\"text-align: justify\">Au cours de cette journ\u00e9e organis\u00e9e par le Laboratoire LLA-CREATIS de l\u2019Universit\u00e9 de Toulouse-Le Mirail, les participantes (Luc\u00eda Miranda, Christine P\u00e9r\u00e8s, Perrine Boyer, Euriell Gobb\u00e9-M\u00e9vellec), sp\u00e9cialistes de litt\u00e9rature de jeunesse ou de bande dessin\u00e9e hispanique, interrogeront la production culturelle galicienne du point de vue de ses litt\u00e9ratures graphiques : albums, bandes dessin\u00e9es, livres illustr\u00e9s, romans graphiques, etc. Elles tenteront de rep\u00e9rer, par-del\u00e0 les diff\u00e9rences individuelles, certaines r\u00e9currences dans les choix des dispositifs de repr\u00e9sentation mis en \u0153uvre par les auteurs (Juan Farias, Ram\u00f3n Trigo, etc.). Lors de cette journ\u00e9e d\u2019\u00e9tude, un artiste galicien de grande renomm\u00e9e, auteur de BD et illustrateur de textes pour enfants, sera mis \u00e0 l\u2019honneur : Miguelanxo Prado.<\/p>\n<p><span style=\"color: #ff9900\"><strong>Rencontre avec Miguelanxo Prado<\/strong><\/span><\/p>\n<p><span style=\"color: #ff9900\">13 avril 2011, \u00e0 17h, M\u00e9diath\u00e8que Jos\u00e9 Cabanis, Gand Auditorium, entr\u00e9e libre<\/span><\/p>\n<p style=\"text-align: justify\">Miguelanxo Prado, plus qu\u2019un simple auteur de bande dessin\u00e9e, est un v\u00e9ritable conteur d\u2019images. S\u2019il a d\u2019abord \u00e9t\u00e9 reconnu pour son regard ac\u00e9r\u00e9 et l\u2019humour mordant avec lequel il observe les m\u0153urs de ses cong\u00e9n\u00e8res (Chienne de vie, C&rsquo;est du sport, Stratos, Y a plus de justice), il s\u2019est r\u00e9v\u00e9l\u00e9 \u00e9galement un auteur remarquable de science-fiction, inventant des univers oniriques dont les paysages rappellent \u00e9trangement sa Galice natale. L&rsquo;album Trait de craie, notamment, a re\u00e7u le Prix des libraires BD en 1993, l&rsquo;Alph-art du meilleur album \u00e9tranger d&rsquo;Angoul\u00eame en 1994 et le Prix sp\u00e9cial du jury du Festival de Sierre la m\u00eame ann\u00e9e. En 1995, Prado fait son entr\u00e9e dans la bande dessin\u00e9e pour enfants chez Casterman en adaptant le c\u00e9l\u00e8bre Pierre et le loup de Prokofiev.<\/p>\n<p style=\"text-align: justify\">Une rencontre avec le dessinateur, anim\u00e9e par Teresa Dur\u00e1n, critique litt\u00e9raire et sp\u00e9cialiste de la litt\u00e9rature graphique, mais aussi elle-m\u00eame auteur et illustratrice de livres pour la jeunesse, permettra au public toulousain de mieux comprendre et de mieux appr\u00e9hender son \u0153uvre.<\/p>\n<p style=\"text-align: justify\">L\u2019\u00e9change se d\u00e9roulera en espagnol et sera traduit en fran\u00e7ais gr\u00e2ce \u00e0 la pr\u00e9sence d\u2019\u00e9tudiants du CETIM (CEntre de Traduction, Interpr\u00e9tation et M\u00e9diation linguistique, UTM).<\/p>\n<p style=\"text-align: justify\">La rencontre avec le dessinateur sera suivie d\u2019une s\u00e9ance de d\u00e9dicace de ses albums, organis\u00e9e en collaboration avec la Librairie Ombres Blanches.<\/p>\n<p><span style=\"color: #ff9900\"><strong>Atelier Jeunesse : th\u00e9\u00e2tre et album<\/strong><\/span><\/p>\n<p style=\"text-align: justify\"><span style=\"color: #ff9900\">6 avril 2011, 14h30-16h30, Librairie Ombres Blanches, <\/span>participation libre pour les enfants de 7 \u00e0 11 ans, dans la limite des places disponibles. Inscription obligatoire au 06 85 44 72 63.<\/p>\n<p style=\"text-align: justify\">Les com\u00e9diennes de la compagnie de th\u00e9\u00e2tre \u00ab Les Anachroniques \u00bb proposeront une immersion ludique dans l\u2019univers d\u2019un album illustr\u00e9 de la maison d\u2019\u00e9dition galicienne Oqo : El Tragaldabas \/ Le mangetout. Mime, jeux d\u2019expression, de voix ou de rythme, sayn\u00e8tes improvis\u00e9e, feront red\u00e9couvrir par le th\u00e9\u00e2tre la lecture du texte et de l\u2019image.<\/p>\n<p>&nbsp;<\/p>\n<p>&nbsp;<\/p>\n<p style=\"text-align: center\"><span style=\"color: #ff0000\"><strong>Iconographie hispanique contemporaine <\/strong><\/span><\/p>\n<p style=\"text-align: center\"><span style=\"color: #ff0000\"><strong>L&rsquo;esth\u00e9tique du discontinu<\/strong><\/span><\/p>\n<p style=\"text-align: justify\">Dans le cadre de l&rsquo;axe de recherche consacr\u00e9 \u00e0 l&rsquo;esth\u00e9tique quantique, les chercheurs en iconographie hispanique contemporaine du laboratoire ont consacr\u00e9 deux journ\u00e9es d&rsquo;\u00e9tude et un s\u00e9minaire \u00e0 \u00ab\u00a0l&rsquo;Esth\u00e9tique du discontinu\u00a0\u00bb:<\/p>\n<p style=\"text-align: justify\"><strong>Le 6 juin 2008<\/strong> : Journ\u00e9e d&rsquo;\u00e9tude : esth\u00e9tique du (dis)continu<\/p>\n<p style=\"text-align: justify\">\u2022 9h30 : Pr\u00e9sentation du cycle \u00ab Esth\u00e9tique du discontinu\/ continu\u00bb par M-L Ortega (UTM)<\/p>\n<p style=\"text-align: justify\">\u2022 10h-10h30 : \u00ab\u00a0Tension entre continu et discontinu dans la peinture de Pablo Palazuelo \u00bb, Jean-Michel Mendiboure (UTM)<\/p>\n<p style=\"text-align: justify\">\u2022 10h30-11h : questions, d\u00e9bat<\/p>\n<p style=\"text-align: justify\">\u2022 11h-11h30 : \u00ab Fractales, big-bang et autres (dis)continuit\u00e9s \u00e0 l\u2019\u0153uvre chez Pascual Sisto (vid\u00e9aste espagnol)\u00bb, Marie-Linda ORTEGA (UTM)<\/p>\n<p style=\"text-align: justify\">Contact : mlor&#116;&#101;&#x67;&#x61;&#x40;&#x75;&#x6e;iv-t&#108;&#115;&#x65;&#x32;&#x2e;&#x66;&#x72;<br \/>\nUniversit\u00e9 de Toulouse-Le Mirail \/ Maison de la recherche salle D 155<\/p>\n<p style=\"text-align: justify\"><strong>Le 6 mars 2009<\/strong> : Conf\u00e9rence de Marie-Linda Ortega.<br \/>\n9:00, UTM, MDR salle D155<\/p>\n<p><strong>Le 27 mars 2009<\/strong> : 2\u00e8me journ\u00e9e d&rsquo;\u00e9tude consacr\u00e9e aux \u00ab Esth\u00e9tiques du (dis)continu \u00bb avec Menchu Guti\u00e9rrez (\u00e9crivain) sur la pratique et le passage de la po\u00e9sie au roman, Isabelle Ser\u00e7a (professeure UTM) sur la ponctuation comme \u00e9l\u00e9ment de (dis)continuit\u00e9, Antonio Monegal (professeur UPB Barcelone) sur le rapport peinture-po\u00e9sie, Jos\u00e9 Ram\u00f3n Garc\u00eda (professeur U. Valladolid) sur la pratique de l&rsquo;aphorisme et des formes courtes en Espagne au XX\u00e8 si\u00e8cle.<\/p>\n<p><strong> <\/strong><\/p>\n<p>&nbsp;<\/p>\n<p style=\"text-align: center\"><span style=\"color: #ff0000\"><strong>Rencontres d\u2019Iconographie Hispanique Contemporaine<\/strong><\/span><\/p>\n<p style=\"text-align: center\"><span style=\"color: #ff0000\"><strong>\u00ab\u00a0L&rsquo;Utopie, en quels lieux?\u00a0\u00bb<\/strong><\/span><\/p>\n<p style=\"text-align: center\"><span style=\"color: #ff0000\"><strong>Colloque international, 17 et 18 janvier 2008<\/strong><\/span><\/p>\n<p style=\"text-align: justify\">Acc\u00e9dez au programme du colloque en cliquant sur ce lien<\/p>\n<p style=\"text-align: justify\">Exposition de peinture du 10 au 25 janvier 2008, du peintre Dom\u00e8nec Corbella i Llobet, dans le cadre du colloque \u00ab\u00a0L&rsquo;Utopie : en quels lieux?\u00a0\u00bb du 10 au 25 janvier 2008<\/p>\n<p style=\"text-align: justify\">Rencontre-d\u00e9bat avec l&rsquo;artiste le jeudi 17 janvier \u00e0 11H Vernissage le jeudi 17 janvier \u00e0 18H<br \/>\n9:30, Galerie d\u00b9art contemporain de l\u00b9Universit\u00e9 de Toulouse-Le Mirail<\/p>\n<p style=\"text-align: justify\">Le colloque a donn\u00e9 lieu a une publication dans la Revue <em>Hispania<\/em>, aux \u00e9ditions Lansman:<\/p>\n<p style=\"text-align: justify\">Marie-Linda Ortega (\u00e9d.), <em>La cr\u00e9ation artistique hispanique \u00e0 l&rsquo;\u00e9preuve de l&rsquo;utopie (XIXe-XXIe si\u00e8cles)<\/em>, Carni\u00e8res-Morlanwelz, Lansman \u00e9diteur, 2009.<\/p>\n<p>Plus de d\u00e9tails sur l&rsquo;ouvrage en cliquant sur ce lien:<\/p>\n<p><a href=\"http:\/\/www.lansman.org\/editions\/publication_detail.php?rec_numero=678&amp;prix=16.00&amp;session\">http:\/\/www.lansman.org\/editions\/publication_detail.php?rec_numero=678&amp;prix=16.00&amp;session<\/a>=<\/p>\n<p><strong> <\/strong><\/p>\n<p><strong> <\/strong><\/p>\n<p><strong> <\/strong><\/p>\n<p style=\"text-align: center\">&nbsp;<\/p>\n<p style=\"text-align: center\">&nbsp;<\/p>\n<p style=\"text-align: center\"><span style=\"color: #ff0000\"><strong>Deuxi\u00e8me Biennale d&rsquo;Iconographie Hispanique Contemporaine <\/strong><\/span><\/p>\n<p style=\"text-align: center\"><span style=\"color: #ff0000\"><strong>(18, 19, 20\u00e8me si\u00e8cles)<\/strong><\/span><\/p>\n<p style=\"text-align: center\"><span style=\"color: #ff0000\"><em><strong>\u00ab\u00a0Transition \u2013 Transgression\u00a0\u00bb<\/strong><\/em><\/span><\/p>\n<p style=\"text-align: center\"><span style=\"color: #ff0000\"><strong>Colloque international, du 13 au 15 janvier 2005<\/strong><\/span><\/p>\n<p style=\"text-align: justify\">La Deuxi\u00e8me Biennale d\u2019Iconographie Hispanique Contemporaine a \u00e9t\u00e9 organis\u00e9e par les laboratoires de recherche Espa\u00f1@31 et GRAL de l\u2019Universit\u00e9 de Toulouse-Le Mirail, et s&rsquo;est d\u00e9roul\u00e9e du 13 au 15 janvier 2005.<\/p>\n<p style=\"text-align: justify\">Accueillies par des lieux phares de la culture en Midi-pyr\u00e9n\u00e9es\u00a0: L\u2019Espace Croix-Baragnon, Le Mus\u00e9e des Abattoirs, le Mus\u00e9e Goya de Castres, ces trois journ\u00e9es de colloque ont \u00e9t\u00e9 consacr\u00e9es \u00e0 la th\u00e9matique \u00ab\u00a0transition-transgression\u00a0\u00bb appliqu\u00e9e aux arts plastiques et visuels du monde hispanique contemporain.<\/p>\n<p style=\"text-align: justify\">Cette Biennale a \u00e9galement \u00e9t\u00e9 l\u2019occasion d\u2019\u00e9changes entre le monde scientifique de la recherche, le monde artistique professionnel, et le public, par le biais d\u2019expositions, d\u2019ateliers de cr\u00e9ation et de rencontres avec les artistes.<\/p>\n<p style=\"text-align: justify\">Le colloque a donn\u00e9 lieu a une publication dans la Revue <em>Hispania<\/em>, aux \u00e9ditions Lansman:<\/p>\n<p style=\"text-align: justify\">Sylvie M\u00e9gevand\/Jean-Michel Mendiboure (\u00e9ds.), <em>Transitions, transgressions<\/em>, Carni\u00e8res-Morlanwelz, Lansman Editeur, 2006.<\/p>\n<p style=\"text-align: justify\">Plus de d\u00e9tails sur l&rsquo;ouvrage en cliquant sur ce lien:<\/p>\n<p><a href=\"http:\/\/www.lansman.org\/editions\/publication_detail.php?rec_numero=573&amp;prix=15.25&amp;session\">http:\/\/www.lansman.org\/editions\/publication_detail.php?rec_numero=573&amp;prix=15.25&amp;session<\/a>=<\/p>\n<p><strong> <\/strong><\/p>\n<p><strong> <\/strong><\/p>\n<p style=\"text-align: center\">&nbsp;<\/p>\n<p style=\"text-align: center\">&nbsp;<\/p>\n<p style=\"text-align: center\"><span style=\"color: #ff0000\"><strong>Premi\u00e8re Biennale d&rsquo;Iconographie Hispanique Contemporaine <\/strong><\/span><\/p>\n<p style=\"text-align: center\"><span style=\"color: #ff0000\"><strong>(18, 19, 20\u00e8me si\u00e8cles)<\/strong><\/span><\/p>\n<p style=\"text-align: center\"><span style=\"color: #ff0000\"><em><strong>\u00ab\u00a0Voir le corps dans l&rsquo;Espagne d&rsquo;aujourd&rsquo;hui\u00a0\u00bb<\/strong><\/em><\/span><\/p>\n<p style=\"text-align: center\"><span style=\"color: #ff0000\"><em><strong>Colloque international, 2003<\/strong><\/em><\/span><\/p>\n<p style=\"text-align: justify\">Le colloque a donn\u00e9 lieu a une publication dans la Revue <em>Hispania<\/em>, aux \u00e9ditions Lansman\u00a0:<\/p>\n<p style=\"text-align: justify\">Bernard Bessi\u00e8re\/Jean-Michel Mendiboure (\u00e9ds.), <em>Voir le corps<\/em>, Carni\u00e8res-Morlanwelz, Lansman Editeur, 2003.<\/p>\n<p>Plus de d\u00e9tails sur l&rsquo;ouvrage en cliquant sur ce lien:<\/p>\n<p><a href=\"http:\/\/www.lansman.org\/editions\/publication_detail.php?rec_numero=420&amp;prix=15.25&amp;session\">http:\/\/www.lansman.org\/editions\/publication_detail.php?rec_numero=420&amp;prix=15.25&amp;session<\/a>=<\/p>\n<p><strong> <\/strong><\/p>\n<p>&nbsp;<\/p>\n","protected":false},"excerpt":{"rendered":"<p>\u00ab Ilustrarte \u00bb : Voyage \u00e0 travers les litt\u00e9ratures graphiques galiciennes contemporaines Journ\u00e9e d\u2019\u00e9tude 13 avril 2011, 9h-13h, UTM, Maison de la Recherche, salle D155, entr\u00e9e libre Au cours de cette journ\u00e9e organis\u00e9e par le Laboratoire LLA-CREATIS de l\u2019Universit\u00e9 de &hellip; <a href=\"https:\/\/blogs.univ-tlse2.fr\/lla-espana31\/image\/\">Continuer la lecture <span class=\"meta-nav\">&rarr;<\/span><\/a><\/p>\n","protected":false},"author":69,"featured_media":0,"parent":0,"menu_order":0,"comment_status":"closed","ping_status":"open","template":"","meta":{"footnotes":""},"class_list":["post-14","page","type-page","status-publish","hentry"],"_links":{"self":[{"href":"https:\/\/blogs.univ-tlse2.fr\/lla-espana31\/wp-json\/wp\/v2\/pages\/14","targetHints":{"allow":["GET"]}}],"collection":[{"href":"https:\/\/blogs.univ-tlse2.fr\/lla-espana31\/wp-json\/wp\/v2\/pages"}],"about":[{"href":"https:\/\/blogs.univ-tlse2.fr\/lla-espana31\/wp-json\/wp\/v2\/types\/page"}],"author":[{"embeddable":true,"href":"https:\/\/blogs.univ-tlse2.fr\/lla-espana31\/wp-json\/wp\/v2\/users\/69"}],"replies":[{"embeddable":true,"href":"https:\/\/blogs.univ-tlse2.fr\/lla-espana31\/wp-json\/wp\/v2\/comments?post=14"}],"version-history":[{"count":12,"href":"https:\/\/blogs.univ-tlse2.fr\/lla-espana31\/wp-json\/wp\/v2\/pages\/14\/revisions"}],"predecessor-version":[{"id":455,"href":"https:\/\/blogs.univ-tlse2.fr\/lla-espana31\/wp-json\/wp\/v2\/pages\/14\/revisions\/455"}],"wp:attachment":[{"href":"https:\/\/blogs.univ-tlse2.fr\/lla-espana31\/wp-json\/wp\/v2\/media?parent=14"}],"curies":[{"name":"wp","href":"https:\/\/api.w.org\/{rel}","templated":true}]}}