 {"id":309,"date":"2011-02-24T13:17:22","date_gmt":"2011-02-24T12:17:22","guid":{"rendered":"https:\/\/blogs.univ-tlse2.fr\/lla-espana31\/"},"modified":"2025-03-18T16:05:42","modified_gmt":"2025-03-18T15:05:42","slug":"theatre-jeune-public-dans-leuroregion","status":"publish","type":"page","link":"https:\/\/blogs.univ-tlse2.fr\/lla-espana31\/theatre-contemporain\/theatre-jeune-public-dans-leuroregion\/","title":{"rendered":"Th\u00e9\u00e2tre jeune public dans l&rsquo;Euror\u00e9gion"},"content":{"rendered":"<p style=\"text-align: justify;\">Dans le cadre du programme <a href=\"http:\/\/lla-creatis.univ-tlse2.fr\/25010859\/0\/fiche___pagelibre\/&amp;RH=1270125369627&amp;RF=1270124953645\">Fabrique du lecteur, de l&rsquo;auditeur et du spectateur face au processus de cr\u00e9ation<\/a>, et du travail r\u00e9alis\u00e9 autour de la litt\u00e9rature de jeunesse, s\u2019est d\u00e9velopp\u00e9 le projet Euror\u00e9gion autour de la pi\u00e8ce de th\u00e9\u00e2tre jeune public intitul\u00e9e Blatman i la Ciutat Submarina, du dramaturge\u00a0Pau Plana.<\/p>\n<p style=\"text-align: center;\"><span style=\"color: #ff0000;\"><strong>\u00ab\u00a0BLATMAN ET LA CIT\u00c9 SOUS-MARINE\u00a0\u00bb<\/strong><\/span><\/p>\n<p style=\"text-align: justify;\">Un spectacle de th\u00e9\u00e2tre pour les jeunes\u2026 et les moins jeunes\u00a0! propos\u00e9 dans le cadre d\u2019un projet associant la compagnie Marem\u00e0gnum de Barcelone, la compagnie Les Anachroniques de Toulouse et le laboratoire de recherche Lettres, Langages et Arts de l\u2019Universit\u00e9 de Toulouse-Le Mirail, dans le cadre de l\u2019Euror\u00e9gion Pyr\u00e9n\u00e9es-M\u00e9diterran\u00e9e.<\/p>\n<p style=\"text-align: justify;\">L\u2019objectif \u00e9tait de faire converger les pratiques des artistes et celles des chercheurs vers une m\u00eame th\u00e9matique\u00a0: la litt\u00e9rature de jeunesse et le th\u00e9\u00e2tre jeune public. Le projet se d\u00e9cline ainsi sous diverses formes exp\u00e9rimentales et novatrices\u00a0:<\/p>\n<ul>\n<li><span style=\"color: #ff9900;\">publication de la pi\u00e8ce en version bilingue<\/span> fran\u00e7ais-catalan dans la collection Les Anachronotes sp\u00e9cialis\u00e9e dans le th\u00e9\u00e2tre jeune public.<\/li>\n<li><span style=\"color: #ff9900;\">colloque scientifique<\/span> \u00e0 l\u2019Institut Cervant\u00e8s les 4 et 5 f\u00e9vrier 2010 sur le th\u00e8me \u00ab\u00a0Grands auteurs pour petits lecteurs\u00a0\u00bb.<\/li>\n<li><span style=\"color: #ff9900;\">ateliers p\u00e9dagogiques<\/span> en milieu scolaire \u00e0 partir de la pi\u00e8ce, m\u00ealant pratique th\u00e9\u00e2trale et travail linguistique.<\/li>\n<\/ul>\n<p><img loading=\"lazy\" decoding=\"async\" class=\"size-full wp-image-310 alignleft\" src=\"https:\/\/blogs.univ-tlse2.fr\/lla-espana31\/files\/2011\/02\/Couverture-Blatman.jpg\" alt=\"\" width=\"100\" height=\"92\" \/><\/p>\n<p>Edition bilingue du texte de la pi\u00e8ce.<\/p>\n<p>Collection Anachonotes, 2010.<\/p>\n<p>Voir la vid\u00e9o.<\/p>\n","protected":false},"excerpt":{"rendered":"<p>Dans le cadre du programme Fabrique du lecteur, de l&rsquo;auditeur et du spectateur face au processus de cr\u00e9ation, et du travail r\u00e9alis\u00e9 autour de la litt\u00e9rature de jeunesse, s\u2019est d\u00e9velopp\u00e9 le projet Euror\u00e9gion autour de la pi\u00e8ce de th\u00e9\u00e2tre jeune &hellip; <a href=\"https:\/\/blogs.univ-tlse2.fr\/lla-espana31\/theatre-contemporain\/theatre-jeune-public-dans-leuroregion\/\">Continuer la lecture <span class=\"meta-nav\">&rarr;<\/span><\/a><\/p>\n","protected":false},"author":68,"featured_media":0,"parent":13,"menu_order":1,"comment_status":"closed","ping_status":"closed","template":"","meta":{"footnotes":""},"class_list":["post-309","page","type-page","status-publish","hentry"],"_links":{"self":[{"href":"https:\/\/blogs.univ-tlse2.fr\/lla-espana31\/wp-json\/wp\/v2\/pages\/309","targetHints":{"allow":["GET"]}}],"collection":[{"href":"https:\/\/blogs.univ-tlse2.fr\/lla-espana31\/wp-json\/wp\/v2\/pages"}],"about":[{"href":"https:\/\/blogs.univ-tlse2.fr\/lla-espana31\/wp-json\/wp\/v2\/types\/page"}],"author":[{"embeddable":true,"href":"https:\/\/blogs.univ-tlse2.fr\/lla-espana31\/wp-json\/wp\/v2\/users\/68"}],"replies":[{"embeddable":true,"href":"https:\/\/blogs.univ-tlse2.fr\/lla-espana31\/wp-json\/wp\/v2\/comments?post=309"}],"version-history":[{"count":8,"href":"https:\/\/blogs.univ-tlse2.fr\/lla-espana31\/wp-json\/wp\/v2\/pages\/309\/revisions"}],"predecessor-version":[{"id":379,"href":"https:\/\/blogs.univ-tlse2.fr\/lla-espana31\/wp-json\/wp\/v2\/pages\/309\/revisions\/379"}],"up":[{"embeddable":true,"href":"https:\/\/blogs.univ-tlse2.fr\/lla-espana31\/wp-json\/wp\/v2\/pages\/13"}],"wp:attachment":[{"href":"https:\/\/blogs.univ-tlse2.fr\/lla-espana31\/wp-json\/wp\/v2\/media?parent=309"}],"curies":[{"name":"wp","href":"https:\/\/api.w.org\/{rel}","templated":true}]}}