 {"id":48,"date":"2011-01-31T12:17:45","date_gmt":"2011-01-31T11:17:45","guid":{"rendered":"https:\/\/blogs.univ-tlse2.fr\/lla-espana31\/"},"modified":"2025-03-18T16:05:42","modified_gmt":"2025-03-18T15:05:42","slug":"chercheurs-invites","status":"publish","type":"page","link":"https:\/\/blogs.univ-tlse2.fr\/lla-espana31\/chercheurs-invites\/","title":{"rendered":"Chercheurs invit\u00e9s"},"content":{"rendered":"<p><strong><span style=\"color: #ff0000\">2010-2011:<\/span><\/strong><br \/>\n<span style=\"color: #ff9900\">Anxo ABU\u00cdN<\/span><span style=\"color: #3366ff\"><span style=\"color: #3366ff\"><span style=\"color: #ff9900\"> GONZALEZ<\/span> <\/span><\/span>\u00c1rea de Teor\u00eda de la Literatura y Literatura Comparada de la Universidade de Santiago de Compostela-CEFILMUS<\/p>\n<p><span style=\"color: #ff9900\">Anna CORRAL FULLA<\/span> Departamento de Traducci\u00f3n e interpretaci\u00f3n de la Universidad Aut\u00f3noma de Barcelona<\/p>\n<p><span style=\"color: #3366ff\"><span style=\"color: #ff9900\">Enrique RUBIO CREMADES<\/span> <\/span>Universidad de Alicante \u2013 Director de la Biblioteca Virtual Cervantes<\/p>\n<p><span style=\"color: #ff0000\"><strong>2009-2010:<\/strong><\/span><\/p>\n<p><span style=\"color: #ff9900\">Anxo ABU\u00cdN<\/span><span style=\"color: #3366ff\"><span style=\"color: #ff9900\"> GONZALEZ<\/span> <\/span>\u00c1rea de Teor\u00eda de la Literatura y Literatura Comparada de la Universidade de Santiago de Compostela-CEFILMUS<\/p>\n<p><span style=\"color: #ff9900\">Francisco GUTI\u00c9RREZ CARBAJO<\/span> Catedr\u00e1tico de literatura espa\u00f1ola de la UNED<br \/>\n<span style=\"color: #3366ff\"><span style=\"color: #ff9900\">Juan de DIOS VILLANUEVA ROA<\/span> <\/span>Facutad de ciencias de la educ.acion de la Universidad de Granada<br \/>\n<span style=\"color: #ff9900\"><span style=\"color: #ff9900\">Jos\u00e9 RIENDA POLO<\/span> <\/span>Facutad de ciencias de la educaci\u00f3n de la Universidad de Granada<br \/>\n<span style=\"color: #3366ff\"><span style=\"color: #ff9900\">Pilar N\u00da\u00d1EZ DELGADO<\/span> <\/span>Facutad de ciencias de la educ.acion de la Universidad de Granada<\/p>\n","protected":false},"excerpt":{"rendered":"<p>2010-2011: Anxo ABU\u00cdN GONZALEZ \u00c1rea de Teor\u00eda de la Literatura y Literatura Comparada de la Universidade de Santiago de Compostela-CEFILMUS Anna CORRAL FULLA Departamento de Traducci\u00f3n e interpretaci\u00f3n de la Universidad Aut\u00f3noma de Barcelona Enrique RUBIO CREMADES Universidad de Alicante &hellip; <a href=\"https:\/\/blogs.univ-tlse2.fr\/lla-espana31\/chercheurs-invites\/\">Continuer la lecture <span class=\"meta-nav\">&rarr;<\/span><\/a><\/p>\n","protected":false},"author":69,"featured_media":0,"parent":0,"menu_order":0,"comment_status":"closed","ping_status":"open","template":"","meta":{"footnotes":""},"class_list":["post-48","page","type-page","status-publish","hentry"],"_links":{"self":[{"href":"https:\/\/blogs.univ-tlse2.fr\/lla-espana31\/wp-json\/wp\/v2\/pages\/48","targetHints":{"allow":["GET"]}}],"collection":[{"href":"https:\/\/blogs.univ-tlse2.fr\/lla-espana31\/wp-json\/wp\/v2\/pages"}],"about":[{"href":"https:\/\/blogs.univ-tlse2.fr\/lla-espana31\/wp-json\/wp\/v2\/types\/page"}],"author":[{"embeddable":true,"href":"https:\/\/blogs.univ-tlse2.fr\/lla-espana31\/wp-json\/wp\/v2\/users\/69"}],"replies":[{"embeddable":true,"href":"https:\/\/blogs.univ-tlse2.fr\/lla-espana31\/wp-json\/wp\/v2\/comments?post=48"}],"version-history":[{"count":10,"href":"https:\/\/blogs.univ-tlse2.fr\/lla-espana31\/wp-json\/wp\/v2\/pages\/48\/revisions"}],"predecessor-version":[{"id":449,"href":"https:\/\/blogs.univ-tlse2.fr\/lla-espana31\/wp-json\/wp\/v2\/pages\/48\/revisions\/449"}],"wp:attachment":[{"href":"https:\/\/blogs.univ-tlse2.fr\/lla-espana31\/wp-json\/wp\/v2\/media?parent=48"}],"curies":[{"name":"wp","href":"https:\/\/api.w.org\/{rel}","templated":true}]}}