 {"id":50,"date":"2011-01-31T12:18:05","date_gmt":"2011-01-31T11:18:05","guid":{"rendered":"https:\/\/blogs.univ-tlse2.fr\/lla-espana31\/"},"modified":"2025-03-18T16:05:42","modified_gmt":"2025-03-18T15:05:42","slug":"les-roswita","status":"publish","type":"page","link":"https:\/\/blogs.univ-tlse2.fr\/lla-espana31\/les-roswita\/","title":{"rendered":"Les Roswita"},"content":{"rendered":"<p style=\"text-align: justify\">Le groupe s\u2019est form\u00e9 \u00e0 l\u2019issue des Premi\u00e8res Rencontres du Th\u00e9\u00e2tre Espagnol de Toulouse qui ont eu lieu en avril 2000. A cette \u00e9poque, il n\u2019y avait gu\u00e8re d\u2019int\u00e9r\u00eat pour l\u2019\u00e9criture dramatique de l\u2019apr\u00e8s-franquisme dans l\u2019Universit\u00e9. L\u2019an 2000 paraissait donc le moment propice \u00e0 une rencontre entre sp\u00e9cialistes. C\u2019est ainsi que la plupart des chercheurs contact\u00e9s, en r\u00e9alit\u00e9 toutes des chercheuses, sont venus au rendez-vous des Premi\u00e8res Rencontres du Th\u00e9\u00e2tre Hispanique \u00e0 Toulouse.<\/p>\n<p style=\"text-align: justify\">La qualit\u00e9 scientifique des intervenant(e)s, leur engagement passionn\u00e9 face au domaine encore vierge du th\u00e9\u00e2tre espagnol contemporain ont impos\u00e9, comme une \u00e9vidence, la cr\u00e9ation d\u2019une \u00e9quipe, imm\u00e9diatement nomm\u00e9e par Jos\u00e9 Sanchis Sinisterra : \u00ab\u00a0Roswita\u00a0\u00bb. Selon lui, Roswitha, religieuse allemande du XIe si\u00e8cle, premi\u00e8re dramaturge femme europ\u00e9enne, math\u00e9maticienne, \u00e9tait le nom id\u00e9al pour un groupe compos\u00e9 pour l\u2019instant exclusivement de femmes. Tr\u00e8s vite, il fut d\u00e9cid\u00e9 de ne pas s\u2019int\u00e9resser simplement \u00e0 l\u2019Espagne, mais aussi \u00e0 l\u2019Am\u00e9rique latine, puisque deux fondatrices du groupe \u00e9taient sp\u00e9cialistes de th\u00e9\u00e2tre argentin et cubain.<\/p>\n<p style=\"text-align: justify\">\u00c0 partir de cet acte fondateur de Toulouse, la gestation de Roswita a \u00e9t\u00e9 de courte dur\u00e9e et d\u00e8s juillet, son domaine de recherche (le th\u00e9\u00e2tre hispanique contemporain depuis les ann\u00e9es 60), son espace (les chercheurs, rattach\u00e9s \u00e0 leur laboratoire d\u2019origine, sont rattach\u00e9s au laboratoire toulousain), sa structure, ses actions \u00e9taient pr\u00e9cis\u00e9es. Le bureau de Roswita reste, pour l\u2019instant, f\u00e9minin et r\u00e9unit des chercheuses de diff\u00e9rentes universit\u00e9s fran\u00e7aises, sans distinction hi\u00e9rarchique.<\/p>\n<p style=\"text-align: justify\">\u00a0<\/p>\n<p><span style=\"color: #ff9900\">Antonia Amo S\u00e1nchez <\/span>(Universit\u00e9 d\u2019Avignon)<\/p>\n<p><span style=\"color: #ff9900\">Dominique Breton <\/span>(Universit\u00e9 Bordeaux)<\/p>\n<p><span style=\"color: #ff9900\">Isabelle Clerc<\/span> (Universit\u00e9 de Nice)<\/p>\n<p><span style=\"color: #ff9900\">Carole Egger<\/span> (Universit\u00e9 Aix-en-Provence)<\/p>\n<p><span style=\"color: #ff9900\">Emmanuelle Garnier<\/span> (Universit\u00e9 Toulouse-le-Mirail)<\/p>\n<p><span style=\"color: #ff9900\">Rosine Gars<\/span><\/p>\n<p><span style=\"color: #ff9900\">Eva Golluscio<\/span> (Universit\u00e9 Toulouse-Le Mirail)<\/p>\n<p><span style=\"color: #ff9900\">Monique Martinez<\/span> (Universit\u00e9 Toulouse-Le Mirail)<\/p>\n<p><span style=\"color: #ff9900\">Isabelle Reck<\/span> (Universit\u00e9 Strasbourg)<\/p>\n<p><span style=\"color: #ff9900\">Agn\u00e8s Surbezy<\/span> (Universit\u00e9 Toulouse-Le Mirail)<\/p>\n<p><span style=\"color: #ff9900\">Christilla Vasserot<\/span> (Universit\u00e9 Paris III)<\/p>\n","protected":false},"excerpt":{"rendered":"<p>Le groupe s\u2019est form\u00e9 \u00e0 l\u2019issue des Premi\u00e8res Rencontres du Th\u00e9\u00e2tre Espagnol de Toulouse qui ont eu lieu en avril 2000. A cette \u00e9poque, il n\u2019y avait gu\u00e8re d\u2019int\u00e9r\u00eat pour l\u2019\u00e9criture dramatique de l\u2019apr\u00e8s-franquisme dans l\u2019Universit\u00e9. L\u2019an 2000 paraissait donc &hellip; <a href=\"https:\/\/blogs.univ-tlse2.fr\/lla-espana31\/les-roswita\/\">Continuer la lecture <span class=\"meta-nav\">&rarr;<\/span><\/a><\/p>\n","protected":false},"author":69,"featured_media":0,"parent":0,"menu_order":0,"comment_status":"closed","ping_status":"open","template":"","meta":{"footnotes":""},"class_list":["post-50","page","type-page","status-publish","hentry"],"_links":{"self":[{"href":"https:\/\/blogs.univ-tlse2.fr\/lla-espana31\/wp-json\/wp\/v2\/pages\/50","targetHints":{"allow":["GET"]}}],"collection":[{"href":"https:\/\/blogs.univ-tlse2.fr\/lla-espana31\/wp-json\/wp\/v2\/pages"}],"about":[{"href":"https:\/\/blogs.univ-tlse2.fr\/lla-espana31\/wp-json\/wp\/v2\/types\/page"}],"author":[{"embeddable":true,"href":"https:\/\/blogs.univ-tlse2.fr\/lla-espana31\/wp-json\/wp\/v2\/users\/69"}],"replies":[{"embeddable":true,"href":"https:\/\/blogs.univ-tlse2.fr\/lla-espana31\/wp-json\/wp\/v2\/comments?post=50"}],"version-history":[{"count":10,"href":"https:\/\/blogs.univ-tlse2.fr\/lla-espana31\/wp-json\/wp\/v2\/pages\/50\/revisions"}],"predecessor-version":[{"id":457,"href":"https:\/\/blogs.univ-tlse2.fr\/lla-espana31\/wp-json\/wp\/v2\/pages\/50\/revisions\/457"}],"wp:attachment":[{"href":"https:\/\/blogs.univ-tlse2.fr\/lla-espana31\/wp-json\/wp\/v2\/media?parent=50"}],"curies":[{"name":"wp","href":"https:\/\/api.w.org\/{rel}","templated":true}]}}