 {"id":20,"date":"2021-06-27T23:18:42","date_gmt":"2021-06-27T21:18:42","guid":{"rendered":"https:\/\/blogs.univ-tlse2.fr\/lmd\/?page_id=20"},"modified":"2021-12-06T14:10:29","modified_gmt":"2021-12-06T13:10:29","slug":"infos-pratiques","status":"publish","type":"page","link":"https:\/\/blogs.univ-tlse2.fr\/lmd\/infos-pratiques\/","title":{"rendered":"Lieux"},"content":{"rendered":"\n<h2 class=\"has-luminous-vivid-orange-color has-text-color wp-block-heading\" id=\"QS\">Quai des Savoirs <\/h2>\n\n\n\n<p>39 All\u00e9es Jules Guesde, 31000 Toulouse<\/p>\n\n\n\n<p>Metro B &#8211; Palais de Justice<\/p>\n\n\n\n<p>Tel. +33 (0)5 32 10 81 35<\/p>\n\n\n\n<p><a href=\"https:\/\/lacantine-toulouse.org\/la-cantine-toulouse\">site internet<\/a><\/p>\n\n\n\n<figure class=\"wp-block-image size-large\"><img loading=\"lazy\" decoding=\"async\" width=\"1024\" height=\"698\" src=\"https:\/\/blogs.univ-tlse2.fr\/lmd\/files\/2021\/10\/Entree-Quai_page-0001-2-1024x698.jpg\" alt=\"\" class=\"wp-image-220\" srcset=\"https:\/\/blogs.univ-tlse2.fr\/lmd\/files\/2021\/10\/Entree-Quai_page-0001-2-1024x698.jpg 1024w, https:\/\/blogs.univ-tlse2.fr\/lmd\/files\/2021\/10\/Entree-Quai_page-0001-2-300x204.jpg 300w, https:\/\/blogs.univ-tlse2.fr\/lmd\/files\/2021\/10\/Entree-Quai_page-0001-2-768x523.jpg 768w, https:\/\/blogs.univ-tlse2.fr\/lmd\/files\/2021\/10\/Entree-Quai_page-0001-2-1536x1047.jpg 1536w, https:\/\/blogs.univ-tlse2.fr\/lmd\/files\/2021\/10\/Entree-Quai_page-0001-2.jpg 1591w\" sizes=\"auto, (max-width: 1024px) 100vw, 1024px\" \/><\/figure>\n\n\n\n<h2 class=\"has-luminous-vivid-orange-color has-text-color wp-block-heading\" id=\"CDCN\">La place de la danse &#8211; Studio du CDCN<\/h2>\n\n\n\n<p>5 avenue  \u00c9tienne Billi\u00e8res, 31300 Toulouse<\/p>\n\n\n\n<p>Metro A &#8211; Saint Cyprien R\u00e9publique<\/p>\n\n\n\n<p>Tel.  +33 (0)5 61 59 98 78 <\/p>\n\n\n\n<p><a rel=\"noreferrer noopener\" href=\"http:\/\/laplacedeladanse.com\/\" target=\"_blank\">site internet<\/a> <\/p>\n\n\n\n<div class=\"wp-block-group\"><div class=\"wp-block-group__inner-container is-layout-flow wp-block-group-is-layout-flow\">\n<h2 class=\"has-luminous-vivid-orange-color has-text-color wp-block-heading\" id=\"UPS\">Salle Le Cap &#8211; Universit\u00e9 Paul Sabatier<\/h2>\n\n\n\n<p>118 Rte de Narbonne, 31400 Toulouse<\/p>\n\n\n\n<p>Metro B &#8211; Universit\u00e9 Paul Sabatier<\/p>\n\n\n\n<p>Tel. +33 5 61 55 62 63<\/p>\n\n\n\n<p><a href=\"https:\/\/www.univ-tlse3.fr\/le-cap\">site internet<\/a><\/p>\n<\/div><\/div>\n\n\n\n<h2 class=\"has-luminous-vivid-orange-color has-text-color wp-block-heading\" id=\"UT2J\">Maison de la recherche Universit\u00e9 Toulouse II Jean Jaur\u00e8s &#8211; Amphith\u00e9\u00e2tre F 417<\/h2>\n\n\n\n<p>5 all\u00e9es Antonio-Machado, 31058&nbsp;Toulouse<\/p>\n\n\n\n<p>Metro A &#8211; Mirail Universit\u00e9 <\/p>\n\n\n\n<figure class=\"wp-block-image size-large\"><img loading=\"lazy\" decoding=\"async\" width=\"1024\" height=\"725\" src=\"https:\/\/blogs.univ-tlse2.fr\/lmd\/files\/2021\/12\/InkedPlan-2020-de_pliant-pliage-en-deux_pages-to-jpg-0002_LI-1024x725.jpg\" alt=\"\" class=\"wp-image-317\" srcset=\"https:\/\/blogs.univ-tlse2.fr\/lmd\/files\/2021\/12\/InkedPlan-2020-de_pliant-pliage-en-deux_pages-to-jpg-0002_LI-1024x725.jpg 1024w, https:\/\/blogs.univ-tlse2.fr\/lmd\/files\/2021\/12\/InkedPlan-2020-de_pliant-pliage-en-deux_pages-to-jpg-0002_LI-300x212.jpg 300w, https:\/\/blogs.univ-tlse2.fr\/lmd\/files\/2021\/12\/InkedPlan-2020-de_pliant-pliage-en-deux_pages-to-jpg-0002_LI-768x544.jpg 768w, https:\/\/blogs.univ-tlse2.fr\/lmd\/files\/2021\/12\/InkedPlan-2020-de_pliant-pliage-en-deux_pages-to-jpg-0002_LI-1536x1087.jpg 1536w, https:\/\/blogs.univ-tlse2.fr\/lmd\/files\/2021\/12\/InkedPlan-2020-de_pliant-pliage-en-deux_pages-to-jpg-0002_LI.jpg 1753w\" sizes=\"auto, (max-width: 1024px) 100vw, 1024px\" \/><\/figure>\n\n\n\n<p><\/p>\n","protected":false},"excerpt":{"rendered":"<p>Quai des Savoirs 39 All\u00e9es Jules Guesde, 31000 Toulouse Metro B &#8211; Palais de Justice Tel. +33 (0)5 32 10 81 35 site internet La place de la danse &#8211; Studio du CDCN 5 avenue \u00c9tienne Billi\u00e8res, 31300 Toulouse Metro A &#8211; Saint Cyprien R\u00e9publique Tel. +33 (0)5 61 59 98 78 site internet Salle [&hellip;]<\/p>\n","protected":false},"author":1028,"featured_media":7,"parent":0,"menu_order":3,"comment_status":"closed","ping_status":"closed","template":"","meta":{"footnotes":""},"class_list":["post-20","page","type-page","status-publish","has-post-thumbnail","hentry"],"_links":{"self":[{"href":"https:\/\/blogs.univ-tlse2.fr\/lmd\/wp-json\/wp\/v2\/pages\/20","targetHints":{"allow":["GET"]}}],"collection":[{"href":"https:\/\/blogs.univ-tlse2.fr\/lmd\/wp-json\/wp\/v2\/pages"}],"about":[{"href":"https:\/\/blogs.univ-tlse2.fr\/lmd\/wp-json\/wp\/v2\/types\/page"}],"author":[{"embeddable":true,"href":"https:\/\/blogs.univ-tlse2.fr\/lmd\/wp-json\/wp\/v2\/users\/1028"}],"replies":[{"embeddable":true,"href":"https:\/\/blogs.univ-tlse2.fr\/lmd\/wp-json\/wp\/v2\/comments?post=20"}],"version-history":[{"count":7,"href":"https:\/\/blogs.univ-tlse2.fr\/lmd\/wp-json\/wp\/v2\/pages\/20\/revisions"}],"predecessor-version":[{"id":318,"href":"https:\/\/blogs.univ-tlse2.fr\/lmd\/wp-json\/wp\/v2\/pages\/20\/revisions\/318"}],"wp:featuredmedia":[{"embeddable":true,"href":"https:\/\/blogs.univ-tlse2.fr\/lmd\/wp-json\/wp\/v2\/media\/7"}],"wp:attachment":[{"href":"https:\/\/blogs.univ-tlse2.fr\/lmd\/wp-json\/wp\/v2\/media?parent=20"}],"curies":[{"name":"wp","href":"https:\/\/api.w.org\/{rel}","templated":true}]}}