 {"id":22,"date":"2021-06-27T23:14:42","date_gmt":"2021-06-27T21:14:42","guid":{"rendered":"https:\/\/blogs.univ-tlse2.fr\/lmd\/?page_id=22"},"modified":"2021-11-09T12:39:40","modified_gmt":"2021-11-09T11:39:40","slug":"autres-evenements","status":"publish","type":"page","link":"https:\/\/blogs.univ-tlse2.fr\/lmd\/autres-evenements\/","title":{"rendered":"Autres \u00e9v\u00e9nements"},"content":{"rendered":"\n<h2 class=\"has-luminous-vivid-orange-color has-text-color wp-block-heading\" id=\"KD\"><em>*MAGH-MACHINE<\/em> -Kdanse<\/h2>\n\n\n\n<h3 class=\"wp-block-heading\">26 &#8211; 31 octobre de 10h \u00e0 18h, <a href=\"https:\/\/www.halledelamachine.fr\/\">Halle de la Machine<\/a><\/h3>\n\n\n\n<div class=\"wp-block-media-text alignwide is-stacked-on-mobile is-vertically-aligned-center\" style=\"grid-template-columns:35% auto\"><figure class=\"wp-block-media-text__media\"><img loading=\"lazy\" decoding=\"async\" width=\"1024\" height=\"768\" src=\"https:\/\/blogs.univ-tlse2.fr\/lmd\/files\/2021\/10\/2_IMG_0044-1024x768.jpeg\" alt=\"\" class=\"wp-image-248 size-full\" srcset=\"https:\/\/blogs.univ-tlse2.fr\/lmd\/files\/2021\/10\/2_IMG_0044-1024x768.jpeg 1024w, https:\/\/blogs.univ-tlse2.fr\/lmd\/files\/2021\/10\/2_IMG_0044-300x225.jpeg 300w, https:\/\/blogs.univ-tlse2.fr\/lmd\/files\/2021\/10\/2_IMG_0044-768x576.jpeg 768w, https:\/\/blogs.univ-tlse2.fr\/lmd\/files\/2021\/10\/2_IMG_0044-1536x1152.jpeg 1536w, https:\/\/blogs.univ-tlse2.fr\/lmd\/files\/2021\/10\/2_IMG_0044-2048x1536.jpeg 2048w\" sizes=\"auto, (max-width: 1024px) 100vw, 1024px\" \/><\/figure><div class=\"wp-block-media-text__content\">\n<p>Installation participative avec la structure robotis\u00e9e de la cr\u00e9ation 2020 <em><a href=\"https:\/\/www.k-danse.net\/portfolio\/magh\/\">*Magh<\/a><\/em><br>Laboratoire ouvert et interaction avec le public<\/p>\n\n\n\n<p>Avec Thomas Peyruse (roboticien) et Claire Madern (marionnettiste num\u00e9rique)<\/p>\n\n\n\n<p>Dans la cadre de <em><a href=\"https:\/\/www.halledelamachine.fr\/event\/la-grande-impro\/\">La Grande Impro: histoire des machines<\/a><\/em><\/p>\n\n\n\n<p>Avec le soutien de la R\u00e9gion Occitanie (innovation et cultures num\u00e9riques).<\/p>\n\n\n\n<p><a href=\"https:\/\/www.halledelamachine.fr\/infos-pratiques\/venir-a-la-halle\/\">infos pratiques<\/a><\/p>\n<\/div><\/div>\n\n\n\n<hr class=\"wp-block-separator\" \/>\n\n\n\n<h2 class=\"has-luminous-vivid-orange-color has-text-color wp-block-heading\" id=\"SM1\"><em>QUE DU BONHEUR (?)<\/em> &#8211; Solo interpr\u00e9t\u00e9 par Sandrine Maisonneuve<\/h2>\n\n\n\n<h3 class=\"wp-block-heading\">10 novembre 20h30, Carbonne &#8211; Halle \u00e0 la Volaille<\/h3>\n\n\n\n<div class=\"wp-block-columns is-layout-flex wp-container-core-columns-is-layout-9d6595d7 wp-block-columns-is-layout-flex\">\n<div class=\"wp-block-column is-layout-flow wp-block-column-is-layout-flow\" style=\"flex-basis:100%\">\n<div class=\"wp-block-group alignwide\"><div class=\"wp-block-group__inner-container is-layout-flow wp-block-group-is-layout-flow\">\n<div class=\"wp-block-media-text alignwide is-stacked-on-mobile is-vertically-aligned-center\" style=\"grid-template-columns:27% auto\"><figure class=\"wp-block-media-text__media\"><img loading=\"lazy\" decoding=\"async\" width=\"807\" height=\"1024\" src=\"https:\/\/blogs.univ-tlse2.fr\/lmd\/files\/2021\/11\/photo_Sandrine-Maisonneuve\u00a9August-photographies-1.jpg_page-0001-1-807x1024.jpg\" alt=\"\" class=\"wp-image-257 size-full\" srcset=\"https:\/\/blogs.univ-tlse2.fr\/lmd\/files\/2021\/11\/photo_Sandrine-Maisonneuve\u00a9August-photographies-1.jpg_page-0001-1-807x1024.jpg 807w, https:\/\/blogs.univ-tlse2.fr\/lmd\/files\/2021\/11\/photo_Sandrine-Maisonneuve\u00a9August-photographies-1.jpg_page-0001-1-236x300.jpg 236w, https:\/\/blogs.univ-tlse2.fr\/lmd\/files\/2021\/11\/photo_Sandrine-Maisonneuve\u00a9August-photographies-1.jpg_page-0001-1-768x974.jpg 768w, https:\/\/blogs.univ-tlse2.fr\/lmd\/files\/2021\/11\/photo_Sandrine-Maisonneuve\u00a9August-photographies-1.jpg_page-0001-1.jpg 919w\" sizes=\"auto, (max-width: 807px) 100vw, 807px\" \/><\/figure><div class=\"wp-block-media-text__content\">\n<p>Conception : Tomeo Verg\u00e9s et Sandrine Maisonneuve<br>Interpr\u00e9tation : Sandrine Maisonneuve<\/p>\n\n\n\n<p>Genre : Danse, tout public<br>Dur\u00e9e : 30 minutes<\/p>\n\n\n\n<p>Dans le cadre du <a href=\"https:\/\/ciesamuelmathieu.com\/le-neufneuf\/\">NeufNeuf festival<\/a><\/p>\n\n\n\n<p><a href=\"https:\/\/ciesamuelmathieu.com\/piece\/que-du-bonheur\/\">Plus d&rsquo;info<\/a><\/p>\n\n\n\n<p><a href=\"https:\/\/neufneuf.festik.net\/vaca-que-du-bonheur\/1\">Billetterie<\/a><\/p>\n<\/div><\/div>\n\n\n\n<p>photo: August Photographies (c)<\/p>\n<\/div><\/div>\n<\/div>\n<\/div>\n\n\n\n<hr class=\"wp-block-separator\" \/>\n\n\n\n<h2 class=\"has-luminous-vivid-orange-color has-text-color wp-block-heading\" id=\"SM2\"><em>QUE DES BONHEURS<\/em> &#8211;  Pi\u00e8ce de groupe <\/h2>\n\n\n\n<h3 class=\"wp-block-heading\">11 novembre 16h, Carbonne &#8211; d\u00e9part de la Halle \u00e0 Volaille<\/h3>\n\n\n\n<h3 class=\"wp-block-heading\">13 novembre 15h, Rieux-Volvestre &#8211; d\u00e9part du parvis de la cath\u00e9drale<\/h3>\n\n\n\n<div class=\"wp-block-group alignwide\"><div class=\"wp-block-group__inner-container is-layout-flow wp-block-group-is-layout-flow\">\n<div class=\"wp-block-media-text alignwide is-stacked-on-mobile is-vertically-aligned-center\" style=\"grid-template-columns:28% auto\"><figure class=\"wp-block-media-text__media\"><img loading=\"lazy\" decoding=\"async\" width=\"807\" height=\"1024\" src=\"https:\/\/blogs.univ-tlse2.fr\/lmd\/files\/2021\/11\/photo_Sandrine-Maisonneuve\u00a9August-photographies.jpg_page-0001-807x1024.jpg\" alt=\"\" class=\"wp-image-256 size-full\" srcset=\"https:\/\/blogs.univ-tlse2.fr\/lmd\/files\/2021\/11\/photo_Sandrine-Maisonneuve\u00a9August-photographies.jpg_page-0001-807x1024.jpg 807w, https:\/\/blogs.univ-tlse2.fr\/lmd\/files\/2021\/11\/photo_Sandrine-Maisonneuve\u00a9August-photographies.jpg_page-0001-236x300.jpg 236w, https:\/\/blogs.univ-tlse2.fr\/lmd\/files\/2021\/11\/photo_Sandrine-Maisonneuve\u00a9August-photographies.jpg_page-0001-768x974.jpg 768w, https:\/\/blogs.univ-tlse2.fr\/lmd\/files\/2021\/11\/photo_Sandrine-Maisonneuve\u00a9August-photographies.jpg_page-0001.jpg 919w\" sizes=\"auto, (max-width: 807px) 100vw, 807px\" \/><\/figure><div class=\"wp-block-media-text__content\">\n<p>Chor\u00e9graphe : Sandrine Maisonneuve<br>Interpr\u00e9tation : des jeunes filles de Toulouse, des habitantes du Pays Sud Toulousain et des salari\u00e9.e.s d&rsquo;Airbus<\/p>\n\n\n\n<p>Genre: Danse, restitution d&rsquo;atelier, d\u00e9ambulations<br>Dur\u00e9e : 55 minutes<\/p>\n\n\n\n<p>Dans le cadre du <a href=\"https:\/\/ciesamuelmathieu.com\/le-neufneuf\/\">NeufNeuf festival<\/a><br><a href=\"https:\/\/ciesamuelmathieu.com\/piece\/que-des-bonheurs\/\">Plus d&rsquo;info<\/a><\/p>\n\n\n\n<p>GRATUIT sur r\u00e9servation:<br><a href=\"https:\/\/neufneuf.festik.net\/que-des-bonheurs\/1\">date de Carbonne<\/a><br><a href=\"https:\/\/neufneuf.festik.net\/que-des-bonheurs-rieux-volvestre\/1\">date de Rieux-Volvestre<\/a><\/p>\n<\/div><\/div>\n\n\n\n<p>photo: August Photographies (c)<\/p>\n\n\n\n<h2 class=\"has-luminous-vivid-orange-color has-text-color wp-block-heading\" id=\"SM3\">EXPO PHOTOS <em>QUE DES BONHEURS<\/em> &#8211;  par Erik Damiano <\/h2>\n\n\n\n<h3 class=\"wp-block-heading\">du 3 au 20 novembre \u00e0 Carbonne et Rieux Volvestre<\/h3>\n\n\n\n<p> <a href=\"https:\/\/ciesamuelmathieu.com\/piece\/expo-photos\/\">plus d&rsquo;info<\/a> <\/p>\n<\/div><\/div>\n\n\n\n<hr class=\"wp-block-separator\" \/>\n\n\n\n<h2 class=\"has-luminous-vivid-orange-color has-text-color wp-block-heading\" id=\"CC2\"><em>REINVENTER LES ESPACES DU CORPS<\/em> &#8211; Documentaire de Marcos Riescos<\/h2>\n\n\n\n<h3 class=\"wp-block-heading\">22 novembre 19h, La Brique rouge d&rsquo;Empalot<\/h3>\n\n\n\n<div class=\"wp-block-media-text alignwide is-stacked-on-mobile\" style=\"grid-template-columns:27% auto\"><figure class=\"wp-block-media-text__media\"><img loading=\"lazy\" decoding=\"async\" width=\"845\" height=\"1024\" src=\"https:\/\/blogs.univ-tlse2.fr\/lmd\/files\/2021\/11\/photo_claire-cherriere-1-845x1024.jpg\" alt=\"\" class=\"wp-image-300 size-full\" srcset=\"https:\/\/blogs.univ-tlse2.fr\/lmd\/files\/2021\/11\/photo_claire-cherriere-1-845x1024.jpg 845w, https:\/\/blogs.univ-tlse2.fr\/lmd\/files\/2021\/11\/photo_claire-cherriere-1-248x300.jpg 248w, https:\/\/blogs.univ-tlse2.fr\/lmd\/files\/2021\/11\/photo_claire-cherriere-1-768x930.jpg 768w, https:\/\/blogs.univ-tlse2.fr\/lmd\/files\/2021\/11\/photo_claire-cherriere-1-1268x1536.jpg 1268w, https:\/\/blogs.univ-tlse2.fr\/lmd\/files\/2021\/11\/photo_claire-cherriere-1-1690x2048.jpg 1690w\" sizes=\"auto, (max-width: 845px) 100vw, 845px\" \/><\/figure><div class=\"wp-block-media-text__content\">\n<p>Documentaire du projet <em>L&rsquo;\u00c2ge d&rsquo;or <\/em>de Eric Minh Cuong Castaing avec des enfants de l&rsquo;ASEI atteints d&rsquo;handicap moteur<\/p>\n\n\n\n<p>GRATUIT dans la limite des places disponibles<\/p>\n\n\n\n<p><a href=\"https:\/\/laplacedeladanse.com\/agenda\/saison-2021-2022\/reinventer-les-espaces-du-corps\">Plus d&rsquo;info<\/a><\/p>\n<\/div><\/div>\n\n\n\n<hr class=\"wp-block-separator\" \/>\n\n\n\n<h2 class=\"has-luminous-vivid-orange-color has-text-color wp-block-heading\" id=\"CC1\"><em>L&rsquo;AGE D&rsquo;OR<\/em> &#8211; Spectacle de Eric Minh Cuong Castaing<\/h2>\n\n\n\n<h3 class=\"wp-block-heading\">24 novembre 16h, La Brique Rouge d&rsquo;Empalot<\/h3>\n\n\n\n<h3 class=\"wp-block-heading\">25 novembre 18h, Mus\u00e9e des Augustins<\/h3>\n\n\n\n<div class=\"wp-block-media-text alignwide is-stacked-on-mobile\" style=\"grid-template-columns:27% auto\"><figure class=\"wp-block-media-text__media\"><img loading=\"lazy\" decoding=\"async\" width=\"845\" height=\"1024\" src=\"https:\/\/blogs.univ-tlse2.fr\/lmd\/files\/2021\/11\/photo_claire-cherriere-2-845x1024.jpg\" alt=\"\" class=\"wp-image-301 size-full\" srcset=\"https:\/\/blogs.univ-tlse2.fr\/lmd\/files\/2021\/11\/photo_claire-cherriere-2-845x1024.jpg 845w, https:\/\/blogs.univ-tlse2.fr\/lmd\/files\/2021\/11\/photo_claire-cherriere-2-248x300.jpg 248w, https:\/\/blogs.univ-tlse2.fr\/lmd\/files\/2021\/11\/photo_claire-cherriere-2-768x930.jpg 768w, https:\/\/blogs.univ-tlse2.fr\/lmd\/files\/2021\/11\/photo_claire-cherriere-2-1268x1536.jpg 1268w, https:\/\/blogs.univ-tlse2.fr\/lmd\/files\/2021\/11\/photo_claire-cherriere-2-1690x2048.jpg 1690w\" sizes=\"auto, (max-width: 845px) 100vw, 845px\" \/><\/figure><div class=\"wp-block-media-text__content\">\n<p>GRATUIT sur r\u00e9servation:<\/p>\n\n\n\n<p><a href=\"http:\/\/laplacedeladanse.mapado.com\/event\/51197-l-age-d-or\">Le 24 nov 16h \u00e0 La Brique Rouge<\/a> <br><a href=\"http:\/\/laplacedeladanse.mapado.com\/event\/51200-l-age-d-or\">Le 25 nov \u00e0 18h au Mus\u00e9e des Augustins<\/a><\/p>\n<\/div><\/div>\n\n\n\n<hr class=\"wp-block-separator\" \/>\n\n\n\n<h2 class=\"has-luminous-vivid-orange-color has-text-color wp-block-heading\" id=\"CC1\"><em>Danse et paysage session 2<\/em> &#8211; Patricia Ferrara<\/h2>\n\n\n\n<h3 class=\"wp-block-heading\">4 d\u00e9cembre 14h-18h et 5 d\u00e9cembre 9h30-16h30, dans le Tarn<\/h3>\n\n\n\n<div class=\"wp-block-media-text alignwide is-stacked-on-mobile is-vertically-aligned-center\" style=\"grid-template-columns:28% auto\"><figure class=\"wp-block-media-text__media\"><img loading=\"lazy\" decoding=\"async\" width=\"724\" height=\"1024\" src=\"https:\/\/blogs.univ-tlse2.fr\/lmd\/files\/2021\/11\/FLYER-SESSION-2-DANSE-et-PAYSAGE-final-724x1024.jpeg\" alt=\"\" class=\"wp-image-298 size-full\" srcset=\"https:\/\/blogs.univ-tlse2.fr\/lmd\/files\/2021\/11\/FLYER-SESSION-2-DANSE-et-PAYSAGE-final-724x1024.jpeg 724w, https:\/\/blogs.univ-tlse2.fr\/lmd\/files\/2021\/11\/FLYER-SESSION-2-DANSE-et-PAYSAGE-final-212x300.jpeg 212w, https:\/\/blogs.univ-tlse2.fr\/lmd\/files\/2021\/11\/FLYER-SESSION-2-DANSE-et-PAYSAGE-final-768x1087.jpeg 768w, https:\/\/blogs.univ-tlse2.fr\/lmd\/files\/2021\/11\/FLYER-SESSION-2-DANSE-et-PAYSAGE-final.jpeg 826w\" sizes=\"auto, (max-width: 724px) 100vw, 724px\" \/><\/figure><div class=\"wp-block-media-text__content\">\n<p>Lieu pr\u00e9cis\u00e9 au moment de l&rsquo;inscription<br>H\u00e9bergement chez l&rsquo;habitant<br>Co-voiturage et repas partag\u00e9<br>tarif 45\u20ac<\/p>\n\n\n\n<p>renseignements: 06 32 75 46 96<\/p>\n\n\n\n<p><a href=\"http:\/\/www.patriciaferrara.org\/\">Plus d&rsquo;info<\/a><\/p>\n\n\n\n<p>Sessions suivantes: <br>19 et 20 f\u00e9vrier<br>9 et 10 avril<br>25 et 26 juin<\/p>\n<\/div><\/div>\n\n\n\n<hr class=\"wp-block-separator\" \/>\n\n\n\n<h2 class=\"has-luminous-vivid-orange-color has-text-color wp-block-heading\" id=\"PF2\"><em>FI.I<\/em> &#8211; Patricia Ferrara<\/h2>\n\n\n\n<h3 class=\"wp-block-heading\">9 d\u00e9cembre 18h30, Hall de la nouvelle Maison de la recherche Universit\u00e9 Toulouse Jean Jaur\u00e8s<\/h3>\n\n\n\n<div class=\"wp-block-media-text alignwide is-stacked-on-mobile is-vertically-aligned-top\" style=\"grid-template-columns:28% auto\"><figure class=\"wp-block-media-text__media\"><img loading=\"lazy\" decoding=\"async\" width=\"427\" height=\"542\" src=\"https:\/\/blogs.univ-tlse2.fr\/lmd\/files\/2021\/11\/FI.I-FLYER-FAC-1.jpeg\" alt=\"\" class=\"wp-image-296 size-full\" srcset=\"https:\/\/blogs.univ-tlse2.fr\/lmd\/files\/2021\/11\/FI.I-FLYER-FAC-1.jpeg 427w, https:\/\/blogs.univ-tlse2.fr\/lmd\/files\/2021\/11\/FI.I-FLYER-FAC-1-236x300.jpeg 236w\" sizes=\"auto, (max-width: 427px) 100vw, 427px\" \/><\/figure><div class=\"wp-block-media-text__content\">\n<p>Du 6 au 10 d\u00e9cembre, nous prendrons nos quartiers d&rsquo;hiver dans le Hall de la nouvelle Maison de la recherche. Ce puits blanc assorti de couleurs vives va contenir, nos danses, nos r\u00e9cits, nos gestes quotidiens et des rencontres virtuelles ou r\u00e9elles. Ce qui nous rassemble et auquel nous vous convions gravite autor de pratiques chor\u00e9graphiques discr\u00e8tes inscrites dans le tissus social; cellules et neurones vont \u00eatre mises en mouvement par des questions li\u00e9es \u00e0 l&rsquo;esth\u00e9tique [Forme], au partage d&rsquo;un espace fluide [Immersive] et au pr\u00e9sent de la pr\u00e9sence [Improvis\u00e9\u00e9]. Nous danserons, nous f\u00eatersons la pens\u00e9e et le corps et imaginerons en guise de rencontre un moment fait d&rsquo;\u00e9coute, d&rsquo;amortis et d&rsquo;al\u00e9atoire.<\/p>\n\n\n\n<p>avec Magali Albespy, Patricia Ferrara, Patricia Kuypers, Mathilde Olivares, danseuses et chor\u00e9graphes; Anne Pellus, enseignante chercheuse en danse; et la participation de Mathilde Papin danseuse et chor\u00e9graphe<\/p>\n\n\n\n<p>GRATUIT<\/p>\n\n\n\n<p><a href=\"https:\/\/culture.univ-tlse2.fr\/accueil\/saison-2021-2022\/formes-immersives-improvisees-de-patricia-ferrara\">Plus d&rsquo;info<\/a><\/p>\n<\/div><\/div>\n\n\n\n<hr class=\"wp-block-separator\" \/>\n\n\n\n<h2 class=\"has-luminous-vivid-orange-color has-text-color wp-block-heading\" id=\"AB\"><em>LA DISPARITION DU PAYSAGE<\/em> &#8211; Spectacle Cie 111 Aur\u00e9lien Bory<\/h2>\n\n\n\n<h3 class=\"wp-block-heading\">du 15 au 18 mars 2022, Th\u00e9\u00e2tre de la cit\u00e9 Toulouse<\/h3>\n\n\n\n<div class=\"wp-block-group alignwide\"><div class=\"wp-block-group__inner-container is-layout-flow wp-block-group-is-layout-flow\">\n<div class=\"wp-block-media-text alignwide is-stacked-on-mobile is-vertically-aligned-top\" style=\"grid-template-columns:28% auto\"><figure class=\"wp-block-media-text__media\"><img loading=\"lazy\" decoding=\"async\" width=\"780\" height=\"1024\" src=\"https:\/\/blogs.univ-tlse2.fr\/lmd\/files\/2021\/11\/photo_Aurelien-Bory-780x1024.jpg\" alt=\"\" class=\"wp-image-259 size-full\" srcset=\"https:\/\/blogs.univ-tlse2.fr\/lmd\/files\/2021\/11\/photo_Aurelien-Bory-780x1024.jpg 780w, https:\/\/blogs.univ-tlse2.fr\/lmd\/files\/2021\/11\/photo_Aurelien-Bory-229x300.jpg 229w, https:\/\/blogs.univ-tlse2.fr\/lmd\/files\/2021\/11\/photo_Aurelien-Bory-768x1008.jpg 768w, https:\/\/blogs.univ-tlse2.fr\/lmd\/files\/2021\/11\/photo_Aurelien-Bory-1170x1536.jpg 1170w, https:\/\/blogs.univ-tlse2.fr\/lmd\/files\/2021\/11\/photo_Aurelien-Bory-1560x2048.jpg 1560w, https:\/\/blogs.univ-tlse2.fr\/lmd\/files\/2021\/11\/photo_Aurelien-Bory-scaled.jpg 1951w\" sizes=\"auto, (max-width: 780px) 100vw, 780px\" \/><\/figure><div class=\"wp-block-media-text__content\">\n<p>Texte: Jean-Philippe Toussaint<br>Sc\u00e9nographie et mise en sc\u00e8ne: Aur\u00e9lien Bory<br>Avec: Denis Podalyd\u00e8s<\/p>\n\n\n\n<p>Genre: Th\u00e9atre<br>Dur\u00e9e : 1h 10 minutes<\/p>\n\n\n\n<p>Dates: <br>15 mars 2022, 20h30<br>16 mars 2022, 19h30<br>17 mars 2022, 19h30<br>18 mars 2022, 20h30<\/p>\n\n\n\n<p><a href=\"https:\/\/theatre-cite.com\/programmation\/2021-2022\/spectacle\/la-disparition-du-paysage\/\">Plus d&rsquo;info<\/a><\/p>\n\n\n\n<p><a href=\"https:\/\/theatre-cite.notre-billetterie.com\/formulaire?dial=sommaire\">R\u00e9servations<\/a><\/p>\n<\/div><\/div>\n\n\n\n<p>photo: Agla\u00e9 Bory (c)<\/p>\n<\/div><\/div>\n","protected":false},"excerpt":{"rendered":"<p>*MAGH-MACHINE -Kdanse 26 &#8211; 31 octobre de 10h \u00e0 18h, Halle de la Machine Installation participative avec la structure robotis\u00e9e de la cr\u00e9ation 2020 *MaghLaboratoire ouvert et interaction avec le public Avec Thomas Peyruse (roboticien) et Claire Madern (marionnettiste num\u00e9rique) Dans la cadre de La Grande Impro: histoire des machines Avec le soutien de la [&hellip;]<\/p>\n","protected":false},"author":1028,"featured_media":0,"parent":0,"menu_order":5,"comment_status":"closed","ping_status":"closed","template":"","meta":{"footnotes":""},"class_list":["post-22","page","type-page","status-publish","hentry"],"_links":{"self":[{"href":"https:\/\/blogs.univ-tlse2.fr\/lmd\/wp-json\/wp\/v2\/pages\/22","targetHints":{"allow":["GET"]}}],"collection":[{"href":"https:\/\/blogs.univ-tlse2.fr\/lmd\/wp-json\/wp\/v2\/pages"}],"about":[{"href":"https:\/\/blogs.univ-tlse2.fr\/lmd\/wp-json\/wp\/v2\/types\/page"}],"author":[{"embeddable":true,"href":"https:\/\/blogs.univ-tlse2.fr\/lmd\/wp-json\/wp\/v2\/users\/1028"}],"replies":[{"embeddable":true,"href":"https:\/\/blogs.univ-tlse2.fr\/lmd\/wp-json\/wp\/v2\/comments?post=22"}],"version-history":[{"count":10,"href":"https:\/\/blogs.univ-tlse2.fr\/lmd\/wp-json\/wp\/v2\/pages\/22\/revisions"}],"predecessor-version":[{"id":308,"href":"https:\/\/blogs.univ-tlse2.fr\/lmd\/wp-json\/wp\/v2\/pages\/22\/revisions\/308"}],"wp:attachment":[{"href":"https:\/\/blogs.univ-tlse2.fr\/lmd\/wp-json\/wp\/v2\/media?parent=22"}],"curies":[{"name":"wp","href":"https:\/\/api.w.org\/{rel}","templated":true}]}}