 {"id":45,"date":"2021-07-30T00:25:56","date_gmt":"2021-07-29T22:25:56","guid":{"rendered":"https:\/\/blogs.univ-tlse2.fr\/lmd\/?page_id=45"},"modified":"2021-10-11T09:44:40","modified_gmt":"2021-10-11T07:44:40","slug":"partenaires","status":"publish","type":"page","link":"https:\/\/blogs.univ-tlse2.fr\/lmd\/partenaires\/","title":{"rendered":"Organisateurs et Partenaires"},"content":{"rendered":"\n<h2 class=\"has-text-align-left wp-block-heading\"><span class=\"has-inline-color has-luminous-vivid-orange-color\">Organisateurs<\/span><\/h2>\n\n\n\n<h3 class=\"wp-block-heading\">Chiara Minoccheri <\/h3>\n\n\n\n<p>Doctorante en Sciences du langage, UT2J et laboratoire CLLE (UMR 5263)<br>&#99;&#x68;i&#x61;r&#x61;&#46;&#109;&#x69;&#110;&#x6f;c&#x63;h&#x65;r&#105;&#x40;u&#x6e;i&#x76;-&#x74;&#x6c;&#115;&#x65;&#46;&#x66;r <\/p>\n\n\n\n<h3 class=\"wp-block-heading\">Dejan Stosic <\/h3>\n\n\n\n<p>Ma\u00eetre de conf\u00e9rences HDR en Sciences du langage, UT2J et Laboratoire CLLE (UMR 5263)<br>de&#106;&#x61;&#x6e;&#x2e;&#x73;to&#115;&#105;&#x63;&#x40;&#x75;niv&#45;&#x74;&#x6c;&#x73;e2&#46;&#102;&#x72;<\/p>\n\n\n\n<h3 class=\"wp-block-heading\">Catherine Gadon<\/h3>\n\n\n\n<p>Service Diffusion de la Culture des Sciences et des Techniques (DCST) Universit\u00e9 F\u00e9d\u00e9rale Toulouse Midi-Pyr\u00e9n\u00e9es<br>&#x63;&#x61;&#x74;&#x68;&#x65;&#x72;&#105;&#110;e&#46;gado&#x6e;&#x40;&#x75;&#x6e;&#x69;&#x76;&#45;&#116;oulous&#x65;&#x2e;&#x66;&#x72;<\/p>\n\n\n\n<h3 class=\"wp-block-heading\">Anne Pellus<\/h3>\n\n\n\n<p>Ma\u00eetre de conf\u00e9rences en Arts du spectacle sp\u00e9cialit\u00e9 danse, UT2J et Laboratoire LLA CREATIS (EA 4152)<br>&#97;&#x6e;n&#x65;&#x2e;&#112;&#x65;l&#x6c;&#x75;&#115;&#x40;u&#x6e;&#x69;&#118;&#x2d;t&#x6c;&#x73;&#101;&#x32;&#46;&#x66;&#x72;<\/p>\n\n\n\n<h2 class=\"has-text-align-left wp-block-heading\"><span class=\"has-inline-color has-luminous-vivid-orange-color\">Partenaires<\/span><\/h2>\n\n\n\n<figure class=\"wp-block-image size-medium is-style-default\"><a href=\"https:\/\/www.univ-tlse2.fr\/\"><img loading=\"lazy\" decoding=\"async\" width=\"300\" height=\"72\" src=\"https:\/\/blogs.univ-tlse2.fr\/lmd\/files\/2021\/07\/Universite-toulouse-jean-jaures-300x72.png\" alt=\"\" class=\"wp-image-48\" srcset=\"https:\/\/blogs.univ-tlse2.fr\/lmd\/files\/2021\/07\/Universite-toulouse-jean-jaures-300x72.png 300w, https:\/\/blogs.univ-tlse2.fr\/lmd\/files\/2021\/07\/Universite-toulouse-jean-jaures-1024x244.png 1024w, https:\/\/blogs.univ-tlse2.fr\/lmd\/files\/2021\/07\/Universite-toulouse-jean-jaures-768x183.png 768w, https:\/\/blogs.univ-tlse2.fr\/lmd\/files\/2021\/07\/Universite-toulouse-jean-jaures.png 1040w\" sizes=\"auto, (max-width: 300px) 100vw, 300px\" \/><\/a><\/figure>\n\n\n\n<figure class=\"wp-block-image size-medium\"><a href=\"https:\/\/clle.univ-tlse2.fr\/\"><img loading=\"lazy\" decoding=\"async\" width=\"300\" height=\"169\" src=\"https:\/\/blogs.univ-tlse2.fr\/lmd\/files\/2021\/07\/logo-clle-edited-300x169.png\" alt=\"\" class=\"wp-image-54\" srcset=\"https:\/\/blogs.univ-tlse2.fr\/lmd\/files\/2021\/07\/logo-clle-edited-300x169.png 300w, https:\/\/blogs.univ-tlse2.fr\/lmd\/files\/2021\/07\/logo-clle-edited-1024x577.png 1024w, https:\/\/blogs.univ-tlse2.fr\/lmd\/files\/2021\/07\/logo-clle-edited-768x433.png 768w, https:\/\/blogs.univ-tlse2.fr\/lmd\/files\/2021\/07\/logo-clle-edited.png 1155w\" sizes=\"auto, (max-width: 300px) 100vw, 300px\" \/><\/a><\/figure>\n\n\n\n<figure class=\"wp-block-image size-medium is-style-default\"><a href=\"https:\/\/laplacedeladanse.com\/\"><img loading=\"lazy\" decoding=\"async\" width=\"300\" height=\"169\" src=\"https:\/\/blogs.univ-tlse2.fr\/lmd\/files\/2021\/07\/LPDLDflamme545X290px-copie_page-0001-edited-300x169.jpg\" alt=\"\" class=\"wp-image-60\" srcset=\"https:\/\/blogs.univ-tlse2.fr\/lmd\/files\/2021\/07\/LPDLDflamme545X290px-copie_page-0001-edited-300x169.jpg 300w, https:\/\/blogs.univ-tlse2.fr\/lmd\/files\/2021\/07\/LPDLDflamme545X290px-copie_page-0001-edited-1024x576.jpg 1024w, https:\/\/blogs.univ-tlse2.fr\/lmd\/files\/2021\/07\/LPDLDflamme545X290px-copie_page-0001-edited-768x432.jpg 768w, https:\/\/blogs.univ-tlse2.fr\/lmd\/files\/2021\/07\/LPDLDflamme545X290px-copie_page-0001-edited.jpg 1240w\" sizes=\"auto, (max-width: 300px) 100vw, 300px\" \/><\/a><\/figure>\n\n\n\n<figure class=\"wp-block-image size-large is-style-default\"><a href=\"https:\/\/www.quaidessavoirs.fr\/\"><img loading=\"lazy\" decoding=\"async\" width=\"309\" height=\"122\" src=\"https:\/\/blogs.univ-tlse2.fr\/lmd\/files\/2021\/07\/Logo-QUAI-1-Bleu-1.jpg\" alt=\"\" class=\"wp-image-77\" srcset=\"https:\/\/blogs.univ-tlse2.fr\/lmd\/files\/2021\/07\/Logo-QUAI-1-Bleu-1.jpg 309w, https:\/\/blogs.univ-tlse2.fr\/lmd\/files\/2021\/07\/Logo-QUAI-1-Bleu-1-300x118.jpg 300w\" sizes=\"auto, (max-width: 309px) 100vw, 309px\" \/><\/a><\/figure>\n\n\n\n<figure class=\"wp-block-image size-medium\"><a href=\"https:\/\/www.univ-tlse3.fr\/direction-de-la-communication-de-la-culture-et-des-evenements-1\"><img loading=\"lazy\" decoding=\"async\" width=\"300\" height=\"140\" src=\"https:\/\/blogs.univ-tlse2.fr\/lmd\/files\/2021\/07\/PoleCulture_Q--300x140.jpg\" alt=\"\" class=\"wp-image-43\" srcset=\"https:\/\/blogs.univ-tlse2.fr\/lmd\/files\/2021\/07\/PoleCulture_Q--300x140.jpg 300w, https:\/\/blogs.univ-tlse2.fr\/lmd\/files\/2021\/07\/PoleCulture_Q-.jpg 754w\" sizes=\"auto, (max-width: 300px) 100vw, 300px\" \/><\/a><\/figure>\n\n\n\n<figure class=\"wp-block-image size-full is-resized\"><a href=\"https:\/\/www.univ-tlse3.fr\/\"><img loading=\"lazy\" decoding=\"async\" src=\"https:\/\/blogs.univ-tlse2.fr\/lmd\/files\/2021\/07\/UT3PRES_sign.jpg\" alt=\"\" class=\"wp-image-42\" width=\"289\" height=\"96\" \/><\/a><\/figure>\n\n\n\n<figure class=\"wp-block-image size-large is-resized is-style-default\"><a href=\"https:\/\/aniti.univ-toulouse.fr\/\"><img loading=\"lazy\" decoding=\"async\" src=\"https:\/\/blogs.univ-tlse2.fr\/lmd\/files\/2021\/07\/Logo_ANITI_Quadri_Cobranding_page-0001-edited.jpg\" alt=\"\" class=\"wp-image-57\" width=\"338\" height=\"140\" srcset=\"https:\/\/blogs.univ-tlse2.fr\/lmd\/files\/2021\/07\/Logo_ANITI_Quadri_Cobranding_page-0001-edited.jpg 451w, https:\/\/blogs.univ-tlse2.fr\/lmd\/files\/2021\/07\/Logo_ANITI_Quadri_Cobranding_page-0001-edited-300x124.jpg 300w\" sizes=\"auto, (max-width: 338px) 100vw, 338px\" \/><\/a><\/figure>\n\n\n\n<p>Image d&rsquo;en-t\u00eate: Gustavo Bonino (c) <a href=\"https:\/\/www.instagram.com\/gusbo\/?hl=fr\">@gusbo<\/a><\/p>\n","protected":false},"excerpt":{"rendered":"<p>Organisateurs Chiara Minoccheri Doctorante en Sciences du langage, UT2J et laboratoire CLLE (UMR 5263)chia&#114;&#97;&#x2e;&#x6d;&#x69;&#x6e;&#x6f;cche&#114;&#105;&#x40;&#x75;&#x6e;&#x69;&#x76;-tls&#101;&#46;&#x66;&#x72; Dejan Stosic Ma\u00eetre de conf\u00e9rences HDR en Sciences du langage, UT2J et Laboratoire CLLE (UMR 5263)&#100;&#x65;j&#x61;n&#46;&#x73;t&#x6f;s&#x69;c&#64;&#x75;n&#x69;v&#x2d;&#x74;&#108;&#x73;e&#x32;&#46;&#102;&#x72; Catherine Gadon Service Diffusion de la Culture des Sciences et des Techniques (DCST) Universit\u00e9 F\u00e9d\u00e9rale Toulouse Midi-Pyr\u00e9n\u00e9esc&#x61;&#x74;h&#101;&#x72;i&#110;&#x65;&#x2e;g&#x61;&#x64;o&#110;&#x40;u&#110;&#x69;&#x76;-&#x74;&#x6f;u&#108;&#x6f;u&#115;&#x65;&#x2e;f&#x72; Anne Pellus Ma\u00eetre de conf\u00e9rences en Arts du [&hellip;]<\/p>\n","protected":false},"author":1028,"featured_media":0,"parent":0,"menu_order":4,"comment_status":"closed","ping_status":"closed","template":"","meta":{"footnotes":""},"class_list":["post-45","page","type-page","status-publish","hentry"],"_links":{"self":[{"href":"https:\/\/blogs.univ-tlse2.fr\/lmd\/wp-json\/wp\/v2\/pages\/45","targetHints":{"allow":["GET"]}}],"collection":[{"href":"https:\/\/blogs.univ-tlse2.fr\/lmd\/wp-json\/wp\/v2\/pages"}],"about":[{"href":"https:\/\/blogs.univ-tlse2.fr\/lmd\/wp-json\/wp\/v2\/types\/page"}],"author":[{"embeddable":true,"href":"https:\/\/blogs.univ-tlse2.fr\/lmd\/wp-json\/wp\/v2\/users\/1028"}],"replies":[{"embeddable":true,"href":"https:\/\/blogs.univ-tlse2.fr\/lmd\/wp-json\/wp\/v2\/comments?post=45"}],"version-history":[{"count":12,"href":"https:\/\/blogs.univ-tlse2.fr\/lmd\/wp-json\/wp\/v2\/pages\/45\/revisions"}],"predecessor-version":[{"id":215,"href":"https:\/\/blogs.univ-tlse2.fr\/lmd\/wp-json\/wp\/v2\/pages\/45\/revisions\/215"}],"wp:attachment":[{"href":"https:\/\/blogs.univ-tlse2.fr\/lmd\/wp-json\/wp\/v2\/media?parent=45"}],"curies":[{"name":"wp","href":"https:\/\/api.w.org\/{rel}","templated":true}]}}