 {"id":112,"date":"2026-04-15T14:26:51","date_gmt":"2026-04-15T12:26:51","guid":{"rendered":"https:\/\/blogs.univ-tlse2.fr\/lvhb\/?page_id=112"},"modified":"2026-04-16T16:46:45","modified_gmt":"2026-04-16T14:46:45","slug":"lituanie","status":"publish","type":"page","link":"https:\/\/blogs.univ-tlse2.fr\/lvhb\/lituanie\/","title":{"rendered":"Lituanie"},"content":{"rendered":"\n<div class=\"wp-block-cover alignfull is-light has-parallax\"><div class=\"wp-block-cover__image-background wp-image-490 size-large has-parallax\" style=\"background-position:50% 50%;background-image:url(https:\/\/blogs.univ-tlse2.fr\/lvhb\/files\/2026\/03\/KAUNAS_02-1024x622.jpg)\"><\/div><span aria-hidden=\"true\" class=\"wp-block-cover__background has-background-dim-0 has-background-dim\" style=\"background-color:#848381\"><\/span><div class=\"wp-block-cover__inner-container is-layout-constrained wp-block-cover-is-layout-constrained\">\n<p class=\"has-text-align-center has-large-font-size\"><\/p>\n\n\n\n<div class=\"wp-block-buttons is-content-justification-center is-layout-flex wp-container-core-buttons-is-layout-16018d1d wp-block-buttons-is-layout-flex\">\n<div class=\"wp-block-button\"><a class=\"wp-block-button__link wp-element-button\" href=\"https:\/\/blogs.univ-tlse2.fr\/lvhb\/\">Accueil<\/a><\/div>\n\n\n\n<div class=\"wp-block-button\"><a class=\"wp-block-button__link wp-element-button\" href=\"https:\/\/blogs.univ-tlse2.fr\/lvhb\/mer-baltique\/\">Mer Baltique<\/a><\/div>\n\n\n\n<div class=\"wp-block-button\"><a class=\"wp-block-button__link wp-element-button\" href=\"https:\/\/blogs.univ-tlse2.fr\/lvhb\/estonie\/\">Estonie<\/a><\/div>\n\n\n\n<div class=\"wp-block-button\"><a class=\"wp-block-button__link wp-element-button\" href=\"https:\/\/blogs.univ-tlse2.fr\/lvhb\/finlande\/\">Finlande<\/a><\/div>\n\n\n\n<div class=\"wp-block-button\"><a class=\"wp-block-button__link wp-element-button\" href=\"https:\/\/blogs.univ-tlse2.fr\/lvhb\/lettonie\/\">Lettonie<\/a><\/div>\n\n\n\n<div class=\"wp-block-button\"><a class=\"wp-block-button__link wp-element-button\" href=\"https:\/\/blogs.univ-tlse2.fr\/lvhb\/lituanie\/\">Lituanie<\/a><\/div>\n<\/div>\n<\/div><\/div>\n\n\n\n<div style=\"height:131px\" aria-hidden=\"true\" class=\"wp-block-spacer\"><\/div>\n\n\n\n<div class=\"wp-block-columns alignwide is-layout-flex wp-container-core-columns-is-layout-9d6595d7 wp-block-columns-is-layout-flex\">\n<div class=\"wp-block-column is-vertically-aligned-center is-layout-flow wp-block-column-is-layout-flow\">\n<p>Henri B\u00e9gou\u00ebn visite aussi la Lituanie lorsqu&rsquo;il s&rsquo;arr\u00eate dans la ville de Kaunas en juillet 1932. <\/p>\n\n\n\n<div style=\"height:76px\" aria-hidden=\"true\" class=\"wp-block-spacer\"><\/div>\n\n\n\n<figure class=\"wp-block-image size-large is-style-rounded\"><img loading=\"lazy\" decoding=\"async\" width=\"1024\" height=\"622\" src=\"https:\/\/blogs.univ-tlse2.fr\/lvhb\/files\/2026\/03\/KAUNAS_02-1-1024x622.jpg\" alt=\"\" class=\"wp-image-493\" srcset=\"https:\/\/blogs.univ-tlse2.fr\/lvhb\/files\/2026\/03\/KAUNAS_02-1-1024x622.jpg 1024w, https:\/\/blogs.univ-tlse2.fr\/lvhb\/files\/2026\/03\/KAUNAS_02-1-300x182.jpg 300w, https:\/\/blogs.univ-tlse2.fr\/lvhb\/files\/2026\/03\/KAUNAS_02-1-768x466.jpg 768w, https:\/\/blogs.univ-tlse2.fr\/lvhb\/files\/2026\/03\/KAUNAS_02-1-1536x932.jpg 1536w, https:\/\/blogs.univ-tlse2.fr\/lvhb\/files\/2026\/03\/KAUNAS_02-1-2048x1243.jpg 2048w, https:\/\/blogs.univ-tlse2.fr\/lvhb\/files\/2026\/03\/KAUNAS_02-1-1568x952.jpg 1568w\" sizes=\"auto, (max-width: 1024px) 100vw, 1024px\" \/><figcaption class=\"wp-element-caption\">Couvent de Pa\u017eaislis pr\u00e8s de Kaunas (juillet 1932)<\/figcaption><\/figure>\n<\/div>\n\n\n\n<div class=\"wp-block-column is-layout-flow wp-block-column-is-layout-flow\">\n<figure class=\"wp-block-image size-large\"><img loading=\"lazy\" decoding=\"async\" width=\"1024\" height=\"641\" src=\"https:\/\/blogs.univ-tlse2.fr\/lvhb\/files\/2026\/03\/LITUANIE_01-1024x641.jpg\" alt=\"\" class=\"wp-image-491\" srcset=\"https:\/\/blogs.univ-tlse2.fr\/lvhb\/files\/2026\/03\/LITUANIE_01-1024x641.jpg 1024w, https:\/\/blogs.univ-tlse2.fr\/lvhb\/files\/2026\/03\/LITUANIE_01-300x188.jpg 300w, https:\/\/blogs.univ-tlse2.fr\/lvhb\/files\/2026\/03\/LITUANIE_01-768x481.jpg 768w, https:\/\/blogs.univ-tlse2.fr\/lvhb\/files\/2026\/03\/LITUANIE_01-1536x962.jpg 1536w, https:\/\/blogs.univ-tlse2.fr\/lvhb\/files\/2026\/03\/LITUANIE_01-2048x1282.jpg 2048w, https:\/\/blogs.univ-tlse2.fr\/lvhb\/files\/2026\/03\/LITUANIE_01-1568x982.jpg 1568w\" sizes=\"auto, (max-width: 1024px) 100vw, 1024px\" \/><\/figure>\n\n\n\n<details class=\"wp-block-details is-layout-flow wp-block-details-is-layout-flow\"><summary>Universit\u00e9 de Kaunas<\/summary>\n<p> \u00ab\u00a0KAUNAS. Didieji universiteto rumai.\u00a0\u00bb<\/p>\n<\/details>\n\n\n\n<figure class=\"wp-block-image size-large\"><img loading=\"lazy\" decoding=\"async\" width=\"1024\" height=\"654\" src=\"https:\/\/blogs.univ-tlse2.fr\/lvhb\/files\/2026\/03\/LITUANIE_02-1024x654.jpg\" alt=\"\" class=\"wp-image-492\" srcset=\"https:\/\/blogs.univ-tlse2.fr\/lvhb\/files\/2026\/03\/LITUANIE_02-1024x654.jpg 1024w, https:\/\/blogs.univ-tlse2.fr\/lvhb\/files\/2026\/03\/LITUANIE_02-300x192.jpg 300w, https:\/\/blogs.univ-tlse2.fr\/lvhb\/files\/2026\/03\/LITUANIE_02-768x491.jpg 768w, https:\/\/blogs.univ-tlse2.fr\/lvhb\/files\/2026\/03\/LITUANIE_02-1536x981.jpg 1536w, https:\/\/blogs.univ-tlse2.fr\/lvhb\/files\/2026\/03\/LITUANIE_02-2048x1308.jpg 2048w, https:\/\/blogs.univ-tlse2.fr\/lvhb\/files\/2026\/03\/LITUANIE_02-1568x1002.jpg 1568w\" sizes=\"auto, (max-width: 1024px) 100vw, 1024px\" \/><\/figure>\n\n\n\n<details class=\"wp-block-details is-layout-flow wp-block-details-is-layout-flow\"><summary>La f\u00eate Dieu, Kaunas<\/summary>\n<p>\u00ab\u00a0KAUNAS. Devintiniu procesija\u00a0\u00bb<\/p>\n<\/details>\n<\/div>\n<\/div>\n\n\n\n<div style=\"height:100px\" aria-hidden=\"true\" class=\"wp-block-spacer\"><\/div>\n","protected":false},"excerpt":{"rendered":"<p>Henri B\u00e9gou\u00ebn visite aussi la Lituanie lorsqu&rsquo;il s&rsquo;arr\u00eate dans la ville de Kaunas en juillet 1932.<\/p>\n","protected":false},"author":1522,"featured_media":0,"parent":0,"menu_order":1,"comment_status":"closed","ping_status":"closed","template":"","meta":{"footnotes":""},"class_list":["post-112","page","type-page","status-publish","hentry","entry"],"_links":{"self":[{"href":"https:\/\/blogs.univ-tlse2.fr\/lvhb\/wp-json\/wp\/v2\/pages\/112","targetHints":{"allow":["GET"]}}],"collection":[{"href":"https:\/\/blogs.univ-tlse2.fr\/lvhb\/wp-json\/wp\/v2\/pages"}],"about":[{"href":"https:\/\/blogs.univ-tlse2.fr\/lvhb\/wp-json\/wp\/v2\/types\/page"}],"author":[{"embeddable":true,"href":"https:\/\/blogs.univ-tlse2.fr\/lvhb\/wp-json\/wp\/v2\/users\/1522"}],"replies":[{"embeddable":true,"href":"https:\/\/blogs.univ-tlse2.fr\/lvhb\/wp-json\/wp\/v2\/comments?post=112"}],"version-history":[{"count":6,"href":"https:\/\/blogs.univ-tlse2.fr\/lvhb\/wp-json\/wp\/v2\/pages\/112\/revisions"}],"predecessor-version":[{"id":778,"href":"https:\/\/blogs.univ-tlse2.fr\/lvhb\/wp-json\/wp\/v2\/pages\/112\/revisions\/778"}],"wp:attachment":[{"href":"https:\/\/blogs.univ-tlse2.fr\/lvhb\/wp-json\/wp\/v2\/media?parent=112"}],"curies":[{"name":"wp","href":"https:\/\/api.w.org\/{rel}","templated":true}]}}