 {"id":211,"date":"2026-04-15T14:26:51","date_gmt":"2026-04-15T12:26:51","guid":{"rendered":"https:\/\/blogs.univ-tlse2.fr\/lvhb\/?page_id=211"},"modified":"2026-04-16T15:38:15","modified_gmt":"2026-04-16T13:38:15","slug":"mer-baltique","status":"publish","type":"page","link":"https:\/\/blogs.univ-tlse2.fr\/lvhb\/mer-baltique\/","title":{"rendered":"Mer Baltique"},"content":{"rendered":"\n<div class=\"wp-block-cover alignfull is-light has-parallax\"><div class=\"wp-block-cover__image-background wp-image-214 size-large has-parallax\" style=\"background-position:50% 50%;background-image:url(https:\/\/blogs.univ-tlse2.fr\/lvhb\/files\/2025\/11\/BALTIQUE_3-1024x644.jpg)\"><\/div><span aria-hidden=\"true\" class=\"wp-block-cover__background has-background-dim-0 has-background-dim\" style=\"background-color:#8c8b88\"><\/span><div class=\"wp-block-cover__inner-container is-layout-constrained wp-block-cover-is-layout-constrained\">\n<div class=\"wp-block-buttons is-content-justification-center is-layout-flex wp-container-core-buttons-is-layout-16018d1d wp-block-buttons-is-layout-flex\">\n<div class=\"wp-block-button\"><a class=\"wp-block-button__link wp-element-button\" href=\"https:\/\/blogs.univ-tlse2.fr\/lvhb\/\">Accueil<\/a><\/div>\n\n\n\n<div class=\"wp-block-button\"><a class=\"wp-block-button__link wp-element-button\" href=\"https:\/\/blogs.univ-tlse2.fr\/lvhb\/mer-baltique\/\">Mer Baltique<\/a><\/div>\n\n\n\n<div class=\"wp-block-button\"><a class=\"wp-block-button__link wp-element-button\" href=\"https:\/\/blogs.univ-tlse2.fr\/lvhb\/estonie\/\">Estonie<\/a><\/div>\n\n\n\n<div class=\"wp-block-button\"><a class=\"wp-block-button__link wp-element-button\" href=\"https:\/\/blogs.univ-tlse2.fr\/lvhb\/finlande\/\">Finlande<\/a><\/div>\n\n\n\n<div class=\"wp-block-button\"><a class=\"wp-block-button__link wp-element-button\" href=\"https:\/\/blogs.univ-tlse2.fr\/lvhb\/lettonie\/\">Lettonie<\/a><\/div>\n\n\n\n<div class=\"wp-block-button\"><a class=\"wp-block-button__link has-text-align-center wp-element-button\" href=\"https:\/\/blogs.univ-tlse2.fr\/lvhb\/lituanie\/\">Lituanie<\/a><\/div>\n<\/div>\n\n\n\n<p class=\"has-text-align-center has-large-font-size\"><\/p>\n<\/div><\/div>\n\n\n\n<div style=\"height:107px\" aria-hidden=\"true\" class=\"wp-block-spacer\"><\/div>\n\n\n\n<div class=\"wp-block-columns alignwide is-layout-flex wp-container-core-columns-is-layout-9d6595d7 wp-block-columns-is-layout-flex\">\n<div class=\"wp-block-column is-vertically-aligned-center is-layout-flow wp-block-column-is-layout-flow\">\n<p>Ses voyages en Europe de l&rsquo;Est m\u00e8nent le comte Henri B\u00e9gou\u00ebn aux abords de la mer Baltique. Ses photographies dat\u00e9es de 1928 pr\u00e9sentent le bord de mer gel\u00e9.<\/p>\n<\/div>\n\n\n\n<div class=\"wp-block-column is-vertically-aligned-top is-layout-flow wp-block-column-is-layout-flow\">\n<figure class=\"wp-block-image size-large is-style-default\"><img loading=\"lazy\" decoding=\"async\" width=\"1024\" height=\"602\" src=\"https:\/\/blogs.univ-tlse2.fr\/lvhb\/files\/2026\/03\/BALTIQUE_01_1928-1024x602.jpg\" alt=\"\" class=\"wp-image-456\" srcset=\"https:\/\/blogs.univ-tlse2.fr\/lvhb\/files\/2026\/03\/BALTIQUE_01_1928-1024x602.jpg 1024w, https:\/\/blogs.univ-tlse2.fr\/lvhb\/files\/2026\/03\/BALTIQUE_01_1928-300x176.jpg 300w, https:\/\/blogs.univ-tlse2.fr\/lvhb\/files\/2026\/03\/BALTIQUE_01_1928-768x451.jpg 768w, https:\/\/blogs.univ-tlse2.fr\/lvhb\/files\/2026\/03\/BALTIQUE_01_1928-1536x903.jpg 1536w, https:\/\/blogs.univ-tlse2.fr\/lvhb\/files\/2026\/03\/BALTIQUE_01_1928-2048x1204.jpg 2048w, https:\/\/blogs.univ-tlse2.fr\/lvhb\/files\/2026\/03\/BALTIQUE_01_1928-1568x922.jpg 1568w\" sizes=\"auto, (max-width: 1024px) 100vw, 1024px\" \/><figcaption class=\"wp-element-caption\">Plage de la mer Baltique (1928)<\/figcaption><\/figure>\n\n\n\n<figure class=\"wp-block-image size-large is-style-default\"><img loading=\"lazy\" decoding=\"async\" width=\"1024\" height=\"620\" src=\"https:\/\/blogs.univ-tlse2.fr\/lvhb\/files\/2026\/03\/BALTIQUE_2-1024x620.jpg\" alt=\"\" class=\"wp-image-457\" srcset=\"https:\/\/blogs.univ-tlse2.fr\/lvhb\/files\/2026\/03\/BALTIQUE_2-1024x620.jpg 1024w, https:\/\/blogs.univ-tlse2.fr\/lvhb\/files\/2026\/03\/BALTIQUE_2-300x182.jpg 300w, https:\/\/blogs.univ-tlse2.fr\/lvhb\/files\/2026\/03\/BALTIQUE_2-768x465.jpg 768w, https:\/\/blogs.univ-tlse2.fr\/lvhb\/files\/2026\/03\/BALTIQUE_2-1536x930.jpg 1536w, https:\/\/blogs.univ-tlse2.fr\/lvhb\/files\/2026\/03\/BALTIQUE_2-2048x1240.jpg 2048w, https:\/\/blogs.univ-tlse2.fr\/lvhb\/files\/2026\/03\/BALTIQUE_2-1568x950.jpg 1568w\" sizes=\"auto, (max-width: 1024px) 100vw, 1024px\" \/><figcaption class=\"wp-element-caption\">Plage de la mer Baltique (Avril 1928)<\/figcaption><\/figure>\n<\/div>\n<\/div>\n\n\n\n<div style=\"height:78px\" aria-hidden=\"true\" class=\"wp-block-spacer\"><\/div>\n\n\n\n<div data-wp-context=\"{ &quot;autoclose&quot;: true, &quot;accordionItems&quot;: [] }\" data-wp-interactive=\"core\/accordion\" role=\"group\" class=\"wp-block-accordion alignwide is-layout-flow wp-block-accordion-is-layout-flow\">\n<div data-wp-class--is-open=\"state.isOpen\" data-wp-context=\"{ &quot;id&quot;: &quot;accordion-item-1&quot;, &quot;openByDefault&quot;: false }\" data-wp-init=\"callbacks.initAccordionItems\" data-wp-on-window--hashchange=\"callbacks.hashChange\" class=\"wp-block-accordion-item is-layout-flow wp-block-accordion-item-is-layout-flow\">\n<h4 class=\"wp-block-accordion-heading\"><button aria-expanded=\"false\" aria-controls=\"accordion-item-1-panel\" data-wp-bind--aria-expanded=\"state.isOpen\" data-wp-on--click=\"actions.toggle\" data-wp-on--keydown=\"actions.handleKeyDown\" id=\"accordion-item-1\" type=\"button\" class=\"wp-block-accordion-heading__toggle\"><span class=\"wp-block-accordion-heading__toggle-icon\" aria-hidden=\"true\">+<\/span><span class=\"wp-block-accordion-heading__toggle-title\">Cr\u00e9dits<\/span><\/button><\/h4>\n\n\n\n<div inert aria-labelledby=\"accordion-item-1\" data-wp-bind--inert=\"!state.isOpen\" id=\"accordion-item-1-panel\" role=\"region\" class=\"wp-block-accordion-panel is-layout-flow wp-block-accordion-panel-is-layout-flow\">\n<p>Mentions l\u00e9gales<\/p>\n\n\n\n<p>Contact<\/p>\n<\/div>\n<\/div>\n<\/div>\n","protected":false},"excerpt":{"rendered":"<p>Ses voyages en Europe de l&rsquo;Est m\u00e8nent le comte Henri B\u00e9gou\u00ebn aux abords de la mer Baltique. Ses photographies dat\u00e9es de 1928 pr\u00e9sentent le bord de mer gel\u00e9.<\/p>\n","protected":false},"author":1522,"featured_media":0,"parent":0,"menu_order":1,"comment_status":"closed","ping_status":"closed","template":"","meta":{"footnotes":""},"class_list":["post-211","page","type-page","status-publish","hentry","entry"],"_links":{"self":[{"href":"https:\/\/blogs.univ-tlse2.fr\/lvhb\/wp-json\/wp\/v2\/pages\/211","targetHints":{"allow":["GET"]}}],"collection":[{"href":"https:\/\/blogs.univ-tlse2.fr\/lvhb\/wp-json\/wp\/v2\/pages"}],"about":[{"href":"https:\/\/blogs.univ-tlse2.fr\/lvhb\/wp-json\/wp\/v2\/types\/page"}],"author":[{"embeddable":true,"href":"https:\/\/blogs.univ-tlse2.fr\/lvhb\/wp-json\/wp\/v2\/users\/1522"}],"replies":[{"embeddable":true,"href":"https:\/\/blogs.univ-tlse2.fr\/lvhb\/wp-json\/wp\/v2\/comments?post=211"}],"version-history":[{"count":17,"href":"https:\/\/blogs.univ-tlse2.fr\/lvhb\/wp-json\/wp\/v2\/pages\/211\/revisions"}],"predecessor-version":[{"id":723,"href":"https:\/\/blogs.univ-tlse2.fr\/lvhb\/wp-json\/wp\/v2\/pages\/211\/revisions\/723"}],"wp:attachment":[{"href":"https:\/\/blogs.univ-tlse2.fr\/lvhb\/wp-json\/wp\/v2\/media?parent=211"}],"curies":[{"name":"wp","href":"https:\/\/api.w.org\/{rel}","templated":true}]}}