 {"id":308,"date":"2026-04-15T14:26:51","date_gmt":"2026-04-15T12:26:51","guid":{"rendered":"https:\/\/blogs.univ-tlse2.fr\/lvhb\/?page_id=308"},"modified":"2026-04-16T16:06:46","modified_gmt":"2026-04-16T14:06:46","slug":"brno","status":"publish","type":"page","link":"https:\/\/blogs.univ-tlse2.fr\/lvhb\/brno\/","title":{"rendered":"Brno"},"content":{"rendered":"\n<div style=\"height:100px\" aria-hidden=\"true\" class=\"wp-block-spacer\"><\/div>\n\n\n\n<div class=\"wp-block-cover alignfull has-parallax\"><div class=\"wp-block-cover__image-background wp-image-309 size-large has-parallax\" style=\"background-position:50% 50%;background-image:url(https:\/\/blogs.univ-tlse2.fr\/lvhb\/files\/2026\/02\/BRNO_03bis-1024x619.jpg)\"><\/div><span aria-hidden=\"true\" class=\"wp-block-cover__background has-background-dim\" style=\"background-color:#6e6d6a\"><\/span><div class=\"wp-block-cover__inner-container is-layout-constrained wp-block-cover-is-layout-constrained\">\n<p class=\"has-text-align-center has-large-font-size\"><\/p>\n\n\n\n<div class=\"wp-block-buttons is-content-justification-center is-layout-flex wp-container-core-buttons-is-layout-16018d1d wp-block-buttons-is-layout-flex\">\n<div class=\"wp-block-button\"><a class=\"wp-block-button__link wp-element-button\" href=\"https:\/\/blogs.univ-tlse2.fr\/lvhb\/\">Accueil<\/a><\/div>\n\n\n\n<div class=\"wp-block-button\"><a class=\"wp-block-button__link wp-element-button\" href=\"https:\/\/blogs.univ-tlse2.fr\/lvhb\/brno\/\">Brno<\/a><\/div>\n\n\n\n<div class=\"wp-block-button\"><a class=\"wp-block-button__link wp-element-button\" href=\"https:\/\/blogs.univ-tlse2.fr\/lvhb\/prague\/\">Prague<\/a><\/div>\n\n\n\n<div class=\"wp-block-button\"><a class=\"wp-block-button__link wp-element-button\" href=\"https:\/\/blogs.univ-tlse2.fr\/lvhb\/vistonitze\/\">Vistonitz\u00e9<\/a><\/div>\n<\/div>\n<\/div><\/div>\n\n\n\n<div style=\"height:100px\" aria-hidden=\"true\" class=\"wp-block-spacer\"><\/div>\n\n\n\n<div class=\"wp-block-media-text alignwide is-stacked-on-mobile\"><figure class=\"wp-block-media-text__media\"><img loading=\"lazy\" decoding=\"async\" width=\"1024\" height=\"613\" src=\"https:\/\/blogs.univ-tlse2.fr\/lvhb\/files\/2026\/02\/BRNO_04bis-1024x613.jpg\" alt=\"\" class=\"wp-image-310 size-full\" srcset=\"https:\/\/blogs.univ-tlse2.fr\/lvhb\/files\/2026\/02\/BRNO_04bis-1024x613.jpg 1024w, https:\/\/blogs.univ-tlse2.fr\/lvhb\/files\/2026\/02\/BRNO_04bis-300x180.jpg 300w, https:\/\/blogs.univ-tlse2.fr\/lvhb\/files\/2026\/02\/BRNO_04bis-768x460.jpg 768w, https:\/\/blogs.univ-tlse2.fr\/lvhb\/files\/2026\/02\/BRNO_04bis-1536x920.jpg 1536w, https:\/\/blogs.univ-tlse2.fr\/lvhb\/files\/2026\/02\/BRNO_04bis-2048x1226.jpg 2048w, https:\/\/blogs.univ-tlse2.fr\/lvhb\/files\/2026\/02\/BRNO_04bis-1568x939.jpg 1568w\" sizes=\"auto, (max-width: 1024px) 100vw, 1024px\" \/><\/figure><div class=\"wp-block-media-text__content\">\n<p>En 1924, Henri. B\u00e9gou\u00ebn fait route vers la Tch\u00e9coslovaquie \u00e0 l&rsquo;occasion du Congr\u00e8s international d&rsquo;anthropologie et d&rsquo;arch\u00e9ologie pr\u00e9historique organis\u00e9 \u00e0 Prague et \u00e0 Brno. C&rsquo;est lors de ce voyage qu&rsquo;il visite diff\u00e9rents sites dans la r\u00e9gion comme la grotte de Pekarna, de Masocha ou encore celle de Chipka. Il d\u00e9couvre notamment le gisement de Predmost.<\/p>\n<\/div><\/div>\n\n\n\n<div style=\"height:43px\" aria-hidden=\"true\" class=\"wp-block-spacer\"><\/div>\n\n\n\n<div class=\"wp-block-group is-vertical is-layout-flex wp-container-core-group-is-layout-8cf370e7 wp-block-group-is-layout-flex\">\n<figure class=\"wp-block-image size-large is-style-rounded\"><img loading=\"lazy\" decoding=\"async\" width=\"1024\" height=\"816\" src=\"https:\/\/blogs.univ-tlse2.fr\/lvhb\/files\/2026\/02\/BRNO_05bis-1-1024x816.jpg\" alt=\"\" class=\"wp-image-364\" srcset=\"https:\/\/blogs.univ-tlse2.fr\/lvhb\/files\/2026\/02\/BRNO_05bis-1-1024x816.jpg 1024w, https:\/\/blogs.univ-tlse2.fr\/lvhb\/files\/2026\/02\/BRNO_05bis-1-300x239.jpg 300w, https:\/\/blogs.univ-tlse2.fr\/lvhb\/files\/2026\/02\/BRNO_05bis-1-768x612.jpg 768w, https:\/\/blogs.univ-tlse2.fr\/lvhb\/files\/2026\/02\/BRNO_05bis-1-1536x1225.jpg 1536w, https:\/\/blogs.univ-tlse2.fr\/lvhb\/files\/2026\/02\/BRNO_05bis-1-2048x1633.jpg 2048w, https:\/\/blogs.univ-tlse2.fr\/lvhb\/files\/2026\/02\/BRNO_05bis-1-1568x1250.jpg 1568w\" sizes=\"auto, (max-width: 1024px) 100vw, 1024px\" \/><figcaption class=\"wp-element-caption\"><strong>Place du march\u00e9, Brno (septembre 1924)<\/strong><\/figcaption><\/figure>\n<\/div>\n\n\n\n<div style=\"height:63px\" aria-hidden=\"true\" class=\"wp-block-spacer\"><\/div>\n\n\n\n<div class=\"wp-block-media-text alignwide has-media-on-the-right is-stacked-on-mobile\"><div class=\"wp-block-media-text__content\">\n<div class=\"wp-block-group is-nowrap is-layout-flex wp-container-core-group-is-layout-ad2f72ca wp-block-group-is-layout-flex\">\n<details class=\"wp-block-details is-layout-flow wp-block-details-is-layout-flow\"><summary>Objets divers en ivoire issus du gisement de Predmost (document provenant du mus\u00e9e de Brno)<\/summary>\n<p><\/p>\n<\/details>\n<\/div>\n<\/div><figure class=\"wp-block-media-text__media\"><img loading=\"lazy\" decoding=\"async\" width=\"1024\" height=\"679\" src=\"https:\/\/blogs.univ-tlse2.fr\/lvhb\/files\/2026\/02\/BRNO_02bis-1024x679.jpg\" alt=\"\" class=\"wp-image-312 size-full\" srcset=\"https:\/\/blogs.univ-tlse2.fr\/lvhb\/files\/2026\/02\/BRNO_02bis-1024x679.jpg 1024w, https:\/\/blogs.univ-tlse2.fr\/lvhb\/files\/2026\/02\/BRNO_02bis-300x199.jpg 300w, https:\/\/blogs.univ-tlse2.fr\/lvhb\/files\/2026\/02\/BRNO_02bis-768x509.jpg 768w, https:\/\/blogs.univ-tlse2.fr\/lvhb\/files\/2026\/02\/BRNO_02bis-1536x1018.jpg 1536w, https:\/\/blogs.univ-tlse2.fr\/lvhb\/files\/2026\/02\/BRNO_02bis-2048x1358.jpg 2048w, https:\/\/blogs.univ-tlse2.fr\/lvhb\/files\/2026\/02\/BRNO_02bis-1568x1039.jpg 1568w\" sizes=\"auto, (max-width: 1024px) 100vw, 1024px\" \/><\/figure><\/div>\n\n\n\n<div style=\"height:100px\" aria-hidden=\"true\" class=\"wp-block-spacer\"><\/div>\n\n\n\n<div data-wp-context=\"{ &quot;autoclose&quot;: true, &quot;accordionItems&quot;: [] }\" data-wp-interactive=\"core\/accordion\" role=\"group\" class=\"wp-block-accordion alignwide is-layout-flow wp-block-accordion-is-layout-flow\">\n<div data-wp-class--is-open=\"state.isOpen\" data-wp-context=\"{ &quot;id&quot;: &quot;accordion-item-1&quot;, &quot;openByDefault&quot;: false }\" data-wp-init=\"callbacks.initAccordionItems\" data-wp-on-window--hashchange=\"callbacks.hashChange\" class=\"wp-block-accordion-item is-layout-flow wp-block-accordion-item-is-layout-flow\">\n<h4 class=\"wp-block-accordion-heading\"><button aria-expanded=\"false\" aria-controls=\"accordion-item-1-panel\" data-wp-bind--aria-expanded=\"state.isOpen\" data-wp-on--click=\"actions.toggle\" data-wp-on--keydown=\"actions.handleKeyDown\" id=\"accordion-item-1\" type=\"button\" class=\"wp-block-accordion-heading__toggle\"><span class=\"wp-block-accordion-heading__toggle-icon\" aria-hidden=\"true\">+<\/span><span class=\"wp-block-accordion-heading__toggle-title\">Sources<\/span><\/button><\/h4>\n\n\n\n<div inert aria-labelledby=\"accordion-item-1\" data-wp-bind--inert=\"!state.isOpen\" id=\"accordion-item-1-panel\" role=\"region\" class=\"wp-block-accordion-panel is-layout-flow wp-block-accordion-panel-is-layout-flow\">\n<ul class=\"wp-block-list\">\n<li>B\u00e9gou\u00ebn Henri, 1937,&nbsp;<em>Impressions de voyage en Tch\u00e9coslovaquie 1879 \u2013 1932<\/em>, Toulouse, Imprimerie du Sud-Ouest.<\/li>\n<\/ul>\n<\/div>\n<\/div>\n<\/div>\n","protected":false},"excerpt":{"rendered":"<p>En 1924, Henri. B\u00e9gou\u00ebn fait route vers la Tch\u00e9coslovaquie \u00e0 l&rsquo;occasion du Congr\u00e8s international d&rsquo;anthropologie et d&rsquo;arch\u00e9ologie pr\u00e9historique organis\u00e9 \u00e0 Prague et \u00e0 Brno. C&rsquo;est lors de ce voyage qu&rsquo;il visite diff\u00e9rents sites dans la r\u00e9gion comme la grotte de Pekarna, de Masocha ou encore celle de Chipka. Il d\u00e9couvre notamment le gisement de Predmost.<\/p>\n","protected":false},"author":1522,"featured_media":0,"parent":0,"menu_order":2,"comment_status":"closed","ping_status":"closed","template":"","meta":{"footnotes":""},"class_list":["post-308","page","type-page","status-publish","hentry","entry"],"_links":{"self":[{"href":"https:\/\/blogs.univ-tlse2.fr\/lvhb\/wp-json\/wp\/v2\/pages\/308","targetHints":{"allow":["GET"]}}],"collection":[{"href":"https:\/\/blogs.univ-tlse2.fr\/lvhb\/wp-json\/wp\/v2\/pages"}],"about":[{"href":"https:\/\/blogs.univ-tlse2.fr\/lvhb\/wp-json\/wp\/v2\/types\/page"}],"author":[{"embeddable":true,"href":"https:\/\/blogs.univ-tlse2.fr\/lvhb\/wp-json\/wp\/v2\/users\/1522"}],"replies":[{"embeddable":true,"href":"https:\/\/blogs.univ-tlse2.fr\/lvhb\/wp-json\/wp\/v2\/comments?post=308"}],"version-history":[{"count":18,"href":"https:\/\/blogs.univ-tlse2.fr\/lvhb\/wp-json\/wp\/v2\/pages\/308\/revisions"}],"predecessor-version":[{"id":755,"href":"https:\/\/blogs.univ-tlse2.fr\/lvhb\/wp-json\/wp\/v2\/pages\/308\/revisions\/755"}],"wp:attachment":[{"href":"https:\/\/blogs.univ-tlse2.fr\/lvhb\/wp-json\/wp\/v2\/media?parent=308"}],"curies":[{"name":"wp","href":"https:\/\/api.w.org\/{rel}","templated":true}]}}